{"id":345,"date":"2018-05-04T09:54:09","date_gmt":"2018-05-04T07:54:09","guid":{"rendered":"http:\/\/members.loria.fr\/MDuflot\/?page_id=345"},"modified":"2018-05-04T11:11:50","modified_gmt":"2018-05-04T09:11:50","slug":"reseaux-info-a-ma-fille-routage","status":"publish","type":"page","link":"https:\/\/members.loria.fr\/MDuflot\/reseaux-info-a-ma-fille-intro\/reseaux-info-a-ma-fille-routage\/","title":{"rendered":"Le routage, ou comment les messages arrivent \u00e0 destination"},"content":{"rendered":"<p>Tu as sans doute entendu parler d&rsquo;internet, le super r\u00e9seau informatique qui te permet, entre autres, de discuter en conversation vid\u00e9o avec ta mamie, d&rsquo;aller regarder des images sur un site web ou de lire un mail que je re\u00e7ois pour ton anniversaire. Ce r\u00e9seau est compos\u00e9 de milliards d&rsquo;appareils &#8211; t\u00e9l\u00e9phones, ordinateurs ou autres &#8211; reli\u00e9s entre eux. Et pour les relier il y a soit des c\u00e2bles, souvent cach\u00e9s sous terre ou dans les murs, soit des connexions \u00ab\u00a0sans fil\u00a0\u00bb, comme par exemple le Wi-Fi. Mais avec autant d&rsquo;ordinateurs et de connexions entre eux, comment faire pour que l&rsquo;image de dauphin en pixels que tu veux dessiner arrive jusqu&rsquo;\u00e0 notre ordi ?<br \/>\nLes messages ont-ils un GPS ? une carte du r\u00e9seau mondial ? y a-t-il des panneaux indicateurs comme sur les routes ? pas du tout. Et nous allons voir comment cela fonctionne \u00ab\u00a0en vrai\u00a0\u00bb.<\/p>\n<p>Imaginons que tu veuilles \u00e9crire une lettre \u00e0 un copain, Sylvio, rencontr\u00e9 en vacances. Sylvio habite tr\u00e8s loin, \u00e0 Washington DC aux \u00c9tats-Unis, au 1410 1st Street Southwest. Tu sais peut-\u00eatre o\u00f9 sont les \u00c9tats-Unis sur une carte du monde, mais tu aurais un peu plus de mal \u00e0 situer Washington et tu n&rsquo;as aucune id\u00e9e d&rsquo;o\u00f9 se trouve sa rue. La bonne nouvelle c&rsquo;est que tu n&rsquo;as pas besoin de savoir aller chez lui pour pouvoir lui envoyer une lettre.<\/p>\n<p>Ce dont tu as besoin c&rsquo;est de conna\u00eetre son adresse, de l&rsquo;\u00e9crire sur l&rsquo;enveloppe puis de mettre l&rsquo;enveloppe dans la bonne fente de la bo\u00eete aux lettres. Vu qu&rsquo;on habite en France et que les choix sur la bo\u00eete sont \u00ab\u00a0mon d\u00e9partement\u00a0\u00bb et \u00ab\u00a0autres d\u00e9partements-\u00e9tranger\u00a0\u00bb c&rsquo;est assez facile. Tu prends la deuxi\u00e8me option. Et ensuite ? Et bien une personne travaillant pour la poste va r\u00e9cup\u00e9rer toutes les lettres et les emporter vers, par exemple, un centre de tri r\u00e9gional. L\u00e0-bas les lettres vont \u00eatre tri\u00e9es une nouvelle fois en faisant par exemple un tas par r\u00e9gion de France, et un autre pour l&rsquo;\u00e9tranger, dans lequel on mettra ta lettre. Elle va ensuite aller dans un centre de tri national o\u00f9 on s\u00e9parera les lettres suivant de grandes zones g\u00e9ographiques, par exemple un tas pour le nord de l&rsquo;Europe, un pour le sud de l&rsquo;Europe, un pour les \u00c9tats-Unis etc.<br \/>\nEn fait \u00e0 chaque \u00e9tape un humain ou une machine va juste, en fonction de l&rsquo;adresse, d\u00e9cider du prochain endroit o\u00f9 envoyer la lettre. Et la seule personne qui doit vraiment savoir aller jusque chez Sylvio est la derni\u00e8re de la cha\u00eene, la factrice ou le facteur qui mettra le courrier dans sa bo\u00eete.<\/p>\n<p>Et bien sur internet c&rsquo;est exactement pareil. Ce ne sont plus des humains mais des ordinateurs, appel\u00e9s routeurs, qui choisissent o\u00f9 envoyer un message, et les messages ne circulent plus en v\u00e9lo ou en train mais dans des c\u00e2bles ou, encore plus rapide, dans des fibres optiques. Mais sinon, le principe est le m\u00eame. Notre ordinateur est reli\u00e9 \u00e0 un routeur qui regarde l&rsquo;adresse \u00e9crite sur les messages et en fonction de cette adresse va choisir, parmi les routeurs auxquels il est reli\u00e9, celui \u00e0 qui envoyer chaque message. Et ce nouveau routeur va lui aussi regarder l&rsquo;adresse et le faire suivre \u00e0 un troisi\u00e8me routeur, et ainsi de suite jusqu&rsquo;au routeur qui est directement reli\u00e9 \u00e0 l&rsquo;ordinateur \u00e0 qui est adress\u00e9 le message.<\/p>\n<p>Mais les routeurs, comment ils savent \u00e0 qui envoyer le message ? En fait chacun a ce qu&rsquo;on appelle une table de routage. C&rsquo;est une liste qui dit quelle adresse (ou quel ensemble d&rsquo;adresses) envoyer \u00e0 qui. Dans notre exemple de courrier, ce serait comme avoir une liste du genre :<\/p>\n<p>Meurthe et Moselle (note d\u00e9partement) : case A<br \/>\nAutre d\u00e9partements de la r\u00e9gion Grand-Est : case B<br \/>\nAutre r\u00e9gion ou \u00e9tranger : case C<\/p>\n<p>Avec cette liste on sait o\u00f9 mettre chaque enveloppe. Et il faut qu&rsquo;\u00e0 chaque \u00e9tape il y ait une nouvelle liste qui nous dit comment choisir dans quelle case on met une lettre.<\/p>\n<p>Sur un r\u00e9seau informatique, chaque routeur a sa propre table, il ne conna\u00eet pas le plan global du r\u00e9seau mais juste localement ce qu&rsquo;il doit faire des messages qui lui arrivent. Et pour avoir cette table il y a deux solutions. La premi\u00e8re c&rsquo;est qu&rsquo;un humain l&rsquo;\u00e9tablisse une fois pour toutes, quand on relie le routeur au r\u00e9seau par exemple. La deuxi\u00e8me solution est de laisser les routeurs discuter entre eux pour construire petit \u00e0 petit eux-m\u00eames la liste des adresses qu&rsquo;ils peuvent atteindre.<\/p>\n<p>Et donc si chacun des routeurs a sa liste, sa table de routage, il sait \u00e0 qui envoyer chaque message, qui, apr\u00e8s plusieurs \u00e9tapes va arriver \u00e0 son destinataire. Et c&rsquo;est ce routage des messages qui permet de communiquer avec n&rsquo;importe quelle autre machine connect\u00e9e \u00e0 internet, sans forc\u00e9ment avoir \u00e0 conna\u00eetre tous les chemins possibles.<\/p>\n<p>Retour : <a href=\"http:\/\/members.loria.fr\/MDuflot\/reseaux-info-a-ma-fille-intro\/\">Les r\u00e9seaux informatiques expliqu\u00e9s \u00e0 ma fille &#8211; Introduction<\/a><\/p>\n<p>La suite : <a href=\"http:\/\/members.loria.fr\/MDuflot\/reseaux-info-a-ma-fille-TCP\/\">TCP, ou comment notre ordinateur joue au puzzle sans qu&rsquo;on le sache<\/a><\/p>\n","protected":false},"excerpt":{"rendered":"<p>Tu as sans doute entendu parler d&rsquo;internet, le super r\u00e9seau informatique qui te permet, entre autres, de discuter en conversation vid\u00e9o avec ta mamie, d&rsquo;aller regarder des images sur un site web ou de lire un mail que je re\u00e7ois pour ton anniversaire. Ce r\u00e9seau est compos\u00e9 de milliards d&rsquo;appareils &#8211; t\u00e9l\u00e9phones, ordinateurs ou autres &#8211; reli\u00e9s entre eux. Et pour les relier il y a soit des c\u00e2bles, souvent cach\u00e9s sous terre ou dans les murs, soit des connexions \u00ab\u00a0sans fil\u00a0\u00bb, comme par exemple le Wi-Fi. Mais avec autant d&rsquo;ordinateurs et de connexions entre eux, comment faire pour que l&rsquo;image de dauphin en pixels que tu veux dessiner arrive jusqu&rsquo;\u00e0 notre ordi ?<\/p>\n","protected":false},"author":98,"featured_media":0,"parent":342,"menu_order":0,"comment_status":"closed","ping_status":"closed","template":"","meta":{"footnotes":""},"class_list":["post-345","page","type-page","status-publish","hentry"],"_links":{"self":[{"href":"https:\/\/members.loria.fr\/MDuflot\/wp-json\/wp\/v2\/pages\/345","targetHints":{"allow":["GET"]}}],"collection":[{"href":"https:\/\/members.loria.fr\/MDuflot\/wp-json\/wp\/v2\/pages"}],"about":[{"href":"https:\/\/members.loria.fr\/MDuflot\/wp-json\/wp\/v2\/types\/page"}],"author":[{"embeddable":true,"href":"https:\/\/members.loria.fr\/MDuflot\/wp-json\/wp\/v2\/users\/98"}],"replies":[{"embeddable":true,"href":"https:\/\/members.loria.fr\/MDuflot\/wp-json\/wp\/v2\/comments?post=345"}],"version-history":[{"count":2,"href":"https:\/\/members.loria.fr\/MDuflot\/wp-json\/wp\/v2\/pages\/345\/revisions"}],"predecessor-version":[{"id":357,"href":"https:\/\/members.loria.fr\/MDuflot\/wp-json\/wp\/v2\/pages\/345\/revisions\/357"}],"up":[{"embeddable":true,"href":"https:\/\/members.loria.fr\/MDuflot\/wp-json\/wp\/v2\/pages\/342"}],"wp:attachment":[{"href":"https:\/\/members.loria.fr\/MDuflot\/wp-json\/wp\/v2\/media?parent=345"}],"curies":[{"name":"wp","href":"https:\/\/api.w.org\/{rel}","templated":true}]}}