{"id":351,"date":"2018-05-04T10:57:35","date_gmt":"2018-05-04T08:57:35","guid":{"rendered":"http:\/\/members.loria.fr\/MDuflot\/?page_id=351"},"modified":"2018-05-04T11:11:56","modified_gmt":"2018-05-04T09:11:56","slug":"reseaux-info-a-ma-fille-dhcp","status":"publish","type":"page","link":"https:\/\/members.loria.fr\/MDuflot\/reseaux-info-a-ma-fille-intro\/reseaux-info-a-ma-fille-dhcp\/","title":{"rendered":"Obtenir une adresse IP, aussi facile que d&rsquo;aller voir un match de foot"},"content":{"rendered":"<p><em>Mais notre ordinateur il n&rsquo;h\u00e9berge pas un site web, il est dans les annuaires ? Et sinon comment les messages nous arrivent, on n&rsquo;a pas d&rsquo;adresse ?<\/em><\/p>\n<p>Alors pour commencer : oui, on a une adresse. Comme les routeurs qui font passer les messages le font en regardant l&rsquo;adresse \u00e9crite sur le message, si on n&rsquo;a pas d&rsquo;adresse on ne peut pas recevoir de message.<\/p>\n<p><em>Et c&rsquo;est quoi notre adresse ?<\/em><\/p>\n<p>Et bien en fait \u00e7a d\u00e9pend. Par exemple pour mon ordinateur son adresse d\u00e9pend d&rsquo;o\u00f9 il se trouve. Quand je suis au travail mes messages arrivent par le r\u00e9seau du boulot, et mon adresse IP est dans ce r\u00e9seau aussi, et quand je suis \u00e0 la maison les messages arrivent par notre box internet et mon adresse est du coup diff\u00e9rente.<\/p>\n<p><em>Et \u00e0 la maison on a tous la m\u00eame adresse ?<\/em><\/p>\n<p>Oui&#8230; et non. C&rsquo;est un peu comme quand on habite dans un immeuble. On a la m\u00eame adresse postale, m\u00eame num\u00e9ro et m\u00eame nom de rue. Pour tous les gens \u00e0 l&rsquo;ext\u00e9rieur l&rsquo;adresse est la m\u00eame. Par contre \u00e0 l&rsquo;int\u00e9rieur de l&rsquo;immeuble il y a quelqu&rsquo;un, le concierge par exemple, qui prend tout le courrier qui arrive et le met dans la bonne bo\u00eete aux lettres. La concierge chez nous c&rsquo;est notre box internet. Quand on se connecte elle nous attribue une adresse, qu&rsquo;on appelle une adresse locale (qu&rsquo;on ne voit que quand on est connect\u00e9 au r\u00e9seau de la maison), elle sait nous distribuer les messages, mais quand elle envoie nos messages \u00e0 l&rsquo;ext\u00e9rieur l&rsquo;adresse de retour qu&rsquo;elle met dessus est son adresse, une adresse \u00ab\u00a0publique\u00a0\u00bb.<\/p>\n<p><em>Du coup on a chacun notre bo\u00eete aux lettres pour la box ?<\/em><\/p>\n<p>D\u00e9j\u00e0 on peut avoir besoin de plusieurs adresses IP. Si je connecte en m\u00eame temps mon t\u00e9l\u00e9phone et mon ordinateur, il me faut deux adresses diff\u00e9rentes. Et en fait on n&rsquo;a pas une adresse fixe, notre adresse peut changer chaque jour, et je vais t&rsquo;expliquer comment \u00e7a marche.<\/p>\n<p>Quand on va \u00e0 un spectacle ou \u00e0 un match de sport, on choisit d&rsquo;abord ce qu&rsquo;on veut voir et puis on ach\u00e8te une place. On nous attribue un num\u00e9ro de rang\u00e9e et de place, qui est valable pour une s\u00e9ance pr\u00e9cise. Si on vient avec notre billet \u00e0 une autre s\u00e9ance non seulement il faut payer une nouvelle fois mais on aura probablement une autre place.<\/p>\n<p>Pour les adresses IP c&rsquo;est pareil. Avec notre box on a un nombre fini d&rsquo;adresses disponibles, comme le nombre de places dans la salle de concert. Si on donnait une adresse fixe aux gens, par exemple \u00e0 des amis qui viennent de temps en temps, c&rsquo;est comme si on mettait leur nom sur un si\u00e8ge de la salle de spectacle. Et si j&rsquo;ai mettons 50 adresses diff\u00e9rentes, que je les ai toutes attribu\u00e9es \u00e0 un ami et qu&rsquo;une nouvelle amie arrive. Je lui dit qu&rsquo;elle ne peut pas se connecter au Wi-Fi ? Je donne la m\u00eame adresse \u00e0 deux personnes ? Si je fais \u00e7a c&rsquo;est comme si je mettais deux noms sur un m\u00eame si\u00e8ge et que quand Barbara est l\u00e0 c&rsquo;est elle qui le prend, quand Beno\u00eet est l\u00e0 c&rsquo;est lui qui le prend. Sauf que si un jour Barbara et Beno\u00eet viennent en m\u00eame temps, on ne peut pas les asseoir l&rsquo;un sur les genoux de l&rsquo;autre.<\/p>\n<p>Du coup on ne fait pas comme \u00e7a. Ce qu&rsquo;on fait c&rsquo;est qu&rsquo;on n&rsquo;\u00e9crit pas les noms \u00e0 l&rsquo;avance. Quand les gens arrivent dans la salle on leur dit o\u00f9 s&rsquo;asseoir en fonction des places libres. Et si je n&rsquo;ai pas plus de 50 personnes \u00e0 la fois qui viennent, il suffit juste de donner une chaise libre \u00e0 chaque nouvelle personne, peu importe laquelle. Quand les gens s&rsquo;en vont la chaise est de nouveau libre et pourra \u00eatre donn\u00e9e \u00e0 quelqu&rsquo;un d&rsquo;autre.<br \/>\nEn informatique \u00e7a s&rsquo;appelle une m\u00e9thode de distribution dynamique des adresses (ou des chaises). On ne d\u00e9cide pas une fois pour toutes l&rsquo;adresse ou la place de chacun\u2022e mais on s&rsquo;adapte en fonction des gens (ou des ordinateurs, t\u00e9l\u00e9phones&#8230; ) qui sont l\u00e0. On parle alors d&rsquo;adresses IP dynamiques.<\/p>\n<p>En plus changer d&rsquo;adresse, tant que l&rsquo;ordinateur sait laquelle utiliser, cela ne change rien pour nous : il n&rsquo;y a pas comme dans une salle de spectacle des places ou on voit mieux ou moins bien la sc\u00e8ne, toutes les adresses IP sont aussi efficaces les unes que les autres.<\/p>\n<p><em>Mais si la box a 50 adresses \u00e0 donner et qu&rsquo;on a 51 copains \u00e0 la maison qui veulent se connecter en m\u00eame temps, on fait comment ?<\/em><\/p>\n<p>Eh bien c&rsquo;est comme quand une salle de concert est pleine, les gens ne vont pas pouvoir acc\u00e9der en m\u00eame temps \u00e0 internet, ils vont devoir attendre que quelqu&rsquo;un s&rsquo;en aille pour avoir une adresse et pouvoir se connecter. Mais bon en vrai notre box peut donner 250 adresses diff\u00e9rentes, ce qui fait que ce qui va manquer en premier c&rsquo;est plut\u00f4t la place dans la maison que les adresses sur la box.<\/p>\n<p>Par contre au boulot j&rsquo;y vais tr\u00e8s souvent, comme une personne qui assiste \u00e0 tous les matchs de son \u00e9quipe de foot favorite. Du coup c&rsquo;est raisonnable qu&rsquo;on r\u00e9serve une adresse IP pour moi, comme si j&rsquo;avais un abonnement au stade de foot et une place r\u00e9serv\u00e9e pour toute l&rsquo;ann\u00e9e. On parle alors d&rsquo;adresse IP \u00ab\u00a0fixe\u00a0\u00bb (c&rsquo;est \u00e0 dire qui ne bouge\/change pas).<\/p>\n<p>&nbsp;<\/p>\n<p>Et voil\u00e0, c&rsquo;est fini. N&rsquo;h\u00e9sitez pas \u00e0 me faire des retours si \u00e7a (ne) vous a (pas) plu, et \u00e0 partager si vous trouvez ce texte utile.<\/p>\n<p style=\"text-align: right\">Marie<\/p>\n<p>&nbsp;<\/p>\n<p>Retour : <a href=\"http:\/\/members.loria.fr\/MDuflot\/reseaux-info-a-ma-fille-intro\/reseaux-info-a-ma-fille-adresses\/\">Les adresses IP, et les annuaires du net<\/a><\/p>\n","protected":false},"excerpt":{"rendered":"<p><em>Mais notre ordinateur il n&rsquo;h\u00e9berge pas un site web, il est dans les annuaires ? Et sinon comment les messages nous arrivent, on n&rsquo;a pas d&rsquo;adresse ?<\/em><\/p>\n<p>Alors pour commencer : oui, on a une adresse. Comme les routeurs qui font passer les messages le font en regardant l&rsquo;adresse \u00e9crite sur le message, si on n&rsquo;a pas d&rsquo;adresse on ne peut pas recevoir de message.<\/p>\n<p><em>Et c&rsquo;est quoi notre adresse ?<\/em><\/p>\n<p>Et bien en fait \u00e7a d\u00e9pend. Par exemple pour mon ordinateur son adresse d\u00e9pend d&rsquo;o\u00f9 il se trouve. Quand je suis au travail mes messages arrivent par le r\u00e9seau du boulot,<\/p>\n","protected":false},"author":98,"featured_media":0,"parent":342,"menu_order":0,"comment_status":"closed","ping_status":"closed","template":"","meta":{"footnotes":""},"class_list":["post-351","page","type-page","status-publish","hentry"],"_links":{"self":[{"href":"https:\/\/members.loria.fr\/MDuflot\/wp-json\/wp\/v2\/pages\/351","targetHints":{"allow":["GET"]}}],"collection":[{"href":"https:\/\/members.loria.fr\/MDuflot\/wp-json\/wp\/v2\/pages"}],"about":[{"href":"https:\/\/members.loria.fr\/MDuflot\/wp-json\/wp\/v2\/types\/page"}],"author":[{"embeddable":true,"href":"https:\/\/members.loria.fr\/MDuflot\/wp-json\/wp\/v2\/users\/98"}],"replies":[{"embeddable":true,"href":"https:\/\/members.loria.fr\/MDuflot\/wp-json\/wp\/v2\/comments?post=351"}],"version-history":[{"count":4,"href":"https:\/\/members.loria.fr\/MDuflot\/wp-json\/wp\/v2\/pages\/351\/revisions"}],"predecessor-version":[{"id":358,"href":"https:\/\/members.loria.fr\/MDuflot\/wp-json\/wp\/v2\/pages\/351\/revisions\/358"}],"up":[{"embeddable":true,"href":"https:\/\/members.loria.fr\/MDuflot\/wp-json\/wp\/v2\/pages\/342"}],"wp:attachment":[{"href":"https:\/\/members.loria.fr\/MDuflot\/wp-json\/wp\/v2\/media?parent=351"}],"curies":[{"name":"wp","href":"https:\/\/api.w.org\/{rel}","templated":true}]}}