{"id":13,"date":"2015-06-15T10:26:53","date_gmt":"2015-06-15T08:26:53","guid":{"rendered":"http:\/\/members.loria.fr\/thierrygartiser\/?page_id=13"},"modified":"2017-08-04T11:49:24","modified_gmt":"2017-08-04T09:49:24","slug":"publications","status":"publish","type":"page","link":"https:\/\/members.loria.fr\/MDuroeulx\/publications\/","title":{"rendered":"Publis"},"content":{"rendered":"<p>   <!DOCTYPE html PUBLIC \"-\/\/W3C\/\/DTD XHTML 1.0 Transitional\/\/EN\" \"http:\/\/www.w3.org\/TR\/xhtml1\/DTD\/xhtml1-transitional.dtd\"> <html xmlns='http:\/\/www.w3.org\/1999\/xhtml' xml:lang='fr' lang='fr'> <head> <meta name=\"robots\" content=\"noindex, nofollow\" \/> <meta http-equiv=\"content-type\" content= \"text\/html;charset=UTF-8\" \/> <meta http-equiv=\"Content-Language\" content=\"fr\" \/> <link rel=\"stylesheet\" type=\"text\/css\" href=\"..\/css\/VisuGen.css\" \/> <link rel=\"stylesheet\" type=\"text\/css\" href=\"https:\/\/haltools.inria.fr\/\/css\/VisuRubriqueEncadre.css\" \/> <!-- Piwik haltools.inria.fr--> <script type=\"text\/javascript\">   var _paq = _paq || [];   _paq.push(['trackPageView']);   _paq.push(['enableLinkTracking']);   (function() {     var u=\"\/\/piwik.inria.fr\/\";     _paq.push(['setTrackerUrl', u+'piwik.php']);     _paq.push(['setSiteId', 25]);     var d=document, g=d.createElement('script'), s=d.getElementsByTagName('script')[0];     g.type='text\/javascript'; g.async=true; g.defer=true; g.src=u+'piwik.js'; s.parentNode.insertBefore(g,s);   })(); <\/script> <noscript><\/p>\n<p><img decoding=\"async\" src=\"\/\/piwik.inria.fr\/piwik.php?idsite=25\" style=\"border:0;\" alt=\"\" \/><\/p>\n<p><\/noscript> <!-- End Piwik Code -->  <title>Publications HAL de  margaux duroeulx<\/title> <\/head> <body> <\/p>\n<div id=\"res_script\">\n<p class='Rubrique'>2020<\/p>\n<p class='SousRubrique'>Theses<\/p>\n<dl class='NoticeRes'>\n<dt class=\"ChampRes\">titre<\/dt>\n<dd class=\"ValeurRes Titre\"><a href=\"https:\/\/hal.univ-lorraine.fr\/tel-02881242v1\" target=\"_blank\" >Reliability assessment of systems modeled by fault trees thanks to satisfiability techniques<\/a><\/dd>\n<dt class=\"ChampRes\">auteur<\/dt>\n<dd class=\"ValeurRes Auteurs\">Margaux Duroeulx<\/dd>\n<dt class=\"ChampRes\">article<\/dt>\n<dd class=\"ValeurRes article\">Performance et fiabilit\u00e9 [cs.PF]. Universit\u00e9 de Lorraine, 2020. Fran\u00e7ais. <a target=\"_blank\" href=\"https:\/\/www.theses.fr\/2020LORR0026\">&#x27E8;NNT : 2020LORR0026&#x27E9;<\/a><\/dd>\n<dt class=\"ChampRes\">typdoc<\/dt>\n<dd class=\"ValeurRes Type_de_document\">Theses<\/dd>\n<dt class=\"ChampRes\">Acc\u00e8s au texte int\u00e9gral et bibtex<\/dt>\n<dd class=\"ValeurRes Fichier_joint\"> <a href=\"https:\/\/hal.univ-lorraine.fr\/tel-02881242\/file\/DDOC_T_2020_0026_DUROEULX.pdf\"  target=\"_blank\"> <img decoding=\"async\" alt=\"https:\/\/hal.univ-lorraine.fr\/tel-02881242\/file\/DDOC_T_2020_0026_DUROEULX.pdf\" src=\"https:\/\/haltools.inria.fr\/images\/Haltools_pdf.png\" border=\"0\" title=\"https:\/\/hal.univ-lorraine.fr\/tel-02881242\/file\/DDOC_T_2020_0026_DUROEULX.pdf\" \/><\/a> <span class=\"LienBibtexACoteFulltext\"><a href=\"https:\/\/hal.univ-lorraine.fr\/tel-02881242v1\/bibtex\" target=\"_self\"> <img decoding=\"async\" alt=\"BibTex\" src=\"https:\/\/haltools.inria.fr\/images\/Haltools_bibtex3.png\" border=\"0\"  title=\"BibTex\" \/><\/a> <\/span><\/dd>\n<\/dl>\n<p class='Rubrique'>2019<\/p>\n<p class='SousRubrique'>Conference papers<\/p>\n<dl class='NoticeRes'>\n<dt class=\"ChampRes\">titre<\/dt>\n<dd class=\"ValeurRes Titre\"><a href=\"https:\/\/inria.hal.science\/hal-02262205v1\" target=\"_blank\" >Integrating satisfiability solving in the assessment of system reliability modeled by dynamic fault trees<\/a><\/dd>\n<dt class=\"ChampRes\">auteur<\/dt>\n<dd class=\"ValeurRes Auteurs\">Margaux Duroeulx, Nicolae Brinzei, Marie Duflot, Stephan Merz<\/dd>\n<dt class=\"ChampRes\">article<\/dt>\n<dd class=\"ValeurRes article\"><i>29th European Safety and Reliability Conference, ESREL 2019<\/i>, Sep 2019, Hannover, Germany. <a target=\"_blank\" href=\"https:\/\/dx.doi.org\/10.3850\/981-973-0000-00-0\">&#x27E8;10.3850\/981-973-0000-00-0&#x27E9;<\/a><\/dd>\n<dt class=\"ChampRes\">typdoc<\/dt>\n<dd class=\"ValeurRes Type_de_document\">Conference papers<\/dd>\n<dt class=\"ChampRes\">DOI<\/dt>\n<dd class=\"ValeurRes DOI\">DOI : <a href=\"\/\/dx.doi.org\/10.3850\/981-973-0000-00-0\" target=\"_blank\" >10.3850\/981-973-0000-00-0<\/a><\/dd>\n<dt class=\"ChampRes\">Acc\u00e8s au texte int\u00e9gral et bibtex<\/dt>\n<dd class=\"ValeurRes Fichier_joint\"> <a href=\"https:\/\/inria.hal.science\/hal-02262205\/file\/final.pdf\"  target=\"_blank\"> <img decoding=\"async\" alt=\"https:\/\/inria.hal.science\/hal-02262205\/file\/final.pdf\" src=\"https:\/\/haltools.inria.fr\/images\/Haltools_pdf.png\" border=\"0\" title=\"https:\/\/inria.hal.science\/hal-02262205\/file\/final.pdf\" \/><\/a> <span class=\"LienBibtexACoteFulltext\"><a href=\"https:\/\/inria.hal.science\/hal-02262205v1\/bibtex\" target=\"_self\"> <img decoding=\"async\" alt=\"BibTex\" src=\"https:\/\/haltools.inria.fr\/images\/Haltools_bibtex3.png\" border=\"0\"  title=\"BibTex\" \/><\/a> <\/span><\/dd>\n<\/dl>\n<p class='Rubrique'>2017<\/p>\n<p class='SousRubrique'>Conference papers<\/p>\n<dl class='NoticeRes'>\n<dt class=\"ChampRes\">titre<\/dt>\n<dd class=\"ValeurRes Titre\"><a href=\"https:\/\/inria.hal.science\/hal-01630851v1\" target=\"_blank\" >Satisfiability techniques for computing minimal tie sets in reliability assessment<\/a><\/dd>\n<dt class=\"ChampRes\">auteur<\/dt>\n<dd class=\"ValeurRes Auteurs\">Margaux Duroeulx, Nicolae Brinzei, Marie Duflot, Stephan Merz<\/dd>\n<dt class=\"ChampRes\">article<\/dt>\n<dd class=\"ValeurRes article\"><i>10th International Conference on Mathematical Methods in Reliability, MMR 2017<\/i>, Jul 2017, Grenoble, France. pp.1-8<\/dd>\n<dt class=\"ChampRes\">typdoc<\/dt>\n<dd class=\"ValeurRes Type_de_document\">Conference papers<\/dd>\n<dt class=\"ChampRes\">Acc\u00e8s au texte int\u00e9gral et bibtex<\/dt>\n<dd class=\"ValeurRes Fichier_joint\"> <a href=\"https:\/\/inria.hal.science\/hal-01630851\/file\/resubmission-Satisfiability%20techniques%20for%20computing%20minimal%20tie%20sets%20in%20reliability%20assessment.pdf\"  target=\"_blank\"> <img decoding=\"async\" alt=\"https:\/\/inria.hal.science\/hal-01630851\/file\/resubmission-Satisfiability%20techniques%20for%20computing%20minimal%20tie%20sets%20in%20reliability%20assessment.pdf\" src=\"https:\/\/haltools.inria.fr\/images\/Haltools_pdf.png\" border=\"0\" title=\"https:\/\/inria.hal.science\/hal-01630851\/file\/resubmission-Satisfiability%20techniques%20for%20computing%20minimal%20tie%20sets%20in%20reliability%20assessment.pdf\" \/><\/a> <span class=\"LienBibtexACoteFulltext\"><a href=\"https:\/\/inria.hal.science\/hal-01630851v1\/bibtex\" target=\"_self\"> <img decoding=\"async\" alt=\"BibTex\" src=\"https:\/\/haltools.inria.fr\/images\/Haltools_bibtex3.png\" border=\"0\"  title=\"BibTex\" \/><\/a> <\/span><\/dd>\n<\/dl>\n<p class='SousRubrique'>Preprints, Working Papers, &#8230;<\/p>\n<dl class='NoticeRes'>\n<dt class=\"ChampRes\">titre<\/dt>\n<dd class=\"ValeurRes Titre\"><a href=\"https:\/\/inria.hal.science\/hal-01518920v1\" target=\"_blank\" >Satisfiability techniques for computing minimal tie sets in reliability assessment<\/a><\/dd>\n<dt class=\"ChampRes\">auteur<\/dt>\n<dd class=\"ValeurRes Auteurs\">Margaux Duroeulx, Nicolae Brinzei, Marie Duflot, Stephan Merz<\/dd>\n<dt class=\"ChampRes\">article<\/dt>\n<dd class=\"ValeurRes article\">2017<\/dd>\n<dt class=\"ChampRes\">typdoc<\/dt>\n<dd class=\"ValeurRes Type_de_document\">Preprints, Working Papers, &#8230;<\/dd>\n<dt class=\"ChampRes\">Acc\u00e8s au texte int\u00e9gral et bibtex<\/dt>\n<dd class=\"ValeurRes Fichier_joint\"> <a href=\"https:\/\/inria.hal.science\/hal-01518920\/file\/Techreport%20-%20Satisfiability%20techniques%20for%20computing%20minimal%20tie%20sets%20in%20reliability%20assessment.pdf\"  target=\"_blank\"> <img decoding=\"async\" alt=\"https:\/\/inria.hal.science\/hal-01518920\/file\/Techreport%20-%20Satisfiability%20techniques%20for%20computing%20minimal%20tie%20sets%20in%20reliability%20assessment.pdf\" src=\"https:\/\/haltools.inria.fr\/images\/Haltools_pdf.png\" border=\"0\" title=\"https:\/\/inria.hal.science\/hal-01518920\/file\/Techreport%20-%20Satisfiability%20techniques%20for%20computing%20minimal%20tie%20sets%20in%20reliability%20assessment.pdf\" \/><\/a> <span class=\"LienBibtexACoteFulltext\"><a href=\"https:\/\/inria.hal.science\/hal-01518920v1\/bibtex\" target=\"_self\"> <img decoding=\"async\" alt=\"BibTex\" src=\"https:\/\/haltools.inria.fr\/images\/Haltools_bibtex3.png\" border=\"0\"  title=\"BibTex\" \/><\/a> <\/span><\/dd>\n<\/dl><\/div>\n<p> <\/body> <\/html> <\/p>\n","protected":false},"excerpt":{"rendered":"<p>               var _paq = _paq || [];   _paq.push([&lsquo;trackPageView&rsquo;]);   _paq.push([&lsquo;enableLinkTracking&rsquo;]);   (function() {     var u=\u00a0\u00bb\/\/piwik.inria.fr\/\u00a0\u00bb;     _paq.push([&lsquo;setTrackerUrl&rsquo;, u+&rsquo;piwik.php&rsquo;]);     _paq.push([&lsquo;setSiteId&rsquo;, 25]);     var d=document, g=d.createElement(&lsquo;script&rsquo;), s=d.getElementsByTagName(&lsquo;script&rsquo;)[0];     g.type=&rsquo;text\/javascript&rsquo;; g.async=true; g.defer=true; g.src=u+&rsquo;piwik.js&rsquo;; s.parentNode.insertBefore(g,s);   })();  <\/p>\n<p><img decoding=\"async\" src=\"\/\/piwik.inria.fr\/piwik.php?idsite=25\" style=\"border:0;\" alt=\"\" \/><\/p>\n<p>   Publications HAL de  margaux duroeulx   <\/p>\n<p class='Rubrique'>2020<\/p>\n<p class='SousRubrique'>Theses<\/p>\n<p>titre<br \/>\n<a href=\"https:\/\/hal.univ-lorraine.fr\/tel-02881242v1\" target=\"_blank\">Reliability assessment of systems modeled by fault trees thanks to satisfiability techniques<\/a><br \/>\nauteur<br \/>\nMargaux Duroeulx<br \/>\narticle<br \/>\nPerformance et fiabilit\u00e9 [cs.PF]. Universit\u00e9 de Lorraine, 2020. Fran\u00e7ais. <a target=\"_blank\" href=\"https:\/\/www.theses.fr\/2020LORR0026\">&#x27E8;NNT : 2020LORR0026&#x27E9;<\/a><br \/>\ntypdoc<br \/>\nTheses<br \/>\nAcc\u00e8s au texte int\u00e9gral et bibtex<br \/>\n <a href=\"https:\/\/hal.univ-lorraine.fr\/tel-02881242\/file\/DDOC_T_2020_0026_DUROEULX.pdf\"  target=\"_blank\"> <img decoding=\"async\" alt=\"https:\/\/hal.univ-lorraine.fr\/tel-02881242\/file\/DDOC_T_2020_0026_DUROEULX.pdf\" src=\"https:\/\/haltools.inria.fr\/images\/Haltools_pdf.png\" border=\"0\" title=\"https:\/\/hal.univ-lorraine.fr\/tel-02881242\/file\/DDOC_T_2020_0026_DUROEULX.pdf\" \/><\/a> <a href=\"https:\/\/hal.univ-lorraine.fr\/tel-02881242v1\/bibtex\" target=\"_self\"> <img decoding=\"async\" alt=\"BibTex\" src=\"https:\/\/haltools.inria.fr\/images\/Haltools_bibtex3.png\" border=\"0\"  title=\"BibTex\" \/><\/a> <\/p>\n<p class='Rubrique'>2019<\/p>\n<p class='SousRubrique'>Conference papers<\/p>\n<p>titre<br \/>\n<a href=\"https:\/\/inria.hal.science\/hal-02262205v1\" target=\"_blank\">Integrating satisfiability solving in the assessment of system reliability modeled by dynamic fault trees<\/a><br \/>\nauteur<br \/>\nMargaux Duroeulx, <\/p>\n","protected":false},"author":5,"featured_media":0,"parent":0,"menu_order":0,"comment_status":"closed","ping_status":"closed","template":"page-fullwidth.php","meta":{"footnotes":""},"class_list":["post-13","page","type-page","status-publish","hentry"],"_links":{"self":[{"href":"https:\/\/members.loria.fr\/MDuroeulx\/wp-json\/wp\/v2\/pages\/13","targetHints":{"allow":["GET"]}}],"collection":[{"href":"https:\/\/members.loria.fr\/MDuroeulx\/wp-json\/wp\/v2\/pages"}],"about":[{"href":"https:\/\/members.loria.fr\/MDuroeulx\/wp-json\/wp\/v2\/types\/page"}],"author":[{"embeddable":true,"href":"https:\/\/members.loria.fr\/MDuroeulx\/wp-json\/wp\/v2\/users\/5"}],"replies":[{"embeddable":true,"href":"https:\/\/members.loria.fr\/MDuroeulx\/wp-json\/wp\/v2\/comments?post=13"}],"version-history":[{"count":24,"href":"https:\/\/members.loria.fr\/MDuroeulx\/wp-json\/wp\/v2\/pages\/13\/revisions"}],"predecessor-version":[{"id":361,"href":"https:\/\/members.loria.fr\/MDuroeulx\/wp-json\/wp\/v2\/pages\/13\/revisions\/361"}],"wp:attachment":[{"href":"https:\/\/members.loria.fr\/MDuroeulx\/wp-json\/wp\/v2\/media?parent=13"}],"curies":[{"name":"wp","href":"https:\/\/api.w.org\/{rel}","templated":true}]}}