{"id":2,"date":"2015-05-29T08:48:00","date_gmt":"2015-05-29T07:48:00","guid":{"rendered":"http:\/\/members.loria.fr\/thierrygartiser\/?page_id=2"},"modified":"2025-08-12T16:55:43","modified_gmt":"2025-08-12T14:55:43","slug":"perso","status":"publish","type":"page","link":"https:\/\/members.loria.fr\/MPouget\/perso\/","title":{"rendered":"LINKS"},"content":{"rendered":"<p style=\"text-align: center\"><em>Qui parlait donc du salut par l&#8217;esprit ? Il est faux que le vivre immanent soit un vivre anxieux dont l&#8217;homme se serait lib\u00e9r\u00e9 par l&#8217;esprit. Il est bien plus exact, au contraire, que l&#8217;esprit nous a valu d\u00e9s\u00e9quilibre et anxi\u00e9t\u00e9, mais aussi une certaine grandeur.<\/em><\/p>\n<p style=\"text-align: center\">Cioran, <em>Sur les cimes du d\u00e9sespoir<\/em><\/p>\n<p>&nbsp;<\/p>\n<p>Open access \/ No author publication charge<\/p>\n<ul>\n<li><a href=\"http:\/\/jocg.org\">JoCG Journal of Computational Geometry<\/a><\/li>\n<\/ul>\n<p><a href=\"https:\/\/members.loria.fr\/MPouget\/perso\/sondage-repas-vegetarien-au-restaurant-inria-nancy\/\">2022 Sondage repas v\u00e9g\u00e9tarien au restaurant Inria Nancy<\/a><\/p>\n<p>Private: <a href=\"http:\/\/lyfa.free.fr\">My wife&#8217;s paintings<\/a><\/p>\n<p>&nbsp;<\/p>\n<p style=\"text-align: center\"><i>ll est so\u00fbl<\/i>, affirma solennellement Saint-Robert, et c&#8217;\u00e9tait un peu vrai, bien que je ne touche jamais ni \u00e0 l&#8217;alcool, ni \u00e0 la marijuana, ni au L.S.D., parce que je suis trop acoquin\u00e9 avec moi-m\u00eame pour pouvoir tol\u00e9rer de me s\u00e9parer d&#8217;une aussi agr\u00e9able compagnie par le truchement de la boisson ou de la drogue. Mais je me so\u00fble d&#8217;indignation. C&#8217;est ainsi d&#8217;ailleurs que l&#8217;on devient \u00e9crivain.<\/p>\n<p style=\"text-align: center\">\u00a0Romain Gary<i> &#8211; Chien blanc<\/i><\/p>\n","protected":false},"excerpt":{"rendered":"<p>Qui parlait donc du salut par l&#8217;esprit ? Il est faux que le vivre immanent soit un vivre anxieux dont l&#8217;homme se serait lib\u00e9r\u00e9 par l&#8217;esprit. Il est bien plus exact, au contraire, que l&#8217;esprit nous a valu d\u00e9s\u00e9quilibre et anxi\u00e9t\u00e9, mais aussi une certaine grandeur. Cioran, Sur les cimes du d\u00e9sespoir &nbsp; Open access [&hellip;]<\/p>\n","protected":false},"author":29,"featured_media":0,"parent":0,"menu_order":0,"comment_status":"closed","ping_status":"closed","template":"page-fullwidth.php","meta":{"footnotes":""},"class_list":["post-2","page","type-page","status-publish","hentry"],"_links":{"self":[{"href":"https:\/\/members.loria.fr\/MPouget\/wp-json\/wp\/v2\/pages\/2","targetHints":{"allow":["GET"]}}],"collection":[{"href":"https:\/\/members.loria.fr\/MPouget\/wp-json\/wp\/v2\/pages"}],"about":[{"href":"https:\/\/members.loria.fr\/MPouget\/wp-json\/wp\/v2\/types\/page"}],"author":[{"embeddable":true,"href":"https:\/\/members.loria.fr\/MPouget\/wp-json\/wp\/v2\/users\/29"}],"replies":[{"embeddable":true,"href":"https:\/\/members.loria.fr\/MPouget\/wp-json\/wp\/v2\/comments?post=2"}],"version-history":[{"count":23,"href":"https:\/\/members.loria.fr\/MPouget\/wp-json\/wp\/v2\/pages\/2\/revisions"}],"predecessor-version":[{"id":309,"href":"https:\/\/members.loria.fr\/MPouget\/wp-json\/wp\/v2\/pages\/2\/revisions\/309"}],"wp:attachment":[{"href":"https:\/\/members.loria.fr\/MPouget\/wp-json\/wp\/v2\/media?parent=2"}],"curies":[{"name":"wp","href":"https:\/\/api.w.org\/{rel}","templated":true}]}}