{"id":278,"date":"2022-01-25T11:09:07","date_gmt":"2022-01-25T09:09:07","guid":{"rendered":"https:\/\/members.loria.fr\/MPouget\/?page_id=278"},"modified":"2022-01-25T11:12:47","modified_gmt":"2022-01-25T09:12:47","slug":"sondage-repas-vegetarien-au-restaurant-inria-nancy","status":"publish","type":"page","link":"https:\/\/members.loria.fr\/MPouget\/perso\/sondage-repas-vegetarien-au-restaurant-inria-nancy\/","title":{"rendered":"Sondage repas v\u00e9g\u00e9tarien au restaurant Inria Nancy"},"content":{"rendered":"<h2>Formulation du sondage de janvier 2022<\/h2>\n<p>Dans la perspective du renouvellement du march\u00e9 de restauration, la commission restauration [1] en concertation avec la CARE [2] souhaite proposer un repas exclusivement v\u00e9g\u00e9tarien une fois par semaine sur un jour variable. Toutes les options de plats principaux seront compos\u00e9es de prot\u00e9ines v\u00e9g\u00e9tales pouvant aussi comporter des \u0153ufs et des produits laitiers.<\/p>\n<p>L&#8217;objectif est de sensibiliser et de faire notre part dans la r\u00e9duction des \u00e9missions carbone [3, 4]. Si les enfants peuvent le faire (loi EGalim 2018 [5]), nous devrions pouvoir le faire aussi.<\/p>\n<p>La commission restauration et la CARE Inria\/LORIA<\/p>\n<p>R\u00e9f\u00e9rences:<br \/>\n[1]\u00a0https:\/\/intranet.inria.fr\/Inria\/Instances\/Instances-Nancy\/Commission-Restauration<br \/>\n[2]\u00a0https:\/\/care.loria.fr\/<br \/>\n[3] Bilan carbone d\u2019une \u00e9quipe de recherche \u00e0 l\u2019Inria, Sylvain Chevillard, Martine Olivi,\u00a0https:\/\/hal.inria.fr\/hal-03268844\/<br \/>\n[4] FAIRE SA PART ? POUVOIR ET RESPONSABILIT\u00c9 DES INDIVIDUS, DES ENTREPRISES ET DE L&#8217;\u00c9TAT FACE \u00c0 L\u2019URGENCE CLIMATIQUE\u00a0https:\/\/www.carbone4.com\/wp-content\/uploads\/2019\/06\/Publication-Carbone-4-Faire-sa-part-pouvoir-responsabilite-climat.pdf<br \/>\n[5]\u00a0https:\/\/agriculture.gouv.fr\/les-mesures-de-la-loi-egalim-concernant-la-restauration-collective<\/p>\n<p>Facteur d\u2019\u00e9mission moyen par repas (Base carbone de l&#8217;ADEME https:\/\/www.bilans-ges.ademe.fr\/documentation\/UPLOAD_DOC_FR\/index.htm?repas.htm\u00a0) :<br \/>\n&#8211; Repas \u00e0 base de b\u0153uf, veau, agneau 6.29 kgCO2e<br \/>\n&#8211; Repas \u00e0 base de volaille, porc 1.35 kgCO2e<br \/>\n&#8211; Repas \u00e0 base de poisson 1,35 kgCO2e<br \/>\n&#8211; Repas v\u00e9g\u00e9tarien 0,51 kgCO2e<\/p>\n<p>&nbsp;<\/p>\n<h2>R\u00e9sultats du sondage<\/h2>\n<p><a href=\"http:\/\/members.loria.fr\/MPouget\/wp-content\/blogs.dir\/38\/files\/sites\/38\/2022\/01\/reponse-camenbert.png\"><img loading=\"lazy\" decoding=\"async\" class=\"alignnone wp-image-279\" src=\"http:\/\/members.loria.fr\/MPouget\/wp-content\/blogs.dir\/38\/files\/sites\/38\/2022\/01\/reponse-camenbert-256x300.png\" alt=\"\" width=\"525\" height=\"616\" srcset=\"https:\/\/members.loria.fr\/MPouget\/wp-content\/blogs.dir\/38\/files\/sites\/38\/2022\/01\/reponse-camenbert-256x300.png 256w, https:\/\/members.loria.fr\/MPouget\/wp-content\/blogs.dir\/38\/files\/sites\/38\/2022\/01\/reponse-camenbert-768x900.png 768w, https:\/\/members.loria.fr\/MPouget\/wp-content\/blogs.dir\/38\/files\/sites\/38\/2022\/01\/reponse-camenbert.png 863w\" sizes=\"auto, (max-width: 525px) 100vw, 525px\" \/><\/a><\/p>\n<p>&nbsp;<\/p>\n<p><strong>Avez-vous d&#8217;autres suggestions pouvant contribuer \u00e0 l\u2019action et la responsabilit\u00e9 \u00e9cologique concernant le restaurant Inria ?<\/strong><\/p>\n<p>L&#8217;offre v\u00e9g\u00e9tarienne existe d\u00e9j\u00e0 tous les jours \u00e0 la cantine. Pour r\u00e9duire\/sensibiliser aux \u00e9missions carbones renforcer plutot le bio et le local. Une offre 100% local !!!<\/p>\n<p>Que les int\u00e9gristes arr\u00eatent d&#8217;essayer d&#8217;imposer leur point de vue \u00e0 tout le monde.<\/p>\n<p>Am\u00e9liorer la qualit\u00e9 et la typologie du choix v\u00e9g\u00e9tarien quotidien. Un repas v\u00e9g\u00e9tarien pour \u00eatre \u00e9quilibr\u00e9 doit contenir un bon apport de prot\u00e9ines, mais il est pr\u00e9f\u00e9rable qu&#8217;ils ne soient toujours\/souvent de nature animale, comme il est maintenant (souvent \u00e0 base de fromage et\/ou \u0153uf). En particulier les fromages sont des aliments gras, de plus certaines personnes sont intol\u00e9rantes aux laitages. Il faudrait privil\u00e9gier les l\u00e9gumineuses dans des plats classiques. Un autre aspect important, revenir \u00e0 la possibilit\u00e9 d&#8217;avoir de l&#8217;huile de bonne qualit\u00e9 et des \u00e9pices pour agr\u00e9menter les plats.<\/p>\n<p>Proposer une formule moins ch\u00e8re avec 1 p\u00e9riph\u00e9rique au lieu de 3 r\u00e9duirait la surconsommation.<\/p>\n<p>Please increase the variety of vegetarian foods. Often, it&#8217;s very limited and not nutritively enough, and it gets finished very soon, and people like me have no options for their lunch!<\/p>\n<p>Proposer des l\u00e9gumes et fruits bio, de saison (comprendre provenant de producteurs locaux et n&#8217;ayant pas fait le tour du monde avant d&#8217;\u00eatre cuisin\u00e9). J&#8217;aimerais cependant ajouter sur le repas v\u00e9g\u00e9tarien de peut-\u00eatre faire attention \u00e0 proposer quelque chose pour les intol\u00e9rances au lactose. Je remarque souvent que l&#8217;alternative v\u00e9g\u00e9tarienne = un repas avec du fromage (de mani\u00e8re g\u00e9n\u00e9rale, pas forc\u00e9ment au restaurant de l&#8217;INRIA). Il suffit de ne pas manger de produits laitiers pour ne plus pouvoir manger du tout&#8230;<\/p>\n<p>Privil\u00e9gier la volaille les jours o\u00f9 il y a de la viande.<\/p>\n<p>Le restaurant n&#8217;est pas un espace de propagande militante, quel qu&#8217;en soit l&#8217;objectif. C&#8217;est un espace de restauration. Je tiens aussi \u00e0 pr\u00e9ciser que : &#8211; le restaurant est l\u00e0 aussi pour des employ\u00e9s qui gagnent peu et qui peuvent ainsi manger de la viande alors qu&#8217;ils n&#8217;en ont pas n\u00e9cessairement les moyens en-dehors, et c&#8217;est important pour l&#8217;acc\u00e8s de tous \u00e0 une alimentation \u00e9quilibr\u00e9e, &#8211; contrairement aux \u00e9coles, nous parlons ici d&#8217;adultes responsables, capables de choisir s&#8217;ils veulent manger de la viande ou non. Il n&#8217;est pas n\u00e9cessaire de les infantiliser.<\/p>\n<p>Comme en introduction \u00e0 ce questionnaire, afficher de temps en temps des informations g\u00e9n\u00e9rales (pas actualis\u00e9es plat par plat sauf si c&#8217;est facile) sur les co\u00fbts CO2 selon: &#8211; le type de viande, &#8211; la provenance, &#8211; &#8220;l&#8217;incoh\u00e9rence saisonni\u00e8re&#8221; (tomates en hiver)&#8230; Mais je ne sais pas s&#8217;il est facile de trouver de tels messages qui soient clairs (de communication simple) et pr\u00e9cis (dont le contenu informatif est fiable). C&#8217;est s\u00fbrement bcp demander, mais je suis preneur d&#8217;id\u00e9es de repas bons (pour les enfants), simples (pour le cuistot) et responsables \u00e0 ramener chez moi \ud83d\ude42<\/p>\n<p>Je ne suis pas int\u00e9ress\u00e9 par des choix exclusifs de ce type.<\/p>\n<p>Sans \u00eatre v\u00e9g\u00e9tarien, j&#8217;aime beaucoup la cuisine v\u00e9g\u00e9tale et je ne mange de la viande ou du poisson que 2-3 fois par semaine. N\u00e9anmoins, je ne pense pas que forcer les agents \u00e0 manger v\u00e9g\u00e9tarien 1 jour par semaine soit une solution: cela rel\u00e8ve de la coercition plus que de la sensibilisation, et les agents qui tiennent \u00e0 manger de la viande ou du poisson am\u00e8neront leur tupperware. Mon v\u0153u serait d&#8217;avoir des repas v\u00e9g\u00e9tariens plus qualitatifs. Pas en terme de co\u00fbt des ingr\u00e9dients mais en terme de soin apport\u00e9 \u00e0 la pr\u00e9paration et la pr\u00e9sentation, qui attirerait les agents non-v\u00e9g\u00e9tariens n&#8217;importe quel jour et justifierait de payer le m\u00eame prix qu&#8217;un repas non-v\u00e9g\u00e9tarien. Il y a des jours o\u00f9 j&#8217;ai l&#8217;impression qu&#8217;API se moque de nous sur le plat v\u00e9g\u00e9tarien, et je ne suis probablement pas le seul \u00e0 le penser.<\/p>\n<p>remplacer les sachets de sauces (moutarde, mayonnaise, etc.) par des tubes.<\/p>\n<p>No, thanks \ud83d\ude42<\/p>\n<p>Je ne sais pas quelle mesure c&#8217;est possible, mais le vendredi apr\u00e8s le service il pourrait y avoir la possibilit\u00e9 de r\u00e9cup\u00e9rer les restes afin d&#8217;\u00e9viter\/r\u00e9duire le gaspillage (\u00e9tant donn\u00e9 que c&#8217;est le w-e je ne pense pas qu&#8217;il soit possible de conserver les aliments ce jour-l\u00e0).<\/p>\n<p>Continuer d&#8217;avoir une option v\u00e9g\u00e9tarienne attractive chaque jour afin d&#8217;inciter les personnes \u00e0 diminuer leur consommation de viande\/poisson. En ce qui me concerne, cela m&#8217;a aid\u00e9 \u00e0 faire une transition vers une alimentation bcp plus v\u00e9g\u00e9tarienne qu&#8217;auparavant.<\/p>\n<p>Le faire plusieurs fois par semaine.<\/p>\n<p>non<\/p>\n<p>Privil\u00e9gier, quand cela est possible, un approvisionnement aussi peu co\u00fbteux en carbone que possible, par exemple en achetant local (lorsque cela va dans le bon sens, ce qui n&#8217;est pas toujours le cas), ainsi que des produits issus d&#8217;une agriculture raisonn\u00e9e, et en cuisinant des plats de saison.<\/p>\n<p>Proposer deux possibilit\u00e9s lors du jour avec option v\u00e9g\u00e9tarienne uniquement : une formule v\u00e9g\u00e9tarienne traditionnelle (pouvant comporter des oeufs et des produits laitiers) et une formule 100% v\u00e9g\u00e9tale (Vegan). Dans tous les cas, merci pour cette initiative qui est plus qu&#8217;appr\u00e9ciable du point de vue climatique \ud83d\ude42<\/p>\n<p>Plus grand respect de la saisonnalit\u00e9 dans les entr\u00e9es de crudit\u00e9s. Augmentation des quantit\u00e9s relatives de plats v\u00e9g\u00e9tarien certains jours normaux (certains plats v\u00e9g\u00e9tarien sont pl\u00e9biscit\u00e9s par tous et sont souvent en rupture assez t\u00f4t dans le service. Ils pourraient \u00eatre identifi\u00e9s et ces jours-l\u00e0 la proportion de plats v\u00e9g\u00e9tariens augment\u00e9e)<\/p>\n<p>un compostage des d\u00e9chets verts, sur site, ou via une entreprise de collecte sp\u00e9cialis\u00e9e<\/p>\n<p>Il y a d\u00e9j\u00e0 une offre de plat v\u00e9g\u00e9tarien tous les jours. Le fait de manger des l\u00e9gumes ne signifie pas que cela a un impact \u00e9cologique. Les l\u00e9gumes de la restauration ne viennent pas de France. Ils ont fait des kilom\u00e8tres de transport avant d&#8217;arriver \u00e0 l&#8217;entreprise de transformation et ensuite en referont encore pour arriver sur le lieu de restauration. Quel est l&#8217;impact \u00e9cologique ? Co\u00fbt de la taxe carbone d&#8217;un plat v\u00e9g\u00e9tarien ???? Quand les l\u00e9gumes viennent de Pologne pour \u00eatre transform\u00e9s en Belgique et livr\u00e9s en France . Ils ont fait des milliers de kilom\u00e8tres. Ce n&#8217;est pas tr\u00e8s \u00e9colo ! Manger local (l\u00e9gumes, viandes&#8230;) a certainement un meilleur impact carbone. Cela fait travailler des producteurs locaux, \u00e9vite des kilom\u00e8tres de transport&#8230; Privil\u00e9gier les producteurs locaux (viande,, l\u00e9gumes&#8230;) est bien plus efficace. La restauration ne doit pas devenir un espace d&#8217;\u00e9colo qui imposent leur choix de vie. Il doit y avoir une offre vari\u00e9e et pour tous. C&#8217;est une restauration collective. Ceux qui aiment la viande et le poisson n&#8217;ont jamais demand\u00e9 de supprimer le plat v\u00e9g\u00e9tarien. En plus, le plat v\u00e9g\u00e9tarien est r\u00e9serv\u00e9 aux personnes qui ne prennent pas de viande ou poisson. Ceux qui souhaite le plat de l\u00e9gumes et une viande ou un poisson se voit r\u00e9pondre non c&#8217;est pour les v\u00e9g\u00e9tariens. Donc, stop avec le v\u00e9g\u00e9tarien !<\/p>\n<p>pas d&#8217;id\u00e9es particuli\u00e8res \u00e0 part ce qui est sans doute d\u00e9j\u00e0 mis en place : circuits courts et fruits\/l\u00e9gumes de saisons. Il y a de bons producteurs en Lorraine. Sur la question d&#8217;un repas v\u00e9g\u00e9tarien, je tiens toutefois \u00e0 signaler que : \u00e9tant allergique au gluten, je prends aussi finalement de la viande \u00e0 la cantine (beaucoup plus que lorsque je mange chez moi) car les plats v\u00e9g\u00e9tariens contiennent tr\u00e8s souvent de la farine, comme beaucoup de plats compos\u00e9s, lorsqu&#8217;ils ne sont pas \u00e0 base de c\u00e9r\u00e9ales &#8230;<\/p>\n<p>Faire un repas exclusivement v\u00e9g\u00e9tarien revient \u00e0 imposer&#8230; ce n&#8217;est jamais bon d&#8217;imposer, surtout dans ce domaine ou il faut sensibiliser et convertir les gens pour sauver la plan\u00e8te. Sinon, ils auront bonne conscience en mangeant sans viande une fois par semaine, mais continueront \u00e0 rouler en 4&#215;4 et SUV&#8230; Faire des expos, des conf\u00e9rences, des films, faire venir des gens pour en parler, afin de changer aussi chez soi !<\/p>\n<p>B\u00e9n\u00e9ficier chaque jour d&#8217;un choix de repas v\u00e9g\u00e9tarien est d\u00e9j\u00e0 un luxe ! Et cela respecte la libert\u00e9 de chacun. Ce qui ne serait pas le cas d&#8217;imposer un repas uniquement v\u00e9g\u00e9tarien par semaine.<\/p>\n<p>Tr\u00e8s bonne initiative !<\/p>\n<p>Il y a d\u00e9j\u00e0 possibilit\u00e9 d&#8217;avoir un plat v\u00e9g\u00e9tarien tous les jours . Et je ne suis pas d&#8217;accord pour imposer quoique ce soit \u00e0 quiconque.<\/p>\n<p>&#8211; supprimer les &#8220;feuilles de salades d\u00e9coratives&#8221; dans les entr\u00e9es. &#8211; ne proposer que des fruits et l\u00e9gumes de saison. &#8211; supprimer les portions de fromage emball\u00e9es \u00e0 l&#8217;unit\u00e9.<\/p>\n<p>Forfait portion r\u00e9duite (e.g, 1 seul satellite).<\/p>\n<p>Privil\u00e9gier le circuit court, le frais et donc la saisonnalit\u00e9 des produits.<\/p>\n<p>Utiliser les produits de la r\u00e9gion.<\/p>\n<p>si possible, installer des bacs (pr\u00e8s de la d\u00e9pose des plats ?) pour y d\u00e9poser les pots de yaourt, opercules, bouteille en plastique et canettes ? Merci pour cette initiative<\/p>\n<p>Je tiens tout d&#8217;abord \u00e0 souligner qu&#8217;\u00e9tant v\u00e9g\u00e9tarien moi-m\u00eame, je ne puis qu&#8217;appuyer et appr\u00e9cier cette initiative. Merci ! Je me permets quelques remarques suppl\u00e9mentaires : &#8211; S&#8217;il est question de maintenir 3 plats principaux sur ce jour exclusivement v\u00e9g\u00e9tarien, il me para\u00eet souhaitable qu&#8217;au moins un soit exclusivement v\u00e9g\u00e9talien. Non seulement cela serait appr\u00e9ci\u00e9 par ceux qui ne consomment aucun produit animal (ou qui simplement ne veulent pas consommer \u0153ufs ou produits laitiers), mais cela repr\u00e9sente encore un gain en termes d&#8217;\u00e9missions carbone. &#8211; Plus g\u00e9n\u00e9ralement, j&#8217;appr\u00e9cierais de voir au restaurant davantage de choix pour les v\u00e9g\u00e9taliens, notamment au niveau des entr\u00e9es : sans pour autant chasser la viande, il serait par exemple bien qu&#8217;il y ait quotidiennement une entr\u00e9e froide \u00e0 base de l\u00e9gumineuses (sans ajout de jambon, lardons etc.), ce qui pourrait convenir \u00e0 tout le monde et permettre \u00e0 ceux qui ne mangent pas de produits animaux de faire un repas complet sans avoir \u00e0 se jeter syst\u00e9matiquement sur les \u0153ufs (s&#8217;ils en consomment). &#8211; Je constate depuis d\u00e9j\u00e0 longtemps et tr\u00e8s r\u00e9guli\u00e8rement une rupture de stock du plat v\u00e9g\u00e9tarien, pourtant en venant au self assez t\u00f4t : il arrive parfois qu&#8217;\u00e0 \u00e0 peine 12h20 il n&#8217;y ait plus d&#8217;option v\u00e9g\u00e9tarienne. C&#8217;est \u00e9videmment une bonne nouvelle si ces plats sont populaires, mais il serait souhaitable que la cuisine s&#8217;adapte pour augmenter les quantit\u00e9s (et en contrepartie, r\u00e9duire celles des plats carn\u00e9s). &#8211; Concernant l&#8217;action \u00e9cologique du restaurant plus g\u00e9n\u00e9ralement, dans une logique 0 d\u00e9chets : arr\u00eater avec les portions de fromage dans des emballages en plastique (surtout quand il y a d&#8217;autres options sans juste \u00e0 c\u00f4t\u00e9 !). Sur un autre sujet, peut-\u00eatre diversifier l&#8217;offre de yaourts v\u00e9g\u00e9taux (un seul actuellement : c&#8217;est d\u00e9j\u00e0 tr\u00e8s bien compar\u00e9 \u00e0 ailleurs, mais un peu de vari\u00e9t\u00e9 ne ferait pas de mal). Voil\u00e0 quelques id\u00e9es p\u00eale-m\u00eale, j&#8217;esp\u00e8re qu&#8217;elles trouveront un \u00e9cho. Merci encore !<\/p>\n<p>Je crois que cela d\u00e9pend de l&#8217;employeur, mais dans mon cas, je paye le m\u00eame prix pour mon repas ind\u00e9pendamment du nombre de p\u00e9riph\u00e9riques choisis (1, 2 ou 3). Cela m&#8217;incite donc \u00e0 en prendre 3 m\u00eame si je n&#8217;ai faim que pour 1, induisant ainsi une sur-consommation. Ma suggestion est donc la suivante : avoir, pour toutes les personnes mangeant au restaurant loria\/inria, une modulation des tarifs en fonction du nombre de p\u00e9riph\u00e9riques. L&#8217;objectif serait d&#8217;\u00e9viter le g\u00e2chis ou la sur-consommation. J&#8217;ai une autre suggestion, inspir\u00e9e de la cantine de mon pr\u00e9c\u00e9dent lieu de travail. L&#8217;option v\u00e9g\u00e9tarienne (pour le plat principal) y \u00e9tait un tout petit peu moins ch\u00e8re que les options avec viande ou poisson. L\u00e0 aussi, cela peut \u00eatre une mesure incitative pour encourager les personnes \u00e0 choisir les repas v\u00e9g\u00e9tariens. Merci pour ce sondage et pour votre action !<\/p>\n<p>Est-ce que les d\u00e9chets (pots de yaourts en plastique, par exemple) sont tri\u00e9s par API?<\/p>\n<p>Je ne mange plus au restaurant d&#8217;entreprise &#8230; Mais quand j&#8217;y mangeais, il y avait des plats v\u00e9g\u00e9 r\u00e9guli\u00e8rement.<\/p>\n<p>Non<\/p>\n<p>un repas hebdomadaire au cours duquel ne sont utilis\u00e9s que des mati\u00e8res premi\u00e8res locales pour diminuer le transport (et la pollution que cela engendre) ?<\/p>\n<p>Je pense qu&#8217;on pourrait m\u00eame faire deux jours des repas exclusivement v\u00e9g\u00e9tarien par semaine.<\/p>\n<p>Privil\u00e9gier des produits issus de circuits courts (locaux) pour \u00e9viter les transports longue distance.<\/p>\n<p>Non mais quelques fois je trouve pas de fruits (sald de fruits).<\/p>\n<p>Un plat v\u00e9g\u00e9tarien est d\u00e9j\u00e0 propos\u00e9 tous les jours, je ne vois donc pas l&#8217;int\u00e9r\u00eat. Les enfants le font certes mais un plat v\u00e9g\u00e9tarien ne leur est pas propos\u00e9 tous les jours, nous, si !<\/p>\n<p>Affichage de l&#8217;empreinte carbone des aliments, voire des plats ? De la quantit\u00e9 d&#8217;eau utilis\u00e9e au cours du cycle ?<\/p>\n<p>faciliter le choix de la taille des portions<\/p>\n<p>* r\u00e9cup\u00e9ration des repas et denr\u00e9es non consomm\u00e9s en collaboration avec une association d&#8217;aide aux sans-abris, ou \u00e9tudiants dans le besoin, ou autre&#8230; * un compost pour les d\u00e9chets v\u00e9g\u00e9taux (en commun avec le jardin partag\u00e9) * encore plus de fruits et l\u00e9gumes locaux (dans la mesure du possible, selon les saisons) * \u00e9viter les bananes pseudo-bio (la R\u00e9publique Dominicaine applique ses propres crit\u00e8res pour le label), les avocats d&#8217;Isra\u00ebl (ass\u00e8chement de la mer morte + probl\u00e8mes politiques) ou du P\u00e9rou (transport). \u00c9viter les produits agricoles d&#8217;Espagne aussi (d\u00e9tournement\/ass\u00e8chement de fleuves, m\u00eame\/surtout pour les produits bio) * afficher la provenance des fruits\/l\u00e9gumes pour sensibiliser les personnels merci pour ce sondage !<\/p>\n<p>Privili\u00e9gier encore plus les produits locaux.<\/p>\n<p>Je suis pas compl\u00e8tement contre un jour 100% v\u00e9g\u00e9, mais je pr\u00e9f\u00e8re laisser le choix au client quand il vient. Il me semble qu&#8217;une alternative plus satisfaisante serait de rendre le plat v\u00e9g\u00e9tarien propos\u00e9 chaque jour plus attractif; je me prend souvent \u00e0 ne pas le prendre car pas tr\u00e8s app\u00e9tissant. Peut \u00eatre un peu d&#8217;exotisme dans les plats v\u00e9g\u00e9 leur ferai du bien ? (exotisme = indien\/asiatique\/africain). Je comprend aussi que ma proposition n&#8217;est pas la plus facile \u00e0 mettre en oeuvre.<\/p>\n<p>Je suis absolument contre \u00e0 titre personnel mais aussi pour le collectif le fait d&#8217;imposer un jour v\u00e9g\u00e9tarien aux utilisateurs de la cantine du Centre ! Ce n&#8217;est pas une bonne id\u00e9e qui va \u00e0 l&#8217;encontre des choix individuels. Pour certains, ce repas est l&#8217;unique repas \u00e9quilibr\u00e9 de la journ\u00e9e (ex des doctorants, \u00e9tudiants ou personnes seules) donc pourquoi les priver de viande ou volaille ? (et la protection de l&#8217;environnement \u00e0 bon dos !!!) Cela va en outre \u00e0 l&#8217;encontre de la politique sociale de l&#8217;AGOS qui a d\u00e9fendu le fait de permettre aux agents d&#8217;avoir un plat principal et 3 p\u00e9riph\u00e9riques pour garantir un repas complet essentiel pour certains agents. Il y a en outre la possibilit\u00e9 pour ceux qui le souhaitent de manger v\u00e9g\u00e9tarien tous les jours alors pourquoi imposer ce choix \u00e0 tous. Concernant le comparatif avec les \u00e9coles, cela n&#8217;a rien \u00e0 voir avec notre restauration car \u00e0 l&#8217;\u00e9cole, c&#8217;est un plat identique pour tout sans possibilit\u00e9 pour les v\u00e9g\u00e9tariens d&#8217;avoir un repas v\u00e9g\u00e9tarien.<\/p>\n<p>des produits locaux et de saison<\/p>\n<p>In my understanding, the restaurant right now is contractually obliged to serve a fish and a meat dish. This is ridiculous and should be dropped. I am sure Inria can find a better way to ensure the restaurant serves dishes of appropriate high quality\/cost. I don&#8217;t think it&#8217;s important to implement this in the form of a &#8220;vegetarian-only day&#8221; once per week.<\/p>\n<p>Que ce soit VEGAN et pas simplement vegetarien, ou qu&#8217;il y ait une option au moins. En fait si le but est de reduire l&#8217;imprinte carbone, l&#8217;utilisation de produit laitiers a aussi un impact. La majorit\u00e9 des fois les repas vegetariens de la cantine sont \u00e0 base oeufs et fromage, qui est ok pour un vegetarien mais pas pour un vegan, et en plus cela ne reduit pas forcement les elevages de boeufs. Donc je propose au moins 2\/3 VEGETALIENS =&gt; sans fromage, sans produits laitiers, sans oeufs. Entre autre, je prefererai pouvoir suggerer des plats.<\/p>\n<p>Pourquoi ne pas proposer plut\u00f4t un repas sans boeuf, veau ou agneau ?<\/p>\n<p>Mettre l&#8217;accent sur les produits locaux (et si possible bio)<\/p>\n<p>Proposer des repas v\u00e9g\u00e9taliens. Les repas v\u00e9g\u00e9tariens contiennent presque toujours du lait d&#8217;origine animal, du beurre, des oeufs&#8230; Or il faut \u00e9lever des vaches, des ch\u00e8vres&#8230; et les faire procr\u00e9er pour avoir du lait. Cela aussi g\u00e9n\u00e8re du Co2. Il y a des excellents plats v\u00e9g\u00e9taliens, d&#8217;excellents desserts aussi. Il n&#8217;est pas n\u00e9cessaire d&#8217;\u00eatre le chef vegan de Bordeaux, \u00e9toil\u00e9 par le guide Michelin, pour en faire (cf recettes v\u00e9g\u00e9tales sur Web, cf site L214, cf gateaux vegans de &#8220;Paul&#8221; \u00e0 la gare&#8230;). Pour sensibiliser les gens, il faudrait aussi leur dire que les gouts et les habitudes changent tr\u00e8s vite. La terre vaut bien ce tout petit sacrifice apparent.<\/p>\n<p>Quand les mesures sanitaires ne seront plus aussi strictes, retour au sucre dans un sucrier, idem pour le sel, poivre, sauces<\/p>\n<p>&nbsp;<\/p>\n","protected":false},"excerpt":{"rendered":"<p>Formulation du sondage de janvier 2022 Dans la perspective du renouvellement du march\u00e9 de restauration, la commission restauration [1] en concertation avec la CARE [2] souhaite proposer un repas exclusivement v\u00e9g\u00e9tarien une fois par semaine sur un jour variable. Toutes les options de plats principaux seront compos\u00e9es de prot\u00e9ines v\u00e9g\u00e9tales pouvant aussi comporter des \u0153ufs [&hellip;]<\/p>\n","protected":false},"author":29,"featured_media":0,"parent":2,"menu_order":0,"comment_status":"closed","ping_status":"closed","template":"","meta":{"footnotes":""},"class_list":["post-278","page","type-page","status-publish","hentry"],"_links":{"self":[{"href":"https:\/\/members.loria.fr\/MPouget\/wp-json\/wp\/v2\/pages\/278","targetHints":{"allow":["GET"]}}],"collection":[{"href":"https:\/\/members.loria.fr\/MPouget\/wp-json\/wp\/v2\/pages"}],"about":[{"href":"https:\/\/members.loria.fr\/MPouget\/wp-json\/wp\/v2\/types\/page"}],"author":[{"embeddable":true,"href":"https:\/\/members.loria.fr\/MPouget\/wp-json\/wp\/v2\/users\/29"}],"replies":[{"embeddable":true,"href":"https:\/\/members.loria.fr\/MPouget\/wp-json\/wp\/v2\/comments?post=278"}],"version-history":[{"count":4,"href":"https:\/\/members.loria.fr\/MPouget\/wp-json\/wp\/v2\/pages\/278\/revisions"}],"predecessor-version":[{"id":284,"href":"https:\/\/members.loria.fr\/MPouget\/wp-json\/wp\/v2\/pages\/278\/revisions\/284"}],"up":[{"embeddable":true,"href":"https:\/\/members.loria.fr\/MPouget\/wp-json\/wp\/v2\/pages\/2"}],"wp:attachment":[{"href":"https:\/\/members.loria.fr\/MPouget\/wp-json\/wp\/v2\/media?parent=278"}],"curies":[{"name":"wp","href":"https:\/\/api.w.org\/{rel}","templated":true}]}}