{"id":277,"date":"2016-09-06T17:52:02","date_gmt":"2016-09-06T15:52:02","guid":{"rendered":"http:\/\/members.loria.fr\/MSmailTabbone\/?page_id=277"},"modified":"2025-10-17T10:45:29","modified_gmt":"2025-10-17T08:45:29","slug":"home","status":"publish","type":"page","link":"https:\/\/members.loria.fr\/MSmailTabbone\/home\/","title":{"rendered":"Home"},"content":{"rendered":"<ul>\n<li>Malika Sma\u00efl-Tabbone \u2013 malika.smail@loria.fr<\/li>\n<li>Full professor\u2013 Computer Science<\/li>\n<li>Universit\u00e9 de Lorraine<\/li>\n<li>Member of <a href=\"https:\/\/capsid.loria.fr\/\">Capsid<\/a> Team<\/li>\n<\/ul>\n<h3>Research activity<\/h3>\n<p>My research interests cover relational data integration, data mining, knowledge discovery process from data with applications in the life sciences and biomedical area. Recent works are related to knowledge graph embeddings, GNN methods,\u00a0 and inductive databases.<\/p>\n<h4>Grants and projects<\/h4>\n<p>I am coordinating on the French side a France-Brazil CAPES-COFEUC cooperation program entitled \u00ab\u00a0<em>New drugs against invasive fungal infections: from hits to optimised leads through machine learning<\/em>\u00a0\u00bb (2023-2027)<\/p>\n<p>I am PI on Artificial Intelligence and Machine Learning\u00a0 in the <em>CARE-In-Heal<\/em>th Horizon Europe Project coordinated by Professor Magnus B\u00e4ck (2022-2027)<\/p>\n<p>I was co-responsible of a workpackage in the RHU project entitled <strong>Fight Heart failure<\/strong> (FHF), coordinated by Professor Patrick Rossignol. This RHU research project which was granted with 9M\u20ac as a future-investment project (2015-2021)<\/p>\n<p>I was part of the CPER project entitled <strong>ITM2P<\/strong> (Innovations Technologiques, Mod\u00e9lisation et M\u00e9decine Personnalis\u00e9e), coordinated by professor Faiez Zannad, was granted with 4.3 M\u20ac for medical devices and for setting up technological platforms. I was involved in the so-called SMEC platform which stands for Simulation, modeling and knowledge extraction from bio-medical data (2015-2020)<\/p>\n<h3>PHD supervision and co-supervision<\/h3>\n<ul>\n<li>Victor Pryakhin, <em>Elucidating the dynamical\u00a0 conformational landscape of protein-RNA complexes<\/em><\/li>\n<li>Anna Kravchenko, <em>Fragment-based docking of protein-RNA complexes for protein design<\/em><\/li>\n<li>Kamrul Mohamed Islam, <em>Link prediction in large complex graphs &#8211; Application to drug repurposing<\/em><\/li>\n<li>Ath\u00e9nais Vaginay, <em>Synth\u00e8se de r\u00e9seaux Bool\u00e9ens \u00e0 partir de la structure et de la dynamique des r\u00e9seaux de r\u00e9actions<\/em><\/li>\n<li>Kevin Dalleau, <em>Une approche stochastique \u00e0 base d\u2019arbres al\u00e9atoires pour le calcul de dissimilarit\u00e9s : application au clustering pour diverses structures de donn\u00e9es<\/em><\/li>\n<li>\u00a0Mehwish Alam,<em> Interactive Knowledge Discovery over the Web of Data<\/em><\/li>\n<li>Adrien Coulet <em>, Int\u00e9gration et extraction de connaissances \u00e0 partir de donn\u00e9es cliniques et g\u00e9n\u00e9tiques<\/em><\/li>\n<li>Nizar Messai<em>, Extraction de connaissances et Web s\u00e9mantique : application \u00e0 la recherche et l&rsquo;interrogation de ressources g\u00e9nomiques sur le Web<\/em><\/li>\n<\/ul>\n<h3>Responsibilities<\/h3>\n<ul>\n<li>Member of the editorial Board of Scientific Reports (Springer-Nature editing group)<\/li>\n<li>Member of the scientific board (conseil scientifique) of Universit\u00e9 de Lorraine (2023-2024)<\/li>\n<li>Member of the national council of universities, CNU section 27 (2007-2012)<\/li>\n<li>Expert for ANR, HCERES, ANRS<\/li>\n<li>Member of the Board of the faculty of sciences (2006-2010)<\/li>\n<li>Member of several recruitment committees in computer science, bio-informatics, ecology.<\/li>\n<\/ul>\n","protected":false},"excerpt":{"rendered":"<ul>\n<li>Malika Sma\u00efl-Tabbone \u2013 malika.smail@loria.fr<\/li>\n<li>Full professor\u2013 Computer Science<\/li>\n<li>Universit\u00e9 de Lorraine<\/li>\n<li>Member of <a href=\"https:\/\/capsid.loria.fr\/\">Capsid<\/a> Team<\/li>\n<\/ul>\n<p>Research activity<\/p>\n<p>My research interests cover relational data integration, data mining, knowledge discovery process from data with applications in the life sciences and biomedical area. Recent works are related to knowledge graph embeddings, GNN methods,\u00a0 and inductive databases.<\/p>\n<p>Grants and projects<\/p>\n<p>I am coordinating on the French side a France-Brazil CAPES-COFEUC cooperation program entitled \u00ab\u00a0<em>New drugs against invasive fungal infections: from hits to optimised leads through machine learning<\/em>\u00a0\u00bb (2023-2027)<\/p>\n<p>I am PI on Artificial Intelligence and Machine Learning\u00a0 in the <em>CARE-In-Heal<\/em>th Horizon Europe Project coordinated by Professor Magnus B\u00e4ck (2022-2027)<\/p>\n<p>I was co-responsible of a workpackage in the RHU project entitled Fight Heart failure (FHF),<\/p>\n","protected":false},"author":61,"featured_media":0,"parent":0,"menu_order":0,"comment_status":"closed","ping_status":"closed","template":"","meta":{"footnotes":""},"class_list":["post-277","page","type-page","status-publish","hentry"],"_links":{"self":[{"href":"https:\/\/members.loria.fr\/MSmailTabbone\/wp-json\/wp\/v2\/pages\/277","targetHints":{"allow":["GET"]}}],"collection":[{"href":"https:\/\/members.loria.fr\/MSmailTabbone\/wp-json\/wp\/v2\/pages"}],"about":[{"href":"https:\/\/members.loria.fr\/MSmailTabbone\/wp-json\/wp\/v2\/types\/page"}],"author":[{"embeddable":true,"href":"https:\/\/members.loria.fr\/MSmailTabbone\/wp-json\/wp\/v2\/users\/61"}],"replies":[{"embeddable":true,"href":"https:\/\/members.loria.fr\/MSmailTabbone\/wp-json\/wp\/v2\/comments?post=277"}],"version-history":[{"count":24,"href":"https:\/\/members.loria.fr\/MSmailTabbone\/wp-json\/wp\/v2\/pages\/277\/revisions"}],"predecessor-version":[{"id":453,"href":"https:\/\/members.loria.fr\/MSmailTabbone\/wp-json\/wp\/v2\/pages\/277\/revisions\/453"}],"wp:attachment":[{"href":"https:\/\/members.loria.fr\/MSmailTabbone\/wp-json\/wp\/v2\/media?parent=277"}],"curies":[{"name":"wp","href":"https:\/\/api.w.org\/{rel}","templated":true}]}}