{"id":315,"date":"2016-09-07T16:37:29","date_gmt":"2016-09-07T14:37:29","guid":{"rendered":"http:\/\/members.loria.fr\/MSmailTabbone\/?page_id=315"},"modified":"2024-03-04T11:57:44","modified_gmt":"2024-03-04T09:57:44","slug":"teaching-2","status":"publish","type":"page","link":"https:\/\/members.loria.fr\/MSmailTabbone\/teaching-2\/","title":{"rendered":"Teaching (Fr)"},"content":{"rendered":"<h3>Ma\u00eetre de Conf\u00e9rences \u00e0 l&rsquo;Universit\u00e9 de Lorraine \/ FST au <a href=\"http:\/\/licence-informatique.univ-lorraine.fr\"> d\u00e9partement d&rsquo;informatique <\/a><\/h3>\n<p><strong>Principales responsabilit\u00e9s courantes<br \/>\n<\/strong><\/p>\n<ul>\n<li>Depuis 2020, je suis co-responsable du parcours <a href=\"https:\/\/iecl.univ-lorraine.fr\/formation\/master\/master-2-imsd\/\">IMSD<\/a> (Ing\u00e9nierie Math\u00e9matiques et Sciences des donn\u00e9es) du M2 de math\u00e9matiques appliqu\u00e9es<\/li>\n<li>Depuis 2012, je suis responsable des enseignements de bioinformatique et statistique dans le Cursus Master-Ing\u00e9nierie (CMI) en cinq ans\u00a0 <a href=\"https:\/\/cmi-biomim.formation.univ-lorraine.fr\/\">BioMIM<\/a> (Biotechnologies en Microbiologie et Ing\u00e9nierie Mol\u00e9culaire). Je suis membre de l\u2019\u00e9quipe p\u00e9dagogique restreinte du CMI qui assure le pilotage et le d\u00e9veloppement de la formation. Nous avons r\u00e9ussi \u00e0 obtenir en 2022 le label europ\u00e9en <strong>EUR-ACE<\/strong>, certifiant que la formation est conforme aux standards europ\u00e9ens pour les formations en ing\u00e9nierie (2022-2027).<\/li>\n<\/ul>\n<p><strong>Principaux enseignements<br \/>\n<\/strong><\/p>\n<ul>\n<li>Bases de donn\u00e9es relationnelles, Conception, Langages<\/li>\n<li>Programmation web et interfaces SGBD-langages de programmation<\/li>\n<li>Fouille de donn\u00e9es et extraction de connaissances<\/li>\n<li>Syst\u00e8mes no SQL (mongoDB, neo4J), RDF\/SPARQL<\/li>\n<li>Algorithmique et programmation (Python et Bio-python) et initiation aux bases de donn\u00e9es et au machine learning d&rsquo;un public de biologistes<\/li>\n<li>Elaboration des programmes du DESS Ing\u00e9nierie G\u00e9nomique: Ressources biologiques et informatiques et \u00e0 sa transformation dans le cadre du LMD en 2004\/2005. J\u2019en ai \u00e9t\u00e9 co-responsable avec Pierre Leblond (Professeur en section 65 du CNU). Cette formation s\u2019adressait \u00e0 des biologistes sp\u00e9cialis\u00e9s en g\u00e9n\u00e9tique mais aussi \u00e0 des informaticiens souhaitant acqu\u00e9rir une sp\u00e9cialisation dans le domaine de la g\u00e9nomique. J&rsquo;ai \u00e9t\u00e9 responsable de l\u2019enseignement des syst\u00e8mes d\u2019information biologiques (analyse, conception et r\u00e9alisation de bases de donn\u00e9es, r\u00e9alisation d\u2019interfaces web selon une architecture 3-tiers).<\/li>\n<\/ul>\n<p><strong>Publics<\/strong><\/p>\n<ul>\n<li>Licence Informatique 2\u00e8me et 3\u00e8me ann\u00e9es<\/li>\n<li>M2 informatique (Ing\u00e9nierie du Logiciel)\u00a0 et M2 math\u00e9matiques appliqu\u00e9es (IMSD)<\/li>\n<li>\u00c9l\u00e8ves ing\u00e9nieurs de TELECOM Nancy\u00a0 2\u00e8me ann\u00e9e et 3\u00e8me ann\u00e9e<\/li>\n<li>Cursus Master Ing\u00e9nierie <a href=\"https:\/\/cmi-biomim.formation.univ-lorraine.fr\/\">BioMIM<\/a>, niveaux M1 et M2<\/li>\n<\/ul>\n","protected":false},"excerpt":{"rendered":"<p>Ma\u00eetre de Conf\u00e9rences \u00e0 l&rsquo;Universit\u00e9 de Lorraine \/ FST au <a href=\"http:\/\/licence-informatique.univ-lorraine.fr\"> d\u00e9partement d&rsquo;informatique <\/a><\/p>\n<p>Principales responsabilit\u00e9s courantes\n<\/p>\n<ul>\n<li>Depuis 2020, je suis co-responsable du parcours <a href=\"https:\/\/iecl.univ-lorraine.fr\/formation\/master\/master-2-imsd\/\">IMSD<\/a> (Ing\u00e9nierie Math\u00e9matiques et Sciences des donn\u00e9es) du M2 de math\u00e9matiques appliqu\u00e9es<\/li>\n<li>Depuis 2012, je suis responsable des enseignements de bioinformatique et statistique dans le Cursus Master-Ing\u00e9nierie (CMI) en cinq ans\u00a0 <a href=\"https:\/\/cmi-biomim.formation.univ-lorraine.fr\/\">BioMIM<\/a> (Biotechnologies en Microbiologie et Ing\u00e9nierie Mol\u00e9culaire). Je suis membre de l\u2019\u00e9quipe p\u00e9dagogique restreinte du CMI qui assure le pilotage et le d\u00e9veloppement de la formation. Nous avons r\u00e9ussi \u00e0 obtenir en 2022 le label europ\u00e9en EUR-ACE,<\/li>\n<\/ul>\n","protected":false},"author":61,"featured_media":0,"parent":0,"menu_order":0,"comment_status":"closed","ping_status":"closed","template":"","meta":{"footnotes":""},"class_list":["post-315","page","type-page","status-publish","hentry"],"_links":{"self":[{"href":"https:\/\/members.loria.fr\/MSmailTabbone\/wp-json\/wp\/v2\/pages\/315","targetHints":{"allow":["GET"]}}],"collection":[{"href":"https:\/\/members.loria.fr\/MSmailTabbone\/wp-json\/wp\/v2\/pages"}],"about":[{"href":"https:\/\/members.loria.fr\/MSmailTabbone\/wp-json\/wp\/v2\/types\/page"}],"author":[{"embeddable":true,"href":"https:\/\/members.loria.fr\/MSmailTabbone\/wp-json\/wp\/v2\/users\/61"}],"replies":[{"embeddable":true,"href":"https:\/\/members.loria.fr\/MSmailTabbone\/wp-json\/wp\/v2\/comments?post=315"}],"version-history":[{"count":13,"href":"https:\/\/members.loria.fr\/MSmailTabbone\/wp-json\/wp\/v2\/pages\/315\/revisions"}],"predecessor-version":[{"id":440,"href":"https:\/\/members.loria.fr\/MSmailTabbone\/wp-json\/wp\/v2\/pages\/315\/revisions\/440"}],"wp:attachment":[{"href":"https:\/\/members.loria.fr\/MSmailTabbone\/wp-json\/wp\/v2\/media?parent=315"}],"curies":[{"name":"wp","href":"https:\/\/api.w.org\/{rel}","templated":true}]}}