{"id":10,"date":"2015-06-15T10:23:49","date_gmt":"2015-06-15T08:23:49","guid":{"rendered":"http:\/\/members.loria.fr\/thierrygartiser\/?page_id=10"},"modified":"2018-02-22T16:54:08","modified_gmt":"2018-02-22T14:54:08","slug":"cv","status":"publish","type":"page","link":"https:\/\/members.loria.fr\/MTuruani\/cv\/","title":{"rendered":"CV"},"content":{"rendered":"<div class=\"important_div\" style=\"text-align: center\"><\/div>\n<h4 class=\"cv\">Formation<\/h4>\n<ul>\n<li class=\"p1\"><span class=\"s1\">(\u00e0 remplir)<br \/>\n<\/span><\/li>\n<\/ul>\n<h4 class=\"cv\">Exp\u00e9rience professionnelle<\/h4>\n<ul>\n<li class=\"p1\"><span class=\"s1\">(\u00e0 remplir) 2012-2015 : &#8230;. &#8211; Universit\u00e9 de Lorraine &#8211; Vand\u0153uvre-l\u00e8s-Nancy<\/span><\/li>\n<\/ul>\n<h4 class=\"cv\">Centres d&rsquo;int\u00e9r\u00eat et comp\u00e9tences<\/h4>\n<p>\u00e0 remplir<\/p>\n","protected":false},"excerpt":{"rendered":"<p>Formation (\u00e0 remplir) Exp\u00e9rience professionnelle (\u00e0 remplir) 2012-2015 : &#8230;. &#8211; Universit\u00e9 de Lorraine &#8211; Vand\u0153uvre-l\u00e8s-Nancy Centres d&rsquo;int\u00e9r\u00eat et comp\u00e9tences \u00e0 remplir<\/p>\n","protected":false},"author":5,"featured_media":0,"parent":0,"menu_order":0,"comment_status":"closed","ping_status":"closed","template":"","meta":{"footnotes":""},"class_list":["post-10","page","type-page","status-publish","hentry"],"_links":{"self":[{"href":"https:\/\/members.loria.fr\/MTuruani\/wp-json\/wp\/v2\/pages\/10","targetHints":{"allow":["GET"]}}],"collection":[{"href":"https:\/\/members.loria.fr\/MTuruani\/wp-json\/wp\/v2\/pages"}],"about":[{"href":"https:\/\/members.loria.fr\/MTuruani\/wp-json\/wp\/v2\/types\/page"}],"author":[{"embeddable":true,"href":"https:\/\/members.loria.fr\/MTuruani\/wp-json\/wp\/v2\/users\/5"}],"replies":[{"embeddable":true,"href":"https:\/\/members.loria.fr\/MTuruani\/wp-json\/wp\/v2\/comments?post=10"}],"version-history":[{"count":21,"href":"https:\/\/members.loria.fr\/MTuruani\/wp-json\/wp\/v2\/pages\/10\/revisions"}],"predecessor-version":[{"id":225,"href":"https:\/\/members.loria.fr\/MTuruani\/wp-json\/wp\/v2\/pages\/10\/revisions\/225"}],"wp:attachment":[{"href":"https:\/\/members.loria.fr\/MTuruani\/wp-json\/wp\/v2\/media?parent=10"}],"curies":[{"name":"wp","href":"https:\/\/api.w.org\/{rel}","templated":true}]}}