{"id":10,"date":"2015-06-15T10:23:49","date_gmt":"2015-06-15T08:23:49","guid":{"rendered":"http:\/\/members.loria.fr\/thierrygartiser\/?page_id=10"},"modified":"2017-12-22T12:59:29","modified_gmt":"2017-12-22T10:59:29","slug":"cv","status":"publish","type":"page","link":"https:\/\/members.loria.fr\/NBoudjlida\/cv\/","title":{"rendered":"CV"},"content":{"rendered":"<div class=\"important_div\" style=\"text-align: center\"><\/div>\n<h4 class=\"cv\">Formation<\/h4>\n<ul>\n<li class=\"p1\"><span class=\"s1\">1995: Habilit\u00e9 \u00e0 Diriger des Recherches (LORIA\/Universit\u00e9 de Nancy), France<br \/>\n<\/span><\/li>\n<li class=\"p1\"><span class=\"s1\">1984 : Docteur-Ing\u00e9nieur (CRINancy \/ Institut National Polytechnique de Lorraine), France<br \/>\n<\/span><\/li>\n<li class=\"p1\">1974 : Ing\u00e9nieur Syst\u00e8mes en Informatique (<strong>C<\/strong>entre d&rsquo;<strong>E<\/strong>tudes et de <strong>R<\/strong>echerches en <strong>I<\/strong>nformatique (CERI), Alg\u00e9rie<\/li>\n<\/ul>\n<h4 class=\"cv\">Exp\u00e9rience professionnelle<\/h4>\n<ul>\n<li class=\"p1\">1981-1984 : Doctorant <span class=\"s1\">(CRINancy \/ Institut National Polytechnique de Lorraine), France<\/span><\/li>\n<li class=\"p1\"><span class=\"s1\">1979-1981 : Enseignant et responsable du service p\u00e9dagogique du CERI, Alg\u00e9rie<br \/>\n<\/span><\/li>\n<li class=\"p1\"><span class=\"s1\">1977-1979 : Enseignant au CERI, Alg\u00e9rie<br \/>\n<\/span><\/li>\n<li class=\"p1\"><span class=\"s1\">1974-1975 : Ing\u00e9nieur Stagiaire au Centre d&rsquo;Etudes Techiniques de l&rsquo;Equipement, Aix-En-Provence, France<br \/>\n<\/span><\/li>\n<\/ul>\n<h4 class=\"cv\">Centres d&rsquo;int\u00e9r\u00eat et comp\u00e9tences<\/h4>\n<p><div id=\"skillbar_straight\" style=\"padding:10px 0;\">\n\n<div class=\"skillbar clearfix\" data-percent=\"70%\" style=\"background: #eeeeee;\">\r\n\t\t\t\t<div class=\"skillbar-title\" style=\"background: #336699 !important;\"><span>Int\u00e9r\u00eat 1<\/span><\/div>\r\n\t\t\t\t<div class=\"skillbar-bar\" style=\"background: #336699;\"><\/div>\r\n\t\t\t\t<div class=\"skill-bar-percent\">70%<\/div>\r\n\t\t\t<\/div> Interop\u00e9rabilit\u00e9 s\u00e9mantique de syst\u00e8mes logiciels et d&rsquo;entreprises\n\n<div class=\"skillbar clearfix\" data-percent=\"80%\" style=\"background: #eeeeee;\">\r\n\t\t\t\t<div class=\"skillbar-title\" style=\"background: #336699 !important;\"><span>Int\u00e9r\u00eat 2<\/span><\/div>\r\n\t\t\t\t<div class=\"skillbar-bar\" style=\"background: #336699;\"><\/div>\r\n\t\t\t\t<div class=\"skill-bar-percent\">80%<\/div>\r\n\t\t\t<\/div> Approches formelles de la gestion de comp\u00e9tences et de leurs compl\u00e9mentarit\u00e9s\n\n<div class=\"skillbar clearfix\" data-percent=\"60%\" style=\"background: #eeeeee;\">\r\n\t\t\t\t<div class=\"skillbar-title\" style=\"background: #336699 !important;\"><span>Int\u00e9r\u00eat 3<\/span><\/div>\r\n\t\t\t\t<div class=\"skillbar-bar\" style=\"background: #336699;\"><\/div>\r\n\t\t\t\t<div class=\"skill-bar-percent\">60%<\/div>\r\n\t\t\t<\/div>\n\n\n<div style=\"clear:both;\"><\/div>\n<\/div>\n<div style=\"clear:both; height:10px; overflow:hidden;\"><\/div>\n<style type=\"text\/css\">.skillbar-title{font-size:px;color:;}.skill-bar-percent{font-size:px;color:;}<\/style><script>\r\n\t\t\t\tfunction sbar(){\r\n\t\t\t\t\tjQuery(\".skillbar\").each(function(){\r\n\t\t\t\t\t\tjQuery(this).find(\".skillbar-bar\").animate({\r\n\t\t\t\t\t\t\twidth:jQuery(this).attr(\"data-percent\")\r\n\t\t\t\t\t\t},3000);\r\n\t\t\t\t\t});\t\r\n\t\t\t\t}\r\n\t\t\t\tif ( jQuery(\"#skillbar_straight\").next().is(\":appeared\") ){\r\n\t\t\t\t\tsbar();\r\n\t\t\t\t} else {\r\n\t\t\t\t\tjQuery( window ).scroll(function() {\r\n\t\t\t\t\t\tif ( jQuery(\"#skillbar_straight\").next().is(\":appeared\") ){\r\n\t\t\t\t\t\t\tsbar();\r\n\t\t\t\t\t\t}\r\n\t\t\t\t\t});\r\n\t\t\t\t}\r\n\t\t\t\t<\/script> Annotations s\u00e9mantiques pour l&rsquo;interop\u00e9rabilit\u00e9 de syst\u00e8mes, la d\u00e9couverte et la composition de services, de comp\u00e9tences, etc.<\/p>\n","protected":false},"excerpt":{"rendered":"<p>Formation<\/p>\n<ul>\n<li class=\"p1\">1995: Habilit\u00e9 \u00e0 Diriger des Recherches (LORIA\/Universit\u00e9 de Nancy), France\n<\/li>\n<li class=\"p1\">1984 : Docteur-Ing\u00e9nieur (CRINancy \/ Institut National Polytechnique de Lorraine), France\n<\/li>\n<li class=\"p1\">1974 : Ing\u00e9nieur Syst\u00e8mes en Informatique (Centre d&rsquo;Etudes et de Recherches en Informatique (CERI), Alg\u00e9rie<\/li>\n<\/ul>\n<p>Exp\u00e9rience professionnelle<\/p>\n<ul>\n<li class=\"p1\">1981-1984 : Doctorant (CRINancy \/ Institut National Polytechnique de Lorraine), France<\/li>\n<li class=\"p1\">1979-1981 : Enseignant et responsable du service p\u00e9dagogique du CERI, Alg\u00e9rie\n<\/li>\n<li class=\"p1\">1977-1979 : Enseignant au CERI, Alg\u00e9rie\n<\/li>\n<li class=\"p1\">1974-1975 : Ing\u00e9nieur Stagiaire au Centre d&rsquo;Etudes Techiniques de l&rsquo;Equipement, Aix-En-Provence, France\n<\/li>\n<\/ul>\n<p>Centres d&rsquo;int\u00e9r\u00eat et comp\u00e9tences<\/p>\n<p> Annotations s\u00e9mantiques pour l&rsquo;interop\u00e9rabilit\u00e9 de syst\u00e8mes,<\/p>\n","protected":false},"author":5,"featured_media":0,"parent":0,"menu_order":0,"comment_status":"closed","ping_status":"closed","template":"","meta":{"footnotes":""},"class_list":["post-10","page","type-page","status-publish","hentry"],"_links":{"self":[{"href":"https:\/\/members.loria.fr\/NBoudjlida\/wp-json\/wp\/v2\/pages\/10","targetHints":{"allow":["GET"]}}],"collection":[{"href":"https:\/\/members.loria.fr\/NBoudjlida\/wp-json\/wp\/v2\/pages"}],"about":[{"href":"https:\/\/members.loria.fr\/NBoudjlida\/wp-json\/wp\/v2\/types\/page"}],"author":[{"embeddable":true,"href":"https:\/\/members.loria.fr\/NBoudjlida\/wp-json\/wp\/v2\/users\/5"}],"replies":[{"embeddable":true,"href":"https:\/\/members.loria.fr\/NBoudjlida\/wp-json\/wp\/v2\/comments?post=10"}],"version-history":[{"count":53,"href":"https:\/\/members.loria.fr\/NBoudjlida\/wp-json\/wp\/v2\/pages\/10\/revisions"}],"predecessor-version":[{"id":325,"href":"https:\/\/members.loria.fr\/NBoudjlida\/wp-json\/wp\/v2\/pages\/10\/revisions\/325"}],"wp:attachment":[{"href":"https:\/\/members.loria.fr\/NBoudjlida\/wp-json\/wp\/v2\/media?parent=10"}],"curies":[{"name":"wp","href":"https:\/\/api.w.org\/{rel}","templated":true}]}}