{"id":10,"date":"2015-06-15T10:23:49","date_gmt":"2015-06-15T08:23:49","guid":{"rendered":"http:\/\/members.loria.fr\/thierrygartiser\/?page_id=10"},"modified":"2018-10-29T12:52:54","modified_gmt":"2018-10-29T10:52:54","slug":"cv","status":"publish","type":"page","link":"https:\/\/members.loria.fr\/NRay\/cv\/","title":{"rendered":"CV"},"content":{"rendered":"<div class=\"important_div\" style=\"text-align: center\"><\/div>\n<h4 class=\"cv\">Formation<\/h4>\n<ul>\n<li class=\"p1\"><span class=\"s1\">1999 -2003: PhD Universit\u00e9 Nancy 2,\u00a0<em>g\u00e9n\u00e9ration\u00a0automatique d&rsquo;atlas de textures<\/em><\/span><\/li>\n<li>1998-1999: Master 2 Informatique\u00a0<span class=\"s1\">Universit\u00e9 Henri Poincar\u00e9 \u00e0 Nancy<\/span><\/li>\n<\/ul>\n<h4 class=\"cv\">Exp\u00e9rience professionnelle<\/h4>\n<ul>\n<li class=\"p1\">2006 &#8211; now\u00a0 Charg\u00e9 de Recherches INRIA<\/li>\n<li class=\"p1\">2005-2006 ATER \u00e0 L&rsquo;IUT Charlemagne<\/li>\n<li>2004-2005 Ing\u00e9nieur Expert au LORIA<\/li>\n<li class=\"p1\">2004-2005 Post-Doctorant\u00a0UMR CNRS 7565<\/li>\n<\/ul>\n<h4 class=\"cv\">Centres d&rsquo;int\u00e9r\u00eat et comp\u00e9tences<\/h4>\n<ul>\n<li>Scientific Keywords: Geometry processing, quad\/hex remeshing, frame fields, texture atlas generation<\/li>\n<li>Programming: mainly C++, with a bit of python\/LUA<\/li>\n<\/ul>\n","protected":false},"excerpt":{"rendered":"<p>Formation 1999 -2003: PhD Universit\u00e9 Nancy 2,\u00a0g\u00e9n\u00e9ration\u00a0automatique d&rsquo;atlas de textures 1998-1999: Master 2 Informatique\u00a0Universit\u00e9 Henri Poincar\u00e9 \u00e0 Nancy Exp\u00e9rience professionnelle 2006 &#8211; now\u00a0 Charg\u00e9 de Recherches INRIA 2005-2006 ATER \u00e0 L&rsquo;IUT Charlemagne 2004-2005 Ing\u00e9nieur Expert au LORIA 2004-2005 Post-Doctorant\u00a0UMR CNRS 7565 Centres d&rsquo;int\u00e9r\u00eat et comp\u00e9tences Scientific Keywords: Geometry processing, quad\/hex remeshing, frame fields, texture atlas [&hellip;]<\/p>\n","protected":false},"author":5,"featured_media":0,"parent":0,"menu_order":0,"comment_status":"closed","ping_status":"closed","template":"","meta":{"footnotes":""},"class_list":["post-10","page","type-page","status-publish","hentry"],"_links":{"self":[{"href":"https:\/\/members.loria.fr\/NRay\/wp-json\/wp\/v2\/pages\/10","targetHints":{"allow":["GET"]}}],"collection":[{"href":"https:\/\/members.loria.fr\/NRay\/wp-json\/wp\/v2\/pages"}],"about":[{"href":"https:\/\/members.loria.fr\/NRay\/wp-json\/wp\/v2\/types\/page"}],"author":[{"embeddable":true,"href":"https:\/\/members.loria.fr\/NRay\/wp-json\/wp\/v2\/users\/5"}],"replies":[{"embeddable":true,"href":"https:\/\/members.loria.fr\/NRay\/wp-json\/wp\/v2\/comments?post=10"}],"version-history":[{"count":22,"href":"https:\/\/members.loria.fr\/NRay\/wp-json\/wp\/v2\/pages\/10\/revisions"}],"predecessor-version":[{"id":341,"href":"https:\/\/members.loria.fr\/NRay\/wp-json\/wp\/v2\/pages\/10\/revisions\/341"}],"wp:attachment":[{"href":"https:\/\/members.loria.fr\/NRay\/wp-json\/wp\/v2\/media?parent=10"}],"curies":[{"name":"wp","href":"https:\/\/api.w.org\/{rel}","templated":true}]}}