{"id":10,"date":"2015-06-15T10:23:49","date_gmt":"2015-06-15T08:23:49","guid":{"rendered":"http:\/\/members.loria.fr\/thierrygartiser\/?page_id=10"},"modified":"2018-02-26T12:07:28","modified_gmt":"2018-02-26T10:07:28","slug":"cv","status":"publish","type":"page","link":"https:\/\/members.loria.fr\/OMella\/","title":{"rendered":"CV"},"content":{"rendered":"<div class=\"important_div\" style=\"text-align: center\"><\/div>\n<h4 class=\"cv\">Formation<\/h4>\n<ul>\n<li class=\"p1\"><span class=\"s1\">1993 : Doctorat en Informatique (CRIN \/ Universit\u00e9 Nancy 1)<\/span><\/li>\n<li>1980 : DEA G\u00e9nie Electrique (Automatique) INPL<\/li>\n<li>1980 : Ing\u00e9nieur Electronique-Automatique ENSEM<\/li>\n<\/ul>\n<h4 class=\"cv\">Exp\u00e9rience professionnelle<\/h4>\n<ul>\n<li class=\"p1\"><span class=\"s1\">1980 -1982 : Ing\u00e9nieur micro-\u00e9lectronique Soci\u00e9t\u00e9 SETECA Heillecourt (54)<br \/>\n<\/span><\/li>\n<li>1982-1994 : Assistante non agr\u00e9g\u00e9e en Informatique Facult\u00e9 des Sciences de l\u2019Universit\u00e9\u00a0 Nancy 1<\/li>\n<li>1994-2004 : Ma\u00eetre de Conf\u00e9rences en Informatique Facult\u00e9 des Sciences de l\u2019Universit\u00e9\u00a0 Nancy 1<\/li>\n<li>1993-2005 : Responsable de la sp\u00e9cialit\u00e9 Ing\u00e9nierie des R\u00e9seaux et des Syst\u00e8mes (IRS) du DESS Informatique de l\u2019Universit\u00e9\u00a0 Nancy 1<\/li>\n<li>1999-2002 : Responsable du DESS Informatique\u00a0 de l\u2019Universit\u00e9\u00a0 Nancy 1<\/li>\n<li>2002-2004 : D\u00e9l\u00e9gation au CNRS\u00a0 (donc interruption des responsabilit\u00e9s de formations)<\/li>\n<li>2005-2009 : Responsable de la sp\u00e9cialit\u00e9 R\u00e9seaux Syst\u00e8mes Mobilit\u00e9 du Master Informatique de l&rsquo;Universit\u00e9 de Lorraine<\/li>\n<li>2004 &#8211;\u00a0\u00a0\u00a0\u00a0\u00a0\u00a0\u00a0 : Ma\u00eetre Conf\u00e9rence Hors Classe\u00a0 en Informatique (LORIA\/Universit\u00e9\u00a0 de Lorraine)<\/li>\n<\/ul>\n<h4 class=\"cv\">Centres d&rsquo;int\u00e9r\u00eat et comp\u00e9tences<\/h4>\n<div id=\"skillbar_straight\" style=\"padding:10px 0;\">\n\n<div class=\"skillbar clearfix\" data-percent=\"80%\" style=\"background: #eeeeee;\">\r\n\t\t\t\t<div class=\"skillbar-title\" style=\"background: #336699 !important;\"><span>Reconnaissance Automatique de la Parole <\/span><\/div>\r\n\t\t\t\t<div class=\"skillbar-bar\" style=\"background: #336699;\"><\/div>\r\n\t\t\t\t<div class=\"skill-bar-percent\">80%<\/div>\r\n\t\t\t<\/div>\n\n<div class=\"skillbar clearfix\" data-percent=\"80%\" style=\"background: #eeeeee;\">\r\n\t\t\t\t<div class=\"skillbar-title\" style=\"background: #336699 !important;\"><span>Alignement Texte-Parole<\/span><\/div>\r\n\t\t\t\t<div class=\"skillbar-bar\" style=\"background: #336699;\"><\/div>\r\n\t\t\t\t<div class=\"skill-bar-percent\">80%<\/div>\r\n\t\t\t<\/div>\n\n<div class=\"skillbar clearfix\" data-percent=\"50%\" style=\"background: #eeeeee;\">\r\n\t\t\t\t<div class=\"skillbar-title\" style=\"background: #336699 !important;\"><span>Parole non native<\/span><\/div>\r\n\t\t\t\t<div class=\"skillbar-bar\" style=\"background: #336699;\"><\/div>\r\n\t\t\t\t<div class=\"skill-bar-percent\">50%<\/div>\r\n\t\t\t<\/div><\/p>\n<p><div class=\"skillbar clearfix\" data-percent=\"50%\" style=\"background: #eeeeee;\">\r\n\t\t\t\t<div class=\"skillbar-title\" style=\"background: #336699 !important;\"><span>Deep Learning<\/span><\/div>\r\n\t\t\t\t<div class=\"skillbar-bar\" style=\"background: #336699;\"><\/div>\r\n\t\t\t\t<div class=\"skill-bar-percent\">50%<\/div>\r\n\t\t\t<\/div><\/p>\n<p><div class=\"skillbar clearfix\" data-percent=\"70%\" style=\"background: #eeeeee;\">\r\n\t\t\t\t<div class=\"skillbar-title\" style=\"background: #336699 !important;\"><span>R\u00e9seaux Informatiques<\/span><\/div>\r\n\t\t\t\t<div class=\"skillbar-bar\" style=\"background: #336699;\"><\/div>\r\n\t\t\t\t<div class=\"skill-bar-percent\">70%<\/div>\r\n\t\t\t<\/div><\/p>\n<p><div class=\"skillbar clearfix\" data-percent=\"80%\" style=\"background: #eeeeee;\">\r\n\t\t\t\t<div class=\"skillbar-title\" style=\"background: #336699 !important;\"><span>Nature : oiseaux, mammif\u00e8res, plantes, insectes  et autres...<\/span><\/div>\r\n\t\t\t\t<div class=\"skillbar-bar\" style=\"background: #336699;\"><\/div>\r\n\t\t\t\t<div class=\"skill-bar-percent\">80%<\/div>\r\n\t\t\t<\/div>\n\n\n<div style=\"clear:both;\"><\/div>\n<\/div>\n<div style=\"clear:both; height:10px; overflow:hidden;\"><\/div>\n<style type=\"text\/css\">.skillbar-title{font-size:px;color:;}.skill-bar-percent{font-size:px;color:;}<\/style><script>\r\n\t\t\t\tfunction sbar(){\r\n\t\t\t\t\tjQuery(\".skillbar\").each(function(){\r\n\t\t\t\t\t\tjQuery(this).find(\".skillbar-bar\").animate({\r\n\t\t\t\t\t\t\twidth:jQuery(this).attr(\"data-percent\")\r\n\t\t\t\t\t\t},3000);\r\n\t\t\t\t\t});\t\r\n\t\t\t\t}\r\n\t\t\t\tif ( jQuery(\"#skillbar_straight\").next().is(\":appeared\") ){\r\n\t\t\t\t\tsbar();\r\n\t\t\t\t} else {\r\n\t\t\t\t\tjQuery( window ).scroll(function() {\r\n\t\t\t\t\t\tif ( jQuery(\"#skillbar_straight\").next().is(\":appeared\") ){\r\n\t\t\t\t\t\t\tsbar();\r\n\t\t\t\t\t\t}\r\n\t\t\t\t\t});\r\n\t\t\t\t}\r\n\t\t\t\t<\/script>\n<p>&nbsp;<\/p>\n","protected":false},"excerpt":{"rendered":"<p>Formation<\/p>\n<ul>\n<li class=\"p1\">1993 : Doctorat en Informatique (CRIN \/ Universit\u00e9 Nancy 1)<\/li>\n<li>1980 : DEA G\u00e9nie Electrique (Automatique) INPL<\/li>\n<li>1980 : Ing\u00e9nieur Electronique-Automatique ENSEM<\/li>\n<\/ul>\n<p>Exp\u00e9rience professionnelle<\/p>\n<ul>\n<li class=\"p1\">1980 -1982 : Ing\u00e9nieur micro-\u00e9lectronique Soci\u00e9t\u00e9 SETECA Heillecourt (54)\n<\/li>\n<li>1982-1994 : Assistante non agr\u00e9g\u00e9e en Informatique Facult\u00e9 des Sciences de l\u2019Universit\u00e9\u00a0 Nancy 1<\/li>\n<li>1994-2004 : Ma\u00eetre de Conf\u00e9rences en Informatique Facult\u00e9 des Sciences de l\u2019Universit\u00e9\u00a0 Nancy 1<\/li>\n<li>1993-2005 : Responsable de la sp\u00e9cialit\u00e9 Ing\u00e9nierie des R\u00e9seaux et des Syst\u00e8mes (IRS) du DESS Informatique de l\u2019Universit\u00e9\u00a0 Nancy 1<\/li>\n<li>1999-2002 : Responsable du DESS Informatique\u00a0 de l\u2019Universit\u00e9\u00a0 Nancy 1<\/li>\n<li>2002-2004 : D\u00e9l\u00e9gation au CNRS\u00a0 (donc interruption des responsabilit\u00e9s de formations)<\/li>\n<li>2005-2009 : Responsable de la sp\u00e9cialit\u00e9 R\u00e9seaux Syst\u00e8mes Mobilit\u00e9 du Master Informatique de l&rsquo;Universit\u00e9 de Lorraine<\/li>\n<li>2004 &#8211;\u00a0\u00a0\u00a0\u00a0\u00a0\u00a0\u00a0<\/li>\n<\/ul>\n","protected":false},"author":5,"featured_media":0,"parent":0,"menu_order":0,"comment_status":"closed","ping_status":"closed","template":"","meta":{"footnotes":""},"class_list":["post-10","page","type-page","status-publish","hentry"],"_links":{"self":[{"href":"https:\/\/members.loria.fr\/OMella\/wp-json\/wp\/v2\/pages\/10","targetHints":{"allow":["GET"]}}],"collection":[{"href":"https:\/\/members.loria.fr\/OMella\/wp-json\/wp\/v2\/pages"}],"about":[{"href":"https:\/\/members.loria.fr\/OMella\/wp-json\/wp\/v2\/types\/page"}],"author":[{"embeddable":true,"href":"https:\/\/members.loria.fr\/OMella\/wp-json\/wp\/v2\/users\/5"}],"replies":[{"embeddable":true,"href":"https:\/\/members.loria.fr\/OMella\/wp-json\/wp\/v2\/comments?post=10"}],"version-history":[{"count":65,"href":"https:\/\/members.loria.fr\/OMella\/wp-json\/wp\/v2\/pages\/10\/revisions"}],"predecessor-version":[{"id":319,"href":"https:\/\/members.loria.fr\/OMella\/wp-json\/wp\/v2\/pages\/10\/revisions\/319"}],"wp:attachment":[{"href":"https:\/\/members.loria.fr\/OMella\/wp-json\/wp\/v2\/media?parent=10"}],"curies":[{"name":"wp","href":"https:\/\/api.w.org\/{rel}","templated":true}]}}