{"id":803,"date":"2023-09-01T15:07:35","date_gmt":"2023-09-01T13:07:35","guid":{"rendered":"https:\/\/members.loria.fr\/PFVillard\/?page_id=803"},"modified":"2025-10-22T15:53:38","modified_gmt":"2025-10-22T13:53:38","slug":"outreach","status":"publish","type":"page","link":"https:\/\/members.loria.fr\/PFVillard\/outreach\/","title":{"rendered":"Outreach"},"content":{"rendered":"<p>Outreach<\/p>\n<ul>\n<li class=\"p1\"><span class=\"s1\"><a href=\"#sec1\">Scientific Godfather of secondary school<\/a><\/span><\/li>\n<li class=\"p1\"><span class=\"s1\"><a href=\"#sec2\">Science caf\u00e9s<\/a><\/span><\/li>\n<li class=\"p1\"><span class=\"s1\"><a href=\"#sec3\">Science festival<\/a><\/span><\/li>\n<li class=\"p1\"><span class=\"s1\"><a href=\"#sec4\">Presentation in high schools<\/a><\/span><\/li>\n<li class=\"p1\"><span class=\"s1\"><a href=\"#sec5\">Miscellaneous<\/a><\/span><\/li>\n<\/ul>\n<hr \/>\n<h4 id=\"sec1\" class=\"cv\"><strong>Scientific Godfather of secondary school <\/strong><\/h4>\n<p>Since 2019, I have been the science sponsor for the \u00ab\u00a0<a href=\"https:\/\/fr.wikipedia.org\/wiki\/La_Main_\u00e0_la_p\u00e2te\">Main \u00e0 la P\u00e2te<\/a>\u00a0\u00bb middle school of <a href=\"https:\/\/clg-julien-franck.monbureaunumerique.fr\">Champigneules<\/a> in the topics of virtual and augmented reality. I give seminars to teachers, I give one lecture per year to the 5th grade students (available <a href=\"https:\/\/seshat.gitlabpages.inria.fr\/unity\/RA_RV.html\">here<\/a>) and I supervise master student projects in collaboration with the teachers of the college<br \/>\nto create applications in this theme. A test with students was reported in the press (link <a href=\"https:\/\/gitlab.inria.fr\/Seshat\/outils_pedagogiques_ra_rv\/-\/blob\/master\/Presse\/er_college_jf_realite_augmentee-15fev2020.pdf\">here<\/a>). A page on the work can be found <a href=\"https:\/\/gitlab.inria.fr\/Seshat\/outils_pedagogiques_ra_rv\">here<\/a>.<\/p>\n<table  class=\" table table-hover\" >\n<tbody>\n<tr>\n<td><img loading=\"lazy\" decoding=\"async\" class=\"\" src=\"https:\/\/homepages.loria.fr\/PFVillard\/results\/pate1.jpg\" width=\"210\" height=\"300\" \/><\/td>\n<td><img loading=\"lazy\" decoding=\"async\" class=\"\" src=\"https:\/\/homepages.loria.fr\/PFVillard\/results\/pate2.jpg\" width=\"370\" height=\"300\" \/><\/td>\n<td><img loading=\"lazy\" decoding=\"async\" class=\"\" src=\"https:\/\/homepages.loria.fr\/PFVillard\/results\/pate3.jpg\" width=\"399\" height=\"300\" \/><\/td>\n<\/tr>\n<\/tbody>\n<\/table>\n<p>Here is a twit about the <b>inauguration<\/b>:<\/p>\n<blockquote class=\"twitter-tweet\">\n<p dir=\"ltr\" lang=\"fr\">Le coll\u00e8ge Julien Franck de Champigneulles a officiellement rejoint le r\u00e9seau lorrain des coll\u00e8ges La main \u00e0 la p\u00e2te\ud83d\ude04<br \/>\n\ud83d\udc4fBravo aux \u00e9l\u00e8ves pour tous ces beaux projets autour de la r\u00e9alit\u00e9 virtuelle &amp; augment\u00e9e, merci \u00e0 Pierre-Fr\u00e9d\u00e9ric Villard <a href=\"https:\/\/twitter.com\/hashtag\/loria?src=hash&amp;ref_src=twsrc%5Etfw\">#loria<\/a> parrain scientifique du coll\u00e8ge <a href=\"https:\/\/t.co\/q3bxi67613\">pic.twitter.com\/q3bxi67613<\/a><\/p>\n<p>\u2014 Maison pour la Science en Lorraine (@MPLS_Lorraine) <a href=\"https:\/\/twitter.com\/MPLS_Lorraine\/status\/1511023780121956353?ref_src=twsrc%5Etfw\">April 4, 2022<\/a><\/p><\/blockquote>\n<hr \/>\n<h4 id=\"sec2\" class=\"cv\"><strong>Science caf\u00e9s<\/strong><\/h4>\n<p>I have been one of the guest speakers on the following science caf\u00e9s:<\/p>\n<ul>\n<li class=\"p1\"><span class=\"s1\"> <b>\u00ab\u00a0Should we be afraid of the augmented city ?\u00a0\u00bb<\/b>\u00a0Tuesday, May 7, 2013 at Brasserie in the Bureau (Saint-Di\u00e9-des-Vosges). Topic: Overlay of 2D or 3D elements onto reality in real time. <a href=\"https:\/\/iww.inria.fr\/NanSciNum\/faut-il-avoir-peur-de-la-ville-augmentee\/#.ZD6Izy8RowY\">More information<\/a><\/span><\/li>\n<li class=\"p1\"><span class=\"s1\"> <b>\u00ab\u00a0Does the mouse rule the world?\u00a0\u00bb <\/b> Friday, September 12, 2014, at the Pierre No\u00ebl Museum (Saint Di\u00e9 des Vosges). Screening of the documentary film Codebreaker about Alan Turing as part of the Researcher&rsquo;s Film Festival, followed by a debate about the film. <a href=\"https:\/\/iww.inria.fr\/NanSciNum\/la-souris-mene-t-elle-le-monde\/#.ZD6IlS8RowY\">More information<\/a><\/span><\/li>\n<li class=\"p1\"><span class=\"s1\"> <b>\u00ab\u00a0Ecodesign and responsible digital practices\u00a0\u00bb<\/b> Thursday, March 9, 2023, at the amphitheater of IUT Saint-Di\u00e9 (Saint Di\u00e9 des Vosges). Debate about Digital Sobriety through the use of the Internet, smartphones, etc. <a href=\"https:\/\/www.vosgesmatin.fr\/education\/2023\/03\/16\/l-impact-du-numerique-fait-debat-a-l-iut\">Journal article<\/a>.<br \/>\n<a href=\"https:\/\/iutsd.univ-lorraine.fr\/conferences-limpact-ecologique-du-numerique\/\">More information<\/a><\/span><\/li>\n<li class=\"p1\"><span class=\"s1\"><b>\u00ab\u00a0The other side of streaming\u00a0\u00bb<\/b> Thursday, April 13, 2023, at Inria Grand Est (Nancy). A session on the use of streaming aimed at opening up the debate and answering questions through an exchange and an open discussion for everyone. <\/span><\/li>\n<\/ul>\n<table  class=\" table table-hover\" >\n<tbody>\n<tr>\n<td><img loading=\"lazy\" decoding=\"async\" class=\"\" src=\"https:\/\/homepages.loria.fr\/PFVillard\/results\/cafe1.jpg\" width=\"214\" height=\"300\" \/><\/td>\n<td><img loading=\"lazy\" decoding=\"async\" class=\"\" src=\"https:\/\/homepages.loria.fr\/PFVillard\/results\/cafe2.png\" width=\"219\" height=\"300\" \/><\/td>\n<td><img loading=\"lazy\" decoding=\"async\" class=\"\" src=\"https:\/\/homepages.loria.fr\/PFVillard\/results\/cafe3.png\" width=\"214\" height=\"300\" \/><\/td>\n<\/tr>\n<\/tbody>\n<\/table>\n<hr \/>\n<h4 id=\"sec3\" class=\"cv\"><strong>Science Festival<\/strong><\/h4>\n<p>Each year in October, a special day is dedicated to a science festival. Here is a list of activities presented to elementary, middle, and high school students:<\/p>\n<ul>\n<li class=\"p1\"><span class=\"s1\">2009-2014: <b>Haptic rendering:<\/b>\u00a0Introduction to computer-based simulation, including sense of touch.<\/span><\/li>\n<li class=\"p1\"><span class=\"s1\">20016-2021: <b>Virtual reality:<\/b> Introduction to 3D rendering and use of virtual reality helmet&#8230;<\/span>\u00a0<a href=\"https:\/\/www.vosgesmatin.fr\/edition-de-saint-die\/2017\/10\/16\/la-science-sait-aussi-faire-la-fete\">Journal article 1<\/a>, <a href=\"https:\/\/www.vosgesmatin.fr\/edition-de-saint-die\/2019\/10\/09\/le-monde-virtuel-pourrait-etre-utile-pour-la-pedagogie\">Journal article 2<\/a><\/li>\n<li class=\"p1\"><span class=\"s1\">Since 2022: <b>Deep learning for character recognition:<\/b>\u00a0Introduction to deep neural networks, and application to character recognition on images. <a href=\"https:\/\/www.vosgesmatin.fr\/education\/2023\/10\/14\/saint-die-six-ateliers-proposes-aux-collegiens-et-lyceens-dans-le-cadre-de-la-fete-de-la-science-organisee-a-l-iut\">Journal article 1<\/a>, <a href=\"https:\/\/homepages.loria.fr\/PFVillard\/presse\/feteScience25.pdf\">Journal article 2<\/a>, <a href=\"https:\/\/homepages.loria.fr\/PFVillard\/presse\/feteScience19.pdf\">Journal article 3<\/a>), <a href=\"https:\/\/www.youtube.com\/watch?v=5QeAU3v6HrI\">video<\/a><\/span><\/li>\n<\/ul>\n<table  class=\" table table-hover\" >\n<tbody>\n<tr>\n<td><img loading=\"lazy\" decoding=\"async\" class=\"\" src=\"https:\/\/homepages.loria.fr\/PFVillard\/results\/fds1.jpg\" width=\"449\" height=\"300\" \/><\/td>\n<td><img loading=\"lazy\" decoding=\"async\" class=\"\" src=\"https:\/\/homepages.loria.fr\/PFVillard\/results\/fds2.png\" width=\"407\" height=\"300\" \/><\/td>\n<td><img loading=\"lazy\" decoding=\"async\" class=\"\" src=\"https:\/\/homepages.loria.fr\/PFVillard\/results\/fds3.jpg\" width=\"225\" height=\"300\" \/><\/td>\n<\/tr>\n<\/tbody>\n<\/table>\n<hr \/>\n<h4 id=\"sec4\" class=\"cv\"><strong>Presentation in high schools<\/strong><\/h4>\n<p>The <a href=\"https:\/\/chiche-snt.fr\">CHICHE<\/a> program aim is to encourage students&rsquo; interest in digital science through meetings with scientists who can pedagogically and attractively illustrate research in this field and its impact on society. I have been involved since 2021. I talk about:<\/p>\n<ul>\n<li>The work of a university professor<\/li>\n<li>Some aspects of <b>digital imaging<\/b> related both to the high school curriculum and to my research\n<ul>\n<li>Virtual reality<\/li>\n<li>Augmented reality<\/li>\n<li>Image processing<\/li>\n<\/ul>\n<\/li>\n<\/ul>\n<p>Here are a few twits about my lectures:<\/p>\n<table  class=\" table table-hover\" >\n<tbody>\n<tr>\n<td style=\"height: 400px\">\n<blockquote class=\"twitter-tweet\">\n<p dir=\"ltr\" lang=\"fr\">\ud83d\ude80 Une belle dynamique <a href=\"https:\/\/twitter.com\/hashtag\/1scientifique1classe?src=hash&amp;ref_src=twsrc%5Etfw\">#1scientifique1classe<\/a> : <a href=\"https:\/\/twitter.com\/hashtag\/Chiche?src=hash&amp;ref_src=twsrc%5Etfw\">#Chiche<\/a> en ce d\u00e9but d&rsquo;ann\u00e9e ! 2\u20e3 interventions de Pierre-Fr\u00e9d\u00e9ric Villard <a href=\"https:\/\/twitter.com\/Univ_Lorraine?ref_src=twsrc%5Etfw\">@Univ_Lorraine<\/a> <a href=\"https:\/\/twitter.com\/Inria?ref_src=twsrc%5Etfw\">@Inria<\/a> <a href=\"https:\/\/twitter.com\/labo_Loria?ref_src=twsrc%5Etfw\">@labo_Loria<\/a> au lyc\u00e9e Saint-Sigisbert <a href=\"https:\/\/twitter.com\/hashtag\/Nancy?src=hash&amp;ref_src=twsrc%5Etfw\">#Nancy<\/a>.<br \/>\n\ud83d\ude4b\u200d\u2640\ufe0f Zoom sur son m\u00e9tier &amp; sa recherche en imagerie m\u00e9dicale. <a href=\"https:\/\/twitter.com\/hashtag\/r%C3%A9alit%C3%A9?src=hash&amp;ref_src=twsrc%5Etfw\">#r\u00e9alit\u00e9<\/a> <a href=\"https:\/\/twitter.com\/hashtag\/virtuelle?src=hash&amp;ref_src=twsrc%5Etfw\">#virtuelle<\/a> <a href=\"https:\/\/twitter.com\/hashtag\/augment%C3%A9e?src=hash&amp;ref_src=twsrc%5Etfw\">#augment\u00e9e<\/a> <a href=\"https:\/\/t.co\/sRW16v6iKf\">pic.twitter.com\/sRW16v6iKf<\/a><\/p>\n<p>\u2014 Inria Nancy &#8211; Grand Est (@Inria_Nancy) <a href=\"https:\/\/twitter.com\/Inria_Nancy\/status\/1616365230908391425?ref_src=twsrc%5Etfw\">January 20, 2023<\/a><\/p><\/blockquote>\n<\/td>\n<td style=\"height: 400px\">\n<blockquote class=\"twitter-tweet\">\n<p dir=\"ltr\" lang=\"fr\">\ud83d\udc63 Direction St Di\u00e9-des-Vosges avec Pierre-Fr\u00e9d\u00e9ric Villard, ma\u00eetre de conf\u00e9rences <a href=\"https:\/\/twitter.com\/Univ_Lorraine?ref_src=twsrc%5Etfw\">@Univ_Lorraine<\/a>, pour une nouvelle session <a href=\"https:\/\/twitter.com\/hashtag\/1scientifique1classe?src=hash&amp;ref_src=twsrc%5Etfw\">#1scientifique1classe<\/a> : <a href=\"https:\/\/twitter.com\/hashtag\/Chiche?src=hash&amp;ref_src=twsrc%5Etfw\">#Chiche<\/a> !<br \/>\n\ud83d\ude4b\u200d\u2640\ufe0fAu programme : zoom sur son m\u00e9tier &amp; son parcours, sur la r\u00e9alit\u00e9 virtuelle &amp; augment\u00e9e et sur le traitement d&rsquo;images ! <a href=\"https:\/\/t.co\/uS6dpaUhSC\">pic.twitter.com\/uS6dpaUhSC<\/a><\/p>\n<p>\u2014 Inria Nancy &#8211; Grand Est (@Inria_Nancy) <a href=\"https:\/\/twitter.com\/Inria_Nancy\/status\/1464149807879147534?ref_src=twsrc%5Etfw\">November 26, 2021<\/a><\/p><\/blockquote>\n<\/td>\n<td style=\"height: 400px\">\n<blockquote class=\"twitter-tweet\">\n<p dir=\"ltr\" lang=\"fr\">\ud83e\udd29 Deux nouvelles sessions \u00ab\u00a0<a href=\"https:\/\/twitter.com\/hashtag\/1scientifique1classe?src=hash&amp;ref_src=twsrc%5Etfw\">#1scientifique1classe<\/a> : <a href=\"https:\/\/twitter.com\/hashtag\/Chiche?src=hash&amp;ref_src=twsrc%5Etfw\">#Chiche<\/a> !\u00a0\u00bb pour Pierre-Fr\u00e9d\u00e9ric Villard, ma\u00eetre de conf\u00e9rences <a href=\"https:\/\/twitter.com\/Univ_Lorraine?ref_src=twsrc%5Etfw\">@Univ_Lorraine<\/a> \ud83d\udc4f Cette fois, direction le lyc\u00e9e Saint-Sigisbert \u00e0 <a href=\"https:\/\/twitter.com\/VilledeNancy?ref_src=twsrc%5Etfw\">@VilledeNancy<\/a>.<br \/>\n\ud83d\udcac \u00ab\u00a0De nombreuses questions tr\u00e8s int\u00e9ressantes sur le quotidien de nos recherches\u00a0\u00bb. <a href=\"https:\/\/t.co\/t7yoOcqtAQ\">pic.twitter.com\/t7yoOcqtAQ<\/a><\/p>\n<p>\u2014 Inria Nancy &#8211; Grand Est (@Inria_Nancy) <a href=\"https:\/\/twitter.com\/Inria_Nancy\/status\/1470370813199196167?ref_src=twsrc%5Etfw\">December 13, 2021<\/a><\/p><\/blockquote>\n<\/td>\n<\/tr>\n<\/tbody>\n<\/table>\n<hr \/>\n<h4 id=\"sec5\" class=\"cv\"><strong>Miscellaneous<\/strong><\/h4>\n<ul>\n<li class=\"p1\"><b>Install Party organization<\/b> (2021-2024). Second and third-year students help first-year students install Linux and other tools necessary for their studies at the IUT. <a href=\"https:\/\/iutsd.univ-lorraine.fr\/retour-sur-la-2eme-edition-de-linstall-party\/\">More information about the second edition<\/a>. <a href=\"https:\/\/iutsd.univ-lorraine.fr\/install-party-a-liut-de-saint-die\/\">More information about the first edition <\/a><\/li>\n<li class=\"p1\"><span class=\"s1\"><b>Workshop for high school teachers in computer science<\/b> (since 2023). More and more systems are using artificial intelligence based on neural network learning (chatGPT, autonomous vehicles, voice assistants, etc.) So there&rsquo;s a good chance that NSI students will face this problem in the future. In this workshop, we&rsquo;ll look at how to program a person recognition application (Asterix or Obelix), from data acquisition to production in a web app, via the design of a neural network and its training. We will also discuss the ethical issues involved in using these technologies. <a href=\"https:\/\/idees-loria.gitlabpages.inria.fr\/idees\/\/journees\/2023\/\">More information<\/a><\/span><\/li>\n<li class=\"p1\"><span class=\"s1\"> <b>Tawashi sponges workshop<\/b> (since 2022). Presentation on how to use all socks to manufacture Tawashi sponges using an algorithm written with pseudocode. <a href=\"https:\/\/iutsd.univ-lorraine.fr\/ateliers-diy-recyclage-eponges-tawashi-cosmetiques-maison\/\">More information<\/a><\/span><\/li>\n<li class=\"p1\"><span class=\"s1\"><span class=\"s1\"><b>IUT open days<\/b>. Since 2009, every year in February or April, the IUT has its open day. <a href=\"https:\/\/iutsd.univ-lorraine.fr\/iutsdjpo23\/\">More information<\/a>. Various student projects were presented during the time:<\/span><\/span>\n<ul>\n<li>A Rubik&rsquo;s cube solving robot.<\/li>\n<li>A robotic arm with its digital twin. <a href=\"https:\/\/www.youtube.com\/watch?v=hkv5cbBEy4c\">YouTube link<\/a><\/li>\n<li>Arduino-based Arcade kiosk programming. <a href=\"https:\/\/www.youtube.com\/watch?v=eAQNMGwHy-o&amp;pp=ygUOSVVUIHNhaW50LWRpw6k%3D\">YouTube link<\/a><\/li>\n<li>Virtual visit of Industry 4.0. <a href=\"https:\/\/www.youtube.com\/watch?v=7XB731UqqaY\">YouTube link<\/a><\/li>\n<li>Raspberry-based Arcade kiosk programming. <a href=\"https:\/\/members.loria.fr\/PFVillard\/files\/presse\/vm_JPO_attractivite_iutsd.pdf\">Newspaper link<\/a><\/li>\n<\/ul>\n<p>&nbsp;<\/li>\n<li class=\"p1\"><span class=\"s1\"><span class=\"s1\">Punctual outreach activities:<\/span><\/span>\n<ul>\n<li><b>Secondary school visit<\/b> (2021), presentation of student project work. <a href=\"https:\/\/iutsd.univ-lorraine.fr\/des-3eme-en-visite-a-liut\/\">More information.<\/a><\/li>\n<li><b>Welcome day for students from the Ecole des Mines<\/b> (2020): Participation in a student welcome day with a presentation on deformation methods in medical applications.<\/li>\n<li><b>Hosting a schoolgirl visit<\/b> at the IUT to promote science (2013). It was with the association \u00ab\u00a0Elles bougent\u00a0\u00bb (<a href=\"http:\/\/www.ellesbougent.com\/\">http:\/\/www.ellesbougent.com\/<\/a>).<\/li>\n<li><b>Participation in student forums<\/b> (since 2009): I take part in a student forum about once a year (\u00ab\u00a0Les Clefs de la R\u00e9ussite\u00a0\u00bb, \u00ab\u00a0Oriaction\u00a0\u00bb, etc).<\/li>\n<\/ul>\n<p>&nbsp;<\/li>\n<\/ul>\n<table  class=\" table table-hover\" >\n<tbody>\n<tr>\n<td><img loading=\"lazy\" decoding=\"async\" class=\"\" src=\"https:\/\/members.loria.fr\/PFVillard\/files\/presse\/InstallParty.jpg\" width=\"226\" height=\"300\" \/><\/td>\n<td><img loading=\"lazy\" decoding=\"async\" class=\"\" src=\"https:\/\/members.loria.fr\/PFVillard\/files\/presse\/tawashi.jpg\" width=\"223\" height=\"300\" \/><\/td>\n<td><img loading=\"lazy\" decoding=\"async\" class=\"\" src=\"https:\/\/members.loria.fr\/PFVillard\/files\/presse\/rubik.jpg\" width=\"169\" height=\"300\" \/><\/td>\n<\/tr>\n<\/tbody>\n<\/table>\n","protected":false},"excerpt":{"rendered":"<p>Outreach<\/p>\n<ul>\n<li class=\"p1\"><a href=\"#sec1\">Scientific Godfather of secondary school<\/a><\/li>\n<li class=\"p1\"><a href=\"#sec2\">Science caf\u00e9s<\/a><\/li>\n<li class=\"p1\"><a href=\"#sec3\">Science festival<\/a><\/li>\n<li class=\"p1\"><a href=\"#sec4\">Presentation in high schools<\/a><\/li>\n<li class=\"p1\"><a href=\"#sec5\">Miscellaneous<\/a><\/li>\n<\/ul>\n<p>Scientific Godfather of secondary school <\/p>\n<p>Since 2019, I have been the science sponsor for the \u00ab\u00a0<a href=\"https:\/\/fr.wikipedia.org\/wiki\/La_Main_\u00e0_la_p\u00e2te\">Main \u00e0 la P\u00e2te<\/a>\u00a0\u00bb middle school of <a href=\"https:\/\/clg-julien-franck.monbureaunumerique.fr\">Champigneules<\/a> in the topics of virtual and augmented reality. I give seminars to teachers, I give one lecture per year to the 5th grade students (available <a href=\"https:\/\/seshat.gitlabpages.inria.fr\/unity\/RA_RV.html\">here<\/a>) and I supervise master student projects in collaboration with the teachers of the college<br \/>\nto create applications in this theme.<\/p>\n","protected":false},"author":48,"featured_media":0,"parent":0,"menu_order":0,"comment_status":"closed","ping_status":"closed","template":"","meta":{"footnotes":""},"class_list":["post-803","page","type-page","status-publish","hentry"],"_links":{"self":[{"href":"https:\/\/members.loria.fr\/PFVillard\/wp-json\/wp\/v2\/pages\/803","targetHints":{"allow":["GET"]}}],"collection":[{"href":"https:\/\/members.loria.fr\/PFVillard\/wp-json\/wp\/v2\/pages"}],"about":[{"href":"https:\/\/members.loria.fr\/PFVillard\/wp-json\/wp\/v2\/types\/page"}],"author":[{"embeddable":true,"href":"https:\/\/members.loria.fr\/PFVillard\/wp-json\/wp\/v2\/users\/48"}],"replies":[{"embeddable":true,"href":"https:\/\/members.loria.fr\/PFVillard\/wp-json\/wp\/v2\/comments?post=803"}],"version-history":[{"count":19,"href":"https:\/\/members.loria.fr\/PFVillard\/wp-json\/wp\/v2\/pages\/803\/revisions"}],"predecessor-version":[{"id":920,"href":"https:\/\/members.loria.fr\/PFVillard\/wp-json\/wp\/v2\/pages\/803\/revisions\/920"}],"wp:attachment":[{"href":"https:\/\/members.loria.fr\/PFVillard\/wp-json\/wp\/v2\/media?parent=803"}],"curies":[{"name":"wp","href":"https:\/\/api.w.org\/{rel}","templated":true}]}}