{"id":22,"date":"2015-06-15T11:01:33","date_gmt":"2015-06-15T09:01:33","guid":{"rendered":"http:\/\/members.loria.fr\/thierrygartiser\/?page_id=22"},"modified":"2022-05-30T22:22:27","modified_gmt":"2022-05-30T20:22:27","slug":"projets","status":"publish","type":"page","link":"https:\/\/members.loria.fr\/PHenaff\/projets\/","title":{"rendered":"Projets"},"content":{"rendered":"<div class=\"smallheader\">\n<h3 class=\"title\"><span style=\"color: #3366ff\"><strong>Current and past Projects<\/strong><\/span><\/h3>\n<\/div>\n<hr \/>\n<h4><strong><span style=\"color: #3366ff\">2020-2022 : \u00ab KLIA : Kyutech-LORIA IA \u00bb <\/span><\/strong><\/h4>\n<h5><strong>\u2192Financement : \u00a0CNRS INS2I<\/strong><\/h5>\n<h5><strong>\u2192Partenaires:\u00a0 Kyushu Technical University (Kyutech, Japon), departement \u00ab Human Intelligence Systems \u00bb , Graduate School of Life Science and Systems Engineering<\/strong>,<\/h5>\n<p>Soutien \u00e0 la collaboration LORIA\u2013KYUTECH\u00a0 \u00a0dans le domaine de la robotique et des neurosciences computationelles.\u00a0 Ce projet permet l\u2019\u00e9changes d\u2019\u00e9tudiants (Master, doctorants) pour des s\u00e9jours scientifiques ainsi que des mobilit\u00e9s de chercheurs du Loria.<\/p>\n<hr \/>\n<h4><span style=\"color: #3366ff\"><strong>2020-2024 :\u00a0 KinAImotion : Mining Big Data to extract kinematic patterns and predict emotional human motor behaviors<\/strong><\/span><\/h4>\n<h5><span style=\"color: #3366ff\"><strong>\u2192<\/strong><strong>projet port\u00e9 par le laboratoire <\/strong><strong>ScaLab (UMR 9193 CNRS, Universit\u00e9 de Lille)<\/strong><\/span><\/h5>\n<div class=\"smallheader\">\n<h5><strong>\u2192Financement : \u00a0CNRS 80 Prime<\/strong><\/h5>\n<\/div>\n<h5><strong>\u2192Partenaires: <\/strong><strong>ScaLab UMR 9193<\/strong><\/h5>\n<p>Financement d&rsquo;un sujet de th\u00e8se : <em>Rythmes, posture et compliance motrice pour faire \u00e9merger une synchronie \u00e9motionnelle entre une personne humaine et un robot humano\u00efde.<\/em><\/p>\n<div class=\"smallheader\">\n<hr \/>\n<h4><span style=\"color: #3366ff\"><strong>2020-2021 : Simulation neuro-musculo-squelettique de la marche humaine<\/strong><\/span><\/h4>\n<h5><strong>\u2192Financement : Association France Parkinson \u00a0<a href=\"http:\/\/members.loria.fr\/PHenaff\/wp-content\/blogs.dir\/76\/files\/sites\/76\/2021\/03\/CPG-with-OpenSim.png\"><img loading=\"lazy\" decoding=\"async\" class=\" wp-image-831 alignright\" src=\"http:\/\/members.loria.fr\/PHenaff\/wp-content\/blogs.dir\/76\/files\/sites\/76\/2021\/03\/CPG-with-OpenSim-293x300.png\" alt=\"\" width=\"272\" height=\"279\" srcset=\"https:\/\/members.loria.fr\/PHenaff\/wp-content\/blogs.dir\/76\/files\/sites\/76\/2021\/03\/CPG-with-OpenSim-293x300.png 293w, https:\/\/members.loria.fr\/PHenaff\/wp-content\/blogs.dir\/76\/files\/sites\/76\/2021\/03\/CPG-with-OpenSim-1001x1024.png 1001w, https:\/\/members.loria.fr\/PHenaff\/wp-content\/blogs.dir\/76\/files\/sites\/76\/2021\/03\/CPG-with-OpenSim-768x786.png 768w, https:\/\/members.loria.fr\/PHenaff\/wp-content\/blogs.dir\/76\/files\/sites\/76\/2021\/03\/CPG-with-OpenSim-1501x1536.png 1501w, https:\/\/members.loria.fr\/PHenaff\/wp-content\/blogs.dir\/76\/files\/sites\/76\/2021\/03\/CPG-with-OpenSim.png 1506w\" sizes=\"auto, (max-width: 272px) 100vw, 272px\" \/><\/a><\/strong><\/h5>\n<p>Ce projet concerne l&rsquo;\u00e9tude des m\u00e9canismes de contr\u00f4le de la locomotion d\u00e9ficiente dans la maladie de Parkinson. L\u2019objectif\u00a0 est de d\u00e9velopper une plate-forme de simulation permettant de reproduire<br \/>\ndiff\u00e9rents allures de marches saines et d\u00e9ficientes observ\u00e9es chez l\u2019humain, incluant les troubles<br \/>\nmoteurs caract\u00e9ristiques \u00e0 la maladie de Parkinson. L&rsquo;originalit\u00e9 de cette plate-forme concerne la prise en compte des diff\u00e9rents constituants qui interagissent au sein du syst\u00e8me locomoteur humain: mod\u00e9lisation du squelette cliniquement plausible:\u00a0 int\u00e9gration de nombreux muscles; simulation des signaux eff\u00e9rents; mod\u00e9lisation de r\u00e9seaux neuronaux spinaux producteurs de mouvements (CPGs: Central pattern generators); int\u00e9gration de signaux aff\u00e9rents.<\/p>\n<hr \/>\n<h4><span style=\"color: #0000ff\"><strong>2018 : <\/strong><\/span><span style=\"color: #0000ff\"><strong>HDCHS?\u00a0<\/strong><\/span><span style=\"color: #0000ff\"><strong>(<\/strong><\/span><strong style=\"color: #0000ff\"><span style=\"color: #3366ff\">Human Dynamic Clamp in HandShaking?)<\/span><\/strong><strong style=\"color: #0000ff\">:\u00a0<\/strong><\/h4>\n<h5><strong>\u2192Financement : \u00a0CNRS S2IH-INS2I<\/strong><\/h5>\n<\/div>\n<h5><strong>\u2192Partenaires: PERSEUS &#8211; CERCO<\/strong><\/h5>\n<p>Ce projet concerne la robotique, les neurosciences et la psychologie exp\u00e9rimentale.<\/p>\n<p><a href=\"http:\/\/members.loria.fr\/PHenaff\/wp-content\/blogs.dir\/76\/files\/sites\/76\/2022\/05\/InkedInkedHHHS-Vicon_LI-bis2.jpg\"><img loading=\"lazy\" decoding=\"async\" class=\"wp-image-883 alignright\" src=\"http:\/\/members.loria.fr\/PHenaff\/wp-content\/blogs.dir\/76\/files\/sites\/76\/2022\/05\/InkedInkedHHHS-Vicon_LI-bis2-275x300.jpg\" alt=\"\" width=\"295\" height=\"322\" srcset=\"https:\/\/members.loria.fr\/PHenaff\/wp-content\/blogs.dir\/76\/files\/sites\/76\/2022\/05\/InkedInkedHHHS-Vicon_LI-bis2-275x300.jpg 275w, https:\/\/members.loria.fr\/PHenaff\/wp-content\/blogs.dir\/76\/files\/sites\/76\/2022\/05\/InkedInkedHHHS-Vicon_LI-bis2.jpg 580w\" sizes=\"auto, (max-width: 295px) 100vw, 295px\" \/><\/a><\/p>\n<p>Il est dans la continuit\u00e9 des travaux commenc\u00e9s au LORIA sur la compr\u00e9hension\u00a0 de l&rsquo;acte de \u00abpoign\u00e9e de mains\u00bb (handshaking) entre deux personnes, afin de les reproduire \u00e0 plus long terme avec un robot humano\u00efde qui devra interagir naturellement avec l\u2019humain. Cet acte est \u00e9tudi\u00e9 car c\u2019est une interaction physique et sociale multimodale, courante socialement, mais complexe du point de vue neurosciences et robotique car elle met en jeux des couplages physiques, psychologiques et sensorimoteurs qui sont changeants selon le contexte social. Ce projet propose de mener des exp\u00e9riences pr\u00e9liminaires sur le handshaking entre humains qui permettront de mieux comprendre les ph\u00e9nom\u00e8nes de synchronisation physique et psychologique (couplage, verrouillage, rythmicit\u00e9) plus connus sous le paradigme \u00ab Human Dynamic Clamp \u00bb (HDC), en vue d\u2019en proposer des m\u00e9canismes de plasticit\u00e9 sp\u00e9cifiques pour les mod\u00e8les de contr\u00f4leurs bio-inspir\u00e9s \u00e9tudi\u00e9s au LORIA pour la commande des robots humano\u00efdes.<\/p>\n<hr \/>\n<h4><span style=\"color: #0000ff\"><strong>2018-2021 : <\/strong><\/span><span style=\"color: #0000ff\"><strong>INNOV\u2019CHAIR 4.0\u00a0 <\/strong>\u00a0<\/span><\/h4>\n<p><span style=\"color: #3366ff\"><strong>D\u00e9veloppement et industrialisation d\u2019une gamme de fauteuils roulants connect\u00e9s\u00a0 <\/strong><\/span><\/p>\n<div class=\"smallheader\">\n<h5><strong>\u2192Financement : R\u00e9gion\u00a0 Grand-Est <\/strong><\/h5>\n<\/div>\n<h5><strong>\u2192Partenaires: Logo Silver (entreprise) ,\u00a0 CentraleSup\u00e9lec,\u00a0 ENIM, LCOMS, Institut de l\u2019autonomie (ISEETECH)<\/strong><\/h5>\n<p><span style=\"color: #3366ff\"><strong>\u00a0<\/strong><\/span>Projet\u00a0 R\u00e9gion\u00a0 Grand-Est collaboratif de\u00a0\u00a0Recherche &amp; D\u00e9veloppement\u00a0 et d\u2019Innovation.<\/p>\n<hr \/>\n<h4 class=\"title\"><strong style=\"color: #0000ff\">2015:\u00a0 <\/strong><span style=\"color: #0000ff\"><strong>ShakeHands <\/strong><\/span><strong style=\"color: #0000ff\">\u00a0:\u00a0 \u00a0\u00a0<\/strong><\/h4>\n<p class=\"title\"><span style=\"color: #3366ff\"><strong>Mesures des param\u00e8tres physiques de la poign\u00e9e de main entre deux personnes selon le contexte social ou \u00e9motionnel<\/strong><\/span><\/p>\n<h5><strong>\u2192Financement :\u00a0PEPS CNRS Mirabelle<\/strong><\/h5>\n<h5><strong>\u2192Partenaires: InterPsy<\/strong><\/h5>\n<p>Ce projet exploratoire r\u00e9unit des roboticiens et des psychologues de l\u2019interaction.<\/p>\n<p>Il vise \u00e0 comprendre et\u00a0<img loading=\"lazy\" decoding=\"async\" class=\"wp-image-690 alignright\" src=\"http:\/\/members.loria.fr\/PHenaff\/wp-content\/blogs.dir\/76\/files\/sites\/76\/2018\/10\/image-72-300x200.png\" alt=\"\" width=\"254\" height=\"170\" srcset=\"https:\/\/members.loria.fr\/PHenaff\/wp-content\/blogs.dir\/76\/files\/sites\/76\/2018\/10\/image-72-300x200.png 300w, https:\/\/members.loria.fr\/PHenaff\/wp-content\/blogs.dir\/76\/files\/sites\/76\/2018\/10\/image-72-768x512.png 768w, https:\/\/members.loria.fr\/PHenaff\/wp-content\/blogs.dir\/76\/files\/sites\/76\/2018\/10\/image-72.png 850w\" sizes=\"auto, (max-width: 254px) 100vw, 254px\" \/>\u00e0 mod\u00e9liser certains ph\u00e9nom\u00e8nes physiques et cognitifs mis en jeux lors du geste de la poign\u00e9e de main entre deux personnes selon le contexte social ou \u00e9motionnel. Des exp\u00e9riences sont men\u00e9es pour mesurer les param\u00e8tres physiques fondamentaux de la poign\u00e9e de main (fr\u00e9quences des mouvements du bras, r\u00e9partition des forces de serrage entre les mains selon ce contexte. L\u2019objectif \u00e0 plus long terme, et au-del\u00e0 du projet, est d\u2019\u00e9tablir des mod\u00e8les de contr\u00f4leurs bio-inspir\u00e9s qui permettront aux robots humano\u00efdes de produire ce type d\u2019interaction.<\/p>\n<hr \/>\n<h4><span style=\"color: #0000ff\"><strong>2014-2015 : Guido :\u00a0<\/strong><\/span><span style=\"color: #0000ff\"><strong>Un robot guide espi\u00e8gle\u00a0 au Mus\u00e9e d&rsquo;Art Moderne du Luxembourg\u00a0<\/strong><\/span><\/h4>\n<h5><strong>\u2192Financement : Grand Nancy, Loria, Mines Nancy,\u00a0<\/strong><\/h5>\n<h5><strong>\u2192Partenaires: MUDAM, KPMG<\/strong><\/h5>\n<p>En collaboration avec l&rsquo;artiste Paul Granjon (Universit\u00e9 de Cardiff), Guido est un robot humano\u00efde mont\u00e9 sur roues pour faciliter son d\u00e9placement dans le mus\u00e9e. L&rsquo;objectif est de concevoir un robot guide, ayant un aspect humano\u00efde et une attitude d\u00e9cal\u00e9e et humoristique, pour interagir avec les visiteurs en les accueillant et accompagnants dans les diverses galeries du MUDAM, comme le ferait un accompagnateur humain. <a href=\"http:\/\/www.mudam.lu\/fr\/agenda\/details\/event\/visites-guidees-robotiques-3\/\">Guido au MUDAM<\/a><\/p>\n<p><a href=\"http:\/\/members.loria.fr\/PHenaff\/wp-content\/blogs.dir\/76\/files\/sites\/76\/2018\/10\/Guido-beau.jpg\"><img loading=\"lazy\" decoding=\"async\" class=\"size-medium wp-image-680 alignleft\" src=\"http:\/\/members.loria.fr\/PHenaff\/wp-content\/blogs.dir\/76\/files\/sites\/76\/2018\/10\/Guido-beau-230x300.jpg\" alt=\"\" width=\"230\" height=\"300\" srcset=\"https:\/\/members.loria.fr\/PHenaff\/wp-content\/blogs.dir\/76\/files\/sites\/76\/2018\/10\/Guido-beau-230x300.jpg 230w, https:\/\/members.loria.fr\/PHenaff\/wp-content\/blogs.dir\/76\/files\/sites\/76\/2018\/10\/Guido-beau.jpg 420w\" sizes=\"auto, (max-width: 230px) 100vw, 230px\" \/><\/a> <a href=\"http:\/\/members.loria.fr\/PHenaff\/wp-content\/blogs.dir\/76\/files\/sites\/76\/2018\/10\/20150708_194629.jpg\"><img loading=\"lazy\" decoding=\"async\" class=\"alignnone size-medium wp-image-681\" src=\"http:\/\/members.loria.fr\/PHenaff\/wp-content\/blogs.dir\/76\/files\/sites\/76\/2018\/10\/20150708_194629-300x180.jpg\" alt=\"\" width=\"300\" height=\"180\" srcset=\"https:\/\/members.loria.fr\/PHenaff\/wp-content\/blogs.dir\/76\/files\/sites\/76\/2018\/10\/20150708_194629-300x180.jpg 300w, https:\/\/members.loria.fr\/PHenaff\/wp-content\/blogs.dir\/76\/files\/sites\/76\/2018\/10\/20150708_194629-768x461.jpg 768w, https:\/\/members.loria.fr\/PHenaff\/wp-content\/blogs.dir\/76\/files\/sites\/76\/2018\/10\/20150708_194629-1024x614.jpg 1024w\" sizes=\"auto, (max-width: 300px) 100vw, 300px\" \/><\/a><\/p>\n","protected":false},"excerpt":{"rendered":"<p>Current and past Projects<\/p>\n<p>2020-2022 : \u00ab KLIA : Kyutech-LORIA IA \u00bb<br \/>\n\u2192Financement : \u00a0CNRS INS2I<br \/>\n\u2192Partenaires:\u00a0 Kyushu Technical University (Kyutech, Japon), departement \u00ab Human Intelligence Systems \u00bb , Graduate School of Life Science and Systems Engineering,<\/p>\n<p>Soutien \u00e0 la collaboration LORIA\u2013KYUTECH\u00a0 \u00a0dans le domaine de la robotique et des neurosciences computationelles.\u00a0 Ce projet permet l\u2019\u00e9changes d\u2019\u00e9tudiants (Master, doctorants) pour des s\u00e9jours scientifiques ainsi que des mobilit\u00e9s de chercheurs du Loria.<\/p>\n<p>2020-2024 :\u00a0 KinAImotion : Mining Big Data to extract kinematic patterns and predict emotional human motor behaviors<br \/>\n\u2192projet port\u00e9 par le laboratoire ScaLab (UMR 9193 CNRS, Universit\u00e9 de Lille)<\/p>\n<p>\u2192Financement : \u00a0CNRS 80 Prime<\/p>\n<p>\u2192Partenaires: ScaLab UMR 9193<\/p>\n<p>Financement d&rsquo;un sujet de th\u00e8se : <em>Rythmes,<\/em><\/p>\n","protected":false},"author":5,"featured_media":0,"parent":0,"menu_order":0,"comment_status":"closed","ping_status":"closed","template":"","meta":{"footnotes":""},"class_list":["post-22","page","type-page","status-publish","hentry"],"_links":{"self":[{"href":"https:\/\/members.loria.fr\/PHenaff\/wp-json\/wp\/v2\/pages\/22","targetHints":{"allow":["GET"]}}],"collection":[{"href":"https:\/\/members.loria.fr\/PHenaff\/wp-json\/wp\/v2\/pages"}],"about":[{"href":"https:\/\/members.loria.fr\/PHenaff\/wp-json\/wp\/v2\/types\/page"}],"author":[{"embeddable":true,"href":"https:\/\/members.loria.fr\/PHenaff\/wp-json\/wp\/v2\/users\/5"}],"replies":[{"embeddable":true,"href":"https:\/\/members.loria.fr\/PHenaff\/wp-json\/wp\/v2\/comments?post=22"}],"version-history":[{"count":73,"href":"https:\/\/members.loria.fr\/PHenaff\/wp-json\/wp\/v2\/pages\/22\/revisions"}],"predecessor-version":[{"id":885,"href":"https:\/\/members.loria.fr\/PHenaff\/wp-json\/wp\/v2\/pages\/22\/revisions\/885"}],"wp:attachment":[{"href":"https:\/\/members.loria.fr\/PHenaff\/wp-json\/wp\/v2\/media?parent=22"}],"curies":[{"name":"wp","href":"https:\/\/api.w.org\/{rel}","templated":true}]}}