{"id":13,"date":"2015-06-15T10:26:53","date_gmt":"2015-06-15T08:26:53","guid":{"rendered":"http:\/\/members.loria.fr\/thierrygartiser\/?page_id=13"},"modified":"2021-01-04T16:48:40","modified_gmt":"2021-01-04T14:48:40","slug":"publications","status":"publish","type":"page","link":"https:\/\/members.loria.fr\/PHuynh\/publications\/","title":{"rendered":"Publications"},"content":{"rendered":"<p>   <!DOCTYPE html PUBLIC \"-\/\/W3C\/\/DTD XHTML 1.0 Transitional\/\/EN\" \"http:\/\/www.w3.org\/TR\/xhtml1\/DTD\/xhtml1-transitional.dtd\"> <html xmlns='http:\/\/www.w3.org\/1999\/xhtml' xml:lang='fr' lang='fr'> <head> <meta name=\"robots\" content=\"noindex, nofollow\" \/> <meta http-equiv=\"content-type\" content= \"text\/html;charset=UTF-8\" \/> <meta http-equiv=\"Content-Language\" content=\"fr\" \/> <link rel=\"stylesheet\" type=\"text\/css\" href=\"..\/css\/VisuGen.css\" \/> <link rel=\"stylesheet\" type=\"text\/css\" href=\"https:\/\/haltools.inria.fr\/\/css\/VisuRubriqueEncadre.css\" \/> <!-- Piwik haltools.inria.fr--> <script type=\"text\/javascript\">   var _paq = _paq || [];   _paq.push(['trackPageView']);   _paq.push(['enableLinkTracking']);   (function() {     var u=\"\/\/piwik.inria.fr\/\";     _paq.push(['setTrackerUrl', u+'piwik.php']);     _paq.push(['setSiteId', 25]);     var d=document, g=d.createElement('script'), s=d.getElementsByTagName('script')[0];     g.type='text\/javascript'; g.async=true; g.defer=true; g.src=u+'piwik.js'; s.parentNode.insertBefore(g,s);   })(); <\/script> <noscript><\/p>\n<p><img decoding=\"async\" src=\"\/\/piwik.inria.fr\/piwik.php?idsite=25\" style=\"border:0;\" alt=\"\" \/><\/p>\n<p><\/noscript> <!-- End Piwik Code -->  <title>Publications HAL de  paulaa huynh<\/title> <\/head> <body> <\/p>\n<div id=\"res_script\"> <\/div>\n<p> <\/body> <\/html> <\/p>\n<p>&nbsp;<\/p>\n<ul>\n<li><strong>SKINNY with Scalpel Comparing Tools for Differential Analysis<\/strong>\u00a0&#8211; St\u00e9phanie Delaune, Patrick Derbez, Paul Huynh, Marine Minier, Victor Mollimard and Charles Prud\u2019Homme. <em>Submitted. <\/em><a href=\"https:\/\/eprint.iacr.org\/2020\/1402.pdf\">[pdf]<\/a><\/li>\n<li><strong>Non-triangular Self-synchronizing Stream Ciphers<\/strong>\u00a0&#8211; Julien Francq, Loic Besson, Paul Huynh, Philippe Guillot, Gilles Mill\u00e9rioux and Marine Minier.\u00a0<i><a href=\"https:\/\/ieeexplore.ieee.org\/document\/9290398\">IEEE Transactions on Computers<\/a>.\u00a0<\/i><a href=\"https:\/\/hal.archives-ouvertes.fr\/hal-03081725\">[pdf]<\/a><\/li>\n<li><b>Cryptanalysis Results on Spook<\/b> &#8211; Patrick Derbez, Virginie Lallemand, Mar\u00eda Naya-Plasencia, L\u00e9o Perrin and Andr\u00e9 Schrottenloher.\u00a0<i><a href=\"https:\/\/crypto.iacr.org\/2020\/\">CRYPTO 2020<\/a>.<\/i> <a href=\"https:\/\/eprint.iacr.org\/2020\/309.pdf\">[pdf]<\/a><a href=\"https:\/\/www.youtube.com\/watch?v=deLqDXXncew\">[talk]<\/a><\/li>\n<li><strong>On the Feistel Counterpart of the Boomerang Connectivity Table:\u00a0Introduction and Analysis of the FBCT<\/strong> &#8211; Hamid Boukerrou, Paul Huynh, Virginie Lallemand, Bimal Mandal and Marine Minier<em>.<\/em>\u00a0<a href=\"https:\/\/fse.iacr.org\/2020\/\"><i>FSE 2020.<\/i><\/a>\u00a0<a href=\"https:\/\/tosc.iacr.org\/index.php\/ToSC\/article\/view\/8568\/8139\">[pdf]<\/a><a href=\"https:\/\/www.youtube.com\/watch?v=vkFqeOlR5TM\">[talk]<\/a><\/li>\n<li><strong>Lilliput-AE: A New Lightweight Tweakable Block Cipher for Authenticated Encryption with Associated Data\u00a0<\/strong>&#8211; Alexandre\u202fAdomnicai, Thierry P. Berger, Christophe Clavier, Julien\u202fFrancq, Paul Huynh, Virginie\u202fLallemand, K\u00e9vin Le\u202fGouguec, Marine\u202fMinier, L\u00e9o Reynaud and Ga\u00ebl Thomas.<em>\u00a0<a href=\"https:\/\/csrc.nist.gov\/projects\/lightweight-cryptography\">NIST Lightweight Cryptography Project Submission<\/a><\/em>. <a href=\"https:\/\/csrc.nist.gov\/CSRC\/media\/Projects\/Lightweight-Cryptography\/documents\/round-1\/spec-doc\/LILLIPUT-AE-spec.pdf\">[pdf]<\/a><\/li>\n<\/ul>\n","protected":false},"excerpt":{"rendered":"<p>               var _paq = _paq || [];   _paq.push([&lsquo;trackPageView&rsquo;]);   _paq.push([&lsquo;enableLinkTracking&rsquo;]);   (function() {     var u=\u00a0\u00bb\/\/piwik.inria.fr\/\u00a0\u00bb;     _paq.push([&lsquo;setTrackerUrl&rsquo;, u+&rsquo;piwik.php&rsquo;]);     _paq.push([&lsquo;setSiteId&rsquo;, 25]);     var d=document, g=d.createElement(&lsquo;script&rsquo;), s=d.getElementsByTagName(&lsquo;script&rsquo;)[0];     g.type=&rsquo;text\/javascript&rsquo;; g.async=true; g.defer=true; g.src=u+&rsquo;piwik.js&rsquo;; s.parentNode.insertBefore(g,s);   })();  <\/p>\n<p><img decoding=\"async\" src=\"\/\/piwik.inria.fr\/piwik.php?idsite=25\" style=\"border:0;\" alt=\"\" \/><\/p>\n<p>   Publications HAL de  paulaa huynh   <\/p>\n<\/p>\n<p>&nbsp;<\/p>\n<ul>\n<li>SKINNY with Scalpel Comparing Tools for Differential Analysis\u00a0&#8211; St\u00e9phanie Delaune, Patrick Derbez, Paul Huynh, Marine Minier, Victor Mollimard and Charles Prud\u2019Homme. <em>Submitted. <\/em><a href=\"https:\/\/eprint.iacr.org\/2020\/1402.pdf\">[pdf]<\/a><\/li>\n<li>Non-triangular Self-synchronizing Stream Ciphers\u00a0&#8211; Julien Francq, Loic Besson, Paul Huynh, Philippe Guillot, Gilles Mill\u00e9rioux and Marine Minier.\u00a0<i><a href=\"https:\/\/ieeexplore.ieee.org\/document\/9290398\">IEEE Transactions on Computers<\/a>.\u00a0<\/i><\/li>\n<\/ul>\n","protected":false},"author":5,"featured_media":0,"parent":0,"menu_order":0,"comment_status":"closed","ping_status":"closed","template":"page-fullwidth.php","meta":{"footnotes":""},"class_list":["post-13","page","type-page","status-publish","hentry"],"_links":{"self":[{"href":"https:\/\/members.loria.fr\/PHuynh\/wp-json\/wp\/v2\/pages\/13","targetHints":{"allow":["GET"]}}],"collection":[{"href":"https:\/\/members.loria.fr\/PHuynh\/wp-json\/wp\/v2\/pages"}],"about":[{"href":"https:\/\/members.loria.fr\/PHuynh\/wp-json\/wp\/v2\/types\/page"}],"author":[{"embeddable":true,"href":"https:\/\/members.loria.fr\/PHuynh\/wp-json\/wp\/v2\/users\/5"}],"replies":[{"embeddable":true,"href":"https:\/\/members.loria.fr\/PHuynh\/wp-json\/wp\/v2\/comments?post=13"}],"version-history":[{"count":42,"href":"https:\/\/members.loria.fr\/PHuynh\/wp-json\/wp\/v2\/pages\/13\/revisions"}],"predecessor-version":[{"id":340,"href":"https:\/\/members.loria.fr\/PHuynh\/wp-json\/wp\/v2\/pages\/13\/revisions\/340"}],"wp:attachment":[{"href":"https:\/\/members.loria.fr\/PHuynh\/wp-json\/wp\/v2\/media?parent=13"}],"curies":[{"name":"wp","href":"https:\/\/api.w.org\/{rel}","templated":true}]}}