{"id":56,"date":"2015-06-16T13:44:07","date_gmt":"2015-06-16T11:44:07","guid":{"rendered":"http:\/\/members.loria.fr\/thierrygartiser\/?page_id=56"},"modified":"2021-02-10T19:27:50","modified_gmt":"2021-02-10T17:27:50","slug":"accueil","status":"publish","type":"page","link":"https:\/\/members.loria.fr\/PHuynh\/","title":{"rendered":"PAUL HUYNH"},"content":{"rendered":"<p>I am a freshly-minted PhD, currently working as an engineer at <a href=\"http:\/\/www.loria.fr\/\" target=\"_blank\" rel=\"noopener noreferrer\">LORIA<\/a>&lsquo;s team <a href=\"http:\/\/caramba.loria.fr\">CARAMBA<\/a>\u00a0on symmetric cryptography.\u00a0More specifically, I am interested in the design and the analysis of lightweight encryption algorithms. I have been studying these primitives for the last 3 years as part of my PhD, under the supervision of <a href=\"https:\/\/members.loria.fr\/MMinier\/static\/\">Marine Minier<\/a>. My thesis can be found <a href=\"https:\/\/hal.archives-ouvertes.fr\/tel-03086269\/file\/thesisPaulHuynh.pdf\">here<\/a>, and the slides <a href=\"http:\/\/members.loria.fr\/PHuynh\/wp-content\/blogs.dir\/198\/files\/sites\/198\/2021\/01\/ph_defense_export-compressed.pdf\">here<\/a>.<\/p>\n<p>Below is a summary of my work. You can also download my resume <a href=\"http:\/\/members.loria.fr\/PHuynh\/wp-content\/blogs.dir\/198\/files\/sites\/198\/2021\/02\/resume_PaulHuynh_EN.pdf\">here<\/a>.<\/p>\n<p><strong>Projects I took part in<\/strong><\/p>\n<ul>\n<li><a href=\"https:\/\/anr.fr\/Project-ANR-18-CE39-0007\">ANR DeCrypt<\/a>: Declarative Approach for Symmetric Cryptography<\/li>\n<li><a href=\"http:\/\/paclido.fr\">FUI PACLIDO<\/a>: Lightweight Cryptographic Primitives for the IoT<\/li>\n<li><a href=\"http:\/\/thecascade.cran.univ-lorraine.fr\">ANR The CASCADE<\/a>: Control Theory Applied to Secure Communication<\/li>\n<\/ul>\n<p>&nbsp;<\/p>\n<p><strong>Preprints<\/strong><\/p>\n<ul>\n<li><strong>SKINNY with Scalpel Comparing Tools for Differential Analysis<\/strong>\u00a0&#8211; St\u00e9phanie Delaune, Patrick Derbez, Paul Huynh, Marine Minier, Victor Mollimard and Charles Prud\u2019Homme.<em>\u00a0<\/em><a href=\"https:\/\/eprint.iacr.org\/2020\/1402.pdf\">[pdf]<\/a><\/li>\n<\/ul>\n<p>&nbsp;<\/p>\n<p><strong>Publications<\/strong><\/p>\n<ul>\n<li><strong>Non-triangular Self-synchronizing Stream Ciphers<\/strong>\u00a0&#8211; Julien Francq, Loic Besson, Paul Huynh, Philippe Guillot, Gilles Mill\u00e9rioux and Marine Minier.\u00a0<i><a href=\"https:\/\/ieeexplore.ieee.org\/document\/9290398\">IEEE Transactions on Computers<\/a>.\u00a0<\/i><a href=\"https:\/\/hal.archives-ouvertes.fr\/hal-03081725\">[pdf]<\/a><\/li>\n<li><b>Cryptanalysis Results on Spook<\/b> &#8211; Patrick Derbez, Virginie Lallemand, Mar\u00eda Naya-Plasencia, L\u00e9o Perrin and Andr\u00e9 Schrottenloher.\u00a0<i><a href=\"https:\/\/crypto.iacr.org\/2020\/\">CRYPTO 2020<\/a>.<\/i> <a href=\"https:\/\/eprint.iacr.org\/2020\/309.pdf\">[pdf]<\/a><\/li>\n<li><strong>On the Feistel Counterpart of the Boomerang Connectivity Table:\u00a0Introduction and Analysis of the FBCT<\/strong> &#8211; Hamid Boukerrou, Paul Huynh, Virginie Lallemand, Bimal Mandal and Marine Minier<em>.<\/em>\u00a0<a href=\"https:\/\/fse.iacr.org\/2020\/\"><i>FSE 2020.<\/i><\/a>\u00a0<a href=\"https:\/\/tosc.iacr.org\/index.php\/ToSC\/article\/view\/8568\/8139\">[pdf]<\/a><\/li>\n<li><strong>Lilliput-AE: A New Lightweight Tweakable Block Cipher for Authenticated Encryption with Associated Data\u00a0<\/strong>&#8211; Alexandre\u202fAdomnicai, Thierry P. Berger, Christophe Clavier, Julien\u202fFrancq, Paul Huynh, Virginie\u202fLallemand, K\u00e9vin Le\u202fGouguec, Marine\u202fMinier, L\u00e9o Reynaud and Ga\u00ebl Thomas.<em>\u00a0<a href=\"https:\/\/csrc.nist.gov\/projects\/lightweight-cryptography\">NIST Lightweight Cryptography Project Submission<\/a><\/em>. <a href=\"https:\/\/csrc.nist.gov\/CSRC\/media\/Projects\/Lightweight-Cryptography\/documents\/round-1\/spec-doc\/LILLIPUT-AE-spec.pdf\">[pdf]<\/a><\/li>\n<\/ul>\n<p>&nbsp;<\/p>\n<p><strong>Talks<br \/>\n<\/strong><\/p>\n<ul>\n<li><strong>On the Feistel Counterpart of the Boomerang Connectivity Table:\u00a0Introduction and Analysis of the FBCT<\/strong>. <em><a href=\"https:\/\/fse.iacr.org\/2020\/\">FSE 2020<\/a>, virtual conference<\/em> <a href=\"http:\/\/members.loria.fr\/PHuynh\/wp-content\/blogs.dir\/198\/files\/sites\/198\/2021\/01\/fbct_fse-compressed.pdf\">[slides]<\/a><a href=\"https:\/\/www.youtube.com\/watch?v=vkFqeOlR5TM\">[talk]<\/a><\/li>\n<li><strong>On the Feistel Counterpart of the Boomerang Connectivity Table:\u00a0Introduction and Analysis of the FBCT<\/strong>. <em><a href=\"https:\/\/jc2-2020.inria.fr\">Journ\u00e9es Codage et Cryptographie C2 2020<\/a>, virtual conference<\/em> <a href=\"http:\/\/members.loria.fr\/PHuynh\/wp-content\/blogs.dir\/198\/files\/sites\/198\/2021\/01\/fbct_c2-compressed.pdf\">[slides]<\/a><b><\/b><\/li>\n<li><b>Cryptanalysis Results on Spook<\/b>.<i> <a href=\"https:\/\/crypto.iacr.org\/2020\/\">CRYPTO 2020<\/a>, virtual conference<\/i>\u00a0<a href=\"http:\/\/members.loria.fr\/PHuynh\/wp-content\/blogs.dir\/198\/files\/sites\/198\/2021\/01\/spook.pdf\">[slides]<\/a><a href=\"https:\/\/www.youtube.com\/watch?v=deLqDXXncew\">[talk]<\/a><b><\/b><\/li>\n<li><b>Felics-AE: Benchmarking of Lightweight Authenticated Encryption Algorithms<\/b>. <em><a href=\"https:\/\/csrc.nist.gov\/Events\/2019\/Lightweight-Cryptography-Workshop-2019\">NIST Lightweight Cryptography Workshop<\/a>, Gaithersburg, USA, November 2019<\/em> <a href=\"https:\/\/csrc.nist.gov\/CSRC\/media\/Presentations\/felics-ae-a-framework-to-benchmark-lightweight\/images-media\/session3-huynh-felics-ae.pdf\">[slides]<\/a><a href=\"https:\/\/cdnapisec.kaltura.com\/index.php\/extwidget\/preview\/partner_id\/684682\/uiconf_id\/33598632\/entry_id\/0_nptcjlrh\/embed\/dynamic#t=22:36\">[talk]<\/a><\/li>\n<\/ul>\n<p>&nbsp;<\/p>\n<p><strong>Teaching<\/strong><\/p>\n<ul>\n<li><strong>2019-2020<\/strong>\u00a0 Introduction to Cryptography and Cybersecurity, First year, T\u00e9l\u00e9com Nancy<\/li>\n<\/ul>\n","protected":false},"excerpt":{"rendered":"<p>I am a freshly-minted PhD, currently working as an engineer at <a href=\"http:\/\/www.loria.fr\/\" target=\"_blank\" rel=\"noopener noreferrer\">LORIA<\/a>&lsquo;s team <a href=\"http:\/\/caramba.loria.fr\">CARAMBA<\/a>\u00a0on symmetric cryptography.\u00a0More specifically, I am interested in the design and the analysis of lightweight encryption algorithms. I have been studying these primitives for the last 3 years as part of my PhD, under the supervision of <a href=\"https:\/\/members.loria.fr\/MMinier\/static\/\">Marine Minier<\/a>. My thesis can be found <a href=\"https:\/\/hal.archives-ouvertes.fr\/tel-03086269\/file\/thesisPaulHuynh.pdf\">here<\/a>, and the slides <a href=\"http:\/\/members.loria.fr\/PHuynh\/wp-content\/blogs.dir\/198\/files\/sites\/198\/2021\/01\/ph_defense_export-compressed.pdf\">here<\/a>.<\/p>\n<p>Below is a summary of my work. You can also download my resume <a href=\"http:\/\/members.loria.fr\/PHuynh\/wp-content\/blogs.dir\/198\/files\/sites\/198\/2021\/02\/resume_PaulHuynh_EN.pdf\">here<\/a>.<\/p>\n<p>Projects I took part in<\/p>\n<ul>\n<li><a href=\"https:\/\/anr.fr\/Project-ANR-18-CE39-0007\">ANR DeCrypt<\/a>: Declarative Approach for Symmetric Cryptography<\/li>\n<li><a href=\"http:\/\/paclido.fr\">FUI PACLIDO<\/a>: Lightweight Cryptographic Primitives for the IoT<\/li>\n<li><a href=\"http:\/\/thecascade.cran.univ-lorraine.fr\">ANR The CASCADE<\/a>: Control Theory Applied to Secure Communication<\/li>\n<\/ul>\n<p>&nbsp;<\/p>\n","protected":false},"author":5,"featured_media":0,"parent":0,"menu_order":0,"comment_status":"closed","ping_status":"closed","template":"","meta":{"footnotes":""},"class_list":["post-56","page","type-page","status-publish","hentry"],"_links":{"self":[{"href":"https:\/\/members.loria.fr\/PHuynh\/wp-json\/wp\/v2\/pages\/56","targetHints":{"allow":["GET"]}}],"collection":[{"href":"https:\/\/members.loria.fr\/PHuynh\/wp-json\/wp\/v2\/pages"}],"about":[{"href":"https:\/\/members.loria.fr\/PHuynh\/wp-json\/wp\/v2\/types\/page"}],"author":[{"embeddable":true,"href":"https:\/\/members.loria.fr\/PHuynh\/wp-json\/wp\/v2\/users\/5"}],"replies":[{"embeddable":true,"href":"https:\/\/members.loria.fr\/PHuynh\/wp-json\/wp\/v2\/comments?post=56"}],"version-history":[{"count":37,"href":"https:\/\/members.loria.fr\/PHuynh\/wp-json\/wp\/v2\/pages\/56\/revisions"}],"predecessor-version":[{"id":362,"href":"https:\/\/members.loria.fr\/PHuynh\/wp-json\/wp\/v2\/pages\/56\/revisions\/362"}],"wp:attachment":[{"href":"https:\/\/members.loria.fr\/PHuynh\/wp-json\/wp\/v2\/media?parent=56"}],"curies":[{"name":"wp","href":"https:\/\/api.w.org\/{rel}","templated":true}]}}