{"id":56,"date":"2015-06-16T13:44:07","date_gmt":"2015-06-16T11:44:07","guid":{"rendered":"http:\/\/members.loria.fr\/thierrygartiser\/?page_id=56"},"modified":"2016-12-02T12:34:21","modified_gmt":"2016-12-02T10:34:21","slug":"accueil","status":"publish","type":"page","link":"https:\/\/members.loria.fr\/PUrso\/","title":{"rendered":"Pascal URSO"},"content":{"rendered":"<p>Assistant professor at <a href=\"http:\/\/www.univ-lorraine.fr\/\">Universit\u00e9 de Lorraine<\/a><\/p>\n<p>Conducting research in <a href=\"https:\/\/team.inria.fr\/coast\/\">COAST Team<\/a>, <a href=\"http:\/\/www.loria.fr\/\">Loria<\/a> \/ <a href=\"https:\/\/www.inria.fr\/\">Inria<\/a> Nancy Grand Est<\/p>\n<p>Teaching in <a href=\"http:\/\/info-fst.dep.univ-lorraine.fr\/\">D\u00e9partement Informatique<\/a>, <a href=\"http:\/\/fst.univ-lorraine.fr\/\">Facult\u00e9 de Sciences et Techniques<\/a><\/p>\n<p><strong>Research Interest<\/strong><\/p>\n<p>My research focus on algorithmic aspects of eventual consistency\u00a0especially for collaborative systems<\/p>\n<ul>\n<li>Distributed systems, replicated data management, optimistic replication<\/li>\n<li>Computer supported collaborative work, group\u00a0editing<\/li>\n<li>Algorithms, automated theorem proving, probabilities<\/li>\n<\/ul>\n<p><strong>Biography<\/strong><\/p>\n<p>Pascal Urso obtained his MS in computer science (1998) and his PhD in computer science (2002) from Universit\u00e9 de Nice &#8211; Sophia Antipolis. He was a post-doctoral fellow in Universit\u00e9 de Namur (2003-2004). Since 2004, he is assistant professor at Universit\u00e9 de Lorraine.<\/p>\n","protected":false},"excerpt":{"rendered":"<p>Assistant professor at <a href=\"http:\/\/www.univ-lorraine.fr\/\">Universit\u00e9 de Lorraine<\/a><\/p>\n<p>Conducting research in <a href=\"https:\/\/team.inria.fr\/coast\/\">COAST Team<\/a>, <a href=\"http:\/\/www.loria.fr\/\">Loria<\/a> \/ <a href=\"https:\/\/www.inria.fr\/\">Inria<\/a> Nancy Grand Est<\/p>\n<p>Teaching in <a href=\"http:\/\/info-fst.dep.univ-lorraine.fr\/\">D\u00e9partement Informatique<\/a>, <a href=\"http:\/\/fst.univ-lorraine.fr\/\">Facult\u00e9 de Sciences et Techniques<\/a><\/p>\n<p>Research Interest<\/p>\n<p>My research focus on algorithmic aspects of eventual consistency\u00a0especially for collaborative systems<\/p>\n<ul>\n<li>Distributed systems, replicated data management, optimistic replication<\/li>\n<li>Computer supported collaborative work, group\u00a0editing<\/li>\n<li>Algorithms, automated theorem proving, probabilities<\/li>\n<\/ul>\n<p>Biography<\/p>\n<p>Pascal Urso obtained his MS in computer science (1998) and his PhD in computer science (2002) from Universit\u00e9 de Nice &#8211;<\/p>\n","protected":false},"author":5,"featured_media":0,"parent":0,"menu_order":0,"comment_status":"closed","ping_status":"closed","template":"","meta":{"footnotes":""},"class_list":["post-56","page","type-page","status-publish","hentry"],"_links":{"self":[{"href":"https:\/\/members.loria.fr\/PUrso\/wp-json\/wp\/v2\/pages\/56","targetHints":{"allow":["GET"]}}],"collection":[{"href":"https:\/\/members.loria.fr\/PUrso\/wp-json\/wp\/v2\/pages"}],"about":[{"href":"https:\/\/members.loria.fr\/PUrso\/wp-json\/wp\/v2\/types\/page"}],"author":[{"embeddable":true,"href":"https:\/\/members.loria.fr\/PUrso\/wp-json\/wp\/v2\/users\/5"}],"replies":[{"embeddable":true,"href":"https:\/\/members.loria.fr\/PUrso\/wp-json\/wp\/v2\/comments?post=56"}],"version-history":[{"count":21,"href":"https:\/\/members.loria.fr\/PUrso\/wp-json\/wp\/v2\/pages\/56\/revisions"}],"predecessor-version":[{"id":299,"href":"https:\/\/members.loria.fr\/PUrso\/wp-json\/wp\/v2\/pages\/56\/revisions\/299"}],"wp:attachment":[{"href":"https:\/\/members.loria.fr\/PUrso\/wp-json\/wp\/v2\/media?parent=56"}],"curies":[{"name":"wp","href":"https:\/\/api.w.org\/{rel}","templated":true}]}}