{"id":1100,"date":"2023-05-10T14:12:54","date_gmt":"2023-05-10T12:12:54","guid":{"rendered":"https:\/\/members.loria.fr\/SAridhi\/?page_id=1100"},"modified":"2023-05-10T14:18:28","modified_gmt":"2023-05-10T12:18:28","slug":"phd-offers-loria-libio","status":"publish","type":"page","link":"https:\/\/members.loria.fr\/SAridhi\/phd-offers-loria-libio\/","title":{"rendered":"PhD Offer-LORIA-LIBIO"},"content":{"rendered":"<p style=\"text-align: center\"><b>Title of the thesis :<\/b><b> Machine learning and graph-based techniques to predict long-term bacterial community structure<\/b><\/p>\n<p>&nbsp;<\/p>\n<p><b>Location:<\/b> Lorraine Research Laboratory in Computer Science and its Applications <b>(<\/b>LORIA), Nancy, France<\/p>\n<p>&nbsp;<\/p>\n<p><b>Project-team:<\/b> CAPSID and ORPAILLEUR, LORIA<\/p>\n<p>We propose a fully funded 3-years PhD position in computer science with application to biomolecule analysis. The proposed position is funded by the Lorraine Universit\u00e9 d&rsquo;Excellence (LUE) through a multidisciplinary project that involves 2 researchers in computer science and 4 researchers in microbiology. A PhD thesis in microbiology will be conducted in parallel.<\/p>\n<p><b>Context and motivations<\/b><\/p>\n<p>Bacteriocins are antimicrobial peptides of bacterial origin with a very high economic potential in the agri-food sector. They are used in biopreservation\/biocontrol applications to fight against undesirable microorganisms in the agronomy and food industry. LIBio has recently developed a technology based on the selection of two strains of the lactic acid bacterium <i>Carnobacterium maltaromaticum<\/i> producing anti-<i>Listeria monocytogenes<\/i> bacteriocins <b>[9]<\/b>. These strains inhibit the growth of this pathogen in cheeses when added to the manufacturing milk to produce the antimicrobial agents in the cheese matrix. These remarkable properties have led to a patent <b>[10]<\/b> that has very recently been licensed to a ferment producer. However, like the vast majority of biopreservation technologies, the effect is at best bacteriostatic: there is little or no decay of the pathogenic bacteria, which can then be maintained at low concentrations in the food. The biopreservation technologies described in the literature are based on engineering approaches that do not take advantage of the properties of the microbial communities forming the microbiomes of food products. Yet microbiome engineering is among the 12 promising technologies that could transform food systems over the next decade <b>[11]<\/b>. Indeed, in the case of biopreservation, assemblies of microorganisms could allow obtaining communities producing multiple antimicrobial agents and moreover being able to occupy the ecological niche of the undesirable microorganism to exclude it more efficiently. However, knowledge in the field of microbial community engineering is insufficient to fully exploit their potential. Indeed, due to the complexity of microbial communities, there is no available method to predict microbial community structure based on the knowledge of the ecological properties of microorganisms. Moreover, assembling microorganisms whose properties is to produce antimicrobial agents is a major difficulty because these agents can lead to the mutual exclusion of the microorganisms producing them.<\/p>\n<p><b>Positioning<\/b><\/p>\n<p>In a microbial ecosystem in which members produce antimicrobial substances like bacteriocins, three actors can be considered: the bacteriocin-producing microorganism (P) and the microorganisms sensitive (S) and resistant (R) to this bacteriocin. It was experimentally shown that in simple ecosystems mixing three such actors, all three actors are able to maintain equilibrium <b>[12]<\/b>. In these systems, S is more competitive than R because it does not pay the cost of resistance, and R is more competitive than P because it does not pay the cost of bacteriocin production. This cyclical relationship between P, S, and R is similar to that of the popular game \u00ab\u00a0rock paper scissors\u00a0\u00bb where no one player has an advantage over the other two: each player can overtake one player and each can be defeated by another. These simple experimental systems suggest that it is possible to implement engineering tools to predict the structure of complex communities based on the interactive properties of microorganisms. Thanks to the emergence of high throughput investigation methods, it is now possible to produce interaction data between large sets of microorganisms and thus reconstitute models of microorganism interaction networks. <b>[6]<\/b> <b>[7]<\/b> Lately, Ramia et al. <b>[4] [5]<\/b> built the interaction network corresponding to 73 <b><i>Carnobacterium maltaromaticum<\/i><\/b> strains. Like previously, the graph is sender-determined and also shows a highly nested structure <b>[7]<\/b>, which means that it is different from a randomly built network with the same number of nodes and edges. The results also show that the competitive interaction network is very dense making <i>C. maltaromaticum <\/i>a very interesting model to develop community engineering approaches producing high performance antimicrobial substances cocktails for the fight against undesirable microorganisms. This project will use the data published in Ramia et al. <b>[5]<\/b> and will try to provide a rather computer science approach to the study of those <b>interaction graph properties<\/b>.<\/p>\n<p>The <b>originality of this project<\/b> is that it will make it possible to integrate experimental variables describing the properties of interaction between microorganisms for the prediction of community structure which is not possible by existing methods.<\/p>\n<p><b>Objectives of the thesis<\/b><\/p>\n<p><b>The main goal of the thesis is to use advanced machine learning and graph-based approaches in order to predict the long-term community structure in microbiological ecosystems<\/b> <b>[3] [1]<\/b>. Particularly, it aims at providing approaches to deduce diversity directly from the static, inner properties of the interaction graph the entities are involved in. The practical objectives of this <b>interdisciplinary PhD project<\/b>, which will be carried out in collaboration with researchers from the Laboratoire d&rsquo;Ing\u00e9nierie des Biomol\u00e9cules (<b>LIBio)<\/b>, are as follows:<\/p>\n<ol>\n<li>to study existing research works on the analysis of interaction networks and long-term diversity prediction in bacteria.<\/li>\n<li>to propose machine learning and graph-based approaches in order to learn models that are able to predict diversity based on the interaction graphs. In this context, regression methods could be used to learn the relation between the interaction graph properties and the diversity.<\/li>\n<li>to study how graph embedding could help in predicting the level of development for each strain. In this context, we aim to study the impact of graph embedding methods on the prediction results. A specific embedding method could be proposed in the context of this project.<\/li>\n<\/ol>\n<p>&nbsp;<\/p>\n<p><b>Skills and profile:<\/b><\/p>\n<p><b>\u00a0<\/b><\/p>\n<p><b>Required qualification: <\/b>Candidates must have a master degree in computer science. Good programming skills in a procedural language are essential. Experience of machine learning and graph mining is also desirable but not essential. A strong interest in bioinformatics would also be highly desirable.<\/p>\n<p>&nbsp;<\/p>\n<p><b>Application deadline: <\/b>June 10, 2023<\/p>\n<p><b>Additional information:<\/b><b>\u00a0<\/b><\/p>\n<ul>\n<li><b>Supervision and contact:\u00a0<\/b><\/li>\n<\/ul>\n<ul>\n<li style=\"list-style-type: none\">\n<ul>\n<li>Yannick Toussaint, LORIA,\u00a0 <a href=\"mailto:yannick.toussaint@loria.fr\">yannick.toussaint@loria.fr<\/a><\/li>\n<li>Sabeur Aridhi, LORIA,\u00a0 <a href=\"mailto:sabeur.aridhi@loria.fr\">sabeur.aridhi@loria.fr<\/a><\/li>\n<li>C\u00e9cile Mangavel, <a href=\"mailto:cecile.mangavel@univ-lorraine.fr\">cecile.mangavel@univ-lorraine.fr<\/a><\/li>\n<\/ul>\n<\/li>\n<\/ul>\n<ul>\n<li><b>Duration: <\/b>3 years<\/li>\n<\/ul>\n<ul>\n<li><b>Starting date: <\/b>between Sept. 1st 2023 and Dec. 1st 2023<b> \u00a0<\/b><b><i><br \/>\n<\/i><\/b><\/li>\n<\/ul>\n<p><b>The required documents for applying are the following :<\/b><\/p>\n<p>&#8211; CV;<\/p>\n<p>&#8211; a motivation letter;<\/p>\n<p>&#8211; your degree certificates and transcripts for Bachelor and Master (or the last 5 years if not applicable).<\/p>\n<p>&#8211; Master thesis (or equivalent) if it is already completed, or a description of the work in progress, otherwise;<\/p>\n<p>&#8211; all your publications, if any (it is not expected that you have any).<\/p>\n<p>&#8211; At least one recommendation letter from the person who supervises(d) your Master thesis (or research project or internship); you can also send at most two other recommendation letters. The recommendation letter(s) should be sent directly by their author to the prospective PhD advisor.<\/p>\n<p>All the documents should be sent in at most 2 pdf files; one file should contain the publications, if any, the other file should contain all the other documents. These two files should be sent to:<\/p>\n<ul>\n<li>Yannick Toussaint, LORIA, <a href=\"mailto:yannick.toussaint@loria.fr\">yannick.toussaint@loria.fr<\/a><\/li>\n<li>Sabeur Aridhi, LORIA, <a href=\"mailto:sabeur.aridhi@loria.fr\">sabeur.aridhi@loria.fr<\/a><\/li>\n<li>C\u00e9cile Mangavel, <a href=\"mailto:cecile.mangavel@univ-lorraine.fr\">cecile.mangavel@univ-lorraine.fr<\/a><\/li>\n<\/ul>\n<p><b>References<\/b><\/p>\n<p><b>[1]<\/b> Sabeur Aridhi and Engelbert Mephu Nguifo. Big graph mining: Frameworks and techniques. <i>BigData Res<\/i>., 6:1\u201310, 2016.<\/p>\n<p><b>[2]<\/b> Tristan Durey, Sabeur Aridhi, Fr\u00e9d\u00e9ric Borges, and Yannick Toussaint. Competition by interference: network analysis and simulations. <i>preprint<\/i>, <i>under<\/i> <i>submission<\/i>, 2023.<\/p>\n<p><b>[3]<\/b> Ian Goodfellow, Yoshua Bengio, and Aaron Courville. Deep Learning. MIT Press, 2016. http:\/\/www.deeplearningbook.org.<\/p>\n<p><b>[4]<\/b> Nancy Ramia. Comp\u00e9tition par interf\u00e9rence et diversit\u00e9 g\u00e9n\u00e9tique \u00e0 l\u2019\u00e9chelle intrasp\u00e9cifique chez la bact\u00e9rie lactique Carnobacterium maltaromaticum. PhD thesis, Universit\u00e9 de Lorraine and Libanese University, 2018.<\/p>\n<p><b>[5]<\/b> Nancy Ramia, C\u00e9cile Mangavel, Claire Gaiani, Aur\u00e9lie Muller-Gueudin, Samir Taha, Anne-Marie Revol-Junelles, and Fr\u00e9d\u00e9ric Borges. Nested structure of intraspecific competition network incarnobacterium maltaromaticum. <i>Nature<\/i>, 2020.<\/p>\n<p><b>[6]<\/b> Kalin Vetsigian, Rishi Jajoo, and Roy Kishony. Structure and evolution of streptomyces interaction networks in soil and in silico. <i>PLOS Biology<\/i>, 2011.<\/p>\n<p><b>[7]<\/b> Eneas Aguirre-von-Wobeser and Gloria Sober\u00f3n-Ch\u00e1vez and Luis E. Eguiarte and Gabriel Yaxal Ponce-Soto and Mirna V\u00e1zquez-Rosas-Landa and Valeria Souza. Two-role model of an interaction network offree-living\u03b3-proteobacteria from an oligotrophic environment. <i>Environmental Microbiology<\/i>, 2013.<\/p>\n<p><b>[8] <\/b>Hadia Jalil, Sabeur Aridhi, Fr\u00e9d\u00e9ric Borges, and Yannick Toussaint. Predicting long-term diversity in bacteria populations by graph-based machine learning approaches. <i>preprint<\/i>, <i>under<\/i> <i>submission<\/i>, 2023.<\/p>\n<p><b>[9] <\/b>El Kheir Sara M., Cherrat Lamia, Awussi Ahoefa A., Ramia Nancy E., Taha Samir, Rahman Abdur, Passerini Delphine, Leroi Fran\u00e7oise, Petit Jeremy, Mangavel C\u00e9cile, Revol-Junelles Anne-Marie, Borges Fr\u00e9d\u00e9ric. High-Throughput Identification of Candidate Strains for Biopreservation by Using Bioluminescent Listeria monocytogenes. Frontiers in Microbiology, 9, p.1883, 2018.<\/p>\n<p><b>[10] <\/b>Borges Fr\u00e9d\u00e9ric, Revol-Junelles Anne-Marie, Novel Strains of Carnobacterium Maltaromaticum and uses thereof. WO2021078612 (A1). 2021-04-29.<\/p>\n<p><b>[11] <\/b>D\u2019Hondt, K., Kostic, T., McDowell, R. <i>et al.<\/i> Microbiome innovations for a sustainable future. <i>Nat Microbiol<\/i> <b>6, <\/b>138\u2013142 (2021).<\/p>\n<p><b>[12] <\/b>Abrudan MI, Brown S, Rozen DE. Killing as means of promoting biodiversity. Biochem Soc Trans. 2012 Dec 1;40(6):1512-6.<\/p>\n","protected":false},"excerpt":{"rendered":"<p style=\"text-align: center\">Title of the thesis : Machine learning and graph-based techniques to predict long-term bacterial community structure<\/p>\n<p>&nbsp;<\/p>\n<p>Location: Lorraine Research Laboratory in Computer Science and its Applications (LORIA), Nancy, France<\/p>\n<p>&nbsp;<\/p>\n<p>Project-team: CAPSID and ORPAILLEUR, LORIA<\/p>\n<p>We propose a fully funded 3-years PhD position in computer science with application to biomolecule analysis. The proposed position is funded by the Lorraine Universit\u00e9 d&rsquo;Excellence (LUE) through a multidisciplinary project that involves 2 researchers in computer science and 4 researchers in microbiology. A PhD thesis in microbiology will be conducted in parallel.<\/p>\n<p>Context and motivations<\/p>\n<p>Bacteriocins are antimicrobial peptides of bacterial origin with a very high economic potential in the agri-food sector.<\/p>\n","protected":false},"author":108,"featured_media":0,"parent":0,"menu_order":0,"comment_status":"closed","ping_status":"closed","template":"","meta":{"footnotes":""},"class_list":["post-1100","page","type-page","status-publish","hentry"],"_links":{"self":[{"href":"https:\/\/members.loria.fr\/SAridhi\/wp-json\/wp\/v2\/pages\/1100","targetHints":{"allow":["GET"]}}],"collection":[{"href":"https:\/\/members.loria.fr\/SAridhi\/wp-json\/wp\/v2\/pages"}],"about":[{"href":"https:\/\/members.loria.fr\/SAridhi\/wp-json\/wp\/v2\/types\/page"}],"author":[{"embeddable":true,"href":"https:\/\/members.loria.fr\/SAridhi\/wp-json\/wp\/v2\/users\/108"}],"replies":[{"embeddable":true,"href":"https:\/\/members.loria.fr\/SAridhi\/wp-json\/wp\/v2\/comments?post=1100"}],"version-history":[{"count":2,"href":"https:\/\/members.loria.fr\/SAridhi\/wp-json\/wp\/v2\/pages\/1100\/revisions"}],"predecessor-version":[{"id":1105,"href":"https:\/\/members.loria.fr\/SAridhi\/wp-json\/wp\/v2\/pages\/1100\/revisions\/1105"}],"wp:attachment":[{"href":"https:\/\/members.loria.fr\/SAridhi\/wp-json\/wp\/v2\/media?parent=1100"}],"curies":[{"name":"wp","href":"https:\/\/api.w.org\/{rel}","templated":true}]}}