{"id":1222,"date":"2026-04-23T23:48:13","date_gmt":"2026-04-23T21:48:13","guid":{"rendered":"https:\/\/members.loria.fr\/SAridhi\/?page_id=1222"},"modified":"2026-04-28T14:36:14","modified_gmt":"2026-04-28T12:36:14","slug":"iabook","status":"publish","type":"page","link":"https:\/\/members.loria.fr\/SAridhi\/iabook\/","title":{"rendered":"D\u00e9veloppement frugal des syst\u00e8mes d\u2019information"},"content":{"rendered":"<h1 data-section-id=\"1k04kca\" data-start=\"0\" data-end=\"51\">D\u00e9veloppement frugal des syst\u00e8mes d\u2019information<\/h1>\n<h2 data-section-id=\"x5nrub\" data-start=\"52\" data-end=\"102\">De l\u2019analyse \u00e0 la r\u00e9alisation en utilisant l\u2019IA<\/h2>\n<p data-start=\"104\" data-end=\"235\"><strong data-start=\"104\" data-end=\"117\">Auteurs :<\/strong><br data-start=\"117\" data-end=\"120\" \/><span class=\"hover:entity-accent entity-underline inline cursor-pointer align-baseline\"><span class=\"whitespace-normal\">Sabeur Aridhi<\/span><\/span>, <span class=\"hover:entity-accent entity-underline inline cursor-pointer align-baseline\"><span class=\"whitespace-normal\">Bilel Zemzem<\/span><\/span>, <span class=\"hover:entity-accent entity-underline inline cursor-pointer align-baseline\"><span class=\"whitespace-normal\">Yassine Mbarek<\/span><\/span><\/p>\n<p data-start=\"104\" data-end=\"235\"><strong data-start=\"104\" data-end=\"117\">\u00c9diteur : <\/strong><span class=\"hover:entity-accent entity-underline inline cursor-pointer align-baseline\"><span class=\"whitespace-normal\">Ellipses<\/span><\/span><\/p>\n<h3 class=\"premium-box\"><strong data-start=\"903\" data-end=\"969\">\u2728 D\u00e9couvrez l\u2019univers du livre \u2014 <a href=\"http:\/\/members.loria.fr\/SAridhi\/wp-content\/blogs.dir\/125\/files\/sites\/125\/2026\/04\/Pre\u0301face_LivreTnancy.pdf\">T\u00e9l\u00e9chargez la pr\u00e9face en PDF<\/a><\/strong><\/h3>\n<p>&nbsp;<\/p>\n<div><\/div>\n<p data-start=\"104\" data-end=\"235\"><a href=\"http:\/\/members.loria.fr\/SAridhi\/wp-content\/blogs.dir\/125\/files\/sites\/125\/2026\/04\/book2026.png\"><img loading=\"lazy\" decoding=\"async\" class=\"wp-image-1226 alignleft\" src=\"http:\/\/members.loria.fr\/SAridhi\/wp-content\/blogs.dir\/125\/files\/sites\/125\/2026\/04\/book2026-300x225.png\" alt=\"\" width=\"695\" height=\"521\" srcset=\"https:\/\/members.loria.fr\/SAridhi\/wp-content\/blogs.dir\/125\/files\/sites\/125\/2026\/04\/book2026-300x225.png 300w, https:\/\/members.loria.fr\/SAridhi\/wp-content\/blogs.dir\/125\/files\/sites\/125\/2026\/04\/book2026-768x576.png 768w, https:\/\/members.loria.fr\/SAridhi\/wp-content\/blogs.dir\/125\/files\/sites\/125\/2026\/04\/book2026.png 1000w\" sizes=\"auto, (max-width: 695px) 100vw, 695px\" \/><\/a><\/p>\n<hr data-start=\"237\" data-end=\"240\" \/>\n<h2 data-section-id=\"xnjzsn\" data-start=\"242\" data-end=\"335\">Un ouvrage au croisement de l\u2019innovation, de la sobri\u00e9t\u00e9 et de l\u2019intelligence artificielle<\/h2>\n<p data-start=\"337\" data-end=\"726\">Dans un contexte o\u00f9 les organisations doivent concevoir des solutions num\u00e9riques performantes avec des ressources limit\u00e9es, le d\u00e9veloppement frugal s\u2019impose comme une approche strat\u00e9gique et durable. Cet ouvrage propose une m\u00e9thode compl\u00e8te pour concevoir, d\u00e9velopper et d\u00e9ployer des syst\u00e8mes d\u2019information efficaces, simples, \u00e9conomiques et centr\u00e9s sur les besoins r\u00e9els des utilisateurs.<\/p>\n<p data-start=\"728\" data-end=\"1071\">De l\u2019analyse des besoins jusqu\u2019\u00e0 la r\u00e9alisation technique, les auteurs montrent comment tirer parti des principes de frugalit\u00e9 tout en int\u00e9grant les opportunit\u00e9s offertes par l\u2019intelligence artificielle. L\u2019objectif est de produire plus de valeur avec moins de complexit\u00e9, moins de co\u00fbts et une meilleure utilisation des ressources disponibles.<\/p>\n<hr data-start=\"1073\" data-end=\"1076\" \/>\n<h2 data-section-id=\"bxbm3m\" data-start=\"1078\" data-end=\"1100\">Pourquoi ce livre ?<\/h2>\n<p data-start=\"1102\" data-end=\"1249\">Ce livre a \u00e9t\u00e9 con\u00e7u pour r\u00e9pondre aux besoins croissants des \u00e9tudiants, enseignants, ing\u00e9nieurs et professionnels confront\u00e9s aux enjeux suivants :<\/p>\n<ul data-start=\"1251\" data-end=\"1630\">\n<li data-section-id=\"yxolkd\" data-start=\"1251\" data-end=\"1323\">Concevoir des syst\u00e8mes d\u2019information adapt\u00e9s aux contraintes r\u00e9elles<\/li>\n<li data-section-id=\"yulp1s\" data-start=\"1324\" data-end=\"1380\">R\u00e9duire les co\u00fbts de d\u00e9veloppement et de maintenance<\/li>\n<li data-section-id=\"kgirp6\" data-start=\"1381\" data-end=\"1425\">Simplifier les architectures logicielles<\/li>\n<li data-section-id=\"l2q9md\" data-start=\"1426\" data-end=\"1496\">Utiliser l\u2019IA pour acc\u00e9l\u00e9rer la conception et la prise de d\u00e9cision<\/li>\n<li data-section-id=\"1u1dt1u\" data-start=\"1497\" data-end=\"1558\">D\u00e9velopper des solutions durables, robustes et \u00e9volutives<\/li>\n<li data-section-id=\"1pqgwwt\" data-start=\"1559\" data-end=\"1630\">Favoriser l\u2019innovation utile plut\u00f4t que la surench\u00e8re technologique<\/li>\n<\/ul>\n<hr data-start=\"1632\" data-end=\"1635\" \/>\n<h2 data-section-id=\"1m5n1s8\" data-start=\"1637\" data-end=\"1667\">Ce que vous allez d\u00e9couvrir<\/h2>\n<p data-start=\"1669\" data-end=\"1748\">\u00c0 travers une d\u00e9marche p\u00e9dagogique et progressive, l\u2019ouvrage aborde notamment :<\/p>\n<ul data-start=\"1750\" data-end=\"2155\">\n<li data-section-id=\"zzuon9\" data-start=\"1750\" data-end=\"1792\">Les fondements du d\u00e9veloppement frugal<\/li>\n<li data-section-id=\"d6ny8j\" data-start=\"1793\" data-end=\"1834\">L\u2019analyse des besoins orient\u00e9e valeur<\/li>\n<li data-section-id=\"p3gt7k\" data-start=\"1835\" data-end=\"1889\">La mod\u00e9lisation sobre des donn\u00e9es et des processus<\/li>\n<li data-section-id=\"1ei4i7m\" data-start=\"1890\" data-end=\"1935\">Les architectures logicielles simplifi\u00e9es<\/li>\n<li data-section-id=\"9vr3tb\" data-start=\"1936\" data-end=\"1994\">L\u2019int\u00e9gration raisonn\u00e9e de l\u2019intelligence artificielle<\/li>\n<li data-section-id=\"3wehj9\" data-start=\"1995\" data-end=\"2052\">L\u2019optimisation des ressources mat\u00e9rielles et humaines<\/li>\n<li data-section-id=\"23xien\" data-start=\"2053\" data-end=\"2095\">Des \u00e9tudes de cas et exemples concrets<\/li>\n<li data-section-id=\"cqaf1b\" data-start=\"2096\" data-end=\"2155\">Des outils pratiques pour passer de l\u2019id\u00e9e au prototype<\/li>\n<\/ul>\n<hr data-start=\"2157\" data-end=\"2160\" \/>\n<h2 data-section-id=\"101eryt\" data-start=\"2162\" data-end=\"2180\">Public concern\u00e9<\/h2>\n<p data-start=\"2182\" data-end=\"2207\">Cet ouvrage s\u2019adresse \u00e0 :<\/p>\n<ul data-start=\"2209\" data-end=\"2503\">\n<li data-section-id=\"uxkgi0\" data-start=\"2209\" data-end=\"2249\">\u00c9tudiants de Licence en informatique<\/li>\n<li data-section-id=\"12baurc\" data-start=\"2250\" data-end=\"2273\">\u00c9tudiants de Master<\/li>\n<li data-section-id=\"11rxih1\" data-start=\"2274\" data-end=\"2306\">\u00c9l\u00e8ves d\u2019\u00e9coles d\u2019ing\u00e9nieurs<\/li>\n<li data-section-id=\"1wlv7pg\" data-start=\"2307\" data-end=\"2364\">Enseignants en informatique et syst\u00e8mes d\u2019information<\/li>\n<li data-section-id=\"1fvm6ip\" data-start=\"2365\" data-end=\"2396\">Chefs de projets num\u00e9riques<\/li>\n<li data-section-id=\"14ak9u1\" data-start=\"2397\" data-end=\"2438\">D\u00e9veloppeurs et architectes logiciels<\/li>\n<li data-section-id=\"1qxelz1\" data-start=\"2439\" data-end=\"2503\">Professionnels du num\u00e9rique et de la transformation digitale<\/li>\n<\/ul>\n<hr data-start=\"2505\" data-end=\"2508\" \/>\n<h2 data-section-id=\"1bj8bon\" data-start=\"2510\" data-end=\"2533\">\u00c0 propos des auteurs<\/h2>\n<h3 data-section-id=\"mahxp7\" data-start=\"2535\" data-end=\"2576\"><span class=\"hover:entity-accent entity-underline inline cursor-pointer align-baseline\"><span class=\"whitespace-normal\">Sabeur Aridhi<\/span><\/span><\/h3>\n<p data-start=\"2577\" data-end=\"2892\">Ma\u00eetre de conf\u00e9rences HDR \u00e0 <span class=\"hover:entity-accent entity-underline inline cursor-pointer align-baseline\"><span class=\"whitespace-normal\">Universit\u00e9 de Lorraine<\/span><\/span>, membre du <span class=\"hover:entity-accent entity-underline inline cursor-pointer align-baseline\"><span class=\"whitespace-normal\">LORIA<\/span><\/span> et d\u2019<span class=\"hover:entity-accent entity-underline inline cursor-pointer align-baseline\"><span class=\"whitespace-normal\">Inria<\/span><\/span>. Sp\u00e9cialiste des bases de donn\u00e9es, du Big Data, du NoSQL et de la science des donn\u00e9es. Auteur de plusieurs ouvrages et enseignant en France et au Luxembourg.<\/p>\n<h3 data-section-id=\"1722ogr\" data-start=\"2894\" data-end=\"2935\"><span class=\"hover:entity-accent entity-underline inline cursor-pointer align-baseline\"><span class=\"whitespace-normal\">Bilel Zemzem<\/span><\/span><\/h3>\n<p data-start=\"2936\" data-end=\"3114\">Ma\u00eetre technologue \u00e0 l\u2019<span class=\"hover:entity-accent entity-underline inline cursor-pointer align-baseline\"><span class=\"whitespace-normal\">Institut Sup\u00e9rieur des \u00c9tudes Technologiques de Bizerte<\/span><\/span>. Enseigne les bases de donn\u00e9es, l\u2019intelligence artificielle, la BI, la mod\u00e9lisation Big Data et la gestion de projet.<\/p>\n<h3 data-section-id=\"1tfz7a3\" data-start=\"3116\" data-end=\"3157\"><span class=\"hover:entity-accent entity-underline inline cursor-pointer align-baseline\"><span class=\"whitespace-normal\">Yassine Mbarek<\/span><\/span><\/h3>\n<p data-start=\"3158\" data-end=\"3310\">Ma\u00eetre technologue \u00e0 l\u2019<span class=\"hover:entity-accent entity-underline inline cursor-pointer align-baseline\"><span class=\"whitespace-normal\">Institut Sup\u00e9rieur des \u00c9tudes Technologiques de Jendouba<\/span><\/span>. Expert en bases de donn\u00e9es, d\u00e9veloppement web, frameworks, mobile et gestion de projets.<\/p>\n<hr data-start=\"3312\" data-end=\"3315\" \/>\n<h2 data-section-id=\"75x7ec\" data-start=\"3317\" data-end=\"3363\">Un livre ancr\u00e9 dans l\u2019exp\u00e9rience du terrain<\/h2>\n<p data-start=\"3365\" data-end=\"3632\">Les auteurs cumulent plusieurs ann\u00e9es d\u2019enseignement, de recherche et d\u2019accompagnement de projets acad\u00e9miques et professionnels. Leur exp\u00e9rience aupr\u00e8s de centaines d\u2019\u00e9tudiants et d\u2019organisations nourrit un ouvrage \u00e0 la fois rigoureux, concret et imm\u00e9diatement utile.<\/p>\n<hr data-start=\"4064\" data-end=\"4067\" \/>\n<h2 data-section-id=\"w3dten\" data-start=\"4069\" data-end=\"4096\">Disponible prochainement<\/h2>\n<p data-start=\"4098\" data-end=\"4244\" data-is-last-node=\"\" data-is-only-node=\"\">Un ouvrage de r\u00e9f\u00e9rence pour repenser la conception des syst\u00e8mes d\u2019information \u00e0 l\u2019\u00e8re de la sobri\u00e9t\u00e9 num\u00e9rique et de l\u2019intelligence artificielle.<\/p>\n","protected":false},"excerpt":{"rendered":"<p>D\u00e9veloppement frugal des syst\u00e8mes d\u2019information<br \/>\nDe l\u2019analyse \u00e0 la r\u00e9alisation en utilisant l\u2019IA<\/p>\n<p data-start=\"104\" data-end=\"235\">Auteurs :<br data-start=\"117\" data-end=\"120\" \/>Sabeur Aridhi, Bilel Zemzem, Yassine Mbarek<\/p>\n<p data-start=\"104\" data-end=\"235\">\u00c9diteur : Ellipses<\/p>\n<p>\u2728 D\u00e9couvrez l\u2019univers du livre \u2014 <a href=\"http:\/\/members.loria.fr\/SAridhi\/wp-content\/blogs.dir\/125\/files\/sites\/125\/2026\/04\/Pre\u0301face_LivreTnancy.pdf\">T\u00e9l\u00e9chargez la pr\u00e9face en PDF<\/a><\/p>\n<p>&nbsp;<\/p>\n<p data-start=\"104\" data-end=\"235\"><a href=\"http:\/\/members.loria.fr\/SAridhi\/wp-content\/blogs.dir\/125\/files\/sites\/125\/2026\/04\/book2026.png\"><img loading=\"lazy\" decoding=\"async\" class=\"wp-image-1226 alignleft\" src=\"http:\/\/members.loria.fr\/SAridhi\/wp-content\/blogs.dir\/125\/files\/sites\/125\/2026\/04\/book2026-300x225.png\" alt=\"\" width=\"695\" height=\"521\" srcset=\"https:\/\/members.loria.fr\/SAridhi\/wp-content\/blogs.dir\/125\/files\/sites\/125\/2026\/04\/book2026-300x225.png 300w, https:\/\/members.loria.fr\/SAridhi\/wp-content\/blogs.dir\/125\/files\/sites\/125\/2026\/04\/book2026-768x576.png 768w, https:\/\/members.loria.fr\/SAridhi\/wp-content\/blogs.dir\/125\/files\/sites\/125\/2026\/04\/book2026.png 1000w\" sizes=\"auto, (max-width: 695px) 100vw, 695px\" \/><\/a><\/p>\n<p>Un ouvrage au croisement de l\u2019innovation, de la sobri\u00e9t\u00e9 et de l\u2019intelligence artificielle<\/p>\n<p data-start=\"337\" data-end=\"726\">Dans un contexte o\u00f9 les organisations doivent concevoir des solutions num\u00e9riques performantes avec des ressources limit\u00e9es, le d\u00e9veloppement frugal s\u2019impose comme une approche strat\u00e9gique et durable. Cet ouvrage propose une m\u00e9thode compl\u00e8te pour concevoir, d\u00e9velopper et d\u00e9ployer des syst\u00e8mes d\u2019information efficaces,<\/p>\n","protected":false},"author":108,"featured_media":0,"parent":0,"menu_order":0,"comment_status":"closed","ping_status":"closed","template":"page-fullwidth.php","meta":{"footnotes":""},"class_list":["post-1222","page","type-page","status-publish","hentry"],"_links":{"self":[{"href":"https:\/\/members.loria.fr\/SAridhi\/wp-json\/wp\/v2\/pages\/1222","targetHints":{"allow":["GET"]}}],"collection":[{"href":"https:\/\/members.loria.fr\/SAridhi\/wp-json\/wp\/v2\/pages"}],"about":[{"href":"https:\/\/members.loria.fr\/SAridhi\/wp-json\/wp\/v2\/types\/page"}],"author":[{"embeddable":true,"href":"https:\/\/members.loria.fr\/SAridhi\/wp-json\/wp\/v2\/users\/108"}],"replies":[{"embeddable":true,"href":"https:\/\/members.loria.fr\/SAridhi\/wp-json\/wp\/v2\/comments?post=1222"}],"version-history":[{"count":12,"href":"https:\/\/members.loria.fr\/SAridhi\/wp-json\/wp\/v2\/pages\/1222\/revisions"}],"predecessor-version":[{"id":1244,"href":"https:\/\/members.loria.fr\/SAridhi\/wp-json\/wp\/v2\/pages\/1222\/revisions\/1244"}],"wp:attachment":[{"href":"https:\/\/members.loria.fr\/SAridhi\/wp-json\/wp\/v2\/media?parent=1222"}],"curies":[{"name":"wp","href":"https:\/\/api.w.org\/{rel}","templated":true}]}}