{"id":669,"date":"2017-09-27T10:20:06","date_gmt":"2017-09-27T08:20:06","guid":{"rendered":"http:\/\/members.loria.fr\/SAridhi\/?page_id=669"},"modified":"2026-02-23T15:04:08","modified_gmt":"2026-02-23T13:04:08","slug":"projects","status":"publish","type":"page","link":"https:\/\/members.loria.fr\/SAridhi\/projects\/","title":{"rendered":"Projects"},"content":{"rendered":"<h4><span style=\"color: #0000ff\">Current projects<\/span><\/h4>\n<div class=\"page\" title=\"Page 1\">\n<div class=\"layoutArea\">\n<div title=\"Page 18\">\n<div>\n<ul>\n<li><strong>GLIOLIG : Combinaison d\u2019approches IA, de criblage virtuel et d\u2019analyses fonctionnelles de ligands de GPER pour la validation d\u2019une premi\u00e8re th\u00e9rapie cibl\u00e9e des glioblastomes<\/strong>\n<ul>\n<li>\n<div><strong>Coordinator:<\/strong> Helene Dubois-Pot-Schneider<\/div>\n<\/li>\n<li>\n<div><strong>Type:<\/strong> Canc\u00e9rop\u00f4le Est<\/div>\n<\/li>\n<li>\n<div><strong>Period:<\/strong> Dec. 2025-Dec. 2026<\/div>\n<\/li>\n<li><strong>Partners:\u00a0<\/strong>\n<ul>\n<li>Centre de Recherche en Automatique de Nancy (CRAN) (<strong>Coordinateur local<\/strong> : Helene Dubois-Pot-Schneider<\/li>\n<li>Laboratoire de Recherche en Informatique et ses Applications (LORIA) (<strong>Coordinateur local<\/strong> : Sabeur Aridhi)<\/li>\n<li>Laboratoire de Physique et Chimie Th\u00e9oriques (LPCT) (<strong>Coordinateur local<\/strong> : Therese Malliavin)<\/li>\n<\/ul>\n<\/li>\n<\/ul>\n<\/li>\n<li><span dir=\"ltr\" role=\"presentation\"><strong>M<\/strong>achine <strong>L<\/strong>earning and graph-based techniques to pre<\/span><span dir=\"ltr\" role=\"presentation\">dict long-term bacterial <strong>Community<\/strong><strong>Structure (ML4CommunityStructure)<\/strong><\/span>\n<ul>\n<li>\n<div><strong>Coordinator:<\/strong> Sabeur Aridhi<\/div>\n<\/li>\n<li>\n<div><strong>Type:<\/strong> <span dir=\"ltr\" role=\"presentation\">Lorraine Universit\u00e9 d\u2019Excellence (LUE)<\/span><\/div>\n<\/li>\n<li>\n<div><strong>Period:<\/strong> Dec. 2023-Dec. 2026<\/div>\n<\/li>\n<\/ul>\n<\/li>\n<\/ul>\n<ul>\n<li class=\"column\"><strong>RHU I-DEAL<\/strong> : Innovative remote and precision imaging tools for early intervention in Crohn&rsquo;s disease\n<ul>\n<li><strong>IHU Coordinator:<\/strong> <span dir=\"ltr\" role=\"presentation\">Laurent Peryin-Biroulet<\/span><\/li>\n<li><strong>Scientific coordinator at LORIA:<\/strong> Sabeur Aridhi<\/li>\n<li>\n<div><strong>Type:<\/strong> <span dir=\"ltr\" role=\"presentation\">ANR &#8211; Recherche Hospitalo-Universitaire en sant\u00e9 (RHU)<\/span><\/div>\n<\/li>\n<li>\n<div><strong>Period:<\/strong> Dec. 2023-Dec 2028<\/div>\n<\/li>\n<\/ul>\n<\/li>\n<li><span dir=\"ltr\" role=\"presentation\"><strong>IHU INFINY<\/strong> : Institut des maladies inflammatoires chroniques intestinales de<\/span><br role=\"presentation\" \/><span dir=\"ltr\" role=\"presentation\">Nancy<\/span>\n<ul>\n<li><strong>IHU Coordinator:<\/strong> <span dir=\"ltr\" role=\"presentation\">Laurent Peryin-Biroulet<\/span><\/li>\n<li>\n<div><strong>Scientific coordinator at LORIA:<\/strong> Sabeur Aridhi<\/div>\n<\/li>\n<li>\n<div><strong>Type:<\/strong> <span dir=\"ltr\" role=\"presentation\">ANR &#8211; Institut Hospitalo-Universitaire (IHU)<\/span><\/div>\n<\/li>\n<li>\n<div><strong>Period:<\/strong> May 2023-May 2033<\/div>\n<\/li>\n<li><strong>URL:<\/strong> <a href=\"https:\/\/ihu-nancy.org\/\" target=\"_blank\" rel=\"noopener\">https:\/\/ihu-nancy.org\/<\/a><\/li>\n<\/ul>\n<\/li>\n<li class=\"column\"><span dir=\"ltr\" role=\"presentation\"><strong>B4B<\/strong> : Biomolecules 4 Bioeconomy <\/span>\n<ul>\n<li><strong>Coordinator:<\/strong> <span dir=\"ltr\" role=\"presentation\">St\u00e9phane D\u00e9sobry<br \/>\n<\/span><\/li>\n<li>\n<div><strong>Scientific coordinator at LORIA:<\/strong> Sabeur Aridhi and Yannick Toussaint<\/div>\n<\/li>\n<li>\n<div><strong>Type:<\/strong> Chaire industrielle <span dir=\"ltr\" role=\"presentation\">Lorraine Universit\u00e9 d\u2019Excellence (LUE)<\/span><\/div>\n<\/li>\n<li>\n<div><strong>Period:<\/strong> May 2022-May 2032<\/div>\n<\/li>\n<\/ul>\n<\/li>\n<\/ul>\n<\/div>\n<ul>\n<li><span dir=\"ltr\" role=\"presentation\">New Drugs Against Invasive Fungal Infection : From Hits to Optimised Leads<\/span><br role=\"presentation\" \/><span dir=\"ltr\" role=\"presentation\">Through Machine Learning\u00a0<\/span>\n<ul>\n<li>\n<div><strong>Coordinator:<\/strong> Malika Smail-Tabbone<\/div>\n<\/li>\n<li>\n<div><strong>Type:<\/strong> COFECUB CAPES<\/div>\n<\/li>\n<li>\n<div><strong>Period:<\/strong> Jan. 2023-Jan. 2026<\/div>\n<\/li>\n<\/ul>\n<\/li>\n<\/ul>\n<h4><span style=\"color: #0000ff\">Past projects<\/span><\/h4>\n<div>\n<ul>\n<li>Analyzing big data with <strong>TEMPO<\/strong>ral <strong>GRAPHS<\/strong> and machine learning (<a href=\"http:\/\/tempographs.loria.fr\/\"><strong>TEMPOGRAPHS<\/strong><\/a>)\n<ul>\n<li>\n<div><strong>Coordinator:<\/strong> Sabeur Aridhi<\/div>\n<\/li>\n<li>\n<div><strong>Type:<\/strong> PRC CNRS-INRIA\/FAPs<\/div>\n<\/li>\n<li>\n<div><strong>Period:<\/strong> Mar. 2018-Feb. 2021<\/div>\n<\/li>\n<li><strong>URL:<\/strong> <a href=\"http:\/\/tempographs.loria.fr\/\" target=\"_blank\" rel=\"noopener\">http:\/\/tempographs.loria.fr\/<\/a><\/li>\n<\/ul>\n<\/li>\n<li><strong>Fight<\/strong> <strong>H<\/strong>eart <strong>F<\/strong>ailure (FightHF)\n<ul>\n<li>\n<div><strong>Coordinator:<\/strong> Patrick Rossignol, Univ Lorraine (<strong>FHU-Cartage<\/strong>)<\/div>\n<\/li>\n<li>\n<div><strong>Type:<\/strong> French National Agency for Research (ANR)<\/div>\n<\/li>\n<li>\n<div><strong>Period:<\/strong> 2015-2019<\/div>\n<\/li>\n<li><strong><strong>Description: <\/strong><\/strong>This \u00ab\u00a0Investissements d\u2019Avenirs\u00a0\u00bb project aims to discover novel mechanisms for heart failure and to propose decision support for precision medicine. The project has been granted 9M, and involves many participants from Nancy University Hospital\u2019s Federation \u201cCARTAGE\u201d (<a href=\"http:\/\/www.fhu-cartage.com\/\">http:\/\/www.fhu-cartage.com\/<\/a>).<\/li>\n<\/ul>\n<\/li>\n<\/ul>\n<\/div>\n<\/div>\n<ul>\n<li><strong>L<\/strong>arge-<strong>S<\/strong>cale <strong>T<\/strong>ime Dependent <strong>G<\/strong>raphs (<strong><a href=\"http:\/\/projets.isima.fr\/lstg\/?setlang=en\" target=\"_blank\" rel=\"noopener\">LSTG)<\/a><\/strong>\n<ul>\n<li>\n<div><strong>Coordinator:<\/strong> Engelbert Mephu Nguifo<\/div>\n<\/li>\n<li>\n<div><strong>Type:<\/strong> France-Brazil Cooperation Project, PRC CNRS-FAPs<\/div>\n<\/li>\n<li>\n<div><strong>Period:<\/strong> Jan. 2016-Dec. 2018<\/div>\n<\/li>\n<li>\n<div><strong>URL:<\/strong> <a href=\"http:\/\/projets.isima.fr\/lstg\/\" target=\"_blank\" rel=\"noopener\">http:\/\/projets.isima.fr\/lstg\/<\/a><\/div>\n<\/li>\n<\/ul>\n<\/li>\n<\/ul>\n<ul>\n<li><strong>L<\/strong>arge <strong>E<\/strong>volving <strong>G<\/strong>raphs (<strong><a href=\"http:\/\/leg.isima.fr\/\" target=\"_blank\" rel=\"noopener\">LEG)<\/a><\/strong>\n<ul>\n<li>\n<div><strong>Coordinator:<\/strong> Engelbert Mephu Nguifo<\/div>\n<\/li>\n<li>\n<div><strong>Type:<\/strong> CNRS PEPS Blanc INS2I 2017<\/div>\n<\/li>\n<li>\n<div><strong>Period:<\/strong> Dec. 2016-Dec. 2018<\/div>\n<\/li>\n<li>\n<div><strong>URL:<\/strong> <a href=\"http:\/\/leg.isima.fr\/\" target=\"_blank\" rel=\"noopener\">http:\/\/leg.isima.fr\/<\/a><\/div>\n<\/li>\n<\/ul>\n<\/li>\n<\/ul>\n<ul>\n<li class=\"column\"><a href=\"http:\/\/home.isima.fr\/irrb\/\" target=\"_blank\" rel=\"noopener\">IRRB<\/a> <strong>I<\/strong>onizing-<strong>R<\/strong>adiation-<strong>R<\/strong>esistant <strong>B<\/strong>acteria, French-Tunisian CNRS-DGRST PICS program (2011-2013)<\/li>\n<li class=\"column\"><a href=\"http:\/\/com.isima.fr\/PREFON_META\" target=\"_blank\" rel=\"noopener\">PREFON-META<\/a> <strong>PRE<\/strong>diction des domaines <strong>FON<\/strong>ctionnels des donn\u00e9es de <strong>META<\/strong>g\u00e9nomique, Auvergne-FEDER project LifeGRID (2009-2011)<\/li>\n<\/ul>\n<\/div>\n<\/div>\n","protected":false},"excerpt":{"rendered":"<p>Current projects<\/p>\n<ul>\n<li>GLIOLIG : Combinaison d\u2019approches IA, de criblage virtuel et d\u2019analyses fonctionnelles de ligands de GPER pour la validation d\u2019une premi\u00e8re th\u00e9rapie cibl\u00e9e des glioblastomes\n<ul>\n<li>\nCoordinator: Helene Dubois-Pot-Schneider\n<\/li>\n<li>\nType: Canc\u00e9rop\u00f4le Est\n<\/li>\n<li>\nPeriod: Dec. 2025-Dec. 2026\n<\/li>\n<li>Partners:\u00a0\n<ul>\n<li>Centre de Recherche en Automatique de Nancy (CRAN) (Coordinateur local : Helene Dubois-Pot-Schneider<\/li>\n<li>Laboratoire de Recherche en Informatique et ses Applications (LORIA) (Coordinateur local : Sabeur Aridhi)<\/li>\n<li>Laboratoire de Physique et Chimie Th\u00e9oriques (LPCT) (Coordinateur local : Therese Malliavin)<\/li>\n<\/ul>\n<\/li>\n<\/ul>\n<\/li>\n<li>Machine Learning and graph-based techniques to predict long-term bacterial CommunityStructure (ML4CommunityStructure)\n<ul>\n<li>\nCoordinator: Sabeur Aridhi\n<\/li>\n<li>\nType: Lorraine Universit\u00e9 d\u2019Excellence (LUE)\n<\/li>\n<li>\nPeriod: Dec.<\/li>\n<\/ul>\n<\/li>\n<\/ul>\n","protected":false},"author":108,"featured_media":0,"parent":0,"menu_order":0,"comment_status":"closed","ping_status":"closed","template":"","meta":{"footnotes":""},"class_list":["post-669","page","type-page","status-publish","hentry"],"_links":{"self":[{"href":"https:\/\/members.loria.fr\/SAridhi\/wp-json\/wp\/v2\/pages\/669","targetHints":{"allow":["GET"]}}],"collection":[{"href":"https:\/\/members.loria.fr\/SAridhi\/wp-json\/wp\/v2\/pages"}],"about":[{"href":"https:\/\/members.loria.fr\/SAridhi\/wp-json\/wp\/v2\/types\/page"}],"author":[{"embeddable":true,"href":"https:\/\/members.loria.fr\/SAridhi\/wp-json\/wp\/v2\/users\/108"}],"replies":[{"embeddable":true,"href":"https:\/\/members.loria.fr\/SAridhi\/wp-json\/wp\/v2\/comments?post=669"}],"version-history":[{"count":35,"href":"https:\/\/members.loria.fr\/SAridhi\/wp-json\/wp\/v2\/pages\/669\/revisions"}],"predecessor-version":[{"id":1215,"href":"https:\/\/members.loria.fr\/SAridhi\/wp-json\/wp\/v2\/pages\/669\/revisions\/1215"}],"wp:attachment":[{"href":"https:\/\/members.loria.fr\/SAridhi\/wp-json\/wp\/v2\/media?parent=669"}],"curies":[{"name":"wp","href":"https:\/\/api.w.org\/{rel}","templated":true}]}}