{"id":713,"date":"2017-10-29T11:43:33","date_gmt":"2017-10-29T09:43:33","guid":{"rendered":"http:\/\/members.loria.fr\/SAridhi\/?page_id=713"},"modified":"2026-02-13T11:13:05","modified_gmt":"2026-02-13T09:13:05","slug":"expertise","status":"publish","type":"page","link":"https:\/\/members.loria.fr\/SAridhi\/research\/expertise\/","title":{"rendered":"Expertise"},"content":{"rendered":"<h4>Organization committees<\/h4>\n<ul>\n<li><a href=\"https:\/\/icde2026.github.io\/workshops.html\" target=\"_blank\" rel=\"noopener\">International workshop \u00ab\u00a0GraphAI for Future Intelligent Systems (GAI4FIS)\u00a0\u00bb<\/a> in conjunction with IEEE International Conference on Data Engineering (ICDE) 2026 (co-chair).<\/li>\n<li><a href=\"https:\/\/project.inria.fr\/sglm\/\" target=\"_blank\" rel=\"noopener\">International workshop on Scalable and Deep Graph Learning and Mining (SGLM)<\/a>. In conjunction with International Joint Conference on Neural Networks conference (IJCNN) 2025 (co-chair)<\/li>\n<li><a href=\"https:\/\/icml-compbio.github.io\/icml-website-2021\/index.html\" target=\"_blank\" rel=\"noopener\">International Workshop on Computational Biology (WCB)<\/a> @ ICML 2021<\/li>\n<li><a href=\"http:\/\/leg-ecmlpkdd19.loria.fr\/\" target=\"_blank\" rel=\"noopener\">Advances in managing and mining Large Evolving Graphs (LEG)<\/a>\u00a0 workshop @ <a href=\"http:\/\/ecmlpkdd2019.org\/\" target=\"_blank\" rel=\"noopener\">ECML-PKDD 2019<\/a> (co-chair)<\/li>\n<li><a href=\"https:\/\/egc2019.sciencesconf.org\/\" target=\"_blank\" rel=\"noopener\">Extraction et Gestion des Connaissances (EGC) 2019<\/a><\/li>\n<li><a href=\"http:\/\/tdlsg-vldb18.isima.fr\" target=\"_blank\" rel=\"noopener\">Advances in mining Large-Scale Time Dependent Graphs (TD-LSG)<\/a>\u00a0 workshop @ <a href=\"http:\/\/vldb2018.lncc.br\/\" target=\"_blank\" rel=\"noopener\">VLDB 2018<\/a> (co-chair)<\/li>\n<li><a href=\"http:\/\/tdlsg-ecmlpkdd17.isima.fr\/\" target=\"_blank\" rel=\"noopener\">Advances in mining Large-Scale Time Dependent Graphs (TD-LSG)<\/a>\u00a0 workshop @ <a href=\"http:\/\/ecmlpkdd2017.ijs.si\/\" target=\"_blank\" rel=\"nofollow noopener\">ECML PKDD 2017<\/a> (co-chair)<\/li>\n<\/ul>\n<h4>Editorial boards<\/h4>\n<ul>\n<li><a href=\"https:\/\/link.springer.com\/journal\/40537\" target=\"_blank\" rel=\"noopener\">Journal of Big Data, Springer<\/a><\/li>\n<\/ul>\n<h4>Program committees<\/h4>\n<ul>\n<li><a href=\"http:\/\/www.kdir.ic3k.org\/\" target=\"_blank\" rel=\"noopener\">International Conference on Knowledge Discovery and Information Retrieval (KDIR)<\/a> 2019<\/li>\n<li><a href=\"https:\/\/sites.google.com\/view\/wcb2018\" target=\"_blank\" rel=\"nofollow noopener\">Joint ICML and IJCAI 2018 Workshop on Computational Biology 2018<\/a><\/li>\n<li>Workshop on <a href=\"https:\/\/tdlsg-vldb18.isima.fr\/\" target=\"_blank\" rel=\"noopener\">Advances in Mining Large-Scale Time Dependent Graphs (TD-LSG)<\/a> @ <a href=\"http:\/\/vldb2018.lncc.br\/\" target=\"_blank\" rel=\"nofollow noopener\">VLDB 2018<\/a><\/li>\n<li><a href=\"http:\/\/www.kdir.ic3k.org\/\" target=\"_blank\" rel=\"noopener\">International Conference on Knowledge Discovery and Information Retrieval (KDIR)<\/a> 2018<\/li>\n<li><a href=\"http:\/\/bioinfo.uqam.ca\/IJCAI_BAI2017\/\" target=\"_blank\" rel=\"nofollow noopener\">Bioinformatics and Artificial Intelligence (BAI)<\/a> workshop @ <a href=\"http:\/\/ijcai-17.org\/\" target=\"_blank\" rel=\"nofollow noopener\">IJCAI 2017<\/a><\/li>\n<li><a href=\"http:\/\/www.kdir.ic3k.org\/\" target=\"_blank\" rel=\"noopener\">International Conference on Knowledge Discovery and Information Retrieval (KDIR)<\/a> 2017<\/li>\n<li><a href=\"http:\/\/tdlsg-ecmlpkdd17.isima.fr\/\" target=\"_blank\" rel=\"noopener\">Large-Scale Time Dependent Graphs (TD-LSG)<\/a>\u00a0 workshop @ <a href=\"http:\/\/ecmlpkdd2017.ijs.si\/\" target=\"_blank\" rel=\"nofollow noopener\">ECML PKDD 2017<\/a><\/li>\n<li><a href=\"http:\/\/isycc.mybluemix.net\/\" target=\"_blank\" rel=\"noopener\">Workshop on IoT Systems Provisioning &amp; Management <span class=\"il\">for<\/span> Context-Aware SmartCities (ISYCC 2017)<\/a><\/li>\n<li><a href=\"http:\/\/www.isima.fr\/cosi\/cosi2016\/index.php\" target=\"_blank\" rel=\"noopener\">Colloque sur l&rsquo;Optimisation et les Syst\u00e8mes d&rsquo;Information (COSI) 2016<\/a><\/li>\n<li><a href=\"http:\/\/www.isima.fr\/cosi\/cosi2015\/index.php\" target=\"_blank\" rel=\"noopener\">Colloque sur l&rsquo;Optimisation et les Syst\u00e8mes d&rsquo;Information (COSI) 2015<\/a><\/li>\n<li>International Conference on Computer Science and its Applications (CIIA) 2015<\/li>\n<\/ul>\n<h4>Reviewing committees<\/h4>\n<ul>\n<li>Journals\n<ul>\n<li><a href=\"http:\/\/www.springer.com\/computer\/journal\/607\" target=\"_blank\" rel=\"noopener\">Computing (COMP)<\/a><\/li>\n<li><a href=\"https:\/\/www.journals.elsevier.com\/pattern-recognition-letters\/\" target=\"_blank\" rel=\"noopener\">Pattern Recognition Letters<\/a><\/li>\n<li><a href=\"https:\/\/www.journals.elsevier.com\/information-sciences\/\" target=\"_blank\" rel=\"noopener\">Information Sciences (INS)<\/a><\/li>\n<li><a href=\"http:\/\/www.cs.uvm.edu\/%7Ekais\/\" target=\"_blank\" rel=\"noopener\">Knowledge And Information Systems (KAIS)<\/a><\/li>\n<li><a href=\"http:\/\/www.journals.elsevier.com\/information-systems\/\" target=\"_blank\" rel=\"noopener\">Information Systems (Inf. Sys.)<\/a><b><br \/>\n<\/b><\/li>\n<li><a href=\"http:\/\/www.worldscientific.com\/worldscinet\/ijprai\" target=\"_blank\" rel=\"noopener\">International Journal of Pattern Recognition and Artificial Intelligence<\/a><\/li>\n<li><a href=\"https:\/\/www.journals.elsevier.com\/information-sciences\/\" target=\"_blank\" rel=\"noopener\">Information Sciences (INS)<\/a><\/li>\n<\/ul>\n<\/li>\n<\/ul>\n<h4>PhD examinations<\/h4>\n<ul>\n<li style=\"list-style-type: none\">\n<ul>\n<li>Awa Samak\u00e9, Universit\u00e9 du Qu\u00e9bec \u00e0 Montr\u00e9al (UQAM), \u00ab\u00a0M\u00e9thodes d\u2019apprentissage machine pour l\u2019estimation de l\u2019effet de la g\u00e9n\u00e9tique sur la production laiti\u00e8re\u00a0\u00bb, January 2026. <strong>[Reviewer]<\/strong><\/li>\n<li>Asela Hevapathige, Australian National University (ANU), \u00ab\u00a0Advancing Graph Neural Networks: Expressivity Enhancement, Information Flow Optimization, and Dynamic Process Modelling\u00a0\u00bb, February 2025. <strong>[Reviewer]<\/strong><\/li>\n<li>Khouloud Ammar, Universit\u00e9 de Tunis El Manar, \u00ab\u00a0<em>Towards a Representation Learning Approach for Large- Scale Heterogeneous Graphs<\/em>\u00ab\u00a0, D\u00e9cembre 2025. <strong>[Reviewer]<\/strong><\/li>\n<li>Catalina Gonzalez Gomez, Universit\u00e9 de Lyon 1, \u00ab\u00a0De\u0301veloppement d\u2019outils in silico pour le repositionnement pharmaceutique de mole\u0301cules base\u0301es sur des donne\u0301es d\u2019expression omiques et la notion de connectivite\u0301\u00a0\u00bb, Septembre 2025.\u00a0<strong>[Reviewer]<\/strong><\/li>\n<li>Marcelo Veras, Federal University of Cear\u00e1, Brazil, \u00ab\u00a0ON THE DESIGN OF SIMILARITY FUNCTIONS FOR BINARY DATA\u00a0\u00bb, June, 2022.\u00a0<strong>[Examiner]<\/strong><\/li>\n<li>Zekarias Tilahun Kefato, Universiy of Trento, \u00ab\u00a0<em>Network and Cascade Representation Learning Algorithms based on Information Diffusion Events \u00ab\u00a0<\/em>, 2019.\u00a0<strong>[Reviewer]<\/strong><\/li>\n<li>Nasrullah Sheikh, Universiy of Trento, \u00ab\u00a0Network Representation Learning with Attributes and Heterogeneity\u00a0\u00bb, 2019.\u00a0<strong>[Reviewer]<\/strong><\/li>\n<\/ul>\n<\/li>\n<\/ul>\n<h4>Project reviews<\/h4>\n<ul>\n<li><a href=\"http:\/\/members.loria.fr\/SAridhi\/wp-content\/blogs.dir\/125\/files\/sites\/125\/2024\/05\/ANR_Certificate_of_Mission_2024.pdf\" target=\"_blank\" rel=\"noopener\">Expert for ANR 2024<\/a><\/li>\n<li><a href=\"http:\/\/members.loria.fr\/SAridhi\/wp-content\/blogs.dir\/125\/files\/sites\/125\/2023\/06\/ANR_Certificate_of_Mission_2023.pdf\" target=\"_blank\" rel=\"noopener\">Expert for ANR 2023<\/a><\/li>\n<li><a href=\"http:\/\/members.loria.fr\/SAridhi\/wp-content\/blogs.dir\/125\/files\/sites\/125\/2019\/05\/attestation-Expert-ANR.pdf\">Expert for ANR 2018<\/a><\/li>\n<li>Comit\u00e9 Fran\u00e7ais d&rsquo;\u00c9valuation de la Coop\u00e9ration Scientifique et Universitaire avec le Br\u00e9sil (<span class=\"il\">COFECUB)<\/span> 2017<\/li>\n<\/ul>\n<h4>Responsabilitites<\/h4>\n<ul>\n<li>Member of the CDT (<em>Commission de D\u00e9veloppement Technologique), <\/em>Inria NGE (2016-2022)<\/li>\n<\/ul>\n","protected":false},"excerpt":{"rendered":"<p>Organization committees<\/p>\n<ul>\n<li><a href=\"https:\/\/icde2026.github.io\/workshops.html\" target=\"_blank\" rel=\"noopener\">International workshop \u00ab\u00a0GraphAI for Future Intelligent Systems (GAI4FIS)\u00a0\u00bb<\/a> in conjunction with IEEE International Conference on Data Engineering (ICDE) 2026 (co-chair).<\/li>\n<li><a href=\"https:\/\/project.inria.fr\/sglm\/\" target=\"_blank\" rel=\"noopener\">International workshop on Scalable and Deep Graph Learning and Mining (SGLM)<\/a>. In conjunction with International Joint Conference on Neural Networks conference (IJCNN) 2025 (co-chair)<\/li>\n<li><a href=\"https:\/\/icml-compbio.github.io\/icml-website-2021\/index.html\" target=\"_blank\" rel=\"noopener\">International Workshop on Computational Biology (WCB)<\/a> @ ICML 2021<\/li>\n<li><a href=\"http:\/\/leg-ecmlpkdd19.loria.fr\/\" target=\"_blank\" rel=\"noopener\">Advances in managing and mining Large Evolving Graphs (LEG)<\/a>\u00a0 workshop @ <a href=\"http:\/\/ecmlpkdd2019.org\/\" target=\"_blank\" rel=\"noopener\">ECML-PKDD 2019<\/a> (co-chair)<\/li>\n<li><a href=\"https:\/\/egc2019.sciencesconf.org\/\" target=\"_blank\" rel=\"noopener\">Extraction et Gestion des Connaissances (EGC) 2019<\/a><\/li>\n<li><a href=\"http:\/\/tdlsg-vldb18.isima.fr\" target=\"_blank\" rel=\"noopener\">Advances in mining Large-Scale Time Dependent Graphs (TD-LSG)<\/a>\u00a0 workshop @ <a href=\"http:\/\/vldb2018.lncc.br\/\" target=\"_blank\" rel=\"noopener\">VLDB 2018<\/a> (co-chair)<\/li>\n<li><a href=\"http:\/\/tdlsg-ecmlpkdd17.isima.fr\/\" target=\"_blank\" rel=\"noopener\">Advances in mining Large-Scale Time Dependent Graphs (TD-LSG)<\/a>\u00a0 workshop @ <a href=\"http:\/\/ecmlpkdd2017.ijs.si\/\" target=\"_blank\" rel=\"nofollow noopener\">ECML PKDD 2017<\/a> (co-chair)<\/li>\n<\/ul>\n<p>Editorial boards<\/p>\n<ul>\n<li><a href=\"https:\/\/link.springer.com\/journal\/40537\" target=\"_blank\" rel=\"noopener\">Journal of Big Data,<\/a><\/li>\n<\/ul>\n","protected":false},"author":108,"featured_media":0,"parent":10,"menu_order":0,"comment_status":"closed","ping_status":"closed","template":"","meta":{"footnotes":""},"class_list":["post-713","page","type-page","status-publish","hentry"],"_links":{"self":[{"href":"https:\/\/members.loria.fr\/SAridhi\/wp-json\/wp\/v2\/pages\/713","targetHints":{"allow":["GET"]}}],"collection":[{"href":"https:\/\/members.loria.fr\/SAridhi\/wp-json\/wp\/v2\/pages"}],"about":[{"href":"https:\/\/members.loria.fr\/SAridhi\/wp-json\/wp\/v2\/types\/page"}],"author":[{"embeddable":true,"href":"https:\/\/members.loria.fr\/SAridhi\/wp-json\/wp\/v2\/users\/108"}],"replies":[{"embeddable":true,"href":"https:\/\/members.loria.fr\/SAridhi\/wp-json\/wp\/v2\/comments?post=713"}],"version-history":[{"count":42,"href":"https:\/\/members.loria.fr\/SAridhi\/wp-json\/wp\/v2\/pages\/713\/revisions"}],"predecessor-version":[{"id":1212,"href":"https:\/\/members.loria.fr\/SAridhi\/wp-json\/wp\/v2\/pages\/713\/revisions\/1212"}],"up":[{"embeddable":true,"href":"https:\/\/members.loria.fr\/SAridhi\/wp-json\/wp\/v2\/pages\/10"}],"wp:attachment":[{"href":"https:\/\/members.loria.fr\/SAridhi\/wp-json\/wp\/v2\/media?parent=713"}],"curies":[{"name":"wp","href":"https:\/\/api.w.org\/{rel}","templated":true}]}}