{"id":303,"date":"2017-02-08T14:26:54","date_gmt":"2017-02-08T12:26:54","guid":{"rendered":"http:\/\/members.loria.fr\/SContassotVivier\/?page_id=303"},"modified":"2022-03-17T09:57:02","modified_gmt":"2022-03-17T08:57:02","slug":"responsabilites","status":"publish","type":"page","link":"https:\/\/members.loria.fr\/SContassotVivier\/responsabilites\/","title":{"rendered":"Responsabilit\u00e9s"},"content":{"rendered":"<div class=\"title\">\n<p><a href=\"http:\/\/members.loria.fr\/SContassotVivier\/responsabilites\">Fran\u00e7ais<\/a> \/ <a href=\"http:\/\/members.loria.fr\/SContassotVivier\/responsibilities\">English<\/a><\/p>\n<hr \/>\n<\/div>\n<fieldset>\n<legend><strong>Responsabilit\u00e9s actuelles<\/strong><\/legend>\n<p>Je suis membre \u00e9lu du conseil de laboratoire du <a href=\"http:\/\/www.loria.fr\">Loria<\/a>.<\/p>\n<p>Je suis membre du comit\u00e9 d&rsquo;organisation du <a href=\"http:\/\/www.fr-hermite.univ-lorraine.fr\/content\/forum-fch-entreprises\">forum FCH-Entreprises<\/a> : rencontres entre les laboratoires de la <a href=\"http:\/\/www.fr-hermite.univ-lorraine.fr\/\">F\u00e9d\u00e9ration Charles Hermite<\/a> et des entreprises de la grande r\u00e9gion.<\/p>\n<p>Je suis responsable de diff\u00e9rents cours en <a href=\"https:\/\/licence-master-informatique.formation.univ-lorraine.fr\/licence-informatique-universite-de-lorraine\/\">licence informatique<\/a> :<\/p>\n<ul>\n<li>Informatique graphique (S2)<\/li>\n<li>Algorithmique (S5)<\/li>\n<li>D\u00e9veloppement mobile (S5)<\/li>\n<\/ul>\n<p>d&rsquo;un cours du <a href=\"https:\/\/licence-master-informatique.formation.univ-lorraine.fr\/master\/\">master informatique<\/a> :<\/p>\n<ul>\n<li>Architectures logicielles avanc\u00e9es (M2)<\/li>\n<\/ul>\n<p>d&rsquo;un cours \u00e0 <a href=\"https:\/\/telecomnancy.univ-lorraine.fr\/\">T\u00e9l\u00e9com Nancy<\/a> :<\/p>\n<ul>\n<li>Algorithmique Parall\u00e8le (2A)<\/li>\n<\/ul>\n<p>d&rsquo;un cours \u00e0 l&rsquo;<a href=\"https:\/\/mines-nancy.univ-lorraine.fr\/\">\u00c9cole des Mines<\/a> :<\/p>\n<ul>\n<li>Scalable architectures (2A), en anglais<\/li>\n<\/ul>\n<fieldset>\n<legend><strong>Responsabilit\u00e9s pass\u00e9es<\/strong><\/legend>\n<p>J&rsquo;ai co-organis\u00e9 avec les repr\u00e9sentants des autres formations en informatique de l&rsquo;UL le hackathon <a href=\"http:\/\/licence-master-informatique.formation.univ-lorraine.fr\/2017\/03\/17\/hackathon-ul-codein24-cest-termine-10-11-mars-2017\/\">ul.codein24<\/a>.<\/p>\n<p>J&rsquo;ai dirig\u00e9 de Avril 2013 \u00e0 Ao\u00fbt 2017 le <a href=\"http:\/\/info-fst.dep.univ-lorraine.fr\/\">D\u00e9partement Informatique<\/a> de la <a href=\"http:\/\/fst.univ-lorraine.fr\/\">FST<\/a> \u00e0 l&rsquo;Universit\u00e9 de Lorraine.<\/p>\n<p>J&rsquo;ai \u00e9t\u00e9 responsable du parcours professionnel de la sp\u00e9cialit\u00e9 \u00ab\u00a0<i>Services, S\u00e9curit\u00e9, R\u00e9seaux<\/i>\u00a0\u00bb du Master informatique (2009-2010 et 2015-2017).<\/p>\n<p>J&rsquo;ai \u00e9t\u00e9 responsable de ce m\u00eame parcours d\u00e9localis\u00e9 \u00e0 l&rsquo;\u00e9cole IGA au Maroc (2009-2011).<\/fieldset>\n<\/fieldset>\n","protected":false},"excerpt":{"rendered":"<p><a href=\"http:\/\/members.loria.fr\/SContassotVivier\/responsabilites\">Fran\u00e7ais<\/a> \/ <a href=\"http:\/\/members.loria.fr\/SContassotVivier\/responsibilities\">English<\/a><\/p>\n<p>Responsabilit\u00e9s actuelles<\/p>\n<p>Je suis membre \u00e9lu du conseil de laboratoire du <a href=\"http:\/\/www.loria.fr\">Loria<\/a>.<\/p>\n<p>Je suis membre du comit\u00e9 d&rsquo;organisation du <a href=\"http:\/\/www.fr-hermite.univ-lorraine.fr\/content\/forum-fch-entreprises\">forum FCH-Entreprises<\/a> : rencontres entre les laboratoires de la <a href=\"http:\/\/www.fr-hermite.univ-lorraine.fr\/\">F\u00e9d\u00e9ration Charles Hermite<\/a> et des entreprises de la grande r\u00e9gion.<\/p>\n<p>Je suis responsable de diff\u00e9rents cours en <a href=\"https:\/\/licence-master-informatique.formation.univ-lorraine.fr\/licence-informatique-universite-de-lorraine\/\">licence informatique<\/a> :<\/p>\n<ul>\n<li>Informatique graphique (S2)<\/li>\n<li>Algorithmique (S5)<\/li>\n<li>D\u00e9veloppement mobile (S5)<\/li>\n<\/ul>\n<p>d&rsquo;un cours du <a href=\"https:\/\/licence-master-informatique.formation.univ-lorraine.fr\/master\/\">master informatique<\/a> :<\/p>\n<ul>\n<li>Architectures logicielles avanc\u00e9es (M2)<\/li>\n<\/ul>\n<p>d&rsquo;un cours \u00e0 <a href=\"https:\/\/telecomnancy.univ-lorraine.fr\/\">T\u00e9l\u00e9com Nancy<\/a> :<\/p>\n<ul>\n<li>Algorithmique Parall\u00e8le (2A)<\/li>\n<\/ul>\n<p>d&rsquo;un cours \u00e0 l&rsquo;<\/p>\n","protected":false},"author":117,"featured_media":0,"parent":0,"menu_order":0,"comment_status":"closed","ping_status":"closed","template":"","meta":{"footnotes":""},"class_list":["post-303","page","type-page","status-publish","hentry"],"_links":{"self":[{"href":"https:\/\/members.loria.fr\/SContassotVivier\/wp-json\/wp\/v2\/pages\/303","targetHints":{"allow":["GET"]}}],"collection":[{"href":"https:\/\/members.loria.fr\/SContassotVivier\/wp-json\/wp\/v2\/pages"}],"about":[{"href":"https:\/\/members.loria.fr\/SContassotVivier\/wp-json\/wp\/v2\/types\/page"}],"author":[{"embeddable":true,"href":"https:\/\/members.loria.fr\/SContassotVivier\/wp-json\/wp\/v2\/users\/117"}],"replies":[{"embeddable":true,"href":"https:\/\/members.loria.fr\/SContassotVivier\/wp-json\/wp\/v2\/comments?post=303"}],"version-history":[{"count":14,"href":"https:\/\/members.loria.fr\/SContassotVivier\/wp-json\/wp\/v2\/pages\/303\/revisions"}],"predecessor-version":[{"id":498,"href":"https:\/\/members.loria.fr\/SContassotVivier\/wp-json\/wp\/v2\/pages\/303\/revisions\/498"}],"wp:attachment":[{"href":"https:\/\/members.loria.fr\/SContassotVivier\/wp-json\/wp\/v2\/media?parent=303"}],"curies":[{"name":"wp","href":"https:\/\/api.w.org\/{rel}","templated":true}]}}