{"id":256,"date":"2016-08-24T18:15:43","date_gmt":"2016-08-24T16:15:43","guid":{"rendered":"http:\/\/members.loria.fr\/SIvaldi\/?page_id=256"},"modified":"2026-01-11T23:07:39","modified_gmt":"2026-01-11T21:07:39","slug":"home","status":"publish","type":"page","link":"https:\/\/members.loria.fr\/SIvaldi\/","title":{"rendered":"About me"},"content":{"rendered":"<p>I am a senior research scientist\/research director (directrice de recherche) in the Inria Center of the University of Lorraine (formerly Inria Nancy Grand-Est) and Loria, and <strong>head of the <a href=\"https:\/\/team.inria.fr\/hucebot\/\">Human Centered Robotics Team (HUCEBOT)<\/a><\/strong>. \u00a0My research is currently focused on robots collaborating with humans. I am interested in combining machine learning with control to improve the prediction, adaptation, and interaction skills of robots. I strongly believe in user evaluation, i.e., making potential end-users evaluate our technologies, to improve usability, trust, and acceptance.<\/p>\n<p>When I joined Inria in 2014, I was one of the founding members of the team <a href=\"https:\/\/team.inria.fr\/larsen\/\">LARSEN<\/a>, directed by <a href=\"https:\/\/members.loria.fr\/FCharpillet\/\">Francois Charpillet<\/a>. Before joining Inria, I was a postdoc in the <a href=\"http:\/\/www.ausy.tu-darmstadt.de\/\">Intelligent Autonomous Systems Lab<\/a> of TU Darmstadt (Germany), with <a href=\"http:\/\/www.jan-peters.net\/\">Jan Peters<\/a>, and in the <a href=\"http:\/\/www.isir.upmc.fr\/\">Institute of Intelligent Systems and Robotics<\/a> (ISIR) in Paris (France), with <a href=\"http:\/\/www.isir.upmc.fr\/index.php?op=view_profil&amp;id=28&amp;old=N&amp;lang=en\">Olivier Sigaud<\/a> and <a href=\"http:\/\/people.bordeaux.inria.fr\/vincent.padois\/\">Vincent Padois<\/a>. I obtained my PhD at the <a href=\"https:\/\/www.iit.it\/\">Italian Institute of Technology<\/a> in Genoa (Italy) with <a href=\"https:\/\/www.linkedin.com\/in\/francesco-nori-7530b86\/?originalSubdomain=uk\">Francesco Nori<\/a> and <a href=\"https:\/\/www.iit.it\/people\/giorgio-metta\">Giorgio Metta<\/a> in 2011. I defended my French Habilitation to Direct Research (HDR) in November 2022. In 2023 I was a visiting expert in the robotics lab at ESA \/ ESTEC.<\/p>\n<p>I am currently serving as Associate Editor of the IEEE Transactions on Robotics (2025-&#8230;). In the past, I served as the Editor in Chief of the <a href=\"https:\/\/www.springer.com\/journal\/12369\">International Journal of Social Robotics<\/a> (2021-2024), and as Associate Editor of the IEEE Robotics and Automation Letters (2017-2021), for which I received the <a href=\"https:\/\/www.ieee-ras.org\/publications\/ra-l\/ra-l-distinguished-service-awards\">IEEE RA-L Distinguished Service Award as Outstanding Associate Editor<\/a>. I was the Program Chair of IEEE-RAS <a href=\"https:\/\/humanoids2019.loria.fr\/\">Humanoids 2019<\/a> and\u00a0 IEEE ARSO 2023. I was the General Chair of <a href=\"https:\/\/2024.ieee-humanoids.org\/\">IEEE-RAS HUMANOIDS 2024 &#8211;<\/a> co-located with the 1st euROBIN coopetition, which made together the International Robotics Week 2024 in Nancy.<\/p>\n<p>I served the GDR Robotique (the French Robotics Society) as co-lead of the <a href=\"https:\/\/www.gdr-robotique.org\/groupes_de_travail\/?id=7\">GT7 Humanoid Robotics<\/a> (2021-2023); I have been serving IEEE RAS as co-chair of the <a href=\"https:\/\/www.ieee-ras.org\/conferences-workshops\/fully-sponsored\/icra\/icra-steering-committee\">ICRA Steering Committee (2022-2023)<\/a> , the Associate Vice-President of the <a href=\"https:\/\/www.ieee-ras.org\/about-ras\/governance\/member-activities-board\">IEEE RAS MAB<\/a> (2022-2025), and I am currently serving as a member of <a href=\"https:\/\/www.ieee-ras.org\/about-ras\/governance\/administrative-committee\/\">AdCOM of IEEE RAS<\/a> (2025-2028).<\/p>\n<p>I obtained the Suzanne Zivi Award 2020 for excellence in research and was nominated by Robohub and Women in Robotics in the list of &#8220;<a href=\"https:\/\/robohub.org\/50-women-in-robotics-you-need-to-know-about-2021\/\">50 Women in Robotics you need to know about<\/a>&#8221; in 2021. I was one of the Judges of the <a href=\"https:\/\/www.xprize.org\/prizes\/avatar\">ANA Avatar Xprize<\/a> competition where robots were teleoperated to be avatars!<\/p>\n<p>I am currently involved in the following projects:<\/p>\n<ul>\n<li><a href=\"https:\/\/www.pepr-o2r.fr\/projet\/decision-apprentissage-interaction-sociale\/\">PEPR O2R &#8220;Robotique Organique&#8221; &#8211; Action Structurante AS3 &#8220;Decision, Learning and Social Interaction&#8221;<\/a> (FR, ANR France 2030, coord.)<\/li>\n<li><a href=\"https:\/\/members.loria.fr\/SIvaldi\/projets\/eurobin-2022-2026\/\">EuROBIN<\/a> (EU, Horizon, PI): network of excellence in robotics and AI &#8211; leading the Inria robotics team in the Personal Robotics challenge<\/li>\n<li><a href=\"https:\/\/members.loria.fr\/SIvaldi\/projets\/exosim-2023-2025\/\">EXOSIM<\/a> (FR, LUE, PI): to investigate active exoskeletons to support the hospital staff, collaboration with CHRU Nancy<\/li>\n<li>ATOR (FR, DGA-Inria): to investigate assistive teleoperation of robots<\/li>\n<li><a href=\"https:\/\/cluster-ia-enact.ai\/\">ENACT<\/a> (FR, France2030 AI cluster) &#8211; Robotics &amp; AI chair: to investigate the use of LLMs for robotics<\/li>\n<li><a href=\"https:\/\/anr.fr\/Projet-ANR-24-CE33-6907\">OSTENSIVE<\/a> (FR, ANR, PI): generating expressive and ostensive motions for robots<\/li>\n<\/ul>\n<p>Upcoming events:<\/p>\n<ul>\n<li>2nd PEPR O2R Week in Paris (March 2026)<\/li>\n<\/ul>\n<p>Past events:<\/p>\n<ul>\n<li>Keynote speaker at <a href=\"https:\/\/conf.telepresence.ieee.org\/keynotes\/\">IEEE Telepresence 2025<\/a> in Leiden, NL (September 2025)<\/li>\n<li>Table ronde &#8220;Transition Industrielle&#8221; &#8211; <a href=\"https:\/\/factuel.univ-lorraine.fr\/evenement\/journee-innovation-networking-btob-pour-les-industriels-de-lorraine\/\">Journ\u00e9e Innovation &amp; Networking BtoB UNYS<\/a> (September 2025)<\/li>\n<li>Invited speaker about Robotics &amp; AI at the <a href=\"https:\/\/www.european-cyber-week.eu\/en\">European Cyber Week<\/a> in Rennes (November 2025)<\/li>\n<li>Visiting Stanford University and the Stanford Robotics Center (August 2025)<\/li>\n<li>Invited speaker at the <a href=\"https:\/\/www.tcoptrob.org\/summer-school-2025\/\">Summer School on Optimization for Robotics 2025<\/a><\/li>\n<li>1st PEPR O2R week in Lille, France (March 2025)<\/li>\n<li><a href=\"https:\/\/2024.ieee-humanoids.org\/\">Humanoids 2024 (22-24 november 2024, in Nancy)<\/a><\/li>\n<li>the 2nd euROBIN event and coopetition in Nancy (25-28 November 2024)<\/li>\n<li>the European robotics week in Nancy (22-28 November 2024)<\/li>\n<li>Invited talks at ICRA 2024 at the Workshops: <a href=\"https:\/\/sites.google.com\/view\/humancentricicra2024\/\">Human-centric teleoperation<\/a>, <a href=\"https:\/\/sites.google.com\/view\/icra2024-workshop-human-phri\/\">Human modelling in pHRI<\/a>, <a href=\"https:\/\/atompc-workshop.github.io\/\">Trajectory optimization and MPC for legged systems<\/a><\/li>\n<\/ul>\n<ul>\n<li>Kickoff PEPR robotique (March 2024)<\/li>\n<li><a href=\"https:\/\/ieee-iros.org\/plenaries-keynotes\/\">IROS 2023 &#8211; Keynote!<\/a><\/li>\n<li>Invited talk at Wearacon 2023<\/li>\n<li><a href=\"https:\/\/jsi2023.inria.fr\/\">Journ\u00e9es Scientifiques Inria 2023<\/a> (JSI 2023)<\/li>\n<li>ICRA 2023 Workshop <a href=\"https:\/\/www.ais.uni-bonn.de\/ICRA2023AvatarWS\/\">Toward Robot Avatars<\/a><\/li>\n<li>I will be Area Chair for CORL 2022<\/li>\n<li>Invited talk at the <a href=\"https:\/\/www.rssavatarxprizews.org\/program.html\">RSS 2022 Workshop on &#8220;Toward Robot Avatars: Perspectives on the ANA Avatar XPRIZE Competition&#8221;<\/a><\/li>\n<li>Invited talk at <a href=\"https:\/\/leggedrobots.org\/\">ICRA 2022 Workshop on Legged Robots<\/a><\/li>\n<li>I have been appointed as co-chair of the ICRA Steering Committee<\/li>\n<li>Speaker at <a href=\"https:\/\/www.centre-est.cnrs.fr\/fr\/evenement\/futurobot-percez-les-secrets-de-la-robotique\">FUTUROBOT 2021<\/a> (<em>Percez les secrets de la robotique &#8211; Discover the secrets of robotics<\/em>) at Centre Prouv\u00e9 &#8211; Nancy<\/li>\n<li>Invited talk at Workshop HRI@Montpellier &#8220;<a href=\"https:\/\/sites.google.com\/view\/hrimontpellier\/home\">AI for improving machine interactions with humans and the environment<\/a>&#8221; at LIRMM<\/li>\n<li>Invited talk at <a href=\"https:\/\/sites.google.com\/view\/hbcr-workshop-2021\/home?authuser=0\">IROS 2021 Workshop on Human-like Behavior and Cognition in Robots<\/a><\/li>\n<li>Invited talk at <a href=\"https:\/\/uwaterloo.ca\/cerc-human-centred-robotics-machine-intelligence\/humanoids-2020-workshop-towards-physical-social-human-robot\">HUMANOIDS 202o Workshop Towards Physical-social human-robot interaction<\/a><\/li>\n<li>Invited talk at <a href=\"https:\/\/talos-humanoid.github.io\/humanoids2020_workshop\/\">HUMANOIDS 202o Workshop on Talos<\/a><\/li>\n<li>Plenary lecture at <a href=\"http:\/\/fedev.universite-paris-saclay.fr\/la-recherche\/journee-fedev-2021\">Journ\u00e9e F\u00e9D\u00e9V 2021 &#8211; Universit\u00e9 Paris Saclay<\/a><\/li>\n<li>Invited talk at <a href=\"https:\/\/sites.google.com\/view\/icra2021graspingws\/home?authuser=0\">ICRA 2021 Workshop on Bridging the Gap between Data-driven and Analytical Physics-based Grasping and Manipulation II<\/a><\/li>\n<li>Invited lecture at University of Naples Federico II<\/li>\n<li>Invited seminar at GV lab at University of Tokyo<\/li>\n<li>Speaker at the <a href=\"https:\/\/ieee-wie-ilc.org\/\">IEEE Women In Engineering International Leadership Conference<\/a><\/li>\n<li>Speaking at European Robotics Forum 2021<\/li>\n<li>Invited seminar at\u00a0 Queen Mary University (UK)<\/li>\n<li>Panelist at <a href=\"https:\/\/www.cercle-entreprisesetsante.com\/2021\/02\/18\/25-mars-2021-6eme-ux-forum-exosquelettes\/\">Cercle Entreprise et Sant\u00e9 &#8211; 6eme UX Forum Exosquelettes\u00a0<\/a><\/li>\n<li>Panelist at the <a href=\"http:\/\/www.hripioneers.info\/hri21\/program_speakers.html\">HRI Pioneers Workshop 2021 &#8211; Academic Panel<\/a><\/li>\n<li>Invited talk at <a href=\"https:\/\/research.vaufreydaz.org\/JourneeGT5_2020\/\">Journ\u00e9e GT5 Perception et interaction homme-robot 2020<\/a><\/li>\n<li>Invited talk at <a href=\"https:\/\/hri.iit.it\/news\/organizations\/iros2020-workshop\">IROS 2020 Workshop on Ergonomic Physical Human-Robot Collaboration<\/a><\/li>\n<li>Invited talk at <a href=\"https:\/\/sites.google.com\/cs.washington.edu\/rss-2020-service-robots\/home\">RSS 2020 Workshop on Closing the academia to real-world gap in service robotics<\/a><\/li>\n<li>Invited talk at <a href=\"https:\/\/handovers.gitlab.io\/icra2020-handovers\/pages\/invited-speakers.html#invited-speakers\">ICRA 2020 Workshop on Human-Robot Handovers<\/a><\/li>\n<\/ul>\n<p>&nbsp;<\/p>\n\n<!-- iframe plugin v.6.0 wordpress.org\/plugins\/iframe\/ -->\n<iframe loading=\"lazy\" src=\"\/sivaldi\/files\/twit.html\" frameborder=\"0\" width=\"100%\" height=\"500\" scrolling=\"yes\" class=\"iframe-class\"><\/iframe>\n\n","protected":false},"excerpt":{"rendered":"<p>I am a senior research scientist\/research director (directrice de recherche) in the Inria Center of the University of Lorraine (formerly Inria Nancy Grand-Est) and Loria, and head of the Human Centered Robotics Team (HUCEBOT). \u00a0My research is currently focused on robots collaborating with humans. I am interested in combining machine learning with control to improve [&hellip;]<\/p>\n","protected":false},"author":53,"featured_media":0,"parent":0,"menu_order":0,"comment_status":"closed","ping_status":"closed","template":"","meta":{"footnotes":""},"class_list":["post-256","page","type-page","status-publish","hentry"],"_links":{"self":[{"href":"https:\/\/members.loria.fr\/SIvaldi\/wp-json\/wp\/v2\/pages\/256","targetHints":{"allow":["GET"]}}],"collection":[{"href":"https:\/\/members.loria.fr\/SIvaldi\/wp-json\/wp\/v2\/pages"}],"about":[{"href":"https:\/\/members.loria.fr\/SIvaldi\/wp-json\/wp\/v2\/types\/page"}],"author":[{"embeddable":true,"href":"https:\/\/members.loria.fr\/SIvaldi\/wp-json\/wp\/v2\/users\/53"}],"replies":[{"embeddable":true,"href":"https:\/\/members.loria.fr\/SIvaldi\/wp-json\/wp\/v2\/comments?post=256"}],"version-history":[{"count":136,"href":"https:\/\/members.loria.fr\/SIvaldi\/wp-json\/wp\/v2\/pages\/256\/revisions"}],"predecessor-version":[{"id":1541,"href":"https:\/\/members.loria.fr\/SIvaldi\/wp-json\/wp\/v2\/pages\/256\/revisions\/1541"}],"wp:attachment":[{"href":"https:\/\/members.loria.fr\/SIvaldi\/wp-json\/wp\/v2\/media?parent=256"}],"curies":[{"name":"wp","href":"https:\/\/api.w.org\/{rel}","templated":true}]}}