{"id":749,"date":"2019-12-04T23:16:24","date_gmt":"2019-12-04T21:16:24","guid":{"rendered":"http:\/\/members.loria.fr\/SIvaldi\/?page_id=749"},"modified":"2023-10-13T11:20:02","modified_gmt":"2023-10-13T09:20:02","slug":"talks","status":"publish","type":"page","link":"https:\/\/members.loria.fr\/SIvaldi\/talks\/","title":{"rendered":"Talks"},"content":{"rendered":"<p>Disclaimer: The list below is not exhaustive.. sorry. Drop me an email if you want the slides of one of my talks!<\/p>\n<h3>Keynotes:<\/h3>\n<p><strong>From humanoids to exoskeletons: assisting and collaborating with humans<\/strong> &#8211; <strong>Keynote<\/strong> at <a href=\"https:\/\/ieee-iros.org\/plenaries-keynotes\/\"><strong>IEEE\/RSJ IROS 2023<\/strong><\/a><\/p>\n<p><a href=\"http:\/\/members.loria.fr\/SIvaldi\/wp-content\/blogs.dir\/70\/files\/sites\/70\/2023\/10\/serena_keynote_IROS2023.jpg\"><img loading=\"lazy\" decoding=\"async\" class=\"alignnone size-medium wp-image-1422\" src=\"http:\/\/members.loria.fr\/SIvaldi\/wp-content\/blogs.dir\/70\/files\/sites\/70\/2023\/10\/serena_keynote_IROS2023-300x200.jpg\" alt=\"\" width=\"300\" height=\"200\" srcset=\"https:\/\/members.loria.fr\/SIvaldi\/wp-content\/blogs.dir\/70\/files\/sites\/70\/2023\/10\/serena_keynote_IROS2023-300x200.jpg 300w, https:\/\/members.loria.fr\/SIvaldi\/wp-content\/blogs.dir\/70\/files\/sites\/70\/2023\/10\/serena_keynote_IROS2023-1024x683.jpg 1024w, https:\/\/members.loria.fr\/SIvaldi\/wp-content\/blogs.dir\/70\/files\/sites\/70\/2023\/10\/serena_keynote_IROS2023-768x512.jpg 768w, https:\/\/members.loria.fr\/SIvaldi\/wp-content\/blogs.dir\/70\/files\/sites\/70\/2023\/10\/serena_keynote_IROS2023-1536x1024.jpg 1536w, https:\/\/members.loria.fr\/SIvaldi\/wp-content\/blogs.dir\/70\/files\/sites\/70\/2023\/10\/serena_keynote_IROS2023.jpg 2048w\" sizes=\"auto, (max-width: 300px) 100vw, 300px\" \/><\/a><br \/>\n<a href=\"https:\/\/mybox.inria.fr\/f\/4f6c9bcb3185413a8952\/\">Learning and Prediction For Human-Humanoid Collaboration<\/a> &#8211; <strong>Keynote<\/strong> at<span style=\"color: #808080\"> <a style=\"color: #808080\" href=\"http:\/\/www.hfr2019.unimore.it\/site\/home\/program\/workshop-schedule.html\">HFR 2019 (12th Human-Friendly Robotics)<\/a>.<\/span><\/p>\n<p>Plenary lecture at <a href=\"http:\/\/fedev.universite-paris-saclay.fr\/la-recherche\/journee-fedev-2021\">Journ\u00e9e F\u00e9D\u00e9V 2021 &#8211; Universit\u00e9 Paris Saclay (June 2021)<\/a><\/p>\n<h3>Invited talks in Workshops:<\/h3>\n<p>Improving ergonomics with humanoid technologies and exoskeletons &#8211; <a href=\"https:\/\/sites.google.com\/view\/geriatronics-iros-2023\/home\">IROS 2023 Workshop on <span class=\"VSODTe C9DxTc \">Geriatronics:\u00a0<\/span><span class=\"VSODTe C9DxTc \">AI and Robotics for Health &amp; Well-Being in Older Age<\/span><\/a><\/p>\n<p>Anticipatory control: using prediction of intended movement for control &#8211; <a href=\"https:\/\/iros-2023-humanoid.github.io\/\">IROS 2023 Workshop on Reactive and Predictive Humanoid Whole-body Control<\/a><\/p>\n<p>Adaptation in human-robot collaboration &#8211; <a href=\"http:\/\/harco.hanyang.ac.kr\/2023\/03\/03\/IROS2023_workshop.html\">IROS 2023 6th Ergonomic Physical Human-Robot Collaboration: Harnessing Advancements in Robot Learning<\/a><\/p>\n<p><a href=\"https:\/\/www.youtube.com\/watch?v=vuo2d3kUJQw&amp;ab_channel=LeggedRobots\">ICRA 2022 Workshop on Legged Robots<\/a><\/p>\n\n<!-- iframe plugin v.6.0 wordpress.org\/plugins\/iframe\/ -->\n<iframe loading=\"lazy\" width=\"560\" height=\"315\" src=\"https:\/\/www.youtube.com\/embed\/vuo2d3kUJQw\" title=\"YouTube video player\" frameborder=\"0\" allowfullscreen=\"allowfullscreen\" scrolling=\"yes\" class=\"iframe-class\"><\/iframe>\n\n<p><a href=\"https:\/\/www.dropbox.com\/s\/xgvditj1ksefr4s\/2021_10_LIRMM_workshop_compressed.pdf?dl=0\">Using machine learning to optimize whole-body teleoperation of humanoid robots<\/a> &#8211; <a href=\"https:\/\/sites.google.com\/view\/hrimontpellier\/home\">HRI @ LIRMM 2021 &#8211; Workshop on &#8220;AI for improving machine interactions with humans and the environment&#8221;<\/a><\/p>\n<p><a href=\"https:\/\/uwaterloo.ca\/cerc-human-centred-robotics-machine-intelligence\/humanoids-2020-workshop-towards-physical-social-human-robot\">HUMANOIDS 2020 Workshop Towards Physical-social human-robot interaction<\/a><\/p>\n<p><a href=\"https:\/\/talos-humanoid.github.io\/humanoids2020_workshop\/\">HUMANOIDS 2020 Workshop on Talos<\/a><\/p>\n<p><a href=\"https:\/\/sites.google.com\/view\/hbcr-workshop-2021\/home?authuser=0\">IROS 2021 Workshop on Human-like Behavior and Cognition in Robots<\/a><\/p>\n<p><a href=\"https:\/\/www.dropbox.com\/s\/ehg1jz8iq2lkpd4\/2020_12_GT5_Cobots_perception.pdf?dl=0\">Collaborative robot technologies: lessons learned from using wearable sensors for ergonomy, tele-operation and exoskeleton validation<\/a>. &#8211; <a href=\"https:\/\/journee2020gt5.sciencesconf.org\/\">Journ\u00e9e Perception et Interaction Homme-Robot du GT5 Interaction Personnes\/Syst\u00e8mes robotiques du GDR Robotique<\/a><\/p>\n<p><a href=\"https:\/\/sites.google.com\/cs.washington.edu\/rss-2020-service-robots\/home\">RSS 2020 Workshop Towards Practical Service Robots<\/a> &#8211; Lessons learned in Human-Robot Collaboration<\/p>\n\n<!-- iframe plugin v.6.0 wordpress.org\/plugins\/iframe\/ -->\n<iframe loading=\"lazy\" width=\"560\" height=\"315\" src=\"https:\/\/www.youtube.com\/embed\/Gzt-7GZfI78\" title=\"YouTube video player\" frameborder=\"0\" allowfullscreen=\"allowfullscreen\" scrolling=\"yes\" class=\"iframe-class\"><\/iframe>\n\n<p><a href=\"https:\/\/www.dropbox.com\/s\/4aaogjd51t2jjnf\/2020_10_IROS_WS_ergonomics_collaboration.pdf?dl=0\">Robotics technologies to improve ergonomics<\/a> &#8211; <a href=\"https:\/\/hri.iit.it\/news\/organizations\/iros2020-workshop\">IROS 2020 Workshop on Ergonomic Human-Robot Collaboration<\/a><\/p>\n<p><a href=\"https:\/\/mybox.inria.fr\/f\/4248053a0d9e4b8b9c52\/\">Teleoperation for Human-humanoid Collaboration<\/a> &#8211;<span style=\"color: #808080\"> <a style=\"color: #808080\" href=\"https:\/\/dic-iit.github.io\/WS_teleoepration_humanoids\/\">HUMANOIDS 2019 Workshop on Humanoid Teleoperation<\/a>.<\/span><\/p>\n\n<!-- iframe plugin v.6.0 wordpress.org\/plugins\/iframe\/ -->\n<iframe loading=\"lazy\" width=\"560\" height=\"315\" src=\"https:\/\/www.youtube.com\/embed\/s1B9I7qfgGU\" title=\"YouTube video player\" frameborder=\"0\" allowfullscreen=\"allowfullscreen\" scrolling=\"yes\" class=\"iframe-class\"><\/iframe>\n\n<p><a href=\"https:\/\/mybox.inria.fr\/f\/ceb78773c8ba45b28d31\/\">Social and physical interaction with a humanoid: lessons learned with the iCub<\/a> &#8211; <span style=\"color: #808080\"><a style=\"color: #808080\" href=\"http:\/\/www.cs.cmu.edu\/~cga\/humanoids19workshop\/\">HUMANOIDS 2019 Workshop &#8220;Can we build Baymax?&#8221;<\/a><\/span><\/p>\n<p>Prediction and Learning for Human-humanoid Collaboration &#8211; <span style=\"color: #808080\"><a style=\"color: #808080\" href=\"https:\/\/hricchallengesworkshop.wordpress.com\/\">HUMANOIDS 2019 Workshop on Challenges and solutions for HRI and collaboration<\/a>.<\/span><\/p>\n<p><a href=\"https:\/\/mybox.inria.fr\/f\/c4770977a4f848e3b20d\/\">Anticipation:how should a cognitive architecture effect prospective (inter)action?<\/a> &#8211;<span style=\"color: #808080\"> <a style=\"color: #808080\" href=\"https:\/\/www.iros2019.org\/cutting-edge-forums\">IROS 2019 Cutting Edge Forum on Cognitive architecture for humanoids: where are we in our quest to achieve human-level AI in robotics?<\/a><\/span><\/p>\n<p>Improving the ergonomics in human-robot collaboration with predictive models &#8211; <span style=\"color: #808080\"><a style=\"color: #808080\" href=\"https:\/\/hri.iit.it\/news\/organizations\/iros-2019-workshop\">IROS 2019 Workshop on Progress in Ergonomic Physical Human-Robot Collaboration<\/a>.<\/span><\/p>\n<p><a href=\"https:\/\/lcas.lincoln.ac.uk\/wp\/wp-content\/uploads\/2019\/07\/ivaldi_compressed.pdf\">Improving grasping and manipulation by exploiting uncertainty and human interaction<\/a> &#8211; <span style=\"color: #808080\"><a style=\"color: #808080\" href=\"https:\/\/lcas.lincoln.ac.uk\/wp\/tig-ii\/\">RSS 2019 Workshop on Task-Informed Grasping<\/a><\/span><\/p>\n<p><a href=\"https:\/\/www.ai.rug.nl\/oel\/presentations\/serena_Ivaldi.pdf\">Learning objects by autonomous exploration and human interaction<\/a> &#8211; <span style=\"color: #808080\"><a style=\"color: #808080\" href=\"https:\/\/www.ai.rug.nl\/oel\/\">IROS 2019 Workshop on Open-Ended Learning for Object Perception and Grasping: Current Successes and Future Challenges<\/a><\/span><\/p>\n<p><a href=\"https:\/\/hlr2016.sciencesconf.org\/data\/hlr_2016_si_jbm.pdf\">Human-Humanoid Interaction<\/a> &#8211; <span style=\"color: #808080\"><a style=\"color: #808080\" href=\"https:\/\/hlr2016.sciencesconf.org\/resource\/page\/id\/9\">HLR 2016 &#8211; Human-Legged Robotics <\/a><\/span><\/p>\n<p><a href=\"https:\/\/ni.www.techfak.uni-bielefeld.de\/files\/ivaldi_slides.pdf\">Exploiting tactile information for whole-body dynamics, learning and human-robot interaction<\/a> &#8211; <span style=\"color: #808080\"><a style=\"color: #808080\" href=\"https:\/\/ni.www.techfak.uni-bielefeld.de\/ICHR2016WS\/home\">HUMANOIDS 2016 Workshop on Tactile Sensing for Manipulation<\/a><\/span><\/p>\n<h3>Invited seminars:<\/h3>\n<p><a href=\"https:\/\/www.dropbox.com\/s\/v7ej95rlpo9ovyz\/2020_09_KIT_oberseminar.pdf?dl=0\">Human-robot collaboration technologies applied in real uses cases:some lessons learned<\/a> &#8211; Oberseminar in KIT, Karlsruhe, Sept. 2020<\/p>\n<p><a href=\"https:\/\/youtu.be\/DaWthl9PXzA\">Collaborative robotics technologies: lessons learned using wearable sensors for ergonomics, exoskeletons and tele-operation<\/a> &#8211; <a href=\"https:\/\/lorejam.wixsite.com\/crisp\/seminars?fbclid=IwAR0ELB1GbnS0OjfJJ0qSaCvlCi31GOUk1LoHDJ92g0n1HQV_cHz6IJR9WOw\">Seminar Series on Cognitive Robotics<\/a>, organised by the CRISP Team at QMUL (Queen Mary University of London), March 2021.<\/p>\n\n<!-- iframe plugin v.6.0 wordpress.org\/plugins\/iframe\/ -->\n<iframe loading=\"lazy\" width=\"560\" height=\"315\" src=\"https:\/\/www.youtube.com\/embed\/DaWthl9PXzA\" title=\"YouTube video player\" frameborder=\"0\" allowfullscreen=\"allowfullscreen\" scrolling=\"yes\" class=\"iframe-class\"><\/iframe>\n\n<p>Seminar at GV Lab at University of Tokyo, 2021.<\/p>\n<h3>F\u00eate de la Science \/ Science festival :<\/h3>\n<p><a href=\"https:\/\/www.dropbox.com\/s\/z46uiymym1mqq5g\/2020_10_FeteDeLaScience_cobots.pdf?dl=0\">Cobots: ces pr\u00e9cieux collaborateurs<\/a> (in French) &#8211; F\u00eate de la Science (Science Festival), Oct. 2020<\/p>\n\n<!-- iframe plugin v.6.0 wordpress.org\/plugins\/iframe\/ -->\n<iframe loading=\"lazy\" width=\"560\" height=\"315\" src=\"https:\/\/www.youtube.com\/embed\/irT_uPqQ9Hk\" title=\"Presentation de notre labo \u00e0 la Fete de la Science 2020\" frameborder=\"0\" allowfullscreen=\"allowfullscreen\" scrolling=\"yes\" class=\"iframe-class\"><\/iframe>\n\n<h3>IEEE Women in Engineering International Leadership Conference 2021:<\/h3>\n<p class=\"p1\"><a href=\"https:\/\/www.dropbox.com\/s\/na2xms9129fnhfm\/2021_04_WIE_ILC.pdf?dl=0\">From humanoid robotics to exoskeletons for helping the medical staff in the ICU during COVID-19<\/a>\u00a0&#8211; <strong>Talk<\/strong> at <a href=\"https:\/\/ieee-wie-ilc.org\/\">IEEE WIE ILC 2021<\/a>, <strong>Video<\/strong> on <a href=\"https:\/\/ieeetv.ieee.org\/channels\/wie\/from-humanoid-robotics-to-exoskeletons-for-helping-the-medical-staff-in-the-icu-during-covid-19-wie-ilc-2021\">IEEE.tv<\/a><\/p>\n<p><a href=\"http:\/\/members.loria.fr\/SIvaldi\/wp-content\/blogs.dir\/70\/files\/sites\/70\/2021\/05\/wie_ilc_screenshot.png\"><img loading=\"lazy\" decoding=\"async\" class=\"alignnone size-medium wp-image-1105\" src=\"http:\/\/members.loria.fr\/SIvaldi\/wp-content\/blogs.dir\/70\/files\/sites\/70\/2021\/05\/wie_ilc_screenshot-300x224.png\" alt=\"\" width=\"300\" height=\"224\" srcset=\"https:\/\/members.loria.fr\/SIvaldi\/wp-content\/blogs.dir\/70\/files\/sites\/70\/2021\/05\/wie_ilc_screenshot-300x224.png 300w, https:\/\/members.loria.fr\/SIvaldi\/wp-content\/blogs.dir\/70\/files\/sites\/70\/2021\/05\/wie_ilc_screenshot-1024x763.png 1024w, https:\/\/members.loria.fr\/SIvaldi\/wp-content\/blogs.dir\/70\/files\/sites\/70\/2021\/05\/wie_ilc_screenshot-768x572.png 768w, https:\/\/members.loria.fr\/SIvaldi\/wp-content\/blogs.dir\/70\/files\/sites\/70\/2021\/05\/wie_ilc_screenshot.png 1200w\" sizes=\"auto, (max-width: 300px) 100vw, 300px\" \/><\/a><\/p>\n\n<!-- iframe plugin v.6.0 wordpress.org\/plugins\/iframe\/ -->\n<iframe loading=\"lazy\" src=\"\/\/ieeetv.ieee.org\/player\/embed_play\/211926\/auto\" allowfullscreen=\"allowfullscreen\" frameborder=\"0\" scrolling=\"no\" width=\"560\" height=\"312\" class=\"iframe-class\"><\/iframe>\n\n<h3>Other (panels,&#8230;):<\/h3>\n<ul>\n<li>Panelist at the <a href=\"http:\/\/www.hripioneers.info\/hri21\/program_speakers.html\">HRI Pioneers Workshop 2021 &#8211; Academic Panel<\/a><\/li>\n<li>Panelist at <a href=\"https:\/\/www.cercle-entreprisesetsante.com\/2021\/02\/18\/25-mars-2021-6eme-ux-forum-exosquelettes\/\">Cercle Entreprise et Sant\u00e9 &#8211; 6eme UX Forum Exosquelettes\u00a0<\/a><\/li>\n<\/ul>\n","protected":false},"excerpt":{"rendered":"<p>Disclaimer: The list below is not exhaustive.. sorry. Drop me an email if you want the slides of one of my talks! Keynotes: From humanoids to exoskeletons: assisting and collaborating with humans &#8211; Keynote at IEEE\/RSJ IROS 2023 Learning and Prediction For Human-Humanoid Collaboration &#8211; Keynote at HFR 2019 (12th Human-Friendly Robotics). Plenary lecture at [&hellip;]<\/p>\n","protected":false},"author":53,"featured_media":0,"parent":0,"menu_order":0,"comment_status":"closed","ping_status":"closed","template":"","meta":{"footnotes":""},"class_list":["post-749","page","type-page","status-publish","hentry"],"_links":{"self":[{"href":"https:\/\/members.loria.fr\/SIvaldi\/wp-json\/wp\/v2\/pages\/749","targetHints":{"allow":["GET"]}}],"collection":[{"href":"https:\/\/members.loria.fr\/SIvaldi\/wp-json\/wp\/v2\/pages"}],"about":[{"href":"https:\/\/members.loria.fr\/SIvaldi\/wp-json\/wp\/v2\/types\/page"}],"author":[{"embeddable":true,"href":"https:\/\/members.loria.fr\/SIvaldi\/wp-json\/wp\/v2\/users\/53"}],"replies":[{"embeddable":true,"href":"https:\/\/members.loria.fr\/SIvaldi\/wp-json\/wp\/v2\/comments?post=749"}],"version-history":[{"count":42,"href":"https:\/\/members.loria.fr\/SIvaldi\/wp-json\/wp\/v2\/pages\/749\/revisions"}],"predecessor-version":[{"id":1424,"href":"https:\/\/members.loria.fr\/SIvaldi\/wp-json\/wp\/v2\/pages\/749\/revisions\/1424"}],"wp:attachment":[{"href":"https:\/\/members.loria.fr\/SIvaldi\/wp-json\/wp\/v2\/media?parent=749"}],"curies":[{"name":"wp","href":"https:\/\/api.w.org\/{rel}","templated":true}]}}