{"id":903,"date":"2020-05-10T16:06:01","date_gmt":"2020-05-10T14:06:01","guid":{"rendered":"http:\/\/members.loria.fr\/SIvaldi\/?page_id=903"},"modified":"2021-11-17T11:15:31","modified_gmt":"2021-11-17T09:15:31","slug":"exoturn-2020","status":"publish","type":"page","link":"https:\/\/members.loria.fr\/SIvaldi\/projets\/exoturn-2020\/","title":{"rendered":"EXOTURN (2020-2021)"},"content":{"rendered":"<h3 style=\"text-align: center\">EXOTURN<\/h3>\n<p style=\"text-align: center\">(Inria-COVID project; 2020-2021)<\/p>\n<div class=\"page\" title=\"Page 2\">\n<div class=\"section\">\n<div class=\"layoutArea\">\n<div class=\"column\">\n<p>ExoTurn is an interdisciplinary project that was rapidly started in March 2020 to help the Hospital of Nancy in the fight against the COVID-19. The project is coordinated jointly by Serena Ivaldi (Inria) and Dr. Nicla Settembre (Hospital of Nancy) with the participation of INRS, CNRS and University of Lorraine.<\/p>\n<p>The goal of the project is to investigate the feasibility and help of back-support exoskeletons to assist the medical staff during the exhausting procedures of Prone Positioning (PP) maneuvers in the ICU. Prone Positioning is a complex procedure that is necessary during treatment of acute respiratory distress syndrome (ARDS) to optimise oxygenation.<\/p>\n<p>Between March and April 2020, we conducted a pilot study in simulation at the Simulation Center of the Hospital of Nancy (<em>H\u00f4pital Virtuel de Lorraine &#8211; HVL<\/em>), to evaluate the need of back-support and probe into 4 commercial exoskeleton to find the most suitable to assist the medical staff in this task. We identified a promising candidate in the passive exoskeleton Laevo. In a second phase, the Laevo was used in the ICU by volunteers of a PP team. The participants perceived a physical benefit in using the exoskeleton, and a positive acceptance of this technology was observed in both the users of the exoskeleton and their colleagues. A short letter describing the pilot study was published in May 2020 in the journal Annals of Physical and Rehabilitation Medecine.<\/p>\n<p>We conducted further experiments to clarify the beneficial effects of the exoskeleton for PP maneuvers, particularly with validated physiological measures (EMG, EKG). The experiments were carried out again in the HVL, with the Laevo exoskeleton worn by two volunteer physicians that used it in the ICU.<\/p>\n<p>During the second wave of COVID-19 (October 2020 &#8211; May 2021) 4 exoskeletons were deployed in the ICU of the Hospital of Nancy to face with the increasing workload of physicians. In a first phase, the exoskeletons were shared among the physicians: more than 60 physicians used it. However, the shared mode was not optimal in terms of workflow and was causing organizational issues and sometimes frustration due to extra fitting time. In a second phase, the exoskeletons were assigned to specific individuals: this use was more efficient for the selected physicians. A paper describing the experimental studies, the feedback from the use in ICU and providing all the materials and methods was published in July 2021 in the Applied Human Factors and Ergonomics conference (AHFE 2021).<\/p>\n<p>The project Exoturn is over, but we are continuing to investigate other ways to assist the physicians and the nurses in daily tasks with exoskeletons.<\/p>\n<\/div>\n<\/div>\n<\/div>\n<\/div>\n<h3>Partners<\/h3>\n<ul>\n<li><a href=\"http:\/\/www.chu-nancy.fr\/\">Hospital of Nancy (CHRU Nancy)<\/a>: Dr. Nicla Settembre (co-coordinator), Prof. Bruno Chenuel, Prof. Jean Paysant, Dr. Jean-Marc Sellal, Dr. Antoine Kimmoun, Prof. Bruno Levy<\/li>\n<li>Inria \/ CNRS \/ <a href=\"https:\/\/www.loria.fr\/fr\/\">Loria<\/a>: <a href=\"https:\/\/members.loria.fr\/SIvaldi\/\">Serena Ivaldi<\/a> (co-coordinator), <a href=\"https:\/\/sites.google.com\/site\/paulinejomaurice\/\">Pauline Maurice<\/a><\/li>\n<li><a href=\"http:\/\/www.hvl.healthcare\/\">Virtual Hospital of Lorraine \/ H\u00f4pital Virtuel de Lorraine (CUESIM)<\/a>: Hind Hani, Catherine Strasser<\/li>\n<li><a href=\"http:\/\/www.inrs.fr\/\">INRS<\/a>: Jean Theurel, Laurent Claudon, Agnes Aublet-Cuvelier, Lien Wiolande<\/li>\n<\/ul>\n<h3>Publications<\/h3>\n<ul>\n<li>Settembre, N.; Maurice, P.; Paysant, J.; Theurel, J.; Claudon, L.; Kimmoun, A.; Levy, B.; Chenuel, B.; Ivaldi, S. (2020) <strong>The use of exoskeletons to help with prone positioning in the intensive care unit during COVID-19<\/strong>. <em>Annals of Physical and Rehabilitation Medecine<\/em>. https:\/\/doi.org\/10.1016\/j.rehab.2020.05.004<br \/>\n[<a href=\"https:\/\/www.ncbi.nlm.nih.gov\/pmc\/articles\/PMC7284226\/pdf\/main.pdf\">PDF<\/a> | <a href=\"https:\/\/www.sciencedirect.com\/science\/article\/abs\/pii\/S1877065720301111\">web<\/a>]<\/li>\n<li>Ivaldi, S.; Maurice, P.; Gomez, W.; Theurel, J.; Wioland, L.; Atain-Kouadio, J.-J.; Claudon, L.; Hani, H.; Kimmoun, A.; Sellal, J.-M.; Levy, B.; Paysant, J.; Malikov, S.; Chenuel, B.; Settembre, N. (2102) <strong>Using exoskeletons to assist medical staff during prone positioning of mechanically ventilated COVID-19 patients: a pilot study.<\/strong> <em>Int. Conf. Applied Human Factors and Ergonomics (AHFE 2021)<\/em>.<br \/>\n[<a href=\"https:\/\/hal.archives-ouvertes.fr\/hal-03137133\/document\">PDF preprint with all supplementary materials<\/a>]<\/li>\n<\/ul>\n<h3>Video (in English)<\/h3>\n<p style=\"text-align: left\"><em>Presentation of our work at the international conference Applied Human Factors and Ergonomics (AHFE 2021):<\/em><\/p>\n<p style=\"text-align: center\">\n<!-- iframe plugin v.6.0 wordpress.org\/plugins\/iframe\/ -->\n<iframe loading=\"lazy\" src=\"https:\/\/www.youtube.com\/embed\/z3NQ5He4o38\" width=\"560\" height=\"315\" frameborder=\"0\" allowfullscreen=\"allowfullscreen\" scrolling=\"yes\" class=\"iframe-class\"><\/iframe>\n<\/p>\n<h3>Video (in French)<\/h3>\n<p><em>Pr\u00e9sentation des travaux au congr\u00e8s de la Soci\u00e9t\u00e9 de Biom\u00e9canique 2021:<\/em><\/p>\n<p style=\"text-align: center\">\n<!-- iframe plugin v.6.0 wordpress.org\/plugins\/iframe\/ -->\n<iframe loading=\"lazy\" src=\"https:\/\/www.youtube.com\/embed\/y_SXzIZ3BuY\" width=\"560\" height=\"315\" frameborder=\"0\" allowfullscreen=\"allowfullscreen\" scrolling=\"yes\" class=\"iframe-class\"><\/iframe>\n<\/p>\n<p><em>Pr\u00e9sentation de l&#8217;Hopital Virtuel de Lorraine (CUESIM):<\/em><\/p>\n<p style=\"text-align: center\">\n<!-- iframe plugin v.6.0 wordpress.org\/plugins\/iframe\/ -->\n<iframe loading=\"lazy\" src=\"https:\/\/www.youtube.com\/embed\/_yjdVm0p_iE\" width=\"560\" height=\"315\" frameborder=\"0\" allowfullscreen=\"allowfullscreen\" scrolling=\"yes\" class=\"iframe-class\"><\/iframe>\n<\/p>\n<h3>Photos<\/h3>\n<p><em>Click on the photo to get it in high resolution<\/em><\/p>\n<p><a href=\"http:\/\/members.loria.fr\/SIvaldi\/wp-content\/blogs.dir\/70\/files\/sites\/70\/2020\/06\/photo_laurent_philay_officiel-scaled.jpg\"><img loading=\"lazy\" decoding=\"async\" class=\"alignnone size-medium wp-image-952\" src=\"http:\/\/members.loria.fr\/SIvaldi\/wp-content\/blogs.dir\/70\/files\/sites\/70\/2020\/06\/photo_laurent_philay_officiel-300x200.jpg\" alt=\"\" width=\"300\" height=\"200\" srcset=\"https:\/\/members.loria.fr\/SIvaldi\/wp-content\/blogs.dir\/70\/files\/sites\/70\/2020\/06\/photo_laurent_philay_officiel-300x200.jpg 300w, https:\/\/members.loria.fr\/SIvaldi\/wp-content\/blogs.dir\/70\/files\/sites\/70\/2020\/06\/photo_laurent_philay_officiel-1024x683.jpg 1024w, https:\/\/members.loria.fr\/SIvaldi\/wp-content\/blogs.dir\/70\/files\/sites\/70\/2020\/06\/photo_laurent_philay_officiel-768x512.jpg 768w, https:\/\/members.loria.fr\/SIvaldi\/wp-content\/blogs.dir\/70\/files\/sites\/70\/2020\/06\/photo_laurent_philay_officiel-1536x1024.jpg 1536w, https:\/\/members.loria.fr\/SIvaldi\/wp-content\/blogs.dir\/70\/files\/sites\/70\/2020\/06\/photo_laurent_philay_officiel-2048x1365.jpg 2048w\" sizes=\"auto, (max-width: 300px) 100vw, 300px\" \/><\/a><br \/>\nThe Xsens MVN suit is used to track the motion of the humans performing the PP maneuver.<\/p>\n<p><a href=\"http:\/\/members.loria.fr\/SIvaldi\/wp-content\/blogs.dir\/70\/files\/sites\/70\/2020\/06\/cuesim_head_with_exo_with_copyright.jpg\"><img loading=\"lazy\" decoding=\"async\" class=\"alignnone size-medium wp-image-953\" src=\"http:\/\/members.loria.fr\/SIvaldi\/wp-content\/blogs.dir\/70\/files\/sites\/70\/2020\/06\/cuesim_head_with_exo_with_copyright-300x218.jpg\" alt=\"\" width=\"300\" height=\"218\" srcset=\"https:\/\/members.loria.fr\/SIvaldi\/wp-content\/blogs.dir\/70\/files\/sites\/70\/2020\/06\/cuesim_head_with_exo_with_copyright-300x218.jpg 300w, https:\/\/members.loria.fr\/SIvaldi\/wp-content\/blogs.dir\/70\/files\/sites\/70\/2020\/06\/cuesim_head_with_exo_with_copyright-1024x745.jpg 1024w, https:\/\/members.loria.fr\/SIvaldi\/wp-content\/blogs.dir\/70\/files\/sites\/70\/2020\/06\/cuesim_head_with_exo_with_copyright-768x559.jpg 768w, https:\/\/members.loria.fr\/SIvaldi\/wp-content\/blogs.dir\/70\/files\/sites\/70\/2020\/06\/cuesim_head_with_exo_with_copyright-1536x1118.jpg 1536w, https:\/\/members.loria.fr\/SIvaldi\/wp-content\/blogs.dir\/70\/files\/sites\/70\/2020\/06\/cuesim_head_with_exo_with_copyright.jpg 2000w\" sizes=\"auto, (max-width: 300px) 100vw, 300px\" \/><\/a><br \/>\nTwo Laevo exoskeletons tested by physicians performing a PP on a patient simulator in the Virtual Hospital of Lorraine (CUESim).<\/p>\n<p><a href=\"http:\/\/members.loria.fr\/SIvaldi\/wp-content\/blogs.dir\/70\/files\/sites\/70\/2021\/02\/exo_back_CHRU.jpeg\"><img loading=\"lazy\" decoding=\"async\" class=\"alignnone size-medium wp-image-1051\" src=\"http:\/\/members.loria.fr\/SIvaldi\/wp-content\/blogs.dir\/70\/files\/sites\/70\/2021\/02\/exo_back_CHRU-200x300.jpeg\" alt=\"\" width=\"200\" height=\"300\" srcset=\"https:\/\/members.loria.fr\/SIvaldi\/wp-content\/blogs.dir\/70\/files\/sites\/70\/2021\/02\/exo_back_CHRU-200x300.jpeg 200w, https:\/\/members.loria.fr\/SIvaldi\/wp-content\/blogs.dir\/70\/files\/sites\/70\/2021\/02\/exo_back_CHRU-682x1024.jpeg 682w, https:\/\/members.loria.fr\/SIvaldi\/wp-content\/blogs.dir\/70\/files\/sites\/70\/2021\/02\/exo_back_CHRU-768x1152.jpeg 768w, https:\/\/members.loria.fr\/SIvaldi\/wp-content\/blogs.dir\/70\/files\/sites\/70\/2021\/02\/exo_back_CHRU-1024x1536.jpeg 1024w, https:\/\/members.loria.fr\/SIvaldi\/wp-content\/blogs.dir\/70\/files\/sites\/70\/2021\/02\/exo_back_CHRU.jpeg 1333w\" sizes=\"auto, (max-width: 200px) 100vw, 200px\" \/><\/a><br \/>\nThe Laevo exoskeleton must be worn under the protective blouse in the ICU.<\/p>\n<p><a href=\"http:\/\/members.loria.fr\/SIvaldi\/wp-content\/blogs.dir\/70\/files\/sites\/70\/2021\/02\/laevo_in_reanimation.png\"><img loading=\"lazy\" decoding=\"async\" class=\"alignnone size-medium wp-image-1064\" src=\"http:\/\/members.loria.fr\/SIvaldi\/wp-content\/blogs.dir\/70\/files\/sites\/70\/2021\/02\/laevo_in_reanimation-300x183.png\" alt=\"\" width=\"300\" height=\"183\" srcset=\"https:\/\/members.loria.fr\/SIvaldi\/wp-content\/blogs.dir\/70\/files\/sites\/70\/2021\/02\/laevo_in_reanimation-300x183.png 300w, https:\/\/members.loria.fr\/SIvaldi\/wp-content\/blogs.dir\/70\/files\/sites\/70\/2021\/02\/laevo_in_reanimation.png 682w\" sizes=\"auto, (max-width: 300px) 100vw, 300px\" \/><\/a><br \/>\nThe real situation of Prone Positioning in the ICU (this is a screenshot from the France 5 TV reportage).<\/p>\n<h3>In the press<\/h3>\n<ul>\n<li><a href=\"https:\/\/recherchecovid.enseignementsup-recherche.gouv.fr\/utiliser-les-exosquelettes-pour-aider-le-personnel-soignant-en-reanimation-grace-au-projet-exoturn\">Official article in the French government website<\/a> <strong>La Recherche mobilis\u00e9e &#8211; COVID-19<\/strong><\/li>\n<li>Article in <strong>Inria&#8217;s website<\/strong> (<a href=\"https:\/\/www.inria.fr\/fr\/mission-covid-exoturn\">French<\/a>, <a href=\"https:\/\/www.inria.fr\/en\/mission-covid-exoturn\">English<\/a>)<\/li>\n<li><strong>La Semaine<\/strong> (2020)\u00a0 <a href=\"https:\/\/www.loria.fr\/wp-content\/uploads\/2020\/06\/lsn_exosquelettes_personnel_rea_opt.pdf\"><em>Des exosquelettes pour soulager le personnel de r\u00e9animation<\/em><\/a><\/li>\n<li><strong>L&#8217;Est R\u00e9publicain <\/strong> (2020)\u00a0<a href=\"https:\/\/www.estrepublicain.fr\/sante\/2020\/11\/08\/un-exosquelette-pour-aider-les-soignants-du-covid-19-en-rea\">Un exosquelette pour aider les soignants du Covid-19 en r\u00e9a<\/a><\/li>\n<li><strong>Travail &amp; Securit\u00e9 <\/strong>(2020) <a href=\"http:\/\/www.travail-et-securite.fr\/dms\/ts\/RevueTS\/2020\/TI-TS817-pdf\/TS817.pdf\">Des exosquelettes en renfort \u00e0 la r\u00e9animation.<\/a><\/li>\n<li><strong>Le Journal CNRS <\/strong>(2020) <a href=\"https:\/\/news.cnrs.fr\/articles\/exoskeletons-to-relieve-healthcare-workers\">Exoskeletons to relieve health workers<\/a><\/li>\n<li><strong>Essentiel Sant\u00e9 Magazine<\/strong> (2021) <a href=\"https:\/\/www.essentiel-sante-magazine.fr\/sante\/innovation\/lhopital-face-au-covid-19-les-exosquelettes-pretent-main-forte-aux-equipes-de-reanimation\">L\u2019h\u00f4pital face au Covid-19 : les exosquelettes pr\u00eatent main forte aux \u00e9quipes de r\u00e9animation<\/a><\/li>\n<li><strong>Les Echos<\/strong> (2021) <a href=\"https:\/\/www.lesechos.fr\/pme-regions\/innovateurs\/exo-turn-aide-les-soignants-a-retourner-les-patients-en-reanimation-1294894\">ExoTurn aide les soignants \u00e0 retourner les patients en r\u00e9animation\u00a0<\/a><\/li>\n<\/ul>\n<h3>In TV<\/h3>\n<p><strong>France 5 <\/strong>(2020) Reportage with nice images of the exoskeletons used in the ICU (<a href=\"https:\/\/twitter.com\/Inria_Nancy\/status\/1337023555649892355\">tweet<\/a>)<\/p>\n<p><a href=\"http:\/\/members.loria.fr\/SIvaldi\/wp-content\/blogs.dir\/70\/files\/sites\/70\/2020\/12\/exoturn_france5.jpeg\"><img loading=\"lazy\" decoding=\"async\" class=\"size-medium wp-image-1035 aligncenter\" src=\"http:\/\/members.loria.fr\/SIvaldi\/wp-content\/blogs.dir\/70\/files\/sites\/70\/2020\/12\/exoturn_france5-300x182.jpeg\" alt=\"\" width=\"300\" height=\"182\" srcset=\"https:\/\/members.loria.fr\/SIvaldi\/wp-content\/blogs.dir\/70\/files\/sites\/70\/2020\/12\/exoturn_france5-300x182.jpeg 300w, https:\/\/members.loria.fr\/SIvaldi\/wp-content\/blogs.dir\/70\/files\/sites\/70\/2020\/12\/exoturn_france5-1024x621.jpeg 1024w, https:\/\/members.loria.fr\/SIvaldi\/wp-content\/blogs.dir\/70\/files\/sites\/70\/2020\/12\/exoturn_france5-768x465.jpeg 768w, https:\/\/members.loria.fr\/SIvaldi\/wp-content\/blogs.dir\/70\/files\/sites\/70\/2020\/12\/exoturn_france5-1536x931.jpeg 1536w, https:\/\/members.loria.fr\/SIvaldi\/wp-content\/blogs.dir\/70\/files\/sites\/70\/2020\/12\/exoturn_france5.jpeg 2000w\" sizes=\"auto, (max-width: 300px) 100vw, 300px\" \/><\/a><\/p>\n<p><strong>France 3 <\/strong>(2020) Reportage at the Virtual Hospital (CUESim) (<a href=\"https:\/\/france3-regions.francetvinfo.fr\/grand-est\/meurthe-et-moselle\/nancy\/nancy-2-exosquelettes-prets-soulager-soignants-prise-charge-patients-covid-1886044.html\">link to article of France 3 with the video extract<\/a>) (<a href=\"https:\/\/www.facebook.com\/185485434966919\/posts\/1486634034852046\/\">article of the CHRU Nancy<\/a>) (<a href=\"https:\/\/www.youtube.com\/watch?v=wpuMDkFUvSI&amp;ab_channel=France3GrandEst\">link video on youtube<\/a>)<a href=\"https:\/\/pbs.twimg.com\/media\/EcjNeraXsAEVbT2.jpg\"><img loading=\"lazy\" decoding=\"async\" class=\"aligncenter\" src=\"https:\/\/pbs.twimg.com\/media\/EcjNeraXsAEVbT2.jpg\" alt=\"\" width=\"293\" height=\"165\" \/><\/a><\/p>\n<h3>Acknowledgments<\/h3>\n<p>This project was partially funded by Inria, INRS and CHRU Nancy (internal funding), and partially by the European Commission through the project <a href=\"https:\/\/members.loria.fr\/SIvaldi\/projets\/andy-2017-2020\/\">AnDy.<\/a><\/p>\n","protected":false},"excerpt":{"rendered":"<p>EXOTURN (Inria-COVID project; 2020-2021) ExoTurn is an interdisciplinary project that was rapidly started in March 2020 to help the Hospital of Nancy in the fight against the COVID-19. The project is coordinated jointly by Serena Ivaldi (Inria) and Dr. Nicla Settembre (Hospital of Nancy) with the participation of INRS, CNRS and University of Lorraine. The [&hellip;]<\/p>\n","protected":false},"author":53,"featured_media":0,"parent":22,"menu_order":0,"comment_status":"closed","ping_status":"closed","template":"","meta":{"footnotes":""},"class_list":["post-903","page","type-page","status-publish","hentry"],"_links":{"self":[{"href":"https:\/\/members.loria.fr\/SIvaldi\/wp-json\/wp\/v2\/pages\/903","targetHints":{"allow":["GET"]}}],"collection":[{"href":"https:\/\/members.loria.fr\/SIvaldi\/wp-json\/wp\/v2\/pages"}],"about":[{"href":"https:\/\/members.loria.fr\/SIvaldi\/wp-json\/wp\/v2\/types\/page"}],"author":[{"embeddable":true,"href":"https:\/\/members.loria.fr\/SIvaldi\/wp-json\/wp\/v2\/users\/53"}],"replies":[{"embeddable":true,"href":"https:\/\/members.loria.fr\/SIvaldi\/wp-json\/wp\/v2\/comments?post=903"}],"version-history":[{"count":35,"href":"https:\/\/members.loria.fr\/SIvaldi\/wp-json\/wp\/v2\/pages\/903\/revisions"}],"predecessor-version":[{"id":1210,"href":"https:\/\/members.loria.fr\/SIvaldi\/wp-json\/wp\/v2\/pages\/903\/revisions\/1210"}],"up":[{"embeddable":true,"href":"https:\/\/members.loria.fr\/SIvaldi\/wp-json\/wp\/v2\/pages\/22"}],"wp:attachment":[{"href":"https:\/\/members.loria.fr\/SIvaldi\/wp-json\/wp\/v2\/media?parent=903"}],"curies":[{"name":"wp","href":"https:\/\/api.w.org\/{rel}","templated":true}]}}