{"id":320,"date":"2016-10-27T12:57:58","date_gmt":"2016-10-27T10:57:58","guid":{"rendered":"http:\/\/members.loria.fr\/SOuni\/?page_id=320"},"modified":"2025-03-19T14:19:55","modified_gmt":"2025-03-19T12:19:55","slug":"teaching","status":"publish","type":"page","link":"https:\/\/members.loria.fr\/SOuni\/accueil\/teaching\/","title":{"rendered":"Teaching"},"content":{"rendered":"<h3 style=\"font-weight: 400\">Teaching<\/h3>\n<ul>\n<li><strong>DUT Computer Science<\/strong> (since 2004), IUT Nancy-Charlemagne, University of Lorraine<\/li>\n<li><strong>Algorithmics &amp; Programming<\/strong>: Topics include algorithm design, data structures, and object-oriented programming.<\/li>\n<li><strong>Graphical Interfaces (JavaFX)<\/strong>: Covers design, components, MVC, and ergonomics.<\/li>\n<li><strong>Professional License<\/strong>, IUT Nancy-Charlemagne<\/li>\n<li><strong>User Interfaces &amp; Web Programming<\/strong>: Focus on ergonomics and adapting concepts to web applications.<\/li>\n<li><strong>Cognitive Science License<\/strong>, University of Lorraine<\/li>\n<li><strong>Innovative IT Projects<\/strong>: Encouraging innovation in IT, leading to the realization of creative projects.<\/li>\n<li><strong>Master\u2019s Programs<\/strong>, University of Lorraine<\/li>\n<li><strong>Game Design &amp; Serious Games<\/strong> (M1 SCA): Covers game design and development using Unity3D.<\/li>\n<li><strong>Speech Perception &amp; Analysis<\/strong> (M1 SCA): Focus on speech synthesis, audiovisual synthesis, and articulatory modeling.<\/li>\n<li><strong>Multimedia in Distributed Information Systems<\/strong> (M2 MIAGE): Techniques for multimedia distribution and synchronization over the web.<\/li>\n<li><strong>Multimodal Speech Communication<\/strong> (M2 Computer Science): Covers speech communication and its multimodal extension.<\/li>\n<li><strong>Speech Processing<\/strong> (M2 TAL): Focus on speech recognition, synthesis, and related techniques.<\/li>\n<li><strong>Algorithm Analysis &amp; Complexity<\/strong><\/li>\n<\/ul>\n<p>&nbsp;<\/p>\n<h3>Enseignement<\/h3>\n<ul>\n<li><strong>DUT Informatique<\/strong> (2004\u2013pr\u00e9sent), IUT Nancy-Charlemagne, Universit\u00e9 de Lorraine<\/li>\n<li>Enseignement des modules fondamentaux en algorithmique et programmation. Responsable des supports de cours, TD\/TP, examens et \u00e9valuations, en collaboration avec 2 \u00e0 4 enseignants.<\/li>\n<li><strong>Algorithmique &amp; Programmation<\/strong> : Conception d\u2019algorithmes, structures de donn\u00e9es et programmation orient\u00e9e objet.<\/li>\n<li><strong>Interfaces Graphiques (JavaFX)<\/strong> : Conception, composants, MVC et ergonomie.<\/li>\n<li><strong>Licence Professionnelle<\/strong> (2009\u20132012), IUT Nancy-Charlemagne<\/li>\n<li><strong>Interfaces Utilisateurs &amp; Programmation Web<\/strong> : Ergonomie et adaptation des concepts aux applications web.<\/li>\n<li><strong>Licence en Sciences Cognitives<\/strong> (2013\u20132014), Universit\u00e9 de Lorraine<\/li>\n<li><strong>Projets Informatiques Innovants<\/strong> : Encouragement \u00e0 l\u2019innovation et r\u00e9alisation de projets informatiques cr\u00e9atifs.<\/li>\n<li><strong>Programmes de Master<\/strong> (2013\u2013pr\u00e9sent), Universit\u00e9 de Lorraine<\/li>\n<li><strong>Game Design &amp; Serious Games<\/strong> (M1 SCA) : Conception de jeux et d\u00e9veloppement avec Unity3D.<\/li>\n<li><strong>Analyse et Perception de la Parole<\/strong> (M1 SCA) : Synth\u00e8se vocale, synth\u00e8se audiovisuelle et mod\u00e9lisation articulatoire.<\/li>\n<li><strong>Multim\u00e9dia dans les Syst\u00e8mes d\u2019Information Distribu\u00e9s<\/strong> (M2 MIAGE) : Techniques de distribution multim\u00e9dia et synchronisation sur le web.<\/li>\n<li><strong>Communication Parl\u00e9e Multimodale<\/strong> (M2 Informatique) : Communication parl\u00e9e et son extension multimodale.<\/li>\n<li><strong>Traitement de la Parole<\/strong> (M2 TAL) : Reconnaissance et synth\u00e8se de la parole et techniques associ\u00e9es.<\/li>\n<\/ul>\n","protected":false},"excerpt":{"rendered":"<p>Teaching<\/p>\n<ul>\n<li>DUT Computer Science (since 2004), IUT Nancy-Charlemagne, University of Lorraine<\/li>\n<li>Algorithmics &amp; Programming: Topics include algorithm design, data structures, and object-oriented programming.<\/li>\n<li>Graphical Interfaces (JavaFX): Covers design, components, MVC, and ergonomics.<\/li>\n<li>Professional License, IUT Nancy-Charlemagne<\/li>\n<li>User Interfaces &amp; Web Programming: Focus on ergonomics and adapting concepts to web applications.<\/li>\n<li>Cognitive Science License, University of Lorraine<\/li>\n<li>Innovative IT Projects: Encouraging innovation in IT, leading to the realization of creative projects.<\/li>\n<li>Master\u2019s Programs, University of Lorraine<\/li>\n<li>Game Design &amp; Serious Games (M1 SCA): Covers game design and development using Unity3D.<\/li>\n<\/ul>\n","protected":false},"author":116,"featured_media":0,"parent":56,"menu_order":0,"comment_status":"closed","ping_status":"closed","template":"","meta":{"footnotes":""},"class_list":["post-320","page","type-page","status-publish","hentry"],"_links":{"self":[{"href":"https:\/\/members.loria.fr\/SOuni\/wp-json\/wp\/v2\/pages\/320","targetHints":{"allow":["GET"]}}],"collection":[{"href":"https:\/\/members.loria.fr\/SOuni\/wp-json\/wp\/v2\/pages"}],"about":[{"href":"https:\/\/members.loria.fr\/SOuni\/wp-json\/wp\/v2\/types\/page"}],"author":[{"embeddable":true,"href":"https:\/\/members.loria.fr\/SOuni\/wp-json\/wp\/v2\/users\/116"}],"replies":[{"embeddable":true,"href":"https:\/\/members.loria.fr\/SOuni\/wp-json\/wp\/v2\/comments?post=320"}],"version-history":[{"count":3,"href":"https:\/\/members.loria.fr\/SOuni\/wp-json\/wp\/v2\/pages\/320\/revisions"}],"predecessor-version":[{"id":759,"href":"https:\/\/members.loria.fr\/SOuni\/wp-json\/wp\/v2\/pages\/320\/revisions\/759"}],"up":[{"embeddable":true,"href":"https:\/\/members.loria.fr\/SOuni\/wp-json\/wp\/v2\/pages\/56"}],"wp:attachment":[{"href":"https:\/\/members.loria.fr\/SOuni\/wp-json\/wp\/v2\/media?parent=320"}],"curies":[{"name":"wp","href":"https:\/\/api.w.org\/{rel}","templated":true}]}}