{"id":56,"date":"2015-06-16T13:44:07","date_gmt":"2015-06-16T11:44:07","guid":{"rendered":"http:\/\/members.loria.fr\/thierrygartiser\/?page_id=56"},"modified":"2023-05-25T16:15:25","modified_gmt":"2023-05-25T14:15:25","slug":"accueil","status":"publish","type":"page","link":"https:\/\/members.loria.fr\/SPogodalla\/","title":{"rendered":"Welcome"},"content":{"rendered":"<p>Since November 1st 2002, I am research scientist (Charg\u00e9 de Recherche, CR) at <a href=\"http:\/\/www.inria.fr\">INRIA<\/a> (INRIA Nancy \u2014 Grand Est, <a href=\"http:\/\/www.loria.fr\">LORIA<\/a> Lab) as member of the research team <a href=\"http:\/\/semagramme.loria.fr\">S\u00e9magramme<\/a> (formerly Calligramme). My CV (in French) is available <a href=\"http:\/\/members.loria.fr\/SPogodalla\/wp-content\/blogs.dir\/111\/files\/sites\/111\/2016\/08\/cv-short-french.pdf\">here<\/a>.<\/p>\n<h4 class=\"cv\">Research Interests<\/h4>\n<ul>\n<li>computational linguistics;<\/li>\n<li>generation;<\/li>\n<li>linear logic;<\/li>\n<li>proof theory;<\/li>\n<li>proof nets;<\/li>\n<li><a href=\"http:\/\/acg.loria.fr\/\">abstract categorial grammars<\/a> (ACGs)<\/li>\n<\/ul>\n<h4 class=\"cv\">Software<\/h4>\n<p>I am the main developper of <strong>ACGtk<\/strong>, the <a href=\"https:\/\/gitlab.inria.fr\/ACG\/dev\/ACGtk\">ACG develpment toolkit<\/a>.<\/p>\n<h4 class=\"cv\">Scientific Animation and Grants<\/h4>\n<table  class=\"inline table table-hover\" >\n<tbody>\n<tr class=\"row1\">\n<td class=\"col0\">2009\u20142012<\/td>\n<td class=\"col1\">Head of the Commission des D\u00e9veloppements Technologiques (CDT) of the Nancy Inria Research Center<\/td>\n<\/tr>\n<tr class=\"row2\">\n<td class=\"col0\">2009\u2014<\/td>\n<td class=\"col1\">Member of the editorial board of the journal <a href=\"http:\/\/www.atala.org\/revuetal\">Traitement Automatique des Langues<\/a><\/td>\n<\/tr>\n<tr class=\"row3\">\n<td class=\"col0\">2009\u20142010<\/td>\n<td class=\"col1\">Principal investigator of the INRIA collaborative research project (ARC) <a href=\"https:\/\/members.loria.fr\/SPogodalla\/files\/cauld\">CAuLD<\/a><\/td>\n<\/tr>\n<tr class=\"row4\">\n<td class=\"col0\">2011\u2014<\/td>\n<td class=\"col1\">Member of the steering committee of the <a href=\"https:\/\/lacl.gitlabpages.inria.fr\/lacl\/\">LACL conferences<\/a><\/td>\n<\/tr>\n<tr class=\"row5\">\n<td class=\"col0\">2011\u20142013<\/td>\n<td class=\"col1\">Local coordinator for the <a href=\"https:\/\/lct-master.org\/\">Erasmus Mundus master in Language and Communitation Technology<\/a> (LCT), University of Lorraine<\/td>\n<\/tr>\n<tr class=\"row6\">\n<td class=\"col0\">2012\u20142016<\/td>\n<td class=\"col1\">Principal investigator of the <a href=\"http:\/\/semagramme.loria.fr\/doku.php?id=projects:polymnie\">Polymnie<\/a> ANR project<\/td>\n<\/tr>\n<\/tbody>\n<\/table>\n<h4 class=\"cv\">Committee Membership<\/h4>\n<ul>\n<li class=\"p1\">Member of the editorial board of the journal <a href=\"http:\/\/www.atala.org\/revuetal\">Traitement Automatique des Langues<\/a> (since 2009).<\/li>\n<li class=\"p1\">Co-chair of the program committee and of the organization committee of the Journ\u00e9es S\u00e9mantiques et Mod\u00e9lisation (JSM\u201910), 2010, Nancy.<\/li>\n<li class=\"p1\">Member of the steering committee of the LACL conferences (since 2011).<\/li>\n<li class=\"p1\">Co-chair of the Logical Aspects of Computational Linguistics conference <a href=\"https:\/\/lacl.gitlabpages.inria.fr\/lacl\/lacl-2011\/\">LACL 2011<\/a> and <a href=\"https:\/\/lacl.gitlabpages.inria.fr\/lacl\/lacl-2016\/\">LACL 2016<\/a>.<\/li>\n<li class=\"p1\">Member of the standing committee of the <a href=\"http:\/\/fg.phil.hhu.de\/\">Formal Grammar conferences<\/a> (from 2016 to 2019).<\/li>\n<li class=\"p1\">Co-chair of the program committee and of the organization committee of the <a href=\"https:\/\/jep-taln2020.loria.fr\/\">6e conf\u00e9rence conjointe Journ\u00e9es d\u2019\u00c9tudes sur la Parole (JEP, 33e \u00e9dition), Traitement Automatique des Langues Naturelles (TALN, 27e \u00e9dition), Rencontre des \u00c9tudiants Chercheurs en Informatique pour le Traitement Automatique des Langues (R\u00c9CITAL, 22e \u00e9dition)<\/a>, (JEP-TALN-R\u00c9CITAL 2020), 2020, Nancy.<\/li>\n<\/ul>\n","protected":false},"excerpt":{"rendered":"<p>Since November 1st 2002, I am research scientist (Charg\u00e9 de Recherche, CR) at INRIA (INRIA Nancy \u2014 Grand Est, LORIA Lab) as member of the research team S\u00e9magramme (formerly Calligramme). My CV (in French) is available here. Research Interests computational linguistics; generation; linear logic; proof theory; proof nets; abstract categorial grammars (ACGs) Software I am [&hellip;]<\/p>\n","protected":false},"author":5,"featured_media":0,"parent":0,"menu_order":0,"comment_status":"closed","ping_status":"closed","template":"","meta":{"footnotes":""},"class_list":["post-56","page","type-page","status-publish","hentry"],"_links":{"self":[{"href":"https:\/\/members.loria.fr\/SPogodalla\/wp-json\/wp\/v2\/pages\/56","targetHints":{"allow":["GET"]}}],"collection":[{"href":"https:\/\/members.loria.fr\/SPogodalla\/wp-json\/wp\/v2\/pages"}],"about":[{"href":"https:\/\/members.loria.fr\/SPogodalla\/wp-json\/wp\/v2\/types\/page"}],"author":[{"embeddable":true,"href":"https:\/\/members.loria.fr\/SPogodalla\/wp-json\/wp\/v2\/users\/5"}],"replies":[{"embeddable":true,"href":"https:\/\/members.loria.fr\/SPogodalla\/wp-json\/wp\/v2\/comments?post=56"}],"version-history":[{"count":28,"href":"https:\/\/members.loria.fr\/SPogodalla\/wp-json\/wp\/v2\/pages\/56\/revisions"}],"predecessor-version":[{"id":280,"href":"https:\/\/members.loria.fr\/SPogodalla\/wp-json\/wp\/v2\/pages\/56\/revisions\/280"}],"wp:attachment":[{"href":"https:\/\/members.loria.fr\/SPogodalla\/wp-json\/wp\/v2\/media?parent=56"}],"curies":[{"name":"wp","href":"https:\/\/api.w.org\/{rel}","templated":true}]}}