{"id":22,"date":"2015-06-15T11:01:33","date_gmt":"2015-06-15T09:01:33","guid":{"rendered":"http:\/\/members.loria.fr\/thierrygartiser\/?page_id=22"},"modified":"2017-07-18T11:29:05","modified_gmt":"2017-07-18T09:29:05","slug":"projets","status":"publish","type":"page","link":"https:\/\/members.loria.fr\/SRimbert\/projets\/","title":{"rendered":"Encadrements"},"content":{"rendered":"<h3>\u00a02017 : Encadrement de Sylvain Gaborit<\/h3>\n<p>Master 1 -Ecole des Mines<\/p>\n<p>Interfaces cerveau-ordinateur pour la r\u00e9education post-AVC : \u00a0apport d&rsquo;un environnement de stimulation affordant<\/p>\n<div><\/div>\n<h3>2017 : Encadrement de\u00a0Rahaf Al-Chwa<\/h3>\n<p>Master 1- Biologie Science de la Vie et de la Sant\u00e9<\/p>\n<p><a href=\"https:\/\/hal.inria.fr\/hal-01514998\"><b>Etude de l&rsquo;activit\u00e9 c\u00e9r\u00e9brale motrice lors de mouvements volontaires isol\u00e9s et r\u00e9p\u00e9t\u00e9s<\/b><\/a><\/p>\n<p>&nbsp;<\/p>\n<h3>2016 : Encadrement de Jimmy Nex<\/h3>\n<p>Master 2-Mention Sciences Cognitives et M\u00e9dia Num\u00e9rique, Sp\u00e9cialit\u00e9 Apprentissage et Jeux S\u00e9rieux<\/p>\n<p><strong><a href=\"https:\/\/hal.inria.fr\/hal-01513226\">Etude multifactorielle pour am\u00e9liorer la g\u00e9n\u00e9ration et la reconnaissance d&rsquo;une imagination motrice<\/a>\u00a0<\/strong><\/p>\n<h1 class=\"title\"><\/h1>\n","protected":false},"excerpt":{"rendered":"<p>\u00a02017 : Encadrement de Sylvain Gaborit Master 1 -Ecole des Mines Interfaces cerveau-ordinateur pour la r\u00e9education post-AVC : \u00a0apport d&rsquo;un environnement de stimulation affordant 2017 : Encadrement de\u00a0Rahaf Al-Chwa Master 1- Biologie Science de la Vie et de la Sant\u00e9 Etude de l&rsquo;activit\u00e9 c\u00e9r\u00e9brale motrice lors de mouvements volontaires isol\u00e9s et r\u00e9p\u00e9t\u00e9s &nbsp; 2016 : [&hellip;]<\/p>\n","protected":false},"author":5,"featured_media":0,"parent":0,"menu_order":0,"comment_status":"closed","ping_status":"closed","template":"page-fullwidth.php","meta":{"footnotes":""},"class_list":["post-22","page","type-page","status-publish","hentry"],"_links":{"self":[{"href":"https:\/\/members.loria.fr\/SRimbert\/wp-json\/wp\/v2\/pages\/22","targetHints":{"allow":["GET"]}}],"collection":[{"href":"https:\/\/members.loria.fr\/SRimbert\/wp-json\/wp\/v2\/pages"}],"about":[{"href":"https:\/\/members.loria.fr\/SRimbert\/wp-json\/wp\/v2\/types\/page"}],"author":[{"embeddable":true,"href":"https:\/\/members.loria.fr\/SRimbert\/wp-json\/wp\/v2\/users\/5"}],"replies":[{"embeddable":true,"href":"https:\/\/members.loria.fr\/SRimbert\/wp-json\/wp\/v2\/comments?post=22"}],"version-history":[{"count":7,"href":"https:\/\/members.loria.fr\/SRimbert\/wp-json\/wp\/v2\/pages\/22\/revisions"}],"predecessor-version":[{"id":262,"href":"https:\/\/members.loria.fr\/SRimbert\/wp-json\/wp\/v2\/pages\/22\/revisions\/262"}],"wp:attachment":[{"href":"https:\/\/members.loria.fr\/SRimbert\/wp-json\/wp\/v2\/media?parent=22"}],"curies":[{"name":"wp","href":"https:\/\/api.w.org\/{rel}","templated":true}]}}