{"id":10,"date":"2015-06-15T10:23:49","date_gmt":"2015-06-15T08:23:49","guid":{"rendered":"http:\/\/members.loria.fr\/thierrygartiser\/?page_id=10"},"modified":"2023-10-18T09:54:55","modified_gmt":"2023-10-18T07:54:55","slug":"cv","status":"publish","type":"page","link":"https:\/\/members.loria.fr\/SSidhom\/cv\/","title":{"rendered":"CV"},"content":{"rendered":"<div class=\"important_div\" style=\"text-align: center\"><\/div>\n<h4>CV Sahbi SIDHOM<\/h4>\n<p>(on CCSD HAL France): <a href=\"https:\/\/cv.archives-ouvertes.fr\/sahbi-sidhom\">https:\/\/cv.archives-ouvertes.fr\/sahbi-sidhom<\/a><\/p>\n<h4><\/h4>\n<h4 class=\"cv\">Formations<\/h4>\n<ul>\n<li>2023 : HDR (Universit\u00e9 de Vincennes-Saint-Denis Paris8, France)<\/li>\n<li class=\"p1\"><span class=\"s1\">2002 : PhD (Universit\u00e9 Claude Bernard Lyon 1, France)<\/span><\/li>\n<li class=\"p1\"><span class=\"s1\">1996 : DEA (ENSSIB &#8211; Universit\u00e9 Lumi\u00e8re Lyon 2 &#8211; Universit\u00e9 Jean-Moulin Lyon 3, France)<\/span><\/li>\n<li class=\"p1\"><span class=\"s1\">1993 : <span id=\"result_box\" class=\"short_text\" lang=\"en\"><span class=\"\">Computer Science Engineering (Institut National d&rsquo;Informatique, Algeria)<\/span><\/span><br \/>\n<\/span><\/li>\n<li>Baccalaur\u00e9at Math\u00e9matiques et Sciences (Lyc\u00e9e Technique de l&rsquo;Ariana, Tunisia)<\/li>\n<\/ul>\n<h4 class=\"cv\">Exp\u00e9riences professionnelles<\/h4>\n<ul>\n<li class=\"p1\"><span class=\"s1\"><span class=\"portlet-font\">(since) 2004+ : Ma\u00eetre de Conf\u00e9rences (MCF.), Universit\u00e9 de Lorraine \u00e0 Nancy, France.<\/span><br \/>\n<\/span><\/li>\n<li class=\"p1\"><span class=\"s1\"><span class=\"portlet-font\">2001-2003 : Attach\u00e9 d&rsquo;enseignement &amp; recherche (ATER.), Institut de la Communication, Universit\u00e9 Lumi\u00e8re Lyon 2 et ENSSIB Lyon, France.<\/span><\/span><\/li>\n<li class=\"p1\"><span class=\"s1\">1999-2001 : <span class=\"portlet-font\">Ing\u00e9nieur de Recherche (R&amp;D) \u00e0 France-T\u00e9l\u00e9com Tech. (Lannion) et \u00e0 l&rsquo;Universit\u00e9 Claude Bernard Lyon 1 (Ezus Lyon), France.<br \/>\n<\/span><\/span><\/li>\n<li class=\"p1\"><span class=\"s1\">1993-1995 : <span class=\"portlet-font\">Ing\u00e9nieur de Recherche (R&amp;D) \u00e0 L&rsquo;IRSIT (Tunis), Tunisia.<\/span><\/span><\/li>\n<\/ul>\n<h4 class=\"cv\">Centres d&rsquo;int\u00e9r\u00eat et comp\u00e9tences<\/h4>\n<div id=\"skillbar_straight\" style=\"padding:10px 0;\"><\/p>\n<p><div class=\"skillbar clearfix\" data-percent=\"60%\" style=\"background: #eeeeee;\">\r\n\t\t\t\t<div class=\"skillbar-title\" style=\"background: #336699 !important;\"><span>Knowledge Organization (KO): from Patterns &amp; Collective or Social Tags to Decision<\/span><\/div>\r\n\t\t\t\t<div class=\"skillbar-bar\" style=\"background: #336699;\"><\/div>\r\n\t\t\t\t<div class=\"skill-bar-percent\">60%<\/div>\r\n\t\t\t<\/div><\/p>\n<p><div class=\"skillbar clearfix\" data-percent=\"40%\" style=\"background: #eeeeee;\">\r\n\t\t\t\t<div class=\"skillbar-title\" style=\"background: #336699 !important;\"><span>Automatic indexing and reindexing: from Information Design to Recommendation <\/span><\/div>\r\n\t\t\t\t<div class=\"skillbar-bar\" style=\"background: #336699;\"><\/div>\r\n\t\t\t\t<div class=\"skill-bar-percent\">40%<\/div>\r\n\t\t\t<\/div><\/p>\n<p><div class=\"skillbar clearfix\" data-percent=\"60%\" style=\"background: #eeeeee;\">\r\n\t\t\t\t<div class=\"skillbar-title\" style=\"background: #336699 !important;\"><span>NLP in Semantic Web: from Document Analysis to Automatic Indexing <\/span><\/div>\r\n\t\t\t\t<div class=\"skillbar-bar\" style=\"background: #336699;\"><\/div>\r\n\t\t\t\t<div class=\"skill-bar-percent\">60%<\/div>\r\n\t\t\t<\/div><\/p>\n<p><div class=\"skillbar clearfix\" data-percent=\"40%\" style=\"background: #eeeeee;\">\r\n\t\t\t\t<div class=\"skillbar-title\" style=\"background: #336699 !important;\"><span>Competitive Intelligence Systems: from Knowledge-Based Systems (KBS) to Decision-Making<\/span><\/div>\r\n\t\t\t\t<div class=\"skillbar-bar\" style=\"background: #336699;\"><\/div>\r\n\t\t\t\t<div class=\"skill-bar-percent\">40%<\/div>\r\n\t\t\t<\/div><\/p>\n<p><div class=\"skillbar clearfix\" data-percent=\"30%\" style=\"background: #eeeeee;\">\r\n\t\t\t\t<div class=\"skillbar-title\" style=\"background: #336699 !important;\"><span>Community Question-Answering (cQA) Management: Data &amp; Information processes<\/span><\/div>\r\n\t\t\t\t<div class=\"skillbar-bar\" style=\"background: #336699;\"><\/div>\r\n\t\t\t\t<div class=\"skill-bar-percent\">30%<\/div>\r\n\t\t\t<\/div><\/p>\n<p>\n<div style=\"clear:both;\"><\/div>\n<\/div>\n<div style=\"clear:both; height:10px; overflow:hidden;\"><\/div>\n<style type=\"text\/css\">.skillbar-title{font-size:px;color:;}.skill-bar-percent{font-size:px;color:;}<\/style><script>\r\n\t\t\t\tfunction sbar(){\r\n\t\t\t\t\tjQuery(\".skillbar\").each(function(){\r\n\t\t\t\t\t\tjQuery(this).find(\".skillbar-bar\").animate({\r\n\t\t\t\t\t\t\twidth:jQuery(this).attr(\"data-percent\")\r\n\t\t\t\t\t\t},3000);\r\n\t\t\t\t\t});\t\r\n\t\t\t\t}\r\n\t\t\t\tif ( jQuery(\"#skillbar_straight\").next().is(\":appeared\") ){\r\n\t\t\t\t\tsbar();\r\n\t\t\t\t} else {\r\n\t\t\t\t\tjQuery( window ).scroll(function() {\r\n\t\t\t\t\t\tif ( jQuery(\"#skillbar_straight\").next().is(\":appeared\") ){\r\n\t\t\t\t\t\t\tsbar();\r\n\t\t\t\t\t\t}\r\n\t\t\t\t\t});\r\n\t\t\t\t}\r\n\t\t\t\t<\/script>\n<p>&nbsp;<\/p>\n<h4 class=\"cv\">Scientific advising<\/h4>\n<div class=\"QmZWSe\">\n<div class=\"DHcWmd\"><span lang=\"en\">I am involved in the three levels of university training:<\/span><\/div>\n<ul>\n<li class=\"DHcWmd\"><span lang=\"en\">3rd cycle (doctoral degree): co-direction of Doctoral Thesis (ICS\/CNU71: information and communication sciences &amp; CS\/CNU27: computer science)<br \/>\n<\/span><\/li>\n<li class=\"DHcWmd\"><span lang=\"en\">2nd cycle (Master&rsquo;s degree): direction of Master Memory (ICS &amp; CS-cognitive science\/CNU27)<\/span><\/li>\n<li class=\"DHcWmd\"><span lang=\"en\">1st cycle (License diplomas): direction License Memory (ICS\/CNU71)<\/span><\/li>\n<\/ul>\n<\/div>\n","protected":false},"excerpt":{"rendered":"<p>CV Sahbi SIDHOM<\/p>\n<p>(on CCSD HAL France): <a href=\"https:\/\/cv.archives-ouvertes.fr\/sahbi-sidhom\">https:\/\/cv.archives-ouvertes.fr\/sahbi-sidhom<\/a><\/p>\n<p>Formations<\/p>\n<ul>\n<li>2023 : HDR (Universit\u00e9 de Vincennes-Saint-Denis Paris8, France)<\/li>\n<li class=\"p1\">2002 : PhD (Universit\u00e9 Claude Bernard Lyon 1, France)<\/li>\n<li class=\"p1\">1996 : DEA (ENSSIB &#8211; Universit\u00e9 Lumi\u00e8re Lyon 2 &#8211; Universit\u00e9 Jean-Moulin Lyon 3, France)<\/li>\n<li class=\"p1\">1993 : Computer Science Engineering (Institut National d&rsquo;Informatique, Algeria)\n<\/li>\n<li>Baccalaur\u00e9at Math\u00e9matiques et Sciences (Lyc\u00e9e Technique de l&rsquo;Ariana, Tunisia)<\/li>\n<\/ul>\n<p>Exp\u00e9riences professionnelles<\/p>\n<ul>\n<li class=\"p1\">(since) 2004+ : Ma\u00eetre de Conf\u00e9rences (MCF.), Universit\u00e9 de Lorraine \u00e0 Nancy, France.\n<\/li>\n<li class=\"p1\">2001-2003 : Attach\u00e9 d&rsquo;enseignement &amp;<\/li>\n<\/ul>\n","protected":false},"author":5,"featured_media":0,"parent":0,"menu_order":0,"comment_status":"closed","ping_status":"closed","template":"","meta":{"footnotes":""},"class_list":["post-10","page","type-page","status-publish","hentry"],"_links":{"self":[{"href":"https:\/\/members.loria.fr\/SSidhom\/wp-json\/wp\/v2\/pages\/10","targetHints":{"allow":["GET"]}}],"collection":[{"href":"https:\/\/members.loria.fr\/SSidhom\/wp-json\/wp\/v2\/pages"}],"about":[{"href":"https:\/\/members.loria.fr\/SSidhom\/wp-json\/wp\/v2\/types\/page"}],"author":[{"embeddable":true,"href":"https:\/\/members.loria.fr\/SSidhom\/wp-json\/wp\/v2\/users\/5"}],"replies":[{"embeddable":true,"href":"https:\/\/members.loria.fr\/SSidhom\/wp-json\/wp\/v2\/comments?post=10"}],"version-history":[{"count":102,"href":"https:\/\/members.loria.fr\/SSidhom\/wp-json\/wp\/v2\/pages\/10\/revisions"}],"predecessor-version":[{"id":460,"href":"https:\/\/members.loria.fr\/SSidhom\/wp-json\/wp\/v2\/pages\/10\/revisions\/460"}],"wp:attachment":[{"href":"https:\/\/members.loria.fr\/SSidhom\/wp-json\/wp\/v2\/media?parent=10"}],"curies":[{"name":"wp","href":"https:\/\/api.w.org\/{rel}","templated":true}]}}