{"id":22,"date":"2015-06-15T11:01:33","date_gmt":"2015-06-15T09:01:33","guid":{"rendered":"http:\/\/members.loria.fr\/thierrygartiser\/?page_id=22"},"modified":"2023-05-05T16:38:46","modified_gmt":"2023-05-05T14:38:46","slug":"projets","status":"publish","type":"page","link":"https:\/\/members.loria.fr\/SSidhom\/projets\/","title":{"rendered":"Projets"},"content":{"rendered":"<p class=\"p1\"><strong><span class=\"s1\">I am co-Founder &amp; President of academic conferences:<\/span><\/strong><\/p>\n<ul>\n<li><strong>2019+ : <\/strong>The <span style=\"color: #ff0000\"><strong>OCTA<\/strong> <\/span>international Multi-Conference on \u00ab Organization of Knowledge and Advanced Technologies \u00bb is a large-scale scientific event (<a href=\"https:\/\/multiconference-octa.loria.fr\/\">https:\/\/multiconference-octa.loria.fr\/<\/a>).<\/li>\n<li><strong>2019+ :<\/strong> The <span style=\"color: #ff0000\"><strong>TBMS<\/strong>\u00a0<\/span> international symposium on \u00ab Big-Data-Analytics Technologies for Strategic Management: innovation and competitiveness \u00bb,<\/li>\n<li>(<a href=\"https:\/\/tbms2019.loria.fr\/\">https:\/\/tbms2019.loria.fr\/<\/a>).<\/li>\n<li><strong>2018+ :<\/strong> The <span style=\"color: #ff0000\"><strong>CITED<\/strong> <\/span>international symposium on \u00ab\u00a0<em>Advanced Technologies, Renewable Energies and Economic Development<\/em>.\u00a0\u00bb (<a href=\"https:\/\/cited2019.loria.fr\/\">https:\/\/cited2019.loria.fr\/<\/a>)<\/li>\n<li class=\"p1\"><strong>2010+ : <\/strong>The <span style=\"color: #ff0000\"><strong>ISKO-Maghreb<\/strong><\/span> international symposium on<em> \u00ab\u00a0Knowlege Organization<\/em>\u00a0\u00bb\u00a0(<a href=\"http:\/\/isko-maghreb2019.loria.fr\">https:\/\/isko-maghreb2019.loria.fr<\/a>) and the international scholarly society of <a href=\"http:\/\/www.isko.org\">ISKO<\/a> &#8211; <a href=\"http:\/\/www.isko-maghreb.org\">Maghreb Chapter<\/a> (<a href=\"http:\/\/www.isko-maghreb.org\">www.isko-maghreb.org)<\/a><\/li>\n<li class=\"p1\"><strong>2008+ :<\/strong> The <span style=\"color: #ff0000\"><strong>SIIE<\/strong><\/span> international conference on \u00ab\u00a0<em>Information Systems &amp; Economic Intelligence.<\/em>\u00a0\u00bb (<a href=\"http:\/\/www.siie.fr\">www.siie.fr<\/a> &amp; <a href=\"https:\/\/siie2019.loria.fr\/\">https:\/\/siie2019.loria.fr<\/a>)<\/li>\n<\/ul>\n<p><strong><span class=\"s1\">I was involved in International &amp; European projects:<\/span><\/strong><\/p>\n<ul>\n<li class=\"p1\"><span style=\"color: #ff0000\"><strong>DEBORA<\/strong><\/span>\u00ae project : Digital accEss to Books of the RenAissance (http:\/\/cordis.europa.eu\/libraries\/en\/projects\/debora.html).<\/li>\n<li class=\"p1\"><span style=\"color: #ff0000\"><strong>ERUDIT<\/strong><\/span>\u00ae,\u00a0 <span style=\"color: #ff0000\"><strong>MILANO<\/strong><\/span>\u00ae &amp; <span style=\"color: #ff0000\"><strong>BALAENA<\/strong><\/span>\u00a9 projects: Banques de Renseignements en Langage Naturel (France T\u00e9l\u00e9com R&amp;D Lannion &#8211; Technopole Anticipa).<\/li>\n<li class=\"p1\"><span class=\"s1\"><span style=\"color: #ff0000\"><strong>TORJOMAN<\/strong><\/span>\u00ae project: syst\u00e8me de traduction assist\u00e9e par ordinateur anglais-arabe, compilation et analyse du langage naturel, s\u00e9mantique dans la conception des dictionnaires de traduction (http:\/\/www.irsit.rnrt.tn).<br \/>\n<\/span><\/li>\n<\/ul>\n<p><strong><span class=\"HwtZe\" lang=\"en\"><span class=\"jCAhz ChMk0b\"><span class=\"ryNqvb\">My own projects: <\/span><\/span><\/span><\/strong><strong><span class=\"HwtZe\" lang=\"en\"><span class=\"jCAhz ChMk0b\"><span class=\"ryNqvb\"><br \/>\n<\/span><\/span><\/span><\/strong><\/p>\n<div class=\"usGWQd\">\n<div class=\"KkbLmb\">\n<ul>\n<li class=\"lRu31\"><span class=\"HwtZe\" lang=\"en\"><span class=\"jCAhz ChMk0b\"><span class=\"ryNqvb\"><strong><span style=\"color: #ff0000\">SIMBAD<\/span> <\/strong>Platform (Multimedia Indexing System Based on Document Analysis):<\/span><\/span><\/span><\/li>\n<\/ul>\n<ol>\n<li style=\"list-style-type: none\">\n<ol>\n<li><span class=\"HwtZe\" lang=\"en\"> <span class=\"jCAhz ChMk0b\"><span class=\"ryNqvb\">sys.index for automatic indexing (SIMBAD1),<\/span><\/span> <\/span><\/li>\n<li><span class=\"HwtZe\" lang=\"en\"><span class=\"jCAhz ChMk0b\"><span class=\"ryNqvb\">sys.dico for dictionaries (SIMBAD2),<\/span><\/span> <\/span><\/li>\n<li><span class=\"HwtZe\" lang=\"en\"><span class=\"jCAhz ChMk0b\"><span class=\"ryNqvb\">sys.RI for information retreival (SIMBAD3),<\/span><\/span> <\/span><\/li>\n<li><span class=\"HwtZe\" lang=\"en\"><span class=\"jCAhz ChMk0b\"><span class=\"ryNqvb\">sys.annot for annotation (SIMBAD4),<\/span><\/span> <\/span><\/li>\n<li><span class=\"HwtZe\" lang=\"en\"><span class=\"jCAhz ChMk0b\"><span class=\"ryNqvb\">sys.SBC for knowledge organization &amp; decision (SIMBAD5),<\/span><\/span><\/span><\/li>\n<li><strong>in progress :<\/strong> sys.cQA for Community Question-Answering in strategic watch projects <span class=\"HwtZe\" lang=\"en\"><span class=\"jCAhz ChMk0b\"><span class=\"ryNqvb\">(SIMBAD6).<\/span><\/span><\/span><\/li>\n<\/ol>\n<\/li>\n<\/ol>\n<\/div>\n<\/div>\n<p><span class=\"HwtZe\" lang=\"en\"><span class=\"jCAhz ChMk0b\"><span class=\"ryNqvb\">\u00a0<\/span><\/span><\/span><\/p>\n","protected":false},"excerpt":{"rendered":"<p class=\"p1\">I am co-Founder &amp; President of academic conferences:<\/p>\n<ul>\n<li>2019+ : The OCTA international Multi-Conference on \u00ab Organization of Knowledge and Advanced Technologies \u00bb is a large-scale scientific event (<a href=\"https:\/\/multiconference-octa.loria.fr\/\">https:\/\/multiconference-octa.loria.fr\/<\/a>).<\/li>\n<li>2019+ : The TBMS\u00a0 international symposium on \u00ab Big-Data-Analytics Technologies for Strategic Management: innovation and competitiveness \u00bb,<\/li>\n<li>(<a href=\"https:\/\/tbms2019.loria.fr\/\">https:\/\/tbms2019.loria.fr\/<\/a>).<\/li>\n<li>2018+ : The CITED international symposium on \u00ab\u00a0<em>Advanced Technologies, Renewable Energies and Economic Development<\/em>.\u00a0\u00bb (<a href=\"https:\/\/cited2019.loria.fr\/\">https:\/\/cited2019.loria.fr\/<\/a>)<\/li>\n<li class=\"p1\">2010+ : The ISKO-Maghreb international symposium on<em> \u00ab\u00a0Knowlege Organization<\/em>\u00a0\u00bb\u00a0(<a href=\"http:\/\/isko-maghreb2019.loria.fr\">https:\/\/isko-maghreb2019.loria.fr<\/a>) and the international scholarly society of <a href=\"http:\/\/www.isko.org\">ISKO<\/a> &#8211;<\/li>\n<\/ul>\n","protected":false},"author":5,"featured_media":0,"parent":0,"menu_order":0,"comment_status":"closed","ping_status":"closed","template":"page-fullwidth.php","meta":{"footnotes":""},"class_list":["post-22","page","type-page","status-publish","hentry"],"_links":{"self":[{"href":"https:\/\/members.loria.fr\/SSidhom\/wp-json\/wp\/v2\/pages\/22","targetHints":{"allow":["GET"]}}],"collection":[{"href":"https:\/\/members.loria.fr\/SSidhom\/wp-json\/wp\/v2\/pages"}],"about":[{"href":"https:\/\/members.loria.fr\/SSidhom\/wp-json\/wp\/v2\/types\/page"}],"author":[{"embeddable":true,"href":"https:\/\/members.loria.fr\/SSidhom\/wp-json\/wp\/v2\/users\/5"}],"replies":[{"embeddable":true,"href":"https:\/\/members.loria.fr\/SSidhom\/wp-json\/wp\/v2\/comments?post=22"}],"version-history":[{"count":23,"href":"https:\/\/members.loria.fr\/SSidhom\/wp-json\/wp\/v2\/pages\/22\/revisions"}],"predecessor-version":[{"id":443,"href":"https:\/\/members.loria.fr\/SSidhom\/wp-json\/wp\/v2\/pages\/22\/revisions\/443"}],"wp:attachment":[{"href":"https:\/\/members.loria.fr\/SSidhom\/wp-json\/wp\/v2\/media?parent=22"}],"curies":[{"name":"wp","href":"https:\/\/api.w.org\/{rel}","templated":true}]}}