{"id":275,"date":"2016-07-08T16:38:14","date_gmt":"2016-07-08T14:38:14","guid":{"rendered":"http:\/\/members.loria.fr\/SSidhom\/?page_id=275"},"modified":"2023-09-27T14:53:46","modified_gmt":"2023-09-27T12:53:46","slug":"cours","status":"publish","type":"page","link":"https:\/\/members.loria.fr\/SSidhom\/cours\/","title":{"rendered":"Cours"},"content":{"rendered":"<p><strong>Pluridisciplinarit\u00e9 dans les enseignements :<\/strong><\/p>\n<p>Universit\u00e9 de Lorraine (site de Nancy) :<\/p>\n<ul>\n<li><strong><em>Information-Communication &amp; SHS :<\/em> <\/strong>Veille, Intelligence \u00e9conomique, Gestion des connaissances, M\u00e9thodologie de stage (probl\u00e9matisation &amp; m\u00e9moire), IST &amp; Documentation num\u00e9rique, Logiciels documentaires, M\u00e9thodologie de recherche d&rsquo;informations, Techniques d&rsquo;indexation, Techniques de l&rsquo;analyse documentaire, Bases de donn\u00e9es documentaires, Gestion de projets, Syst\u00e8mes d&rsquo;information, CMS (Content Management System), Th\u00e9ories de la r\u00e9ception, Management Strat\u00e9gique de l&rsquo;Information, Conception de syst\u00e8me d&rsquo;information (multim\u00e9dia), Th\u00e9orie de l&rsquo;information et du document, S\u00e9minaires de recherche (Intelligence strat\u00e9gique et comp\u00e9titive, Processus de d\u00e9cision, &#8230;), M\u00e9thode d&rsquo;analyse et d&rsquo;expertise en Communication Strat\u00e9gique, etc.<\/li>\n<li><em><strong>Sciences Po. :<\/strong><\/em> s\u00e9minaires en Intelligence \u00e9conomique, Knowledge Management, Information Design for Decision, &#8230;<\/li>\n<li><em><strong>Informatique :<\/strong><\/em> Programmation en C, C++, Javascript, PHP\/MySQL, Prolog, Gestion de projets (Tutoring), Gestion de Bases de Donn\u00e9es, Programmation web (DHTML\/XHTML\/XML, &#8230;),\u00a0 etc.<\/li>\n<li><em><strong>IUT-s :<\/strong><\/em> \u00a0 Gestion de projets (personnel &amp; professionnel), Cartes conceptuelles (ou heuristiques), Programmation pour le web, CMS, Administration web (serveurs BDD, applications,&#8230;), &#8230;<\/li>\n<\/ul>\n<p>Autres Universit\u00e9s (\u00e0 l&rsquo;international) :<\/p>\n<ul>\n<li><em><strong>\u00c9cole de commerce. :<\/strong><\/em> s\u00e9minaires en Intelligence \u00e9conomique, Mod\u00e9lisation de syst\u00e8mes d&rsquo;information multim\u00e9dia, Programmation Logique (Prolog), Indexation automatique et repr\u00e9sentation de la connaissance, &#8230;<\/li>\n<li><em><strong>\u00c9cole d&rsquo;ing\u00e9nieurs. :<\/strong><\/em> Bases de donn\u00e9es, Programmation Web (HTML, JavaScript, PHP\/MySQL), &#8230;<\/li>\n<\/ul>\n","protected":false},"excerpt":{"rendered":"<p>Pluridisciplinarit\u00e9 dans les enseignements :<\/p>\n<p>Universit\u00e9 de Lorraine (site de Nancy) :<\/p>\n<ul>\n<li><em>Information-Communication &amp; SHS :<\/em> Veille, Intelligence \u00e9conomique, Gestion des connaissances, M\u00e9thodologie de stage (probl\u00e9matisation &amp; m\u00e9moire), IST &amp; Documentation num\u00e9rique, Logiciels documentaires, M\u00e9thodologie de recherche d&rsquo;informations, Techniques d&rsquo;indexation, Techniques de l&rsquo;analyse documentaire, Bases de donn\u00e9es documentaires, Gestion de projets, Syst\u00e8mes d&rsquo;information, CMS (Content Management System), Th\u00e9ories de la r\u00e9ception, Management Strat\u00e9gique de l&rsquo;Information, Conception de syst\u00e8me d&rsquo;information (multim\u00e9dia), Th\u00e9orie de l&rsquo;information et du document, S\u00e9minaires de recherche (Intelligence strat\u00e9gique et comp\u00e9titive, Processus de d\u00e9cision, &#8230;), M\u00e9thode d&rsquo;analyse et d&rsquo;expertise en Communication Strat\u00e9gique,<\/li>\n<\/ul>\n","protected":false},"author":5,"featured_media":0,"parent":0,"menu_order":0,"comment_status":"closed","ping_status":"closed","template":"","meta":{"footnotes":""},"class_list":["post-275","page","type-page","status-publish","hentry"],"_links":{"self":[{"href":"https:\/\/members.loria.fr\/SSidhom\/wp-json\/wp\/v2\/pages\/275","targetHints":{"allow":["GET"]}}],"collection":[{"href":"https:\/\/members.loria.fr\/SSidhom\/wp-json\/wp\/v2\/pages"}],"about":[{"href":"https:\/\/members.loria.fr\/SSidhom\/wp-json\/wp\/v2\/types\/page"}],"author":[{"embeddable":true,"href":"https:\/\/members.loria.fr\/SSidhom\/wp-json\/wp\/v2\/users\/5"}],"replies":[{"embeddable":true,"href":"https:\/\/members.loria.fr\/SSidhom\/wp-json\/wp\/v2\/comments?post=275"}],"version-history":[{"count":10,"href":"https:\/\/members.loria.fr\/SSidhom\/wp-json\/wp\/v2\/pages\/275\/revisions"}],"predecessor-version":[{"id":454,"href":"https:\/\/members.loria.fr\/SSidhom\/wp-json\/wp\/v2\/pages\/275\/revisions\/454"}],"wp:attachment":[{"href":"https:\/\/members.loria.fr\/SSidhom\/wp-json\/wp\/v2\/media?parent=275"}],"curies":[{"name":"wp","href":"https:\/\/api.w.org\/{rel}","templated":true}]}}