{"id":22,"date":"2015-06-15T11:01:33","date_gmt":"2015-06-15T09:01:33","guid":{"rendered":"http:\/\/members.loria.fr\/thierrygartiser\/?page_id=22"},"modified":"2017-12-19T21:21:56","modified_gmt":"2017-12-19T19:21:56","slug":"projets","status":"publish","type":"page","link":"https:\/\/members.loria.fr\/SStratulat\/projets\/","title":{"rendered":"Projets"},"content":{"rendered":"<h4>Le d\u00e9monstrateur de th\u00e9or\u00e8mes\u00a0<a href=\"https:\/\/github.com\/sorinica\/spike-prover\">SPIKE<\/a><\/h4>\n<p>&nbsp;<\/p>\n","protected":false},"excerpt":{"rendered":"<p>Le d\u00e9monstrateur de th\u00e9or\u00e8mes\u00a0<a href=\"https:\/\/github.com\/sorinica\/spike-prover\">SPIKE<\/a><\/p>\n<p>&nbsp;<\/p>\n","protected":false},"author":5,"featured_media":0,"parent":0,"menu_order":0,"comment_status":"closed","ping_status":"closed","template":"page-fullwidth.php","meta":{"footnotes":""},"class_list":["post-22","page","type-page","status-publish","hentry"],"_links":{"self":[{"href":"https:\/\/members.loria.fr\/SStratulat\/wp-json\/wp\/v2\/pages\/22","targetHints":{"allow":["GET"]}}],"collection":[{"href":"https:\/\/members.loria.fr\/SStratulat\/wp-json\/wp\/v2\/pages"}],"about":[{"href":"https:\/\/members.loria.fr\/SStratulat\/wp-json\/wp\/v2\/types\/page"}],"author":[{"embeddable":true,"href":"https:\/\/members.loria.fr\/SStratulat\/wp-json\/wp\/v2\/users\/5"}],"replies":[{"embeddable":true,"href":"https:\/\/members.loria.fr\/SStratulat\/wp-json\/wp\/v2\/comments?post=22"}],"version-history":[{"count":3,"href":"https:\/\/members.loria.fr\/SStratulat\/wp-json\/wp\/v2\/pages\/22\/revisions"}],"predecessor-version":[{"id":371,"href":"https:\/\/members.loria.fr\/SStratulat\/wp-json\/wp\/v2\/pages\/22\/revisions\/371"}],"wp:attachment":[{"href":"https:\/\/members.loria.fr\/SStratulat\/wp-json\/wp\/v2\/media?parent=22"}],"curies":[{"name":"wp","href":"https:\/\/api.w.org\/{rel}","templated":true}]}}