{"id":56,"date":"2015-06-16T13:44:07","date_gmt":"2015-06-16T11:44:07","guid":{"rendered":"http:\/\/members.loria.fr\/thierrygartiser\/?page_id=56"},"modified":"2022-12-12T19:17:46","modified_gmt":"2022-12-12T17:17:46","slug":"accueil","status":"publish","type":"page","link":"https:\/\/members.loria.fr\/SStratulat\/","title":{"rendered":"Accueil"},"content":{"rendered":"<div style=\"text-align: left;vertical-align: middle;padding-bottom: 30px\">\n<div style=\"padding-right: 300px;padding-left: 30px;text-align: left;vertical-align: middle\">\n<h2 style=\"text-align: center\">Sorin STRATULAT<\/h2>\n<p><img loading=\"lazy\" decoding=\"async\" class=\"wp-image-186 alignleft\" src=\"http:\/\/members.loria.fr\/SStratulat\/wp-content\/blogs.dir\/178\/files\/sites\/178\/2015\/06\/testimonial-sorin-stratulat-1-1.jpg\" alt=\"photo totor\" width=\"234\" height=\"234\" \/><strong>Fonction<\/strong> :<br \/>\nMa\u00eetre de conf\u00e9rences HDR \u00e0 l&rsquo;<a href=\"https:\/\/mim.univ-lorraine.fr\/\">UFR-MIM<\/a> de l&rsquo;<a href=\"http:\/\/www.univ-lorraine.fr\/\">Universit\u00e9 de Lorraine<\/a><\/p>\n<p>Membre de l&rsquo;\u00e9quipe <a href=\"http:\/\/mosel.loria.fr\">MOSEL<\/a>\/<a href=\"https:\/\/team.inria.fr\/veridis\">VeriDis<\/a> de <a href=\"http:\/\/www.loria.fr\">LORIA<\/a><\/p>\n<\/div>\n<div style=\"padding: 20px 80px;text-align: center;vertical-align: middle\"><\/div>\n<\/div>\n\n<p>&nbsp;<\/p>\n<p>&nbsp;<\/p>\n<p>&nbsp;<\/p>\n<p>&nbsp;<\/p>\n<p><strong>News<\/strong><\/p>\n<ul>\n<li>Conference on AiRobo results, LORIA, 22-23 September 2026<\/li>\n<li>Working Formal Methods Symposium <a href=\"https:\/\/from2026.uvt.ro\/\">FROM2026<\/a>, Timisoara (Romania), 15-17 September 2026<\/li>\n<\/ul>\n\n<p>&nbsp;<\/p>\n<p>&nbsp;<\/p>\n","protected":false},"excerpt":{"rendered":"<p>&nbsp;<\/p>\n<p>&nbsp;<\/p>\n<p>&nbsp;<\/p>\n<p>&nbsp;<\/p>\n<p>News<\/p>\n<p>&nbsp;<\/p>\n<p>&nbsp;<\/p>\n","protected":false},"author":5,"featured_media":0,"parent":0,"menu_order":0,"comment_status":"closed","ping_status":"closed","template":"","meta":{"footnotes":""},"class_list":["post-56","page","type-page","status-publish","hentry"],"_links":{"self":[{"href":"https:\/\/members.loria.fr\/SStratulat\/wp-json\/wp\/v2\/pages\/56","targetHints":{"allow":["GET"]}}],"collection":[{"href":"https:\/\/members.loria.fr\/SStratulat\/wp-json\/wp\/v2\/pages"}],"about":[{"href":"https:\/\/members.loria.fr\/SStratulat\/wp-json\/wp\/v2\/types\/page"}],"author":[{"embeddable":true,"href":"https:\/\/members.loria.fr\/SStratulat\/wp-json\/wp\/v2\/users\/5"}],"replies":[{"embeddable":true,"href":"https:\/\/members.loria.fr\/SStratulat\/wp-json\/wp\/v2\/comments?post=56"}],"version-history":[{"count":31,"href":"https:\/\/members.loria.fr\/SStratulat\/wp-json\/wp\/v2\/pages\/56\/revisions"}],"predecessor-version":[{"id":426,"href":"https:\/\/members.loria.fr\/SStratulat\/wp-json\/wp\/v2\/pages\/56\/revisions\/426"}],"wp:attachment":[{"href":"https:\/\/members.loria.fr\/SStratulat\/wp-json\/wp\/v2\/media?parent=56"}],"curies":[{"name":"wp","href":"https:\/\/api.w.org\/{rel}","templated":true}]}}