{"id":56,"date":"2015-06-16T13:44:07","date_gmt":"2015-06-16T11:44:07","guid":{"rendered":"http:\/\/members.loria.fr\/thierrygartiser\/?page_id=56"},"modified":"2016-10-04T11:41:45","modified_gmt":"2016-10-04T09:41:45","slug":"accueil","status":"publish","type":"page","link":"https:\/\/members.loria.fr\/SYoucef\/","title":{"rendered":"Samir Youcef"},"content":{"rendered":"<p style=\"text-align: justify\">Je suis actuellement ma\u00eetre de conf\u00e9rence \u00e0\u00a0<a href=\"http:\/\/www.univ-lorraine.fr\" target=\"_blank\">l&rsquo;universit\u00e9 de Lorraine<\/a>. J&rsquo;effectue mes travaux de recherche au sein de l&rsquo;\u00e9quipe COAST du Laboratoire lorrain de recherche en informatique et ses applications (<a href=\"http:\/\/www.loria.fr\/fr\/\">LORIA<\/a>). Ma composante de rattachement est l&rsquo;<em>Ecole Sup\u00e9rieure des Sciences et Technologies de l&rsquo;Ing\u00e9nieur de Nancy<\/em>\u00a0(<a href=\"https:\/\/www.esstin.univ-lorraine.fr\" target=\"_blank\">ESSTIN<\/a>).<\/p>\n","protected":false},"excerpt":{"rendered":"<p style=\"text-align: justify\">Je suis actuellement ma\u00eetre de conf\u00e9rence \u00e0\u00a0<a href=\"http:\/\/www.univ-lorraine.fr\" target=\"_blank\">l&rsquo;universit\u00e9 de Lorraine<\/a>. J&rsquo;effectue mes travaux de recherche au sein de l&rsquo;\u00e9quipe COAST du Laboratoire lorrain de recherche en informatique et ses applications (<a href=\"http:\/\/www.loria.fr\/fr\/\">LORIA<\/a>). Ma composante de rattachement est l&rsquo;<em>Ecole Sup\u00e9rieure des Sciences et Technologies de l&rsquo;Ing\u00e9nieur de Nancy<\/em>\u00a0(<a href=\"https:\/\/www.esstin.univ-lorraine.fr\" target=\"_blank\">ESSTIN<\/a>).<\/p>\n","protected":false},"author":5,"featured_media":0,"parent":0,"menu_order":0,"comment_status":"closed","ping_status":"closed","template":"","meta":{"footnotes":""},"class_list":["post-56","page","type-page","status-publish","hentry"],"_links":{"self":[{"href":"https:\/\/members.loria.fr\/SYoucef\/wp-json\/wp\/v2\/pages\/56","targetHints":{"allow":["GET"]}}],"collection":[{"href":"https:\/\/members.loria.fr\/SYoucef\/wp-json\/wp\/v2\/pages"}],"about":[{"href":"https:\/\/members.loria.fr\/SYoucef\/wp-json\/wp\/v2\/types\/page"}],"author":[{"embeddable":true,"href":"https:\/\/members.loria.fr\/SYoucef\/wp-json\/wp\/v2\/users\/5"}],"replies":[{"embeddable":true,"href":"https:\/\/members.loria.fr\/SYoucef\/wp-json\/wp\/v2\/comments?post=56"}],"version-history":[{"count":28,"href":"https:\/\/members.loria.fr\/SYoucef\/wp-json\/wp\/v2\/pages\/56\/revisions"}],"predecessor-version":[{"id":359,"href":"https:\/\/members.loria.fr\/SYoucef\/wp-json\/wp\/v2\/pages\/56\/revisions\/359"}],"wp:attachment":[{"href":"https:\/\/members.loria.fr\/SYoucef\/wp-json\/wp\/v2\/media?parent=56"}],"curies":[{"name":"wp","href":"https:\/\/api.w.org\/{rel}","templated":true}]}}