{"id":10,"date":"2015-06-15T10:23:49","date_gmt":"2015-06-15T08:23:49","guid":{"rendered":"http:\/\/members.loria.fr\/thierrygartiser\/?page_id=10"},"modified":"2022-03-09T17:59:25","modified_gmt":"2022-03-09T15:59:25","slug":"cv","status":"publish","type":"page","link":"https:\/\/members.loria.fr\/VChevrier\/cv\/","title":{"rendered":"CV"},"content":{"rendered":"<div class=\"important_div\" style=\"text-align: center\"><\/div>\n<h4 class=\"cv\">Cursus<\/h4>\n<ul>\n<li class=\"p1\"><span class=\"s1\">PhD at Universit\u00e9 H. Poincar\u00e9, Nancy 1\u00a0 the 11 June1993<br \/>\n<\/span><\/li>\n<li class=\"p1\">HDR <span class=\"s1\"> at<\/span> Universit\u00e9 H. Poincar\u00e9, Nancy 1 le 3 Janvier 2002<\/li>\n<\/ul>\n<h4 class=\"cv\">Professional positions<\/h4>\n<ul>\n<li class=\"p1\">Hired as Assistant professor\u00a0 1\/9\/1994 at\u00a0 <a href=\"http:\/\/www.esstin.univ-lorraine.fr\/\">l&rsquo;ESSTIN<\/a><\/li>\n<li class=\"p1\">\u00ab\u00a0D\u00e9l\u00e9gation\u00a0\u00bb by CNRS from1\/9\/2000 to 31\/8\/2002.<\/li>\n<li class=\"p1\">at disposal of MESR (partial time 30%) from 01\/01\/2013 to 31\/06\/2014, D\u00e9l\u00e9gation R\u00e9gionale \u00e0 la Recherche et \u00e0 la Technologie (DRRT) Lorraine.<\/li>\n<li class=\"p1\">Hired as professor since 1\/9\/2015 at <a href=\"http:\/\/ensem.univ-lorraine.fr\/\">ENSEM<\/a>.<\/li>\n<\/ul>\n<h4 class=\"cv\">Research\u00a0 activites<\/h4>\n<ul>\n<li>Team RFIA (Reconnaissance des formes et intelligence artificielle\/ Pattern Recognition and artificial intelligence)<\/li>\n<li>Team MAIA (Machine intelligente et autonome\/Autonomous and intelligent machine)<\/li>\n<li>currently being in\u00a0 <a href=\"https:\/\/simbiot.loria.fr\/\">Simbiot<\/a> team<\/li>\n<\/ul>\n<p>&nbsp;<\/p>\n","protected":false},"excerpt":{"rendered":"<p>Cursus<\/p>\n<ul>\n<li class=\"p1\">PhD at Universit\u00e9 H. Poincar\u00e9, Nancy 1\u00a0 the 11 June1993\n<\/li>\n<li class=\"p1\">HDR  at Universit\u00e9 H. Poincar\u00e9, Nancy 1 le 3 Janvier 2002<\/li>\n<\/ul>\n<p>Professional positions<\/p>\n<ul>\n<li class=\"p1\">Hired as Assistant professor\u00a0 1\/9\/1994 at\u00a0 <a href=\"http:\/\/www.esstin.univ-lorraine.fr\/\">l&rsquo;ESSTIN<\/a><\/li>\n<li class=\"p1\">\u00ab\u00a0D\u00e9l\u00e9gation\u00a0\u00bb by CNRS from1\/9\/2000 to 31\/8\/2002.<\/li>\n<li class=\"p1\">at disposal of MESR (partial time 30%) from 01\/01\/2013 to 31\/06\/2014, D\u00e9l\u00e9gation R\u00e9gionale \u00e0 la Recherche et \u00e0 la Technologie (DRRT) Lorraine.<\/li>\n<li class=\"p1\">Hired as professor since 1\/9\/2015 at <a href=\"http:\/\/ensem.univ-lorraine.fr\/\">ENSEM<\/a>.<\/li>\n<\/ul>\n<p>Research\u00a0 activites<\/p>\n<ul>\n<li>Team RFIA (Reconnaissance des formes et intelligence artificielle\/ Pattern Recognition and artificial intelligence)<\/li>\n<li>Team MAIA (Machine intelligente et autonome\/Autonomous and intelligent machine)<\/li>\n<li>currently being in\u00a0 <a href=\"https:\/\/simbiot.loria.fr\/\">Simbiot<\/a> team<\/li>\n<\/ul>\n<p>&nbsp;<\/p>\n","protected":false},"author":5,"featured_media":0,"parent":0,"menu_order":0,"comment_status":"closed","ping_status":"closed","template":"","meta":{"footnotes":""},"class_list":["post-10","page","type-page","status-publish","hentry"],"_links":{"self":[{"href":"https:\/\/members.loria.fr\/VChevrier\/wp-json\/wp\/v2\/pages\/10","targetHints":{"allow":["GET"]}}],"collection":[{"href":"https:\/\/members.loria.fr\/VChevrier\/wp-json\/wp\/v2\/pages"}],"about":[{"href":"https:\/\/members.loria.fr\/VChevrier\/wp-json\/wp\/v2\/types\/page"}],"author":[{"embeddable":true,"href":"https:\/\/members.loria.fr\/VChevrier\/wp-json\/wp\/v2\/users\/5"}],"replies":[{"embeddable":true,"href":"https:\/\/members.loria.fr\/VChevrier\/wp-json\/wp\/v2\/comments?post=10"}],"version-history":[{"count":52,"href":"https:\/\/members.loria.fr\/VChevrier\/wp-json\/wp\/v2\/pages\/10\/revisions"}],"predecessor-version":[{"id":376,"href":"https:\/\/members.loria.fr\/VChevrier\/wp-json\/wp\/v2\/pages\/10\/revisions\/376"}],"wp:attachment":[{"href":"https:\/\/members.loria.fr\/VChevrier\/wp-json\/wp\/v2\/media?parent=10"}],"curies":[{"name":"wp","href":"https:\/\/api.w.org\/{rel}","templated":true}]}}