{"id":316,"date":"2016-10-20T17:05:01","date_gmt":"2016-10-20T15:05:01","guid":{"rendered":"http:\/\/members.loria.fr\/VChevrier\/?page_id=316"},"modified":"2016-10-21T08:51:56","modified_gmt":"2016-10-21T06:51:56","slug":"la-liste-sma-at-loria-fr","status":"publish","type":"page","link":"https:\/\/members.loria.fr\/VChevrier\/projets\/la-liste-sma-at-loria-fr\/","title":{"rendered":"La liste sma AT loria.fr"},"content":{"rendered":"<h1>Objectif et principe de fonctionnement<\/h1>\n<p>Cette liste a pour vocation d&rsquo;\u00eatre un moyen d&rsquo;information entre les personnes qui s&rsquo;int\u00e9ressent \u00e0 la probl\u00e9matique des syst\u00e8mes multi-agents et de l&rsquo;intelligence artificielle distribu\u00e9e.<br \/>\nLa diffusion d&rsquo;information au moyen de cette liste est\u00a0 mod\u00e9r\u00e9e de la mani\u00e8re suivante afin d&rsquo;\u00e9viter les spams :<\/p>\n<ul>\n<li>toute personne abonn\u00e9e \u00e0 la liste peut envoyer un message (la v\u00e9rification est effectu\u00e9e selon l&rsquo;adresse d&rsquo;abonnement: il faut donc qu&rsquo;elle corresponde \u00e0 celle utilis\u00e9e pour les envois),<\/li>\n<li>toute personne non abonn\u00e9e verra son message approuv\u00e9 par le gestionnaire de la liste (chevrier@loria.fr).<\/li>\n<\/ul>\n<p>Par ailleurs, par d\u00e9faut, la r\u00e9ponse \u00e0 un message de la liste est diffus\u00e9e \u00e0 son \u00e9metteur.<\/p>\n<h1>Envoi d&rsquo;un message<\/h1>\n<p>Il suffit d&rsquo;envoyer le message \u00e0 l&rsquo;adresse sma AT loria DOT fr<\/p>\n<h1>Abonnement\/d\u00e9sabonnement<\/h1>\n<p>S&rsquo;abonner: envoyer un message \u00e0 l&rsquo;adresse\u00a0 <strong><span style=\"color: #0000ff\"><em>sympa AT inria DOT fr<\/em><\/span><\/strong> avec comme <strong>SUJET<\/strong> les mots<span style=\"color: #0000ff\"><em><strong> subscribe sma<\/strong> <strong>&lt;mon email&gt;<\/strong><\/em><\/span><\/p>\n<p>Vous recevez alors un message de bienvenue.<\/p>\n<h1>Se d\u00e9sabonner<\/h1>\n<p>Envoyer un message \u00e0 l&rsquo;adresse <strong><em><span style=\"color: #0000ff\">sympa AT inria DOT fr<\/span><\/em><\/strong> avec comme SUJET les mots <strong><span style=\"color: #0000ff\">unsubscribe sma<\/span><\/strong>.<\/p>\n<h1>Serveur de liste<\/h1>\n<p>La liste est h\u00e9berg\u00e9e sur le serveur inria national (m\u00eame si l&rsquo;adresse reste sma AT loria DOT fr)<br \/>\nIl est aussi possible de g\u00e9rer son abonnement via le serveur : <span style=\"color: #0000ff\">https:\/\/sympa.inria.fr\/<\/span><\/p>\n<p><span style=\"color: #808080\">Lors de la premi\u00e8re connexion, vous obtiendrez un mot de passe en cliquant sur 1\u00e8re connexion, ensuite vous pouvez g\u00e9rer votre abonnement.<\/span><\/p>\n<p>&nbsp;<\/p>\n<p>Me contacter Vincent Chevrier (chevrier AT loria. DOT fr) pour toute information compl\u00e9mentaire ou souci de fonctionnement.<\/p>\n","protected":false},"excerpt":{"rendered":"<p>Objectif et principe de fonctionnement<\/p>\n<p>Cette liste a pour vocation d&rsquo;\u00eatre un moyen d&rsquo;information entre les personnes qui s&rsquo;int\u00e9ressent \u00e0 la probl\u00e9matique des syst\u00e8mes multi-agents et de l&rsquo;intelligence artificielle distribu\u00e9e.<br \/>\nLa diffusion d&rsquo;information au moyen de cette liste est\u00a0 mod\u00e9r\u00e9e de la mani\u00e8re suivante afin d&rsquo;\u00e9viter les spams :<\/p>\n<ul>\n<li>toute personne abonn\u00e9e \u00e0 la liste peut envoyer un message (la v\u00e9rification est effectu\u00e9e selon l&rsquo;adresse d&rsquo;abonnement: il faut donc qu&rsquo;elle corresponde \u00e0 celle utilis\u00e9e pour les envois),<\/li>\n<li>toute personne non abonn\u00e9e verra son message approuv\u00e9 par le gestionnaire de la liste (chevrier@loria.fr).<\/li>\n<\/ul>\n<p>Par ailleurs,<\/p>\n","protected":false},"author":91,"featured_media":0,"parent":22,"menu_order":0,"comment_status":"closed","ping_status":"closed","template":"","meta":{"footnotes":""},"class_list":["post-316","page","type-page","status-publish","hentry"],"_links":{"self":[{"href":"https:\/\/members.loria.fr\/VChevrier\/wp-json\/wp\/v2\/pages\/316","targetHints":{"allow":["GET"]}}],"collection":[{"href":"https:\/\/members.loria.fr\/VChevrier\/wp-json\/wp\/v2\/pages"}],"about":[{"href":"https:\/\/members.loria.fr\/VChevrier\/wp-json\/wp\/v2\/types\/page"}],"author":[{"embeddable":true,"href":"https:\/\/members.loria.fr\/VChevrier\/wp-json\/wp\/v2\/users\/91"}],"replies":[{"embeddable":true,"href":"https:\/\/members.loria.fr\/VChevrier\/wp-json\/wp\/v2\/comments?post=316"}],"version-history":[{"count":5,"href":"https:\/\/members.loria.fr\/VChevrier\/wp-json\/wp\/v2\/pages\/316\/revisions"}],"predecessor-version":[{"id":330,"href":"https:\/\/members.loria.fr\/VChevrier\/wp-json\/wp\/v2\/pages\/316\/revisions\/330"}],"up":[{"embeddable":true,"href":"https:\/\/members.loria.fr\/VChevrier\/wp-json\/wp\/v2\/pages\/22"}],"wp:attachment":[{"href":"https:\/\/members.loria.fr\/VChevrier\/wp-json\/wp\/v2\/media?parent=316"}],"curies":[{"name":"wp","href":"https:\/\/api.w.org\/{rel}","templated":true}]}}