{"id":56,"date":"2015-06-16T13:44:07","date_gmt":"2015-06-16T11:44:07","guid":{"rendered":"http:\/\/members.loria.fr\/thierrygartiser\/?page_id=56"},"modified":"2025-11-26T09:37:17","modified_gmt":"2025-11-26T07:37:17","slug":"accueil","status":"publish","type":"page","link":"https:\/\/members.loria.fr\/VMartin\/","title":{"rendered":"Welcome"},"content":{"rendered":"<h3>Current positions<\/h3>\n<p>I am research scientist (Charg\u00e9 de Recherche, CRCN) at <a href=\"http:\/\/www.inria.fr\/\">INRIA<\/a>\u00a0(INRIA Nancy \u2014 Grand Est,\u00a0<a href=\"http:\/\/www.loria.fr\/\">LORIA<\/a>\u00a0Lab) in the research team\u00a0<a href=\"http:\/\/semagramme.loria.fr\/\">S\u00e9magramme<\/a>. My main research topic is speech analysis for mental health applications.<\/p>\n<p><a href=\"https:\/\/members.loria.fr\/VMartin\/projets\/\">My research<\/a> is at the crossroads of speech technologies, sleep medicine, and psychiatry, inspired by epistemology and sociology of science, and dataviz. I also <a href=\"https:\/\/members.loria.fr\/VMartin\/teaching\/\">teach<\/a> at the NLP Master of the IDMC (Univ. Nancy) and some other French Universities.<\/p>\n<p><strong>\u26a0 I am <span style=\"text-decoration: underline\">not<\/span> vincent.martin [at] inria.fr \u26a0 <\/strong>To contact me: <strong>vpmartin [at] inria.fr<\/strong><\/p>\n<h3>Previous positions<\/h3>\n<ul>\n<li>2023-2024: Marie Sk\u0142odowska-Curie Postdoctoral Fellow at the Luxembourg Institute of Health (DDP team)<\/li>\n<li>2022-2023: ATER in computer science at University of Bordeaux<\/li>\n<li>2018-2022: PhD in Computer Science, University of Bordeaux. Under the supervision of <a href=\"https:\/\/www4.labri.fr\/profil\/Rouas_ID1283411328\">Jean-Luc Rouas<\/a> (LaBRI) and <a href=\"https:\/\/www.u-bordeaux.fr\/universite\/espace-presse\/repertoire-dexperts\/pierre-philip\">Pierre Philip<\/a> (Bordeaux University Hospital)<\/li>\n<li>2018: Engineering degree in Electronics and Signal Processing from <a href=\"https:\/\/www.google.com\/url?sa=t&amp;source=web&amp;rct=j&amp;opi=89978449&amp;url=https:\/\/www.ensea.fr\/&amp;ved=2ahUKEwi5oaWZzuGLAxUWTKQEHYvmLvsQFnoECEYQAQ&amp;usg=AOvVaw0kX8GMlow_3LTEochwFHix\">ENSEA<\/a><\/li>\n<\/ul>\n<p>&nbsp;<\/p>\n<h3>News<\/h3>\n<h4>2025<\/h4>\n<p><strong>Nov. 19:<\/strong> Invited to give a talk at the French National Sleep Medicine Congress: &lsquo;Enjeux des mod\u00e9lisations pour aborder la s\u00e9miologie du sommeil&rsquo;, Congr\u00e8s du Sommeil, Strasbourg<\/p>\n<p><strong>Sept. 18<\/strong>: Moderator for a session from the Soci\u00e9t\u00e9 M\u00e9dico-Psychologique: \u00ab\u00a0<a href=\"https:\/\/www.linkedin.com\/feed\/update\/urn:li:activity:7367174916586094593\/\">Psychiatry at its frontiers<\/a>\u00a0\u00bb [fr]<\/p>\n<p><strong>Sept. 9:<\/strong> New article out! A short comment about network analyseS and potential applications in OSAS. Read more here: <a href=\"https:\/\/www.researchgate.net\/publication\/395380428_Gentle_introduction_to_network_analysis_for_clinical_research_a_model_centered_on_relations\">[link]<\/a><\/p>\n<p><strong>August 18<\/strong>: Presented a poster at <a href=\"https:\/\/www.interspeech2025.org\/\">Interspeech 2025<\/a> (Rotterdam, Netherland), introducing a new approach for speech analysis: correlation networks of acoustic descriptors! It was for the <a href=\"https:\/\/speechwellness.github.io\/\">SpeechWellness challenge<\/a>, aiming to automatically identify suicide risk from speech recordings in 600 Chinese children and adolescents. Read more here : <a href=\"https:\/\/www.isca-archive.org\/interspeech_2025\/martin25_interspeech.pdf\">https:\/\/www.isca-archive.org\/interspeech_2025\/martin25_interspeech.pdf<\/a><\/p>\n<p><strong>July 1<\/strong>: Presentation at <a href=\"https:\/\/coria-taln-2025.lis-lab.fr\">TALN 2025<\/a> (Marseille, France) of our article entitled \u00ab\u00a0<i>La trumplang, instrument de destruction de la pens\u00e9e : <\/i><i>analyse de l\u2019impact de la censure trumpiste sur la recherche en <\/i><i>sant\u00e9 mentale<\/i>\u00ab\u00a0, written with Kar\u00ebn Fort and Jean-Arthur Micoulaud-Franchi. Read more here: <a href=\"https:\/\/talnarchives.atala.org\/TALN\/TALN-2025\/149.pdf\">https:\/\/talnarchives.atala.org\/TALN\/TALN-2025\/149.pdf<\/a><\/p>\n<h4>2024<\/h4>\n<p><strong>Nov. 20:<\/strong> Invited to give a talk at the French National Sleep Medicine Congress: &lsquo;Enjeux des mod\u00e9lisations pour aborder la s\u00e9miologie du sommeil&rsquo;, Congr\u00e8s du Sommeil, Lille<\/p>\n<p><strong>Nov. 13:<\/strong> Invited to participate in round table <a href=\"https:\/\/liavignon.fr\/festivalia-2024\/\">&lsquo;<em>IA en sant\u00e9 mentale, avanc\u00e9e ou menace pour notre avenir ?<\/em> &lsquo;<\/a> for the FestivalIA2024, at Avignon<\/p>\n","protected":false},"excerpt":{"rendered":"<p>Current positions I am research scientist (Charg\u00e9 de Recherche, CRCN) at INRIA\u00a0(INRIA Nancy \u2014 Grand Est,\u00a0LORIA\u00a0Lab) in the research team\u00a0S\u00e9magramme. My main research topic is speech analysis for mental health applications. My research is at the crossroads of speech technologies, sleep medicine, and psychiatry, inspired by epistemology and sociology of science, and dataviz. I also [&hellip;]<\/p>\n","protected":false},"author":5,"featured_media":0,"parent":0,"menu_order":0,"comment_status":"closed","ping_status":"closed","template":"","meta":{"footnotes":""},"class_list":["post-56","page","type-page","status-publish","hentry"],"_links":{"self":[{"href":"https:\/\/members.loria.fr\/VMartin\/wp-json\/wp\/v2\/pages\/56","targetHints":{"allow":["GET"]}}],"collection":[{"href":"https:\/\/members.loria.fr\/VMartin\/wp-json\/wp\/v2\/pages"}],"about":[{"href":"https:\/\/members.loria.fr\/VMartin\/wp-json\/wp\/v2\/types\/page"}],"author":[{"embeddable":true,"href":"https:\/\/members.loria.fr\/VMartin\/wp-json\/wp\/v2\/users\/5"}],"replies":[{"embeddable":true,"href":"https:\/\/members.loria.fr\/VMartin\/wp-json\/wp\/v2\/comments?post=56"}],"version-history":[{"count":44,"href":"https:\/\/members.loria.fr\/VMartin\/wp-json\/wp\/v2\/pages\/56\/revisions"}],"predecessor-version":[{"id":414,"href":"https:\/\/members.loria.fr\/VMartin\/wp-json\/wp\/v2\/pages\/56\/revisions\/414"}],"wp:attachment":[{"href":"https:\/\/members.loria.fr\/VMartin\/wp-json\/wp\/v2\/media?parent=56"}],"curies":[{"name":"wp","href":"https:\/\/api.w.org\/{rel}","templated":true}]}}