{"id":10,"date":"2015-06-15T10:23:49","date_gmt":"2015-06-15T08:23:49","guid":{"rendered":"http:\/\/members.loria.fr\/thierrygartiser\/?page_id=10"},"modified":"2026-02-04T10:56:29","modified_gmt":"2026-02-04T08:56:29","slug":"cv","status":"publish","type":"page","link":"https:\/\/members.loria.fr\/YKarami\/cv\/","title":{"rendered":"CV"},"content":{"rendered":"<div class=\"important_div\" style=\"text-align: center\"><\/div>\n<h4>Professional Experience<\/h4>\n<ul>\n<li><strong>Since 2023:<\/strong> Charg<span class=\"s1\">\u00e9<\/span>e de recherche &#8211; Centre Inria de l\u2019Universit\u00e9 de Lorraine<\/li>\n<li><strong>2019-2022:<\/strong> Postdoc &#8211; Bioinformatics Unit &#8211; Institut Pasteur<\/li>\n<li class=\"p1\"><span class=\"s1\"><strong>2017-2018:<\/strong> Postdoc &#8211; MTi INSERM UMR-S 973 &#8211; Universit\u00e9 de Paris<\/span><\/li>\n<\/ul>\n<h4>Education<\/h4>\n<ul>\n<li><strong>2013-2016:<\/strong> PhD in Bioinformatics (LCQB &#8211; Sorbonne Universit<span class=\"s1\">\u00e9<\/span>)<\/li>\n<li class=\"p1\"><span class=\"s1\"><strong>2010-2012:<\/strong> M.Sc. in Computer Engineering &#8211; Computer Architecture (Iran University of Science and Technology)<\/span><\/li>\n<\/ul>\n<h4>Leave<\/h4>\n<ul>\n<li><strong>March 2022 &#8211; August 2022:<\/strong> Maternity leave<\/li>\n<\/ul>\n<h4>Supervising Activities<\/h4>\n<ul>\n<li>Jalim Singh, Postdoc, since Jan. 2026<\/li>\n<li>Luiz Felipe Caparelli Piochi, PhD student, Universit\u00e9 de Lorraine, since 2024<\/li>\n<li>Sneha Bheermireddy, Postdoc, 2024<\/li>\n<li>Ishola Akinwumi, master 2 internship, Strasbourg, 2024<\/li>\n<li>Yu Tian, Bachelor 3rd year, BUT Universit\u00e9 de Lorraine, 2024<\/li>\n<li>Omid Mokhtari, PhD student, Universit\u00e9 de Lorraine, since 2023<\/li>\n<li>Victor Pryakhin, PhD student, Universit\u00e9 de Lorraine, since 2023<\/li>\n<li>Benjamin Gottis, master 2 internship, Master de Bioinformatique, Universit\u00e9 de Bordeaux, 2023<\/li>\n<li>Remy Vanderhaegen, master1 student, UE project, BIM, Sorbonne Universit\u00e9, 2020<\/li>\n<li>Paul Saighi, master 1 UE project, BIM, Sorbonne Universit\u00e9, 2020<\/li>\n<li>David Isaac, master 1 UE Projet, BIM, Sorbonne Universit\u00e9, 2016<\/li>\n<li>Yvan Sraka, master 1 UE project, BIM, Sorbonne Universit\u00e9, 2016<\/li>\n<\/ul>\n<h4>Teaching Activities<\/h4>\n<ul>\n<li><strong>TELECOM<\/strong> <strong>Nancy:<\/strong> MOM2 BioMed<\/li>\n<li><strong>IDMC:<\/strong> Machine learning<\/li>\n<li><strong>FST, Universite de Lorraine:<\/strong> Machine learning<\/li>\n<li><strong>Sorbonne Universit\u00e9:\u00a0 <\/strong>Introduction a la Bio-informatique (L3), Algorithms in Structural Bioinformatics (M2)<\/li>\n<\/ul>\n<h4>Scientific event organisation<\/h4>\n<ul>\n<li>Since Jul. 2023: Organizing the &#8220;Nancy Computational Structural Biology Meeting (<a href=\"https:\/\/project.inria.fr\/ncsb\/\">NCSB<\/a>)&#8221;, Universit\u00e9 de Lorraine<\/li>\n<li>Jul. 2023 Assisting in the organization of Journ\u00e9es Ouvertes en Biologie, Informatique et Math\u00e9matiques (JOBIM), Universit\u00e9 de Lorraine, Nancy.<\/li>\n<li>Nov. 2011 co-organising and giving a lecture during the workshop of &#8220;Accelerating Image Processing Algorithms with GPU&#8221;, 7th Iranian Machine Vision and Image Processing Conference, Iran University of Science and Technology.<\/li>\n<\/ul>\n<h4>Committees<\/h4>\n<ul>\n<li>2023-now Member of the Technological Developments Commission (CDT) of the Inria Centre at Universite de Lorraine.<\/li>\n<li>2019-2020: Member of the committee responsible to organize the departmental seminars, Department of Structural Biology and Chemistry, Institut Pasteur.<\/li>\n<li>2019-2020: Representative of the postdocs from the Department of Structural Biology and Chemistry, Institut Pasteur.<\/li>\n<\/ul>\n<h4>Research interests<\/h4>\n<div id=\"skillbar_straight\" style=\"padding:10px 0;\">\n\n<div class=\"skillbar clearfix\" data-percent=\"100%\" style=\"background: #eeeeee;\">\r\n\t\t\t\t<div class=\"skillbar-title\" style=\"background: #336699 !important;\"><span>Molecular Dynamics<\/span><\/div>\r\n\t\t\t\t<div class=\"skillbar-bar\" style=\"background: #336699;\"><\/div>\r\n\t\t\t\t<div class=\"skill-bar-percent\">100%<\/div>\r\n\t\t\t<\/div>\n\n<div class=\"skillbar clearfix\" data-percent=\"100%\" style=\"background: #eeeeee;\">\r\n\t\t\t\t<div class=\"skillbar-title\" style=\"background: #336699 !important;\"><span>Allosteric communications<\/span><\/div>\r\n\t\t\t\t<div class=\"skillbar-bar\" style=\"background: #336699;\"><\/div>\r\n\t\t\t\t<div class=\"skill-bar-percent\">100%<\/div>\r\n\t\t\t<\/div>\n\n<div class=\"skillbar clearfix\" data-percent=\"80%\" style=\"background: #eeeeee;\">\r\n\t\t\t\t<div class=\"skillbar-title\" style=\"background: #336699 !important;\"><span>Deep learning<\/span><\/div>\r\n\t\t\t\t<div class=\"skillbar-bar\" style=\"background: #336699;\"><\/div>\r\n\t\t\t\t<div class=\"skill-bar-percent\">80%<\/div>\r\n\t\t\t<\/div>\n\n<div class=\"skillbar clearfix\" data-percent=\"80%\" style=\"background: #eeeeee;\">\r\n\t\t\t\t<div class=\"skillbar-title\" style=\"background: #336699 !important;\"><span>Structural biology<\/span><\/div>\r\n\t\t\t\t<div class=\"skillbar-bar\" style=\"background: #336699;\"><\/div>\r\n\t\t\t\t<div class=\"skill-bar-percent\">80%<\/div>\r\n\t\t\t<\/div>\n\n<div class=\"skillbar clearfix\" data-percent=\"80%\" style=\"background: #eeeeee;\">\r\n\t\t\t\t<div class=\"skillbar-title\" style=\"background: #336699 !important;\"><span>Peptide design<\/span><\/div>\r\n\t\t\t\t<div class=\"skillbar-bar\" style=\"background: #336699;\"><\/div>\r\n\t\t\t\t<div class=\"skill-bar-percent\">80%<\/div>\r\n\t\t\t<\/div>\n\n\n<div style=\"clear:both;\"><\/div>\n<\/div>\n<div style=\"clear:both; height:10px; overflow:hidden;\"><\/div>\n<style type=\"text\/css\">.skillbar-title{font-size:px;color:;}.skill-bar-percent{font-size:px;color:;}<\/style><script>\r\n\t\t\t\tfunction sbar(){\r\n\t\t\t\t\tjQuery(\".skillbar\").each(function(){\r\n\t\t\t\t\t\tjQuery(this).find(\".skillbar-bar\").animate({\r\n\t\t\t\t\t\t\twidth:jQuery(this).attr(\"data-percent\")\r\n\t\t\t\t\t\t},3000);\r\n\t\t\t\t\t});\t\r\n\t\t\t\t}\r\n\t\t\t\tif ( jQuery(\"#skillbar_straight\").next().is(\":appeared\") ){\r\n\t\t\t\t\tsbar();\r\n\t\t\t\t} else {\r\n\t\t\t\t\tjQuery( window ).scroll(function() {\r\n\t\t\t\t\t\tif ( jQuery(\"#skillbar_straight\").next().is(\":appeared\") ){\r\n\t\t\t\t\t\t\tsbar();\r\n\t\t\t\t\t\t}\r\n\t\t\t\t\t});\r\n\t\t\t\t}\r\n\t\t\t\t<\/script>\n","protected":false},"excerpt":{"rendered":"<p>Professional Experience Since 2023: Charg\u00e9e de recherche &#8211; Centre Inria de l\u2019Universit\u00e9 de Lorraine 2019-2022: Postdoc &#8211; Bioinformatics Unit &#8211; Institut Pasteur 2017-2018: Postdoc &#8211; MTi INSERM UMR-S 973 &#8211; Universit\u00e9 de Paris Education 2013-2016: PhD in Bioinformatics (LCQB &#8211; Sorbonne Universit\u00e9) 2010-2012: M.Sc. in Computer Engineering &#8211; Computer Architecture (Iran University of Science and [&hellip;]<\/p>\n","protected":false},"author":5,"featured_media":0,"parent":0,"menu_order":0,"comment_status":"closed","ping_status":"closed","template":"","meta":{"footnotes":""},"class_list":["post-10","page","type-page","status-publish","hentry"],"_links":{"self":[{"href":"https:\/\/members.loria.fr\/YKarami\/wp-json\/wp\/v2\/pages\/10","targetHints":{"allow":["GET"]}}],"collection":[{"href":"https:\/\/members.loria.fr\/YKarami\/wp-json\/wp\/v2\/pages"}],"about":[{"href":"https:\/\/members.loria.fr\/YKarami\/wp-json\/wp\/v2\/types\/page"}],"author":[{"embeddable":true,"href":"https:\/\/members.loria.fr\/YKarami\/wp-json\/wp\/v2\/users\/5"}],"replies":[{"embeddable":true,"href":"https:\/\/members.loria.fr\/YKarami\/wp-json\/wp\/v2\/comments?post=10"}],"version-history":[{"count":31,"href":"https:\/\/members.loria.fr\/YKarami\/wp-json\/wp\/v2\/pages\/10\/revisions"}],"predecessor-version":[{"id":288,"href":"https:\/\/members.loria.fr\/YKarami\/wp-json\/wp\/v2\/pages\/10\/revisions\/288"}],"wp:attachment":[{"href":"https:\/\/members.loria.fr\/YKarami\/wp-json\/wp\/v2\/media?parent=10"}],"curies":[{"name":"wp","href":"https:\/\/api.w.org\/{rel}","templated":true}]}}