{"id":10,"date":"2015-06-15T10:23:49","date_gmt":"2015-06-15T08:23:49","guid":{"rendered":"http:\/\/members.loria.fr\/thierrygartiser\/?page_id=10"},"modified":"2024-06-24T21:54:39","modified_gmt":"2024-06-24T19:54:39","slug":"cv","status":"publish","type":"page","link":"https:\/\/members.loria.fr\/YSong\/cv\/","title":{"rendered":"CV"},"content":{"rendered":"<div class=\"important_div\" style=\"text-align: center\"><\/div>\n<h4 class=\"cv\">Education<\/h4>\n<ul>\n<li><strong>PhD<\/strong> (11\/07\/1991) in computer science at INPL (Institut National Polytechnique de Lorraine)<\/li>\n<li><strong>HDR<\/strong> (15\/12\/2004) in computer science at Universit\u00e9 Henri Poincar\u00e9 Nancy 1.<\/li>\n<\/ul>\n<h4 class=\"cv\">Professionnal experience<\/h4>\n<ul>\n<li class=\"p1\">01\/10\/1992 &#8211; 31\/08\/2005, <strong>Associate Professor<\/strong> (Maitre de conf\u00e9rences) in computer science at Universit\u00e9 Henri Poincar\u00e9 Nancy 1<\/li>\n<li>Since 01\/09\/2005, <strong>Professor<\/strong> in computer science (INPL, Universit\u00e9 de Lorraine)<\/li>\n<\/ul>\n<h4 class=\"cv\">Research interests<\/h4>\n<ul>\n<li>Networks<\/li>\n<li>Quality of Service<\/li>\n<li>Performance evaluation<\/li>\n<li>Real-time systems<\/li>\n<li>Real-time scheduling<\/li>\n<li>Cyber-physical systems<\/li>\n<\/ul>\n<p>&nbsp;<\/p>\n","protected":false},"excerpt":{"rendered":"<p>Education<\/p>\n<ul>\n<li>PhD (11\/07\/1991) in computer science at INPL (Institut National Polytechnique de Lorraine)<\/li>\n<li>HDR (15\/12\/2004) in computer science at Universit\u00e9 Henri Poincar\u00e9 Nancy 1.<\/li>\n<\/ul>\n<p>Professionnal experience<\/p>\n<ul>\n<li class=\"p1\">01\/10\/1992 &#8211; 31\/08\/2005, Associate Professor (Maitre de conf\u00e9rences) in computer science at Universit\u00e9 Henri Poincar\u00e9 Nancy 1<\/li>\n<li>Since 01\/09\/2005, Professor in computer science (INPL, Universit\u00e9 de Lorraine)<\/li>\n<\/ul>\n<p>Research interests<\/p>\n<ul>\n<li>Networks<\/li>\n<li>Quality of Service<\/li>\n<li>Performance evaluation<\/li>\n<li>Real-time systems<\/li>\n<li>Real-time scheduling<\/li>\n<li>Cyber-physical systems<\/li>\n<\/ul>\n<p>&nbsp;<\/p>\n","protected":false},"author":5,"featured_media":0,"parent":0,"menu_order":0,"comment_status":"closed","ping_status":"closed","template":"","meta":{"footnotes":""},"class_list":["post-10","page","type-page","status-publish","hentry"],"_links":{"self":[{"href":"https:\/\/members.loria.fr\/YSong\/wp-json\/wp\/v2\/pages\/10","targetHints":{"allow":["GET"]}}],"collection":[{"href":"https:\/\/members.loria.fr\/YSong\/wp-json\/wp\/v2\/pages"}],"about":[{"href":"https:\/\/members.loria.fr\/YSong\/wp-json\/wp\/v2\/types\/page"}],"author":[{"embeddable":true,"href":"https:\/\/members.loria.fr\/YSong\/wp-json\/wp\/v2\/users\/5"}],"replies":[{"embeddable":true,"href":"https:\/\/members.loria.fr\/YSong\/wp-json\/wp\/v2\/comments?post=10"}],"version-history":[{"count":57,"href":"https:\/\/members.loria.fr\/YSong\/wp-json\/wp\/v2\/pages\/10\/revisions"}],"predecessor-version":[{"id":347,"href":"https:\/\/members.loria.fr\/YSong\/wp-json\/wp\/v2\/pages\/10\/revisions\/347"}],"wp:attachment":[{"href":"https:\/\/members.loria.fr\/YSong\/wp-json\/wp\/v2\/media?parent=10"}],"curies":[{"name":"wp","href":"https:\/\/api.w.org\/{rel}","templated":true}]}}