{"id":22,"date":"2015-06-15T11:01:33","date_gmt":"2015-06-15T09:01:33","guid":{"rendered":"http:\/\/members.loria.fr\/thierrygartiser\/?page_id=22"},"modified":"2026-03-13T16:18:55","modified_gmt":"2026-03-13T14:18:55","slug":"projets","status":"publish","type":"page","link":"https:\/\/members.loria.fr\/YSong\/projets\/","title":{"rendered":"Projets"},"content":{"rendered":"<p>&nbsp;<\/p>\n<ul>\n<li>ANR <a href=\"https:\/\/commits.loria.fr\/fr\/\">COMMITS<\/a> (2024-2028): COnverged coMMunication, control and scheduling Infrastructure for multi pods-based Transport Systems (<a href=\"https:\/\/urbanloop.fr\/\">UBRANLOOP<\/a>)<\/li>\n<li>PIA 4 <a href=\"https:\/\/scanr.enseignementsup-recherche.gouv.fr\/projects\/49824-PIA4-SOUTIEN-AU-DEPLOIEMENT\">AMI-CMA<\/a> France 2030 <a href=\"https:\/\/www.cmqe-mobinum.uha.fr\/projet-cymove\/\">CyMoVe<\/a> (<strong>Cy<\/strong>bers\u00e9curit\u00e9 pour <strong>Mo<\/strong>bilit\u00e9 des <strong>V<\/strong>\u00e9hicules <strong>E<\/strong>lectriques), 2025-2029<\/li>\n<\/ul>\n<p class=\"p1\"><span class=\"s1\">\u00a0<\/span><\/p>\n","protected":false},"excerpt":{"rendered":"<p>&nbsp;<\/p>\n<ul>\n<li>ANR <a href=\"https:\/\/commits.loria.fr\/fr\/\">COMMITS<\/a> (2024-2028): COnverged coMMunication, control and scheduling Infrastructure for multi pods-based Transport Systems (<a href=\"https:\/\/urbanloop.fr\/\">UBRANLOOP<\/a>)<\/li>\n<li>PIA 4 <a href=\"https:\/\/scanr.enseignementsup-recherche.gouv.fr\/projects\/49824-PIA4-SOUTIEN-AU-DEPLOIEMENT\">AMI-CMA<\/a> France 2030 <a href=\"https:\/\/www.cmqe-mobinum.uha.fr\/projet-cymove\/\">CyMoVe<\/a> (Cybers\u00e9curit\u00e9 pour Mobilit\u00e9 des V\u00e9hicules Electriques), 2025-2029<\/li>\n<\/ul>\n<p class=\"p1\">\u00a0<\/p>\n","protected":false},"author":5,"featured_media":0,"parent":0,"menu_order":0,"comment_status":"closed","ping_status":"closed","template":"page-fullwidth.php","meta":{"footnotes":""},"class_list":["post-22","page","type-page","status-publish","hentry"],"_links":{"self":[{"href":"https:\/\/members.loria.fr\/YSong\/wp-json\/wp\/v2\/pages\/22","targetHints":{"allow":["GET"]}}],"collection":[{"href":"https:\/\/members.loria.fr\/YSong\/wp-json\/wp\/v2\/pages"}],"about":[{"href":"https:\/\/members.loria.fr\/YSong\/wp-json\/wp\/v2\/types\/page"}],"author":[{"embeddable":true,"href":"https:\/\/members.loria.fr\/YSong\/wp-json\/wp\/v2\/users\/5"}],"replies":[{"embeddable":true,"href":"https:\/\/members.loria.fr\/YSong\/wp-json\/wp\/v2\/comments?post=22"}],"version-history":[{"count":5,"href":"https:\/\/members.loria.fr\/YSong\/wp-json\/wp\/v2\/pages\/22\/revisions"}],"predecessor-version":[{"id":352,"href":"https:\/\/members.loria.fr\/YSong\/wp-json\/wp\/v2\/pages\/22\/revisions\/352"}],"wp:attachment":[{"href":"https:\/\/members.loria.fr\/YSong\/wp-json\/wp\/v2\/media?parent=22"}],"curies":[{"name":"wp","href":"https:\/\/api.w.org\/{rel}","templated":true}]}}