{"id":102,"date":"2015-06-17T12:57:29","date_gmt":"2015-06-17T10:57:29","guid":{"rendered":"http:\/\/members.loria.fr\/template\/?page_id=102"},"modified":"2015-10-22T14:47:26","modified_gmt":"2015-10-22T12:47:26","slug":"equipe","status":"publish","type":"page","link":"https:\/\/members.loria.fr\/beckf\/equipe\/","title":{"rendered":"SED"},"content":{"rendered":"<p>La mission du <a href=\"https:\/\/sed-ncy.inria.fr\/tikiwiki\/tiki-index.php\" target=\"_blank\">Service d&rsquo;Exp\u00e9rimentation et de D\u00e9veloppement <\/a>est li\u00e9e au renforcement de l&rsquo;activit\u00e9 de d\u00e9veloppement prioritaire pour l&rsquo;institut et inscrite dans son Contrat quadriennal et son Plan strat\u00e9gique.<\/p>\n<p><strong>Missions<\/strong><\/p>\n<ul>\n<li>Contribuer et s&rsquo;impliquer dans les d\u00e9veloppements technologiques des Equipes-Projets (EP), et porter avec les EP les Actions de D\u00e9veloppement Technologique (ADT);<\/li>\n<li>Mettre en place, d\u00e9velopper, maintenir des Plates-Formes Exp\u00e9rimentales Technologiques (PFET);<\/li>\n<li>Constituer et maintenir un r\u00e9seau d&rsquo;expertise li\u00e9e au d\u00e9veloppement logiciel dans l&rsquo;institut, diffuser les bonnes pratiques de d\u00e9veloppement et de gestion de projet technologique.<\/li>\n<\/ul>\n<p>&nbsp;<\/p>\n<p><strong>Composition<\/strong><\/p>\n<ul>\n<li>Fr\u00e9d\u00e9ric Beck,+33 3 54 95 86 62;<\/li>\n<li>Olivier Demengeon,+33 3 54 95 84 71;<\/li>\n<li>Benjamin Dexheimer,+33 3 54 95 84 36;<\/li>\n<li>Alain Filbois,+33 3 83 59 30 30;<\/li>\n<li>St\u00e9phane Glondu,+33 3 83 59 30 14;<\/li>\n<li><em>Claude Inglebert, responsable du service,+33 3 83 59 30 38;<\/em><\/li>\n<li>Emmanuel Jeanvoine,+33 3 54 95 86 21;<\/li>\n<li>Laurent Pierron,+33 3 54 95 84 47;<\/li>\n<li>Olivier Rochel,+33 3 54 95 85 90;<\/li>\n<\/ul>\n<p>Pour voir nos t\u00eates, c&rsquo;est <a href=\"https:\/\/sed-ncy.inria.fr\/tikiwiki\/tiki-index.php?page=Membres+du+service\" target=\"_blank\">ici<\/a>\u00a0que \u00e7a se passe.<\/p>\n<p>&nbsp;<\/p>\n<p><strong>Contacts\u00a0<\/strong><\/p>\n<ul>\n<li>Venez nous voir (bureaux C030 \u00e0 C033), faites-nous un mail (Pr\u00e9nom.Nom@inria.fr), t\u00e9l\u00e9phonez-nous;<\/li>\n<li>Eventuellement, utilisez le <a href=\"https:\/\/helpdesk.loria.fr\" target=\"_blank\">helpdesk<\/a><\/li>\n<li>Faire une demande de <a href=\"https:\/\/sed-ncy.inria.fr\/tikiwiki\/tiki-index.php?page=Faire+une+demande+de+soutien+SED\" target=\"_blank\">soutien SED<\/a><\/li>\n<\/ul>\n<p>&nbsp;<\/p>\n","protected":false},"excerpt":{"rendered":"<p>La mission du Service d&rsquo;Exp\u00e9rimentation et de D\u00e9veloppement est li\u00e9e au renforcement de l&rsquo;activit\u00e9 de d\u00e9veloppement prioritaire pour l&rsquo;institut et inscrite dans son Contrat quadriennal et son Plan strat\u00e9gique. Missions Contribuer et s&rsquo;impliquer dans les d\u00e9veloppements technologiques des Equipes-Projets (EP), et porter avec les EP les Actions de D\u00e9veloppement Technologique (ADT); Mettre en place, d\u00e9velopper, [&hellip;]<\/p>\n","protected":false},"author":1,"featured_media":0,"parent":0,"menu_order":0,"comment_status":"closed","ping_status":"closed","template":"","meta":{"footnotes":""},"class_list":["post-102","page","type-page","status-publish","hentry"],"_links":{"self":[{"href":"https:\/\/members.loria.fr\/beckf\/wp-json\/wp\/v2\/pages\/102","targetHints":{"allow":["GET"]}}],"collection":[{"href":"https:\/\/members.loria.fr\/beckf\/wp-json\/wp\/v2\/pages"}],"about":[{"href":"https:\/\/members.loria.fr\/beckf\/wp-json\/wp\/v2\/types\/page"}],"author":[{"embeddable":true,"href":"https:\/\/members.loria.fr\/beckf\/wp-json\/wp\/v2\/users\/1"}],"replies":[{"embeddable":true,"href":"https:\/\/members.loria.fr\/beckf\/wp-json\/wp\/v2\/comments?post=102"}],"version-history":[{"count":11,"href":"https:\/\/members.loria.fr\/beckf\/wp-json\/wp\/v2\/pages\/102\/revisions"}],"predecessor-version":[{"id":190,"href":"https:\/\/members.loria.fr\/beckf\/wp-json\/wp\/v2\/pages\/102\/revisions\/190"}],"wp:attachment":[{"href":"https:\/\/members.loria.fr\/beckf\/wp-json\/wp\/v2\/media?parent=102"}],"curies":[{"name":"wp","href":"https:\/\/api.w.org\/{rel}","templated":true}]}}