{"id":10,"date":"2015-06-15T10:23:49","date_gmt":"2015-06-15T08:23:49","guid":{"rendered":"http:\/\/members.loria.fr\/thierrygartiser\/?page_id=10"},"modified":"2025-11-06T15:31:19","modified_gmt":"2025-11-06T13:31:19","slug":"cv","status":"publish","type":"page","link":"https:\/\/members.loria.fr\/fcharoy\/cv\/","title":{"rendered":"CV"},"content":{"rendered":"<div class=\"important_div\" style=\"text-align: center\"><\/div>\n<ul>\n<li>Fran\u00e7ois Charoy \u2013 francois.charoy@loria.fr<\/li>\n<li>Professor \u2013 Computer Science &#8211; HDR<\/li>\n<li>TELECOM Nancy<\/li>\n<li>Universit\u00e9 de Lorraine\n<div class=\"vspace\"><\/div>\n<\/li>\n<li>Head of the Coast Inria Loria Project\u00a0Team since 2011<\/li>\n<\/ul>\n<div class=\"vspace\"><\/div>\n<h3>French Degrees<\/h3>\n<ul>\n<li>Habilitation (2008)\n<ul>\n<li>Explicit Coordination of Cooperative Activities (Coordination explicite d&rsquo;activit\u00e9s coop\u00e9ratives) in french<\/li>\n<li>Jury : Christine Collet, Michel L\u00e9onard, Fran\u00e7oise D\u00e9tienne, Claude Godart, Olivier Festor<\/li>\n<\/ul>\n<div class=\"vspace\"><\/div>\n<\/li>\n<li>PHD (1992)\n<ul>\n<li>Modular development of Object Oriented Software Engineering Environment (Construction modulaire d&rsquo;ateliers logiciels sur une structure d&rsquo;accueil \u00e0 objets) in French<\/li>\n<li>Supervisor: Jean-Claude Derniame<\/li>\n<li>Jury: Jean-Pierre Finance, Michel Adiba, Elie Milgrom, Claude Godart, Amaury Legait<\/li>\n<\/ul>\n<\/li>\n<\/ul>\n<div class=\"vspace\"><\/div>\n<h3>Position<\/h3>\n<ul>\n<li>Since September 2012 &#8211; Professor &#8211; TELECOM Nancy &#8211; University of Lorraine<\/li>\n<li>June-July 2019 &#8211; Visiting Academic &#8211; Penn State University, PA\n<li>March-May 2019 &#8211; Visitinc Academic &#8211; IBM Research Almaden, CA\n<li>June-July 2018 &#8211; Visiting Academic &#8211; Knoesys &#8211; Wright State University &#8211; Dayton &#8211; Ohio<\/li>\n<li>June-July 2015 &#8211; Visiting Academic &#8211; Knoesys &#8211; Wright State University &#8211; Dayton &#8211; Ohio<\/li>\n<li>From February to July 2011 &#8211; Visiting Academic &#8211; <a class=\"urllink\" href=\"http:\/\/www.sap.com\/corporate-en\/our-company\/innovation\/research\/locations\/sydney.epx\" rel=\"nofollow\">SAP Research<\/a> &amp; <a class=\"urllink\" href=\"http:\/\/www.nicta.com.au\/\" rel=\"nofollow\">NICTA<\/a> &#8211; Sydney<\/li>\n<li>September 2005 &#8211; Associate Professor \u2013Universit\u00e9 Henri Poincar\u00e9 Nancy 1<\/li>\n<li>September 2002 &#8211; September 2005 Associate Professor, Universit\u00e9 de Nancy 2<\/li>\n<li>September 2000 &#8211; August 2002 Researcher, INRIA Lorraine<\/li>\n<li>September 1993 &#8211; August 2000 Associate Professor, Universit\u00e9 de Nancy 2<\/li>\n<li>September 1991 &#8211; September 1993 Lecturer, Universit\u00e9 Henri Poincar\u00e9 Nancy 1<\/li>\n<li>January 1990 &#8211; January 1991 Military Service \u2013 Software engineer at the recruitment offices<\/li>\n<li>October 1987 &#8211; October 1990 PHD \u2013 French State Grant &#8211; Universit\u00e9 Henri Poincar\u00e9.<\/li>\n<\/ul>\n<div class=\"vspace\"><\/div>\n<h3>Research activity<\/h3>\n<h4>Research domains<\/h4>\n<p>My research domains are related to business process management (BPM), middleware to support the execution and the deployment of processes and services and alternative models and supports to coordinate multi-organisations activities in advanced business area involving heavy end-users interactions. This includes issues related to organisational flexibility, security, advanced transaction and synchronisation.<\/p>\n<p class=\"vspace\">Recent works are related to workflow security, activity coordination in crisis management and business\/IT alignment. My research methodology includes technical and theoretical work but also experimental and empirical research to explore the potential impact of new technologies in actual organisations. This also requires the development of advanced prototype that have to be used by end-users.<\/p>\n<h4>Grants and projects<\/h4>\n<div class=\"vspace\">OpenPaaS::NG<\/div>\n<div><\/div>\n<div>Open<\/div>\n<h3>Software<\/h3>\n<ul>\n<li>Founder of the Bonita workflow management system with Miguel Valdes Faura. Miguel has since founded <span class=\"wikiword\">BonitaSoft<\/span> company to continue its development (www.bonitasoft.com). Bonita is one of the leaders in open source workflow management system solutions.<\/li>\n<\/ul>\n<div class=\"vspace\"><\/div>\n<h3>PHD supervision and co-supervision<\/h3>\n<ul>\n<li>Hala Skaf (1996) 50%\u00a0Une approche hybride pour g\u00e9rer la coh\u00e9rence dans les environnements de d\u00e9veloppement coop\u00e9ratif<\/li>\n<\/ul>\n<ul>\n<li>Daniela Grigori (2001) 50%\u00a0El\u00e9ments de flexibilit\u00e9 des syst\u00e8mes de workflow pour la d\u00e9finition et l&rsquo;ex\u00e9cution de proc\u00e9d\u00e9s coop\u00e9ratifs<\/li>\n<\/ul>\n<ul>\n<li>Adnene Guabtni (2006) 50%\u00a0Sph\u00e8re de comportement pour la mod\u00e9lisation de proc\u00e9d\u00e9s flexible<\/li>\n<\/ul>\n<ul>\n<li>Khaled Gaaloul (2011) 100%\u00a0S\u00e9curit\u00e9 dans les workflow inter organisationnels, application \u00e0 l&rsquo;e-justice PHD funded by SAP Research Karlsruhe.<\/li>\n<\/ul>\n<ul>\n<li>Karim Dahmen (2012) 50%\u00a0Agilit\u00e9 dans les proc\u00e9d\u00e9s inter organisationnels avec un application au e-gouvernement.<\/li>\n<\/ul>\n<ul>\n<li>Joern Franke (2011) 100%\u00a0Plan et proc\u00e9d\u00e9s dans les syst\u00e8mes de gestion de crise PHD funded by SAP Research Sofia Antipolis<\/li>\n<\/ul>\n<ul>\n<li class=\"vspace\">Mehdi Ahmed Nacer (2015) 50%\u00a0<a href=\"https:\/\/tel.archives-ouvertes.fr\/tel-01751533v2\" target=\"_blank\" rel=\"noopener\">M\u00e9thodologie d\u2019\u00e9valuation pour les types de donn\u00e9es r\u00e9pliqu\u00e9s<\/a><\/li>\n<li class=\"vspace\">Vinh Dang Quang (2018) (50%)\u00a0<a href=\"https:\/\/hal.archives-ouvertes.fr\/tel-01634377v3\" target=\"_blank\" rel=\"noopener\">Trust assessment in large-scale collaborative systems<\/a><\/li>\n<li class=\"vspace\">Luc Andr\u00e9 (2016) (50%)\u00a0<a href=\"https:\/\/tel.archives-ouvertes.fr\/tel-01362437\" target=\"_blank\" rel=\"noopener\">Pr\u00e9servation des Intentions et Maintien de la Coh\u00e9rence des Donn\u00e9es R\u00e9pliqu\u00e9es en Temps R\u00e9el<\/a><\/li>\n<li class=\"vspace\">Jordi Martori (2017) (50%)\u00a0<a href=\"https:\/\/tel.archives-ouvertes.fr\/tel-01649866\" target=\"_blank\" rel=\"noopener\">Probabilistic Models of Partial Order Enforcement in Distributed Systems<\/a><\/li>\n<li>Guillaume Rosinosky (50 %)<\/li>\n<li class=\"vspace\">Hoai-Le Nguyen (50%)<\/li>\n<li class=\"vspace\">Victorien Elvinger (50%)<\/li>\n<li>Quentin Laporte Chabasse (50%)<\/li>\n<li>B\u00e9atrice Linot (40 %)<\/li>\n<li>Anis Ahmed Nacer (50 %)<\/li>\n<\/ul>\n<h3>Responsibilities<\/h3>\n<ul>\n<li>Studies management \u2013 Information-Communication Department (1993-2000)<\/li>\n<li>Head of Department \u2013 Information-Communication Department (2004-2005)<\/li>\n<li>Head of the Software Engineering Specialty\u00a0(TELECOM Nancy, Universit\u00e9 de Lorraine) since 2006<\/li>\n<li>Member of the Board &#8211; Universit\u00e9 de Nancy 2 (2001-2005)<\/li>\n<li>Member of the recruitment committee in computer science, Universit\u00e9 de Nancy 2 (2003-2005)<\/li>\n<li>Member of the Board &#8211; Universit\u00e9 Henri Poincar\u00e9 (2008-2012)<\/li>\n<li>Member of the Board &#8211; Universit\u00e9 de Lorraine\u00a0(2012-2013)<\/li>\n<li>Head of the Score Team 2010 -2014<\/li>\n<li>Head of the Coast Project Team Since 2014<\/li>\n<\/ul>\n<h4 class=\"cv\">Centres d&rsquo;int\u00e9r\u00eat et comp\u00e9tences<\/h4>\n<div id=\"skillbar_straight\" style=\"padding:10px 0;\">\n\n<div class=\"skillbar clearfix\" data-percent=\"70%\" style=\"background: #eeeeee;\">\r\n\t\t\t\t<div class=\"skillbar-title\" style=\"background: #336699 !important;\"><span>Cooperative Work<\/span><\/div>\r\n\t\t\t\t<div class=\"skillbar-bar\" style=\"background: #336699;\"><\/div>\r\n\t\t\t\t<div class=\"skill-bar-percent\">70%<\/div>\r\n\t\t\t<\/div>\n\n<div class=\"skillbar clearfix\" data-percent=\"80%\" style=\"background: #eeeeee;\">\r\n\t\t\t\t<div class=\"skillbar-title\" style=\"background: #336699 !important;\"><span>Business Process Management Systems<\/span><\/div>\r\n\t\t\t\t<div class=\"skillbar-bar\" style=\"background: #336699;\"><\/div>\r\n\t\t\t\t<div class=\"skill-bar-percent\">80%<\/div>\r\n\t\t\t<\/div>\n\n<div class=\"skillbar clearfix\" data-percent=\"60%\" style=\"background: #eeeeee;\">\r\n\t\t\t\t<div class=\"skillbar-title\" style=\"background: #336699 !important;\"><span>Trustworthy Collaborative Systems<\/span><\/div>\r\n\t\t\t\t<div class=\"skillbar-bar\" style=\"background: #336699;\"><\/div>\r\n\t\t\t\t<div class=\"skill-bar-percent\">60%<\/div>\r\n\t\t\t<\/div>\n\n\n<div style=\"clear:both;\"><\/div>\n<\/div>\n<div style=\"clear:both; height:10px; overflow:hidden;\"><\/div>\n<style type=\"text\/css\">.skillbar-title{font-size:px;color:;}.skill-bar-percent{font-size:px;color:;}<\/style><script>\r\n\t\t\t\tfunction sbar(){\r\n\t\t\t\t\tjQuery(\".skillbar\").each(function(){\r\n\t\t\t\t\t\tjQuery(this).find(\".skillbar-bar\").animate({\r\n\t\t\t\t\t\t\twidth:jQuery(this).attr(\"data-percent\")\r\n\t\t\t\t\t\t},3000);\r\n\t\t\t\t\t});\t\r\n\t\t\t\t}\r\n\t\t\t\tif ( jQuery(\"#skillbar_straight\").next().is(\":appeared\") ){\r\n\t\t\t\t\tsbar();\r\n\t\t\t\t} else {\r\n\t\t\t\t\tjQuery( window ).scroll(function() {\r\n\t\t\t\t\t\tif ( jQuery(\"#skillbar_straight\").next().is(\":appeared\") ){\r\n\t\t\t\t\t\t\tsbar();\r\n\t\t\t\t\t\t}\r\n\t\t\t\t\t});\r\n\t\t\t\t}\r\n\t\t\t\t<\/script>\n<fieldset class=\"tutoriel\">\n<legend class=\"info\"> <\/legend>\n<\/fieldset>\n<p><a rel=\"me\" href=\"https:\/\/oc.todon.fr\/@francoisch\">Mastodon<\/a><\/p>\n","protected":false},"excerpt":{"rendered":"<ul>\n<li>Fran\u00e7ois Charoy \u2013 francois.charoy@loria.fr<\/li>\n<li>Professor \u2013 Computer Science &#8211; HDR<\/li>\n<li>TELECOM Nancy<\/li>\n<li>Universit\u00e9 de Lorraine\n<\/li>\n<li>Head of the Coast Inria Loria Project\u00a0Team since 2011<\/li>\n<\/ul>\n<p>French Degrees<\/p>\n<ul>\n<li>Habilitation (2008)\n<ul>\n<li>Explicit Coordination of Cooperative Activities (Coordination explicite d&rsquo;activit\u00e9s coop\u00e9ratives) in french<\/li>\n<li>Jury : Christine Collet, Michel L\u00e9onard, Fran\u00e7oise D\u00e9tienne, Claude Godart, Olivier Festor<\/li>\n<\/ul>\n<\/li>\n<li>PHD (1992)\n<ul>\n<li>Modular development of Object Oriented Software Engineering Environment (Construction modulaire d&rsquo;ateliers logiciels sur une structure d&rsquo;accueil \u00e0 objets) in French<\/li>\n<li>Supervisor: Jean-Claude Derniame<\/li>\n<li>Jury: Jean-Pierre Finance,<\/li>\n<\/ul>\n<\/li>\n<\/ul>\n","protected":false},"author":26,"featured_media":0,"parent":0,"menu_order":0,"comment_status":"closed","ping_status":"closed","template":"","meta":{"footnotes":""},"class_list":["post-10","page","type-page","status-publish","hentry"],"_links":{"self":[{"href":"https:\/\/members.loria.fr\/fcharoy\/wp-json\/wp\/v2\/pages\/10","targetHints":{"allow":["GET"]}}],"collection":[{"href":"https:\/\/members.loria.fr\/fcharoy\/wp-json\/wp\/v2\/pages"}],"about":[{"href":"https:\/\/members.loria.fr\/fcharoy\/wp-json\/wp\/v2\/types\/page"}],"author":[{"embeddable":true,"href":"https:\/\/members.loria.fr\/fcharoy\/wp-json\/wp\/v2\/users\/26"}],"replies":[{"embeddable":true,"href":"https:\/\/members.loria.fr\/fcharoy\/wp-json\/wp\/v2\/comments?post=10"}],"version-history":[{"count":57,"href":"https:\/\/members.loria.fr\/fcharoy\/wp-json\/wp\/v2\/pages\/10\/revisions"}],"predecessor-version":[{"id":286,"href":"https:\/\/members.loria.fr\/fcharoy\/wp-json\/wp\/v2\/pages\/10\/revisions\/286"}],"wp:attachment":[{"href":"https:\/\/members.loria.fr\/fcharoy\/wp-json\/wp\/v2\/media?parent=10"}],"curies":[{"name":"wp","href":"https:\/\/api.w.org\/{rel}","templated":true}]}}