{"id":102,"date":"2015-06-17T12:57:29","date_gmt":"2015-06-17T10:57:29","guid":{"rendered":"http:\/\/members.loria.fr\/template\/?page_id=102"},"modified":"2017-03-27T14:52:47","modified_gmt":"2017-03-27T12:52:47","slug":"faq4","status":"publish","type":"page","link":"https:\/\/members.loria.fr\/infodoc\/faq\/faq4\/","title":{"rendered":"FAQ4 : apparence"},"content":{"rendered":"<h3>Questions :<\/h3>\n<ol>\n<li><a href=\"#1\">comment modifier le titre de mon site ?<\/a><\/li>\n<li><a href=\"#2\">comment me d\u00e9barasser de la mention \u00ab\u00a0modele loria\u2026\u00a0\u00bb (ou \u00ab\u00a0mod\u00e8le Inria&#8230;\u00a0\u00bb) en bas de page ?<\/a><\/li>\n<li><a href=\"#3\">comment modifier la couleur de fond du titre principal de la page ?<\/a><\/li>\n<li><a href=\"#4\">comment g\u00e9rer le <b>Menu horizontal<\/b> du haut de page ?<\/a><\/li>\n<li><a href=\"#6\">comment ajouter un \u00ab\u00a0glyphicon\u00a0\u00bb dans le <b>Menu horizontal<\/b> du haut de page ?<\/a><\/li>\n<li><a href=\"#5\">pourquoi l&rsquo;option habituelle <b>Discussion<\/b> n&rsquo;apparait-elle pas dans le menu <b>R\u00e9glages<\/b> de mon panneau d&rsquo;administration ?<\/a><\/li>\n<\/ol>\n<h3>R\u00e9ponses :<\/h3>\n<ol>\n<li class=\"faqsep\"><a name=\"1\"><\/a><span class=\"faqreponse\">comment modifier le titre de mon site :<\/span>\n<ul>\n<li>Par d\u00e9faut, nous avons fix\u00e9 le titre de chaque site du multisite <i>members<\/i> \u00e0 votre pr\u00e9nom et votre nom (accol\u00e9s), tels qu&rsquo;ils apparaissent dans notre base du personnel.<\/li>\n<li>Le fonctionnement standard du th\u00e8me s\u00e9lectionn\u00e9 (<b><i>Sparkling<\/i><\/b>) fait que la mention du titre apparait en haut \u00e0 gauche de la barre d&rsquo;en-t\u00eate.<\/li>\n<li>Si cet intitul\u00e9 ne vous convient pas (par exemple si vous pr\u00e9f\u00e9rez voir apparaitre un \u00ab\u00a0<i>surnom<\/i>\u00a0\u00bb \u00e0 la place de votre pr\u00e9nom), vous avez 2 possibilit\u00e9s :\n<ul>\n<li>soit vous modifiez le titre du site : rien de plus simple, il suffit d&rsquo;aller \u00e0 <b>R\u00e9glages<\/b> > <b>G\u00e9n\u00e9ral<\/b>, et de modifier le contenu du champ \u00ab\u00a0<i>Titre du site<\/i>\u00ab\u00a0.<\/li>\n<li>soit vous d\u00e9cidez de passer \u00e0 une solution plus originale : mettez une image dans le bandeau d&rsquo;en-t\u00eate du site ! (attention, cela remplace le contenu du champ \u00ab\u00a0Titre du site\u00a0\u00bb)\n<ul>\n<li>Pr\u00e9parez sur votre station de travail, avec un outil ad\u00e9quat (Photoshop, Gimp, etc.) une image (de pr\u00e9f\u00e9rence au format PNG) qui remplira le bandeau d&rsquo;en-t\u00eate (faites \u00e9ventuellement quelques tests pour vous assurer du fonctionnement de l&rsquo;outil, wordpress rognera l&rsquo;image si la taille ne lui convient pas : la taille sugg\u00e9r\u00e9e est 300 x 76 pixels).<\/li>\n<li>Puis t\u00e9l\u00e9chargez l&rsquo;image dans vos <b>M\u00e9dias<\/b> (c&rsquo;est une des rares fois que nous vous conseillons cette m\u00e9thode de stockage plut\u00f4t que l&rsquo;espace statique ! \ud83d\ude42 )<\/li>\n<li>Allez sur <b>Apparence<\/b> > <b>Personnaliser<\/b><\/li>\n<li>Cliquez sur <b>Image d&rsquo;en-t\u00eate<\/b><\/li>\n<li>Dans <b>En-t\u00eate actuel<\/b>, cliquez sur <b><i>Ajouter une nouvelle image<\/i><\/b>. S\u00e9lectionnez l&rsquo;image que vous venez de cr\u00e9er et validez cette s\u00e9lection.<\/li>\n<li><b>Remarque 1<\/b> : si vous s\u00e9lectionnez plusieurs images d&rsquo;en-t\u00eate, vous pouvez les faire afficher al\u00e9atoirement \u00e0 chaque chargement de page, une nouvelle image s&rsquo;affichera.<\/li>\n<li><b>Remarque 2<\/b> : Vous pouvez construire une image contenant le logo du laboratoire et votre nom si vous voulez conserver ce dernier dans le bandeau d&rsquo;en-t\u00eate&#8230;<\/li>\n<\/ul>\n<\/li>\n<\/ul>\n<\/li>\n<\/ul>\n<\/li>\n<li class=\"faqsep\"><a name=\"2\"><\/a><span class=\"faqreponse\">comment me d\u00e9barasser de la mention \u00ab\u00a0modele loria\u2026\u00a0\u00bb (ou \u00ab\u00a0mod\u00e8le Inria&#8230;\u00a0\u00bb) en bas de page<\/span> :\n<ul>\n<li>cette mention en base de page reprend le titre du site, mais son affichage est mal g\u00e9r\u00e9 par le th\u00e8me choisi<\/li>\n<li>c&rsquo;est le titre du site choisi comme mod\u00e8le \u00e0 la cr\u00e9ation de votre site qui s&rsquo;affiche<\/li>\n<li>pour faire prendre en compte le titre effectif de votre site (apr\u00e8s l&rsquo;avoir modifi\u00e9 dans <strong>R\u00e9glages<\/strong> &gt; <strong>G\u00e9n\u00e9ral<\/strong> comme expliqu\u00e9 plus haut) :\n<ul>\n<li>allez dans <strong>Apparence<\/strong> &gt; <strong>Options du th\u00e8me<\/strong><\/li>\n<li>sur l&rsquo;onglet <strong>Options principales<\/strong>, en bas de page cliquez sur le bouton <strong>Restore Defaults<\/strong><\/li>\n<li>v\u00e9rifiez que vous avez bien r\u00e9cup\u00e9r\u00e9 le titre du site en cliquant sur <strong>Aller sur le site<\/strong> dans le menu <strong>Home<\/strong><\/li>\n<\/ul>\n<\/li>\n<\/ul>\n<\/li>\n<li class=\"faqsep\"><a name=\"3\"><\/a><span class=\"faqreponse\">comment modifier la couleur de fond du titre principal de la page<\/span> :\n<ul>\n<li>&#8230;<\/li>\n<\/ul>\n<\/li>\n<li class=\"faqsep\"><a name=\"4\"><\/a><span class=\"faqreponse\">comment g\u00e9rer le <b>Menu horizontal<\/b> du haut de page<\/span> :\n<ul>\n<li>c&rsquo;est un point qui a \u00e9t\u00e9 s\u00e9rieusement remani\u00e9 dans les derni\u00e8res versions de WordPress et qui n&rsquo;est pas toujours bien g\u00e9r\u00e9 au niveau des th\u00e8mes.<\/li>\n<li>avec le th\u00e8me choisi (sparkling), il faut faire 2 choses :\n<ol>\n<li>lorsque vous cr\u00e9ez vos pages, dans Pages > Ajouter, pensez \u00e0 toujours bien les positionner dans la hi\u00e9rarchie des pages (attribut \u00ab\u00a0Parent\u00a0\u00bb de la page)<\/li>\n<li>dans Apparence > Menus, vous pouvez cr\u00e9er des \u00e9l\u00e9ments de menu de 4 types (Pages, Articles, Liens ou Cat\u00e9gories). D\u00e9roulez le type pour choisir l&rsquo;\u00e9l\u00e9ment, et cliquez \u00ab\u00a0Ajouter au menu\u00a0\u00bb. Puis dans la partie droite (<b>Structure du menu<\/b>), glissez-d\u00e9posez l&rsquo;\u00e9l\u00e9ment pour le positionner \u00e0 sa place. Pour en faire un sous-\u00e9l\u00e9ment de l&rsquo;\u00e9l\u00e9ment pr\u00e9c\u00e9dent, d\u00e9calez simplement l&rsquo;\u00e9l\u00e9ment vers la droite (prenez exemple sur l&rsquo;\u00e9l\u00e9ment d\u00e9roulant <b>Contact<\/b> du mod\u00e8le fourni.<\/li>\n<\/ol>\n<\/li>\n<li>voir ici pour un mode d&#8217;emploi en images :<br \/>\n<a href=\"\/infodoc\/manips\/ajoutmenu\/\">\/infodoc\/manips\/ajoutmenu\/<\/a><\/li>\n<\/ul>\n<\/li>\n<li class=\"faqsep\"><a name=\"6\"><\/a><span class=\"faqreponse\">comment ajouter un glyphicon dans le <b>Menu horizontal<\/b> du haut de page<\/span> :\n<ul>\n<li>un petit \u00ab\u00a0effet sympa\u00a0\u00bb du mod\u00e8le de site que nous vous avons propos\u00e9, c&rsquo;est les petites icones qui apparaissent \u00e0 gauche de chaque item du premier niveau du menu horizontal : on les appelle des \u00ab\u00a0glyphes\u00a0\u00bb ou \u00ab\u00a0glyphicons\u00a0\u00bb.<\/li>\n<li>la librairie de glyphicons install\u00e9e est visible ici : http:\/\/getbootstrap.com\/components\/<\/li>\n<li>pour modifier un glyphicon, ou en ajouter un \u00e0 un nouvel \u00e9l\u00e9ment de menu, il suffit de d\u00e9rouler les options de l&rsquo;\u00e9l\u00e9ment de menu en cliquant sur le petit triangle tout \u00e0 droite de l&rsquo;\u00e9l\u00e9ment.<\/li>\n<li>vous devez alors voir un champ \u00ab\u00a0Attribut du titre\u00a0\u00bb.<\/li>\n<li><b>Point important : <\/b>si vous ne voyez pas ce champ, c&rsquo;est qu&rsquo;il manque un petit d\u00e9tail \u00e0 votre configuration ! Pour modifier cela, en haut \u00e0 droite de la fen\u00eatre des menus, cliquez sur \u00ab\u00a0Options de l&rsquo;\u00e9cran\u00a0\u00bb.<br \/>Et sur la 2\u00e8me ligne d&rsquo;options qui apparaissent (\u00ab\u00a0Afficher les propri\u00e9t\u00e9s avanc\u00e9es du menu\u00a0\u00bb), cochez \u00ab\u00a0Attribut de titre\u00a0\u00bb. Vous devriez maintenant voir le champ de saisie qui nous int\u00e9resse.<\/li>\n<li>allez sur le site <b>getbootstrap<\/b> et rep\u00e9rez le glyphe qui repr\u00e9sentera votre nouvel \u00e9l\u00e9ment de menu.<\/li>\n<li>copiez le code qui figure sous le glyphe (par exemple \u00ab\u00a0glyphicon glyphicon-euro\u00a0\u00bb pour un symbole d&rsquo;euro), et collez le dans le cadre.<\/li>\n<li>sauvegardez et rechargez la page. Votre glyphicon doit apparaitre dans le menu \u00e0 gauche du titre de l&rsquo;\u00e9l\u00e9ment.<\/li>\n<\/ul>\n<\/li>\n<li class=\"faqsep\"><a name=\"5\"><\/a><span class=\"faqreponse\">pourquoi l&rsquo;option habituelle <b>Discussion<\/b> n&rsquo;apparait-elle pas dans le menu <b>R\u00e9glages<\/b> de mon panneau d&rsquo;administration<\/span> :\n<ul>\n<li>cette option <b>Discussion<\/b> sert \u00e0 param\u00e9trer l&rsquo;usage des contenus de type <b>Commentaires<\/b><\/li>\n<li>pour des raisons de s\u00e9curit\u00e9, nous avons compl\u00e8tement interdit cette option : il est en effet facile pour un usager ext\u00e9rieur de d\u00e9tourner l&rsquo;usage des commentaires pour introduire des contenus illicites dans la base de donn\u00e9es<\/li>\n<li>c&rsquo;est une extension sp\u00e9cifique activ\u00e9e sur tout le r\u00e9seau de sites qui se charge de bloquer les commentaires<\/li>\n<\/ul>\n<\/li>\n<\/ol>\n","protected":false},"excerpt":{"rendered":"<p>Questions :<\/p>\n<ol>\n<li><a href=\"#1\">comment modifier le titre de mon site ?<\/a><\/li>\n<li><a href=\"#2\">comment me d\u00e9barasser de la mention \u00ab\u00a0modele loria\u2026\u00a0\u00bb (ou \u00ab\u00a0mod\u00e8le Inria&#8230;\u00a0\u00bb) en bas de page ?<\/a><\/li>\n<li><a href=\"#3\">comment modifier la couleur de fond du titre principal de la page ?<\/a><\/li>\n<li><a href=\"#4\">comment g\u00e9rer le Menu horizontal du haut de page ?<\/a><\/li>\n<li><a href=\"#6\">comment ajouter un \u00ab\u00a0glyphicon\u00a0\u00bb dans le Menu horizontal du haut de page ?<\/a><\/li>\n<li><a href=\"#5\">pourquoi l&rsquo;option habituelle Discussion n&rsquo;apparait-elle pas dans le menu R\u00e9glages de mon panneau d&rsquo;administration ?<\/a><\/li>\n<\/ol>\n","protected":false},"author":1,"featured_media":0,"parent":50,"menu_order":0,"comment_status":"closed","ping_status":"closed","template":"page-fullwidth.php","meta":{"footnotes":""},"class_list":["post-102","page","type-page","status-publish","hentry"],"_links":{"self":[{"href":"https:\/\/members.loria.fr\/infodoc\/wp-json\/wp\/v2\/pages\/102","targetHints":{"allow":["GET"]}}],"collection":[{"href":"https:\/\/members.loria.fr\/infodoc\/wp-json\/wp\/v2\/pages"}],"about":[{"href":"https:\/\/members.loria.fr\/infodoc\/wp-json\/wp\/v2\/types\/page"}],"author":[{"embeddable":true,"href":"https:\/\/members.loria.fr\/infodoc\/wp-json\/wp\/v2\/users\/1"}],"replies":[{"embeddable":true,"href":"https:\/\/members.loria.fr\/infodoc\/wp-json\/wp\/v2\/comments?post=102"}],"version-history":[{"count":32,"href":"https:\/\/members.loria.fr\/infodoc\/wp-json\/wp\/v2\/pages\/102\/revisions"}],"predecessor-version":[{"id":1746,"href":"https:\/\/members.loria.fr\/infodoc\/wp-json\/wp\/v2\/pages\/102\/revisions\/1746"}],"up":[{"embeddable":true,"href":"https:\/\/members.loria.fr\/infodoc\/wp-json\/wp\/v2\/pages\/50"}],"wp:attachment":[{"href":"https:\/\/members.loria.fr\/infodoc\/wp-json\/wp\/v2\/media?parent=102"}],"curies":[{"name":"wp","href":"https:\/\/api.w.org\/{rel}","templated":true}]}}