{"id":110,"date":"2015-06-18T19:13:25","date_gmt":"2015-06-18T17:13:25","guid":{"rendered":"http:\/\/members.loria.fr\/template\/?page_id=110"},"modified":"2016-06-28T16:26:50","modified_gmt":"2016-06-28T14:26:50","slug":"faq2","status":"publish","type":"page","link":"https:\/\/members.loria.fr\/infodoc\/faq\/faq2\/","title":{"rendered":"FAQ2 : prise en main"},"content":{"rendered":"<h3>Questions :<\/h3>\n<ol>\n<li><a href=\"#1\">comment puis-je acc\u00e9der \u00e0 l&rsquo;interface d&rsquo;administration de mon site ?<\/a><\/li>\n<li><a href=\"#2\">sur mon interface d&rsquo;administration, la barre de menu de gauche apparait sans les libell\u00e9s. Comment puis-je l&rsquo;\u00e9tendre pour avoir l&rsquo;aspect vu dans infodoc ?<\/a><\/li>\n<li><a href=\"#3\">comment ?<\/a><\/li>\n<\/ol>\n<h3>R\u00e9ponses :<\/h3>\n<ol>\n<li class=\"faqsep\"><a name=\"1\"><\/a><span class=\"faqreponse\">comment puis-je acc\u00e9der \u00e0 l&rsquo;interface d&rsquo;administration de mon site ?<\/span>\n<ul>\n<li>tant que vous n&rsquo;avez pas d\u00e9sactiv\u00e9 le plugin WP Maintenance qui pr\u00e9sente aux utilisateurs non connect\u00e9s une page \u00ab\u00a0en travaux\u00a0\u00bb avec un bouton de connexion, pas de souci : il suffit de cliquer sur \u00ab\u00a0Connexion\u00a0\u00bb, et vous serez redirig\u00e9s sur le CAS de l&rsquo;Inria pour vous authentifier et acc\u00e9der \u00e0 votre Tableau de Bord WordPress.<\/li>\n<li>par contre, une fois le site activ\u00e9, vous n&rsquo;avez plus de lien direct sur le CAS dans le mod\u00e8le propos\u00e9 (nous avons pr\u00e9f\u00e9r\u00e9 ne pas rendre ce service trop voyant).<\/li>\n<li>il est cependant facile de se souvenir de l&rsquo;URL du connecteur : il suffit de rajouter <b>wp-admin<\/b> \u00e0 la suite de votre URL de base.<\/li>\n<li>Par exemple, pour l&rsquo;utilisateur dont le site est identifi\u00e9 par https:\/\/members.loria.fr\/PNom\/, l&rsquo;adresse https:\/\/members.loria.fr\/PNom\/wp-admin\/ renverra soit sur le CAS si sa session n&rsquo;est pas encore ouverte, soit sur son tableau de bord WordPress si une session CAS existe d\u00e9j\u00e0 pour le m\u00eame navigateur.<\/li>\n<\/ul>\n<\/li>\n<li class=\"faqsep\"><a href=\"2\"><\/a><span class=\"faqreponse\">sur mon interface d&rsquo;administration, la barre de menu de gauche apparait sans les libell\u00e9s. Comment puis-je l&rsquo;\u00e9tendre pour avoir l&rsquo;aspect vu dans infodoc ?<\/span>\n<ul>\n<li>ce <em>probl\u00e8me<\/em> peut apparaitre si vous utilisez un navigateur diff\u00e9rent ou si vous avez cliqu\u00e9 de mani\u00e8re inopin\u00e9e sur le bouton de r\u00e9duction du menu<\/li>\n<li>pas de panique, un petit clic sur le bouton repr\u00e9sentant une fl\u00e8che tout en bas du menu de gauche permet d&rsquo;\u00e9tendre \u00e0 nouveau le menu :<br \/>\n<table  class=\" table table-hover\" align=\"center\" border=\"0\">\n<thead>\n<tr>\n<th>&nbsp;<\/th>\n<\/tr>\n<\/thead>\n<tbody>\n<tr>\n<td align=\"center\" valign=\"middle\"><img decoding=\"async\" src=\"https:\/\/members.loria.fr\/infodoc\/files\/img\/faqs\/menu-elargir-1.png\" alt=\"elargir le menu 1\" width=\"200\" \\><\/td>\n<td align=\"center\" valign=\"middle\" width=\"100\"> => <\/td>\n<td align=\"center\" valign=\"middle\"><img decoding=\"async\" src=\"https:\/\/members.loria.fr\/infodoc\/files\/img\/faqs\/menu-elargir-2.png\" alt=\"elargir le menu 2\" \\><\/td>\n<td align=\"center\" valign=\"middle\" width=\"100\"> => <\/td>\n<td align=\"center\" valign=\"middle\"><img decoding=\"async\" src=\"https:\/\/members.loria.fr\/infodoc\/files\/img\/faqs\/menu-elargir-3.png\" alt=\"elargir le menu 3\" width=\"200\"\\><\/td>\n<\/tr>\n<\/tbody>\n<\/table>\n<\/li>\n<\/ul>\n<li class=\"faqsep\"><a name=\"3\"><\/a><span class=\"faqreponse\">comment ?<\/span>\n<ul>\n<li><\/li>\n<\/ul>\n<\/li>\n<\/li>\n<\/ol>\n","protected":false},"excerpt":{"rendered":"<p>Questions :<\/p>\n<ol>\n<li><a href=\"#1\">comment puis-je acc\u00e9der \u00e0 l&rsquo;interface d&rsquo;administration de mon site ?<\/a><\/li>\n<li><a href=\"#2\">sur mon interface d&rsquo;administration, la barre de menu de gauche apparait sans les libell\u00e9s. Comment puis-je l&rsquo;\u00e9tendre pour avoir l&rsquo;aspect vu dans infodoc ?<\/a><\/li>\n<li><a href=\"#3\">comment ?<\/a><\/li>\n<\/ol>\n<p>R\u00e9ponses :<\/p>\n<ol>\n<li class=\"faqsep\"><a name=\"1\"><\/a>comment puis-je acc\u00e9der \u00e0 l&rsquo;interface d&rsquo;administration de mon site ?\n<ul>\n<li>tant que vous n&rsquo;avez pas d\u00e9sactiv\u00e9 le plugin WP Maintenance qui pr\u00e9sente aux utilisateurs non connect\u00e9s une page \u00ab\u00a0en travaux\u00a0\u00bb avec un bouton de connexion, pas de souci : il suffit de cliquer sur \u00ab\u00a0Connexion\u00a0\u00bb,<\/li>\n<\/ul>\n<\/li>\n<\/ol>\n","protected":false},"author":1,"featured_media":0,"parent":50,"menu_order":0,"comment_status":"closed","ping_status":"closed","template":"page-fullwidth.php","meta":{"footnotes":""},"class_list":["post-110","page","type-page","status-publish","hentry"],"_links":{"self":[{"href":"https:\/\/members.loria.fr\/infodoc\/wp-json\/wp\/v2\/pages\/110","targetHints":{"allow":["GET"]}}],"collection":[{"href":"https:\/\/members.loria.fr\/infodoc\/wp-json\/wp\/v2\/pages"}],"about":[{"href":"https:\/\/members.loria.fr\/infodoc\/wp-json\/wp\/v2\/types\/page"}],"author":[{"embeddable":true,"href":"https:\/\/members.loria.fr\/infodoc\/wp-json\/wp\/v2\/users\/1"}],"replies":[{"embeddable":true,"href":"https:\/\/members.loria.fr\/infodoc\/wp-json\/wp\/v2\/comments?post=110"}],"version-history":[{"count":26,"href":"https:\/\/members.loria.fr\/infodoc\/wp-json\/wp\/v2\/pages\/110\/revisions"}],"predecessor-version":[{"id":1105,"href":"https:\/\/members.loria.fr\/infodoc\/wp-json\/wp\/v2\/pages\/110\/revisions\/1105"}],"up":[{"embeddable":true,"href":"https:\/\/members.loria.fr\/infodoc\/wp-json\/wp\/v2\/pages\/50"}],"wp:attachment":[{"href":"https:\/\/members.loria.fr\/infodoc\/wp-json\/wp\/v2\/media?parent=110"}],"curies":[{"name":"wp","href":"https:\/\/api.w.org\/{rel}","templated":true}]}}