{"id":1126,"date":"2016-06-29T09:21:33","date_gmt":"2016-06-29T07:21:33","guid":{"rendered":"http:\/\/members.loria.fr\/infodoc\/?page_id=1126"},"modified":"2017-03-06T12:10:54","modified_gmt":"2017-03-06T10:10:54","slug":"les-blogs","status":"publish","type":"page","link":"https:\/\/members.loria.fr\/infodoc\/les-blogs\/","title":{"rendered":"Les blogs"},"content":{"rendered":"<h4>Qu&rsquo;est-ce qu&rsquo;un blog ?<\/h4>\n<h5><a name=\"definition\"><\/a>D\u00e9finition<\/h5>\n<p>Un blog est une collection d&rsquo;Articles, pr\u00e9sent\u00e9s sur un type de page sp\u00e9cifique o\u00f9 ils seront class\u00e9s par ordre ant\u00e9chronologique (le plus r\u00e9cent en premier) de leur publication.<br \/>\nQuand le nombre d&rsquo;articles d\u00e9passe les 10 (ce nombre est param\u00e9trable dans R\u00e9glages &gt; Lecture), une nouvelle page est automatiquement cr\u00e9\u00e9e et un compteur de pages apparait au bas du blog.<br \/>\nVous pouvez \u00e9crire toutes sortes d&rsquo;<a href=\"\/infodoc\/faq\/faq1\/#15\">Articles<\/a> sur votre site, pour rendre compte de l&rsquo;avancement de votre production, annoncer des s\u00e9minaires, ou encore pour exprimer des billets d&rsquo;humeur plus personnels.<\/p>\n<h5><a name=\"accueil\"><\/a>Blog de la page d&rsquo;accueil<\/h5>\n<p>Vous pouvez choisir comme page d&rsquo;accueil du site une page statique ou un blog : le choix se fait sur Apparence &gt; Lecture, le blog \u00e9tant d\u00e9sign\u00e9 par l&rsquo;option \u00ab\u00a0les derniers articles\u00a0\u00bb.<br \/>\nPar d\u00e9faut, WordPress affiche tous les articles sans distinction de sujet ou de th\u00e9matique sur la page d&rsquo;accueil.<\/p>\n<h5><a name=\"category\"><\/a>Les blogs de cat\u00e9gorie<\/h5>\n<p>Vos \u00ab\u00a0pages professionnelles\u00a0\u00bb sont avant tout un outil de communication de vos travaux de recherche.<br \/>\nAlors comment trier tous ces articles ? Et comment exclure de la page d&rsquo;accueil des articles que l&rsquo;on voudrait plus discrets ?<br \/>\nPour cela, vous disposez des <b>Cat\u00e9gories<\/b> pour caract\u00e9riser vos articles dans le bandeau droit de la page de cr\u00e9ation\/modification d&rsquo;un article.<br \/>\nNous avons cr\u00e9\u00e9 2 cat\u00e9gories par d\u00e9faut : professionnel et personnel. Vous pouvez ajouter autant de cat\u00e9gories que vous le souhaitez.<br \/>\nUne fois vos articles cat\u00e9goris\u00e9s, vous pouvez les <i>dispatcher<\/i> dans des blogs individuels, regroupant uniquement les articles d&rsquo;une cat\u00e9gorie.<br \/>\nPour cr\u00e9er un tel blog et le faire apparaitre dans le menu du haut :<\/p>\n<ul>\n<li>aller dans Apparence &gt; Menus<\/li>\n<li>dans le bloc de gauche, d\u00e9roulez l&rsquo;onglet <b>Cat\u00e9gories<\/b><\/li>\n<li>cochez la cat\u00e9gorie \u00e0 s\u00e9lectionner, et cliquez sur <b>Ajouter au menu<\/b><\/li>\n<li>il vous reste \u00e0 positionner l&rsquo;\u00e9l\u00e9ment au bon endroit dans le bloc de droite<\/li>\n<\/ul>\n<p>Le nouveau menu pointe un blog qui n&rsquo;affiche que les articles de la cat\u00e9gorie s\u00e9lectionn\u00e9e, mais \u00e0 ce stade, ceux-ci restent visibles dans le blog d&rsquo;accueil.<\/p>\n<h5><a name=\"ACE\"><\/a>l&rsquo;extension Advanced Category Excluder (<b>ACE<\/b>)<\/h5>\n<p>Nous avons donc ajout\u00e9 une extension \u00e0 WordPress (ACE) pour permettre d&rsquo;exclure de la page d&rsquo;accueil toutes les cat\u00e9gories qui vous paraitront inad\u00e9quates \u00e0 cette place. Dans le mod\u00e8le par d\u00e9faut, nous l&rsquo;avons par exemple configur\u00e9e pour exclure la cat\u00e9gorie \u00ab\u00a0Personnel\u00a0\u00bb.<br \/>\nVoici la marche \u00e0 suivre pour exclure les articles d&rsquo;une cat\u00e9gorie donn\u00e9e de la page d&rsquo;accueil :<\/p>\n<ul>\n<li>cr\u00e9ez votre article<\/li>\n<li>cochez une cat\u00e9gorie<\/li>\n<li>allez dans ACE &gt; Cat\u00e9gories<\/li>\n<li>dans la colonne <b>Home<\/b>, cochez la cat\u00e9gorie pour l&rsquo;exclure de la page d&rsquo;accueil (ou v\u00e9rifiez qu&rsquo;elle est d\u00e9j\u00e0 coch\u00e9e)<\/li>\n<li>vous voyez au passage que l&rsquo;extension permet \u00e9galement d&rsquo;exclure la cat\u00e9gorie d&rsquo;autres \u00e9l\u00e9ments, comme les flux RSS ou la recherche sur votre site<\/li>\n<\/ul>\n<h5>Mod\u00e8le 1.0 : supprimer le blog de la page d&rsquo;accueil et remplacer par une page standard<\/h5>\n<p>Voir <i><a href=\"\/infodoc\/tutoriel\/lecon5\/#3\">Activer\/D\u00e9sactiver le blog comme page d\u2019accueil<\/a><\/i><br \/>\nAttention : le widget Calendar qui est plac\u00e9 dans votre bandeau lat\u00e9ral par d\u00e9faut dans les mod\u00e8les avec blog n&rsquo;a d&rsquo;int\u00e9r\u00eat que si vous avez un blog activ\u00e9 (il met en surbrillance et rend cliquables les dates auxquelles vous avez fait paraitre un article).<br \/>\nVoir <i><a href=\"\/infodoc\/tutoriel\/lecon1\/#6\">Manipuler les widgets : retirer le calendrier<\/a><\/i>.<\/p>\n","protected":false},"excerpt":{"rendered":"<p>Qu&rsquo;est-ce qu&rsquo;un blog ?<br \/>\n<a name=\"definition\"><\/a>D\u00e9finition<\/p>\n<p>Un blog est une collection d&rsquo;Articles, pr\u00e9sent\u00e9s sur un type de page sp\u00e9cifique o\u00f9 ils seront class\u00e9s par ordre ant\u00e9chronologique (le plus r\u00e9cent en premier) de leur publication.<br \/>\nQuand le nombre d&rsquo;articles d\u00e9passe les 10 (ce nombre est param\u00e9trable dans R\u00e9glages &gt; Lecture), une nouvelle page est automatiquement cr\u00e9\u00e9e et un compteur de pages apparait au bas du blog.<br \/>\nVous pouvez \u00e9crire toutes sortes d&rsquo;<a href=\"\/infodoc\/faq\/faq1\/#15\">Articles<\/a> sur votre site, pour rendre compte de l&rsquo;avancement de votre production, annoncer des s\u00e9minaires, ou encore pour exprimer des billets d&rsquo;humeur plus personnels.<\/p>\n","protected":false},"author":5,"featured_media":0,"parent":0,"menu_order":0,"comment_status":"closed","ping_status":"closed","template":"page-fullwidth.php","meta":{"footnotes":""},"class_list":["post-1126","page","type-page","status-publish","hentry"],"_links":{"self":[{"href":"https:\/\/members.loria.fr\/infodoc\/wp-json\/wp\/v2\/pages\/1126","targetHints":{"allow":["GET"]}}],"collection":[{"href":"https:\/\/members.loria.fr\/infodoc\/wp-json\/wp\/v2\/pages"}],"about":[{"href":"https:\/\/members.loria.fr\/infodoc\/wp-json\/wp\/v2\/types\/page"}],"author":[{"embeddable":true,"href":"https:\/\/members.loria.fr\/infodoc\/wp-json\/wp\/v2\/users\/5"}],"replies":[{"embeddable":true,"href":"https:\/\/members.loria.fr\/infodoc\/wp-json\/wp\/v2\/comments?post=1126"}],"version-history":[{"count":7,"href":"https:\/\/members.loria.fr\/infodoc\/wp-json\/wp\/v2\/pages\/1126\/revisions"}],"predecessor-version":[{"id":1736,"href":"https:\/\/members.loria.fr\/infodoc\/wp-json\/wp\/v2\/pages\/1126\/revisions\/1736"}],"wp:attachment":[{"href":"https:\/\/members.loria.fr\/infodoc\/wp-json\/wp\/v2\/media?parent=1126"}],"curies":[{"name":"wp","href":"https:\/\/api.w.org\/{rel}","templated":true}]}}