{"id":13,"date":"2015-06-15T10:26:53","date_gmt":"2015-06-15T08:26:53","guid":{"rendered":"http:\/\/members.loria.fr\/thierrygartiser\/?page_id=13"},"modified":"2015-08-25T16:52:27","modified_gmt":"2015-08-25T14:52:27","slug":"faq6","status":"publish","type":"page","link":"https:\/\/members.loria.fr\/infodoc\/faq\/faq6\/","title":{"rendered":"FAQ6 : extensions"},"content":{"rendered":"<h3>Questions :<\/h3>\n<ul>\n<li><b>G\u00e9n\u00e9ralit\u00e9s (voir aussi faq1:D\u00e9finitions)<\/b> :\n<ol>\n<li><a href=\"#gener1\">comment faire installer une nouvelle extension ?<\/a><\/li>\n<li><a href=\"#gener2\">comment ?<\/a><\/li>\n<\/ol>\n<\/li>\n<li><b>Text Blocks<\/b> :\n<ol>\n<li><a href=\"#tb1\">\u00e0 quoi sert un <b>Text Block<\/b> ?<\/a><\/li>\n<li><a href=\"#tb2\">quels sont les <b>Text Blocks<\/b> disponibles par d\u00e9faut ?<\/a><\/li>\n<li><a href=\"#tb3\">comment modifier\/ajouter un <b>Text Block<\/b> ?<\/a><\/li>\n<li><a href=\"#tb4\">comment utiliser un <b>Text Block<\/b> ?<\/a><\/li>\n<\/ol>\n<\/li>\n<li><b>SKT Skill Bar<\/b> :\n<ol>\n<li><a href=\"#skill1\">quels types de graphiques sont disponibles ?<\/a><\/li>\n<li><a href=\"#skill2\">comment modifier l&rsquo;aspect des graphiques ?<\/a><\/li>\n<\/ol>\n<\/li>\n<li><b>Inria HAL<\/b> :\n<ol>\n<li><a href=\"#ih1\">quoi ?<\/a><\/li>\n<\/ol>\n<\/li>\n<li><b>TeachPress<\/b> :\n<ol>\n<li><a href=\"#tp1\">quoi ?<\/a><\/li>\n<\/ol>\n<\/li>\n<li><b>Papercite<\/b> :\n<ol>\n<li><a href=\"#pc1\">quoi ?<\/a><\/li>\n<\/ol>\n<\/li>\n<li><b>WordPress Google Maps<\/b> :\n<ol>\n<li><a href=\"#tp1\">quoi ?<\/a><\/li>\n<\/ol>\n<\/li>\n<li><b>Contact Form 7<\/b> :\n<ol>\n<li><a href=\"#cf7-1\">quoi ?<\/a><\/li>\n<\/ol>\n<\/li>\n<\/ul>\n<h3>R\u00e9ponses :<\/h3>\n<ul>\n<li><b>G\u00e9n\u00e9ralit\u00e9s<\/b>\n<ol>\n<li class=\"faqsep\"><a name=\"gener1\"><\/a><span class=\"faqreponse\">comment faire installer une nouvelle extension<\/span> :\n<ul>\n<li>un utilisateur <i>simple-admin<\/i> de site ne peut pas installer lui-m\u00eame une extension sur un r\u00e9seau de sites wordpress (ou wordpress multi-sites)<\/li>\n<li>c&rsquo;est le <i>super-admin<\/i> du r\u00e9seau qui est en charge de cette op\u00e9ration<\/li>\n<li>&#8230;<\/li>\n<\/ul>\n<\/li>\n<li class=\"faqsep\"><a name=\"gener2\"><\/a><span class=\"faqreponse\">comment<\/span> :\n<ul>\n<li>&#8230;<\/li>\n<\/ul>\n<\/li>\n<\/ol>\n<\/li>\n<li><b>Text Blocks<\/b> :\n<ol>\n<li class=\"faqsep\"><a name=\"tb1\"><\/a><span class=\"faqreponse\">\u00e0 quoi sert un <b>Text Block<\/b><\/span> :\n<ul>\n<li>un <b>Text Block<\/b> est un \u00e9l\u00e9ment de contenu <i>r\u00e9utilisable<\/i> : vous le saisissez une fois (avec ses directives de formattage CSS) et vous pouvez le r\u00e9utiliser autant de fois que vous le souhaitez dans des pages, des articles, ou des widgets inclus dans le template. C&rsquo;est particuli\u00e8rement int\u00e9ressant pour d\u00e9finir des blocs r\u00e9p\u00e9t\u00e9s sur toutes les pages (barre de logos, &#8230;) ou sur un sous-ensemble de pages.<\/li>\n<li>lorsque vous saisissez un <b>Text Block<\/b>, vous lui donnez un nom. Il suffit ensuite d&rsquo;appeler ce nom \u00e0 l&rsquo;aide d&rsquo;un <i>shortcode<\/i> sp\u00e9cifique pour ins\u00e9rer le <b>Text Block<\/b> dans la page.<\/li>\n<\/ul>\n<\/li>\n<li class=\"faqsep\"><a name=\"tb2\"><\/a><span class=\"faqreponse\">quels sont les <b>Text Blocks<\/b> disponibles par d\u00e9faut<\/span> :\n<ul>\n<li>pour mettre en place certains \u00e9l\u00e9ments r\u00e9p\u00e9t\u00e9s du mod\u00e8le, et vous permettre de les modifier facilement, nous avons pr\u00e9-d\u00e9fini quelques <b>Text Blocks<\/b> :\n<ul>\n<li>Adresse Mail<\/li>\n<li>T\u00e9l\u00e9phone<\/li>\n<li>Adresse postale<\/li>\n<li>Logo<\/li>\n<li>Sidebar_identit\u00e9<\/li>\n<\/ul>\n<\/li>\n<\/ul>\n<\/li>\n<li class=\"faqsep\"><a name=\"tb3\"><\/a><span class=\"faqreponse\">comment modifier\/ajouter un <b>Text Block<\/b><\/span> :\n<ul>\n<li><\/li>\n<\/ul>\n<\/li>\n<li class=\"faqsep\"><a name=\"tb4\"><\/a><span class=\"faqreponse\">comment utiliser un <b>Text Block<\/b><\/span> :\n<ul>\n<li><\/li>\n<\/ul>\n<\/li>\n<\/ol>\n<\/li>\n<li><b>SKT Skill Bar<\/b> :\n<ol>\n<li class=\"faqsep\"><a name=\"skill1\"><\/a><span class=\"faqreponse\">quels types de graphiques sont disponibles<\/span> :\n<ul>\n<li>il y a 3 types de graphiques disponibles dans la version actuelle\n<ul>\n<li>les barres de progression :<\/li>\n<li>les camemberts :<\/li>\n<li>les demi-camemberts :<\/li>\n<\/ul>\n<\/li>\n<\/ul>\n<\/li>\n<li class=\"faqsep\"><a name=\"skill2\"><\/a><span class=\"faqreponse\">comment modifier l&rsquo;aspect des graphiques<\/span> :\n<ul>\n<li>comme pour d&rsquo;autres \u00e9l\u00e9ments, vous pouvez surcharger les d\u00e9finitions de style des \u00e9l\u00e9ments de <b>SKT Skill Bar<\/b> par vos propres d\u00e9finitions dans <b>Apparence<\/b> > <b>Options du th\u00e8me<\/b> > <b>Autres<\/b> (voir &#8230;)<\/li>\n<li>les styles d\u00e9finis dans nos mod\u00e8les sont d\u00e9taill\u00e9s ci-dessous. Pour les modifier (ici on change les couleurs en niveaux de gris), notez l&rsquo;usage de la propri\u00e9t\u00e9 <b>!important<\/b> :\n<pre>\r\n.skillbar-title span{\r\nheight:           20px    !important;\r\nline-height:      20px    !important;\r\n}\r\n.skillbar {\r\nheight:           20px    !important;\r\nbackground-color: #eeeeee !important;\r\n}\r\n.skillbar-title {\r\nfont-size:        12px    !important;\r\nbackground-color: #656565 !important;\r\n}\r\n.skillbar-bar {\r\nheight:           20px    !important;\r\nbackground-color: #c9c9c9 !important;\r\n}\r\n.skill-bar-percent {\r\nline-height:      20px    !important;\r\nheight:           20px    !important;\r\n}\r\n<\/pre>\n<\/li>\n<\/ul>\n<\/li>\n<\/ol>\n<\/li>\n<li><b>Inria HAL<\/b> :\n<ol>\n<li class=\"faqsep\"><a name=\"ih1\"><\/a><span class=\"faqreponse\">quoi<\/span> :\n<ul>\n<li><\/li>\n<\/ul>\n<\/li>\n<\/ol>\n<\/li>\n<li><b>TeachPress<\/b> :\n<ol>\n<li class=\"faqsep\"><a name=\"tp1\"><\/a><span class=\"faqreponse\">quoi<\/span> :\n<ul>\n<li><\/li>\n<\/ul>\n<\/li>\n<\/ol>\n<\/li>\n<li><b>Papercite<\/b> :\n<ol>\n<li class=\"faqsep\"><a name=\"pc1\"><\/a><span class=\"faqreponse\">quoi<\/span> :\n<ul>\n<li><\/li>\n<\/ul>\n<\/li>\n<\/ol>\n<\/li>\n<li><b>WordPress Google Maps<\/b> :\n<ol>\n<li class=\"faqsep\"><a name=\"tp1\"><\/a><span class=\"faqreponse\">quoi<\/span> :\n<ul>\n<li><\/li>\n<\/ul>\n<\/li>\n<\/ol>\n<\/li>\n<li><b>Contact Form 7<\/b> :\n<ol>\n<li class=\"faqsep\"><a name=\"cf7-1\"><\/a><span class=\"faqreponse\">quoi<\/span> :\n<ul>\n<li><\/li>\n<\/ul>\n<\/li>\n<\/ol>\n<\/li>\n<\/ul>\n<p>&nbsp;<\/p>\n","protected":false},"excerpt":{"rendered":"<p>Questions :<\/p>\n<ul>\n<li>G\u00e9n\u00e9ralit\u00e9s (voir aussi faq1:D\u00e9finitions) :\n<ol>\n<li><a href=\"#gener1\">comment faire installer une nouvelle extension ?<\/a><\/li>\n<li><a href=\"#gener2\">comment ?<\/a><\/li>\n<\/ol>\n<\/li>\n<li>Text Blocks :\n<ol>\n<li><a href=\"#tb1\">\u00e0 quoi sert un Text Block ?<\/a><\/li>\n<li><a href=\"#tb2\">quels sont les Text Blocks disponibles par d\u00e9faut ?<\/a><\/li>\n<li><a href=\"#tb3\">comment modifier\/ajouter un Text Block ?<\/a><\/li>\n<li><a href=\"#tb4\">comment utiliser un Text Block ?<\/a><\/li>\n<\/ol>\n<\/li>\n<li>SKT Skill Bar :\n<ol>\n<li><a href=\"#skill1\">quels types de graphiques sont disponibles ?<\/a><\/li>\n<li><a href=\"#skill2\">comment modifier l&rsquo;aspect des graphiques ?<\/a><\/li>\n<\/ol>\n<\/li>\n<\/ul>\n","protected":false},"author":2,"featured_media":0,"parent":50,"menu_order":0,"comment_status":"closed","ping_status":"closed","template":"page-fullwidth.php","meta":{"footnotes":""},"class_list":["post-13","page","type-page","status-publish","hentry"],"_links":{"self":[{"href":"https:\/\/members.loria.fr\/infodoc\/wp-json\/wp\/v2\/pages\/13","targetHints":{"allow":["GET"]}}],"collection":[{"href":"https:\/\/members.loria.fr\/infodoc\/wp-json\/wp\/v2\/pages"}],"about":[{"href":"https:\/\/members.loria.fr\/infodoc\/wp-json\/wp\/v2\/types\/page"}],"author":[{"embeddable":true,"href":"https:\/\/members.loria.fr\/infodoc\/wp-json\/wp\/v2\/users\/2"}],"replies":[{"embeddable":true,"href":"https:\/\/members.loria.fr\/infodoc\/wp-json\/wp\/v2\/comments?post=13"}],"version-history":[{"count":24,"href":"https:\/\/members.loria.fr\/infodoc\/wp-json\/wp\/v2\/pages\/13\/revisions"}],"predecessor-version":[{"id":628,"href":"https:\/\/members.loria.fr\/infodoc\/wp-json\/wp\/v2\/pages\/13\/revisions\/628"}],"up":[{"embeddable":true,"href":"https:\/\/members.loria.fr\/infodoc\/wp-json\/wp\/v2\/pages\/50"}],"wp:attachment":[{"href":"https:\/\/members.loria.fr\/infodoc\/wp-json\/wp\/v2\/media?parent=13"}],"curies":[{"name":"wp","href":"https:\/\/api.w.org\/{rel}","templated":true}]}}