{"id":1616,"date":"2016-11-18T10:49:37","date_gmt":"2016-11-18T08:49:37","guid":{"rendered":"http:\/\/members.loria.fr\/infodoc\/?page_id=1616"},"modified":"2017-09-07T09:12:41","modified_gmt":"2017-09-07T07:12:41","slug":"accesexterne","status":"publish","type":"page","link":"https:\/\/members.loria.fr\/infodoc\/accesexterne\/","title":{"rendered":"Acc\u00e9der \u00e0 l&rsquo;espace statique depuis l&rsquo; ext\u00e9rieur"},"content":{"rendered":"<p>Un petit r\u00e9sum\u00e9 des informations figurant sur <a href=\"http:\/\/infodoc.loria.fr\/pages\/viewpage.action?pageId=3343734\">le site d&rsquo;information g\u00e9n\u00e9rale<\/a>.<br \/>\nIl y a 2 fa\u00e7ons de faire si vous \u00eates \u00e0 l&rsquo;ext\u00e9rieur pour pouvoir modifier le contenu de votre \u00ab\u00a0espace statique\u00a0\u00bb :<\/p>\n<ul>\n<li>soit monter le volume pour y acc\u00e9der directement en modification.<br \/>\n<b>Attention<\/b> : si vous n&rsquo;\u00eates pas au LORIA, il faudra imp\u00e9rativement avoir ouvert une connexion VPN pour que votre station soit reconnue sur le r\u00e9seau !<\/li>\n<li>soit y acc\u00e9der en ssh (scp pour une copie) dans un terminal, en utilisant notre bastion ssh (loria.loria.fr).<br \/>\n<b>Attention<\/b> : pour se connecter, il faut avoir d\u00e9pos\u00e9 sa cl\u00e9 publique dans son home-directory !<br \/>\nLe montage des r\u00e9pertoires du volume hp_files se fait en automount, il faut donc en taper le chemin en entier pour que tout se passe bien.<br \/>\nPar exemple :<\/p>\n<pre>\r\nssh garti@loria.loria.fr\r\ncd \/local\/hp_files\/garti\/\r\n<\/pre>\n<\/li>\n<\/ul>\n<p>Comme vous le voyez, dans les 2 cas de figure, il faut avoir anticip\u00e9 ce type de connexion pour que tout fonctionne du premier coup !<br \/>\nSi vous n&rsquo;avz pas acc\u00e8s au serveur ssh, c&rsquo;est sans doute que vous n&rsquo;avez pas encore d\u00e9pos\u00e9 votre cl\u00e9 publique dans votre home-directory sur le serveur NAS alcor. Dans ce cas, un technicien pourra s&rsquo;en charger : d\u00e9posez simplement un ticket sur http:\/\/helpdesk.inria.fr\/ en y joignant votre cl\u00e9 publique.<\/p>\n","protected":false},"excerpt":{"rendered":"<p>Un petit r\u00e9sum\u00e9 des informations figurant sur <a href=\"http:\/\/infodoc.loria.fr\/pages\/viewpage.action?pageId=3343734\">le site d&rsquo;information g\u00e9n\u00e9rale<\/a>.<br \/>\nIl y a 2 fa\u00e7ons de faire si vous \u00eates \u00e0 l&rsquo;ext\u00e9rieur pour pouvoir modifier le contenu de votre \u00ab\u00a0espace statique\u00a0\u00bb :<\/p>\n<ul>\n<li>soit monter le volume pour y acc\u00e9der directement en modification.<br \/>\nAttention : si vous n&rsquo;\u00eates pas au LORIA, il faudra imp\u00e9rativement avoir ouvert une connexion VPN pour que votre station soit reconnue sur le r\u00e9seau !<\/li>\n<li>soit y acc\u00e9der en ssh (scp pour une copie) dans un terminal, en utilisant notre bastion ssh (loria.loria.fr).<br \/>\nAttention : pour se connecter,<\/li>\n<\/ul>\n","protected":false},"author":5,"featured_media":0,"parent":0,"menu_order":0,"comment_status":"closed","ping_status":"closed","template":"","meta":{"footnotes":""},"class_list":["post-1616","page","type-page","status-publish","hentry"],"_links":{"self":[{"href":"https:\/\/members.loria.fr\/infodoc\/wp-json\/wp\/v2\/pages\/1616","targetHints":{"allow":["GET"]}}],"collection":[{"href":"https:\/\/members.loria.fr\/infodoc\/wp-json\/wp\/v2\/pages"}],"about":[{"href":"https:\/\/members.loria.fr\/infodoc\/wp-json\/wp\/v2\/types\/page"}],"author":[{"embeddable":true,"href":"https:\/\/members.loria.fr\/infodoc\/wp-json\/wp\/v2\/users\/5"}],"replies":[{"embeddable":true,"href":"https:\/\/members.loria.fr\/infodoc\/wp-json\/wp\/v2\/comments?post=1616"}],"version-history":[{"count":7,"href":"https:\/\/members.loria.fr\/infodoc\/wp-json\/wp\/v2\/pages\/1616\/revisions"}],"predecessor-version":[{"id":1838,"href":"https:\/\/members.loria.fr\/infodoc\/wp-json\/wp\/v2\/pages\/1616\/revisions\/1838"}],"wp:attachment":[{"href":"https:\/\/members.loria.fr\/infodoc\/wp-json\/wp\/v2\/media?parent=1616"}],"curies":[{"name":"wp","href":"https:\/\/api.w.org\/{rel}","templated":true}]}}