{"id":1698,"date":"2017-02-14T17:22:58","date_gmt":"2017-02-14T15:22:58","guid":{"rendered":"http:\/\/members.loria.fr\/infodoc\/?page_id=1698"},"modified":"2020-03-02T11:22:17","modified_gmt":"2020-03-02T09:22:17","slug":"restreindre-lacces-a-lespace-statique","status":"publish","type":"page","link":"https:\/\/members.loria.fr\/infodoc\/restreindre-lacces-a-lespace-statique\/","title":{"rendered":"Restreindre l&rsquo;acc\u00e8s \u00e0 l&rsquo;espace statique"},"content":{"rendered":"<p>Sur votre espace statique, vous pouvez restreindre l&rsquo;acc\u00e8s \u00e0 certaines pages ou certains sous-r\u00e9pertoires, ou modifier certaines directives du fichier de configuration global d&rsquo;Apache gr\u00e2ce \u00e0 l&rsquo;usage des fichiers .htaccess<br \/>\n<b>Attention<\/b> : \u00e9vitez l&rsquo;usage de ces fichiers .htaccess. Ils sont tr\u00e8s p\u00e9nalisants pour les performances globales du serveur.<br \/>\nPour ceux qui ne connaissent pas, voil\u00e0 quelques bons pointeurs :<\/p>\n<ul>\n<li>https:\/\/httpd.apache.org\/docs\/2.2\/fr\/howto\/htaccess.html<\/li>\n<li>http:\/\/www.commentcamarche.net\/contents\/7-apache-les-fichiers-htaccess<\/li>\n<li>https:\/\/apache.developpez.com\/faq\/?page=fichiers_htaccess<\/li>\n<\/ul>\n<p>Si vous voulez malgr\u00e9 tout g\u00e9rer vous-m\u00eames ces fichiers (par exemple en cas de mises \u00e0 jour fr\u00e9quentes), voyez ci-dessous comment faire. Vous pourrez adapter ces exemples \u00e0 vos besoins<br \/>\nCes fichiers .htaccess sont \u00e0 placer dans le r\u00e9pertoire \u00e0 partir duquel les r\u00e8gles seront appliqu\u00e9es :<\/p>\n<h3>restreindre l&rsquo;acc\u00e8s \u00e0 tous<\/h3>\n<pre>Order deny,allow\r\nDeny from all\r\n<\/pre>\n<h3>restreindre l&rsquo;acc\u00e8s aux machines du sous-r\u00e9seau loria.fr<\/h3>\n<pre>Deny from all\r\nAllow from .loria.fr\r\n<\/pre>\n<h3>restreindre l&rsquo;acc\u00e8s par login\/password<\/h3>\n<p>Pour cr\u00e9er le fichier .htpasswd, voir <a href=\"http:\/\/www.commentcamarche.net\/contents\/7-apache-les-fichiers-htaccess#proteger-un-repertoire-par-un-mot-de-passe\">ici<\/a>. Il est bien s\u00fbr indispensable de crypter les mots de passe. Utilisez la commande htpasswd pour cr\u00e9er et mettre \u00e0 jour vos fichiers .htpasswd<\/p>\n<p>Cr\u00e9ez par exemple le fichier .htpasswd dans un sous-r\u00e9pertoire &lsquo;private\/&rsquo; de votre volume statique \u00a0de la partition \/hpfiles\/ du NAS. Dans le fichier .htaccess, il faudra <strong>donner ce chemin en absolu<\/strong> (en rempla\u00e7ant momo par votre pseudo) : \/var\/www\/hpfiles\/momo\/private\/.htpasswd<\/p>\n<p>Puis cr\u00e9ez votre fichier .htaccess dans le r\u00e9pertoire \u00e0 prot\u00e9ger, sur le mod\u00e8le suivant :<\/p>\n<pre>AuthUserFile \"\/var\/www\/hpfiles\/momo\/private\/.htpasswd\"\r\nAuthName \"Private page, please enter password\"\r\nAuthType Basic\r\nrequire valid-user\r\n<\/pre>\n<h3>faire prendre en compte un encodage diff\u00e9rent<\/h3>\n<p>L&rsquo;encodage par d\u00e9faut des contenus du nouveau serveur est UTF-8.<br \/>\nSi vous avez r\u00e9cup\u00e9r\u00e9 des pages de l&rsquo;ancien serveur \u00ab\u00a0des homepages\u00a0\u00bb, certains caract\u00e8res seront peut-\u00eatre mal affich\u00e9s. Vous pourrez r\u00e9tablir un affichage correct en faisant figurer la directive suivante dans votre fichier .htaccess :<\/p>\n<pre>AddDefaultCharset iso-8859-1\r\n<\/pre>\n","protected":false},"excerpt":{"rendered":"<p>Sur votre espace statique, vous pouvez restreindre l&rsquo;acc\u00e8s \u00e0 certaines pages ou certains sous-r\u00e9pertoires, ou modifier certaines directives du fichier de configuration global d&rsquo;Apache gr\u00e2ce \u00e0 l&rsquo;usage des fichiers .htaccess<br \/>\nAttention : \u00e9vitez l&rsquo;usage de ces fichiers .htaccess. Ils sont tr\u00e8s p\u00e9nalisants pour les performances globales du serveur.<br \/>\nPour ceux qui ne connaissent pas, voil\u00e0 quelques bons pointeurs :<\/p>\n<ul>\n<li>https:\/\/httpd.apache.org\/docs\/2.2\/fr\/howto\/htaccess.html<\/li>\n<li>http:\/\/www.commentcamarche.net\/contents\/7-apache-les-fichiers-htaccess<\/li>\n<li>https:\/\/apache.developpez.com\/faq\/?page=fichiers_htaccess<\/li>\n<\/ul>\n<p>Si vous voulez malgr\u00e9 tout g\u00e9rer vous-m\u00eames ces fichiers (par exemple en cas de mises \u00e0 jour fr\u00e9quentes), voyez ci-dessous comment faire. Vous pourrez adapter ces exemples \u00e0 vos besoins<br \/>\nCes fichiers .htaccess sont \u00e0 placer dans le r\u00e9pertoire \u00e0 partir duquel les r\u00e8gles seront appliqu\u00e9es :<\/p>\n<p>restreindre l&rsquo;acc\u00e8s \u00e0 tous<br \/>\nOrder deny,allow<br \/>\nDeny from all<\/p>\n<p>restreindre l&rsquo;acc\u00e8s aux machines du sous-r\u00e9seau loria.fr<br \/>\nDeny from all<br \/>\nAllow from .loria.fr<\/p>\n<p>restreindre l&rsquo;acc\u00e8s par login\/password<\/p>\n<p>Pour cr\u00e9er le fichier .htpasswd,<\/p>\n","protected":false},"author":5,"featured_media":0,"parent":0,"menu_order":0,"comment_status":"closed","ping_status":"closed","template":"","meta":{"footnotes":""},"class_list":["post-1698","page","type-page","status-publish","hentry"],"_links":{"self":[{"href":"https:\/\/members.loria.fr\/infodoc\/wp-json\/wp\/v2\/pages\/1698","targetHints":{"allow":["GET"]}}],"collection":[{"href":"https:\/\/members.loria.fr\/infodoc\/wp-json\/wp\/v2\/pages"}],"about":[{"href":"https:\/\/members.loria.fr\/infodoc\/wp-json\/wp\/v2\/types\/page"}],"author":[{"embeddable":true,"href":"https:\/\/members.loria.fr\/infodoc\/wp-json\/wp\/v2\/users\/5"}],"replies":[{"embeddable":true,"href":"https:\/\/members.loria.fr\/infodoc\/wp-json\/wp\/v2\/comments?post=1698"}],"version-history":[{"count":10,"href":"https:\/\/members.loria.fr\/infodoc\/wp-json\/wp\/v2\/pages\/1698\/revisions"}],"predecessor-version":[{"id":1854,"href":"https:\/\/members.loria.fr\/infodoc\/wp-json\/wp\/v2\/pages\/1698\/revisions\/1854"}],"wp:attachment":[{"href":"https:\/\/members.loria.fr\/infodoc\/wp-json\/wp\/v2\/media?parent=1698"}],"curies":[{"name":"wp","href":"https:\/\/api.w.org\/{rel}","templated":true}]}}