{"id":2,"date":"2015-05-29T08:48:00","date_gmt":"2015-05-29T07:48:00","guid":{"rendered":"http:\/\/members.loria.fr\/thierrygartiser\/?page_id=2"},"modified":"2016-03-14T00:51:42","modified_gmt":"2016-03-13T22:51:42","slug":"faq5","status":"publish","type":"page","link":"https:\/\/members.loria.fr\/infodoc\/faq\/faq5\/","title":{"rendered":"FAQ5 : contenus et contenants"},"content":{"rendered":"<p><!-- ==========Questions========== --><\/p>\n<h3>Questions :<\/h3>\n<p><!-- ----------Articles---------- --><\/p>\n<ul>\n<li class=\"faqsep\"><span class=\"lititle\">les Articles<\/span> :\n<ol>\n<li><a href=\"#articles1\">qu&rsquo;est-ce qu&rsquo;un <b>Article<\/b> ?<\/a><\/li>\n<li><a href=\"#articles2\">comment est stock\u00e9 l&rsquo;<b>Article<\/b> dans WordPress ?<\/a><\/li>\n<li><a href=\"#articles3\">comment limiter l&rsquo;affichage d&rsquo;un <b>Article<\/b> dans le blog ?<\/a> (insertion de la mention \u00ab\u00a0lire la suite\u00a0\u00bb)<\/li>\n<\/ol>\n<\/li>\n<p><!-- ----------Pages---------- --><\/p>\n<li class=\"faqsep\"><span class=\"lititle\">les Pages<\/span> :\n<ol>\n<li><a href=\"#pages1\">qu&rsquo;est-ce qu&rsquo;une <b>Page<\/b> ?<\/a><\/li>\n<li><a href=\"#pages2\">comment administrer sa hi\u00e9rarchie de pages ?<\/a><\/li>\n<li><a href=\"#pages3\">comment supprimer la barre lat\u00e9rale sur une page ?<\/a><\/li>\n<li><a href=\"#pages4\">comment modifier l&rsquo;URL d&rsquo;une page ?<\/a><\/li>\n<li><a href=\"#pages5\">comment est stock\u00e9e une <b>Page<\/b> ?<\/a><\/li>\n<li><a href=\"#pages6\">&#8230;<\/a><\/li>\n<\/ol>\n<\/li>\n<p><!-- ----------Medias---------- --><\/p>\n<li class=\"faqsep\"><span class=\"lititle\">les M\u00e9dias<\/span> :\n<ol>\n<li><a href=\"#medias1\">qu&rsquo;est-ce qu&rsquo;un <b>M\u00e9dia<\/b> ?<\/a><\/li>\n<li><a href=\"#medias2\">comment est stock\u00e9 un <b>M\u00e9dia<\/b> ?<\/a><\/li>\n<li><a href=\"#medias3\">&#8230;<\/a><\/li>\n<\/ol>\n<\/li>\n<p><!-- ----------Commentaires---------- --><\/p>\n<li class=\"faqsep\"><span class=\"lititle\">les Commentaires<\/span> :\n<ol>\n<li><a href=\"#comments1\">qu&rsquo;est-ce qu&rsquo;un <b>Commentaire<\/b> ?<\/a><\/li>\n<li><a href=\"#comments2\">puis-je autoriser les commentaires sur mon site ?<\/a><\/li>\n<li><a href=\"#comments3\">&#8230;<\/a><\/li>\n<\/ol>\n<\/li>\n<p><!-- ----------Text Blocks---------- --><\/p>\n<li class=\"faqsep\"><span class=\"lititle\">les Text Blocks<\/span> :\n<ol>\n<li><a href=\"#blocks1\">qu&rsquo;est-ce qu&rsquo;un <b>Text Block<\/b> ?<\/a><\/li>\n<li><a href=\"#blocks2\">&#8230;<\/a><\/li>\n<\/ol>\n<p><b>voir aussi<\/b> (dans la faq6:Extensions) :<\/p>\n<ol>\n<li><a href=\"\/infodoc\/faq\/faq6\/#tb1\">\u00e0 quoi sert un <b>Text Block<\/b> ?<\/a><\/li>\n<li><a href=\"\/infodoc\/faq\/faq6\/#tb2\">quels sont les <b>Text Blocks<\/b> disponibles par d\u00e9faut ?<\/a><\/li>\n<li><a href=\"\/infodoc\/faq\/faq6\/#tb3\">comment modifier\/ajouter un <b>Text Block<\/b> ?<\/a><\/li>\n<li><a href=\"\/infodoc\/faq\/faq6\/#tb4\">comment utiliser un <b>Text Block<\/b> ?<\/a><\/li>\n<\/ol>\n<\/li>\n<li class=\"faqsep\"><span class=\"lititle\">&#8230;<\/span><\/li>\n<\/ul>\n<p><!-- ==========R\u00e9ponses========== --><\/p>\n<h3>R\u00e9ponses :<\/h3>\n<ul>\n<!-- ----------Articles---------- --><\/p>\n<li>les Articles :\n<ol>\n<li class=\"faqsep\"><a name=\"articles1\"><\/a><span class=\"faqreponse\">qu&rsquo;est-ce qu&rsquo;un <b>Article<\/b> :<\/span>\n<ul>\n<li>les <b>Articles<\/b> sont des \u00e9l\u00e9ments de contenu g\u00e9n\u00e9ralement marqu\u00e9s dans le temps, soit pour d\u00e9crire un <i>actualit\u00e9<\/i>, soit pour exprimer un <i>billet d&rsquo;humeur<\/i> par exemple.<\/li>\n<li>ils sont g\u00e9n\u00e9ralement peu structur\u00e9s :\n<div class=\"encadre\">\n1 Article = 1 Titre + 1 Paragraphe\n<\/div>\n<\/li>\n<li>dans WordPress, ils sont affich\u00e9s \u00e0 la suite dans un contenant sp\u00e9cifique (le \u00ab\u00a0<b>blog<\/b>\u00ab\u00a0), que l&rsquo;on met souvent en page d&rsquo;accueil : en t\u00eate de liste figure le dernier article saisi, et les articles plus anciens sont au fur et \u00e0 mesure refoul\u00e9s vers le bas de page.<\/li>\n<li>cela permet d&rsquo;avoir un affichage dynamique et renouvel\u00e9 de sa page d&rsquo;accueil (c&rsquo;est le principe du blog).<\/li>\n<li>un <b>Article<\/b> peut \u00eatre associ\u00e9 \u00e0 des <b>Cat\u00e9gories<\/b> et des <b>Tags<\/b>.<\/li>\n<\/ul>\n<\/li>\n<li class=\"faqsep\"><a name=\"articles2\"><\/a><span class=\"faqreponse\">comment est stock\u00e9 l&rsquo;<b>Article<\/b> dans WordPress :<\/span>\n<ul>\n<li>le contenu de l&rsquo;article est stock\u00e9 dans une base de donn\u00e9es MySQL, pas dans un fichier (contrairement au <b>M\u00e9dia<\/b>).<\/li>\n<\/ul>\n<\/li>\n<li class=\"faqsep\"><a name=\"articles3\"><\/a><span class=\"faqreponse\">comment limiter l&rsquo;affichage d&rsquo;un <b>Article<\/b> dans le blog ? (insertion de la mention \u00ab\u00a0lire la suite\u00a0\u00bb) :<\/span>\n<ul>\n<li>Quand un article d\u00e9passe 5 ou 6 lignes, ou n\u00e9cessite l&rsquo;insertion de plusieurs images ou sch\u00e9mas, il est souvent int\u00e9ressant d&rsquo;en limiter la taille sur la page de blog, en ne pr\u00e9sentant que l&rsquo;accroche des premi\u00e8res lignes, et de renvoyer vers une page qui affiche l&rsquo;article dans son int\u00e9gralit\u00e9.<\/li>\n<li>Pour cela, il suffit de saisir l&rsquo;article complet, puis de positionner le curseur \u00e0 l&rsquo;endroit o\u00f9 vous voudrez voir apparaitre la coupure et la mention \u00ab\u00a0lire la suite\u00a0\u00bb, puis de cliquer dans l&rsquo;\u00e9diteur sur le bouton \u00ab\u00a0more\u00a0\u00bb.\n<li>WordPress ins\u00e9rera automatiquement le bouton \u00ab\u00a0lire la suite\u00a0\u00bb (ou \u00ab\u00a0more\u00a0\u00bb si vous avez choisi la version anglaise).<\/li>\n<li>N&rsquo;oubliez pas de sauvegarder avant de voir votre page de blog !<\/li>\n<\/li>\n<\/ul>\n<\/li>\n<\/ol>\n<\/li>\n<p><!-- ----------Pages---------- --><\/p>\n<li>les Pages :\n<ol>\n<li class=\"faqsep\"><a name=\"pages1\"><\/a><span class=\"faqreponse\">qu&rsquo;est-ce qu&rsquo;une <b>Page<\/b> :<\/span>\n<ul>\n<li>les pages sont des \u00e9l\u00e9ments moins \u00ab\u00a0dat\u00e9s\u00a0\u00bb que les articles, ils correspondent \u00e0 des informations que l&rsquo;on voudra toujours afficher de la m\u00eame fa\u00e7on et de mani\u00e8re individuelle et diff\u00e9renci\u00e9e au visiteur du site.<\/li>\n<li>elles sont g\u00e9n\u00e9ralement tr\u00e8s structur\u00e9es, et utilisent pour cela toute la batterie des balises HTML pr\u00e9vues \u00e0 cet effet ou accessibles dans l&rsquo;\u00e9diteur en mode <b>Visuel<\/b> : niveaux de titres, paragraphes, \u00e9num\u00e9rations, etc.<\/li>\n<li>l&rsquo;acc\u00e8s \u00e0 la page se fait par l&rsquo;interm\u00e9diaire d&rsquo;un <b>Menu<\/b>, essentiellement le <b>Menu haut<\/b> avec notre choix de th\u00e8me, ou par un simple <b>Lien<\/b> que vous aurez plac\u00e9 dans une page de sommaire par exemple.<\/li>\n<li>le traitement de la <b>Page<\/b> est similaire \u00e0 celui de l&rsquo;<b>Article<\/b> : vous pouvez <i>ajouter<\/i> une nouvelle page, la <i>modifier<\/i> avec l&rsquo;\u00e9diteur, et la <i>supprimer<\/i>.<\/li>\n<li>comme un article, une <b>Page<\/b> a un titre et un contenu.<\/li>\n<li>les pages <b>ne peuvent pas<\/b> \u00eatre associ\u00e9es \u00e0 des <b>Cat\u00e9gories<\/b> ou des <b>Tags<\/b>\n<li>le contenu de la page est stock\u00e9 dans une base de donn\u00e9es MySQL, pas dans un fichier.<\/li>\n<\/li>\n<\/ul>\n<\/li>\n<li class=\"faqsep\"><a name=\"pages2\"><\/a><span class=\"faqreponse\">comment administrer sa hi\u00e9rarchie de pages :<\/span>\n<ul>\n<li>dans WordPress, la <b>Page<\/b> est l&rsquo;\u00e9l\u00e9ment de construction privil\u00e9gi\u00e9 d&rsquo;un site hi\u00e9rarchique (site classique, arborescent).<\/li>\n<li>vous disposez pour cela de plusieurs outils :\n<ul>\n<li>les <b>Menus<\/b><\/li>\n<li>les <b>Liens<\/b><\/li>\n<li>les pages d&rsquo;<b>Index<\/b><\/li>\n<\/ul>\n<\/li>\n<\/ul>\n<\/li>\n<li class=\"faqsep\"><a name=\"pages3\"><\/a><span class=\"faqreponse\">comment supprimer la barre lat\u00e9rale sur une page :<\/span>\n<ul>\n<li>la barre lat\u00e9rale (contenant des widgets comme le Text Block <b>identit\u00e9<\/b> ou un calendrier par exemple) fait partie du mod\u00e8le par d\u00e9faut de pages. Un autre mod\u00e8le (Full-width) permet d&rsquo;avoir le texte principal en pleine largeur. Pour passer de l&rsquo;un \u00e0 l&rsquo;autre :\n<ul>\n<li>aller sur <b>Pages<\/b> > <b>Toutes les pages<\/b><\/li>\n<li>choisissez la page et cliquez sur <b>Modifier<\/b><\/li>\n<li>dans la barre \u00e0 droite, vous avez l&rsquo;option <b>Mod\u00e8le<\/b> avec un menu d\u00e9roulant qui propose 2 options : <b>Mod\u00e8le par d\u00e9faut<\/b> et <b>Full-width (no sidebar)<\/b><\/li>\n<li>s\u00e9lectionnez l&rsquo;option d\u00e9sir\u00e9e et cliquez sur <b>Mise \u00e0 jour<\/b><\/li>\n<li>vous pouvez contr\u00f4ler l&rsquo;op\u00e9ration en cliquant sur <b>Voir la page<\/b> dans le bandeau de boutons en haut de page.<\/li>\n<\/ul>\n<\/li>\n<\/ul>\n<\/li>\n<li class=\"faqsep\"><a name=\"pages4\"><\/a><span class=\"faqreponse\">comment modifier l&rsquo;URL d&rsquo;une page :<\/span>\n<ul>\n<li><\/li>\n<\/ul>\n<\/li>\n<li class=\"faqsep\"><a name=\"pages5\"><\/a><span class=\"faqreponse\">comment est stock\u00e9e une <b>Page<\/b> :<\/span>\n<ul>\n<li><\/li>\n<\/ul>\n<\/li>\n<li class=\"faqsep\"><a name=\"pages6\"><\/a><span class=\"faqreponse\">&#8230;<\/span>\n<ul>\n<li><\/li>\n<\/ul>\n<\/li>\n<\/ol>\n<\/li>\n<p><!-- ----------M\u00e9dias---------- --><\/p>\n<li>les M\u00e9dias :\n<ol>\n<li class=\"faqsep\"><a name=\"medias1\"><\/a><span class=\"faqreponse\">qu&rsquo;est-ce qu&rsquo;un <b>M\u00e9dia<\/b> :<\/span>\n<ul>\n<li><\/li>\n<\/ul>\n<\/li>\n<li class=\"faqsep\"><a name=\"medias2\"><\/a><span class=\"faqreponse\">comment est stock\u00e9 un M\u00e9dia<\/span>\n<ul>\n<li>le contenu du m\u00e9dia est stock\u00e9 dans un fichier, pas dans la base de donn\u00e9es MySQL.<\/li>\n<\/ul>\n<\/li>\n<li class=\"faqsep\"><a name=\"medias3\"><\/a><span class=\"faqreponse\">&#8230;<\/span>\n<ul>\n<li><\/li>\n<\/ul>\n<\/li>\n<\/ol>\n<\/li>\n<p><!-- ----------Commentaires---------- --><\/p>\n<li>les Commentaires :\n<ol>\n<li class=\"faqsep\"><a name=\"medias1\"><\/a><span class=\"faqreponse\">qu&rsquo;est-ce qu&rsquo;un <b>Commentaire<\/b> :<\/span>\n<ul>\n<li>Sur la plupart des blogs ou autres outils de \u00ab\u00a0r\u00e9seau social\u00a0\u00bb, chaque article peut-\u00eatre ouvert \u00e0 commentaires, de mani\u00e8re \u00e0 permettre \u00e0 ses lecteurs d&rsquo;exprimer leurs r\u00e9actions.<\/li>\n<li>Avec WordPress, cette possibilit\u00e9 peut \u00eatre param\u00e9tr\u00e9e de mani\u00e8re \u00e0 offrir de nombreuses options de mod\u00e9ration.<\/li>\n<li>Malgr\u00e9 tout, c&rsquo;est par ce biais que la plupart des abus sont constat\u00e9s sur ce genre de sites.<\/li>\n<li>Nous avons donc pr\u00e9f\u00e9r\u00e9 <b>bloquer compl\u00e8tement<\/b> les commentaires sur vos sites professionnels.<\/li>\n<\/ul>\n<\/li>\n<li class=\"faqsep\"><a name=\"comments2\"><\/a><span class=\"faqreponse\">puis-je autoriser les commentaires sur mon site :<\/span>\n<ul>\n<li>Non, actuellement les tables de commentaires sont d\u00e9sactiv\u00e9es dans la base de votre site.<\/li>\n<\/ul>\n<\/li>\n<li class=\"faqsep\"><a name=\"comments3\"><\/a><span class=\"faqreponse\">&#8230;<\/span><\/li>\n<\/ol>\n<\/li>\n<p><!-- ----------TextBlocks---------- --><\/p>\n<li>les Text Blocks :\n<ol>\n<li class=\"faqsep\"><a name=\"blocks1\"><\/a><span class=\"faqreponse\">qu&rsquo;est-ce qu&rsquo;un <b>Text Block<\/b> :<\/span><\/li>\n<li class=\"faqsep\"><a name=\"blocks2\"><\/a><span class=\"faqreponse\">&#8230;<\/span><\/li>\n<\/ol>\n<\/li>\n<li>&#8230;<\/li>\n<\/ul>\n<p>&nbsp;<\/p>\n","protected":false},"excerpt":{"rendered":"<\/p>\n<p>Questions :<\/p>\n<ul>\n<li class=\"faqsep\">les Articles :\n<ol>\n<li><a href=\"#articles1\">qu&rsquo;est-ce qu&rsquo;un Article ?<\/a><\/li>\n<li><a href=\"#articles2\">comment est stock\u00e9 l&rsquo;Article dans WordPress ?<\/a><\/li>\n<li><a href=\"#articles3\">comment limiter l&rsquo;affichage d&rsquo;un Article dans le blog ?<\/a> (insertion de la mention \u00ab\u00a0lire la suite\u00a0\u00bb)<\/li>\n<\/ol>\n<\/li>\n<li class=\"faqsep\">les Pages :\n<ol>\n<li><a href=\"#pages1\">qu&rsquo;est-ce qu&rsquo;une Page ?<\/a><\/li>\n<li><a href=\"#pages2\">comment administrer sa hi\u00e9rarchie de pages ?<\/a><\/li>\n<li><a href=\"#pages3\">comment supprimer la barre lat\u00e9rale sur une page ?<\/a><\/li>\n<li><a href=\"#pages4\">comment modifier l&rsquo;URL d&rsquo;une page ?<\/a><\/li>\n<\/ol>\n<\/li>\n<\/ul>\n","protected":false},"author":5,"featured_media":0,"parent":50,"menu_order":0,"comment_status":"closed","ping_status":"closed","template":"page-fullwidth.php","meta":{"footnotes":""},"class_list":["post-2","page","type-page","status-publish","hentry"],"_links":{"self":[{"href":"https:\/\/members.loria.fr\/infodoc\/wp-json\/wp\/v2\/pages\/2","targetHints":{"allow":["GET"]}}],"collection":[{"href":"https:\/\/members.loria.fr\/infodoc\/wp-json\/wp\/v2\/pages"}],"about":[{"href":"https:\/\/members.loria.fr\/infodoc\/wp-json\/wp\/v2\/types\/page"}],"author":[{"embeddable":true,"href":"https:\/\/members.loria.fr\/infodoc\/wp-json\/wp\/v2\/users\/5"}],"replies":[{"embeddable":true,"href":"https:\/\/members.loria.fr\/infodoc\/wp-json\/wp\/v2\/comments?post=2"}],"version-history":[{"count":47,"href":"https:\/\/members.loria.fr\/infodoc\/wp-json\/wp\/v2\/pages\/2\/revisions"}],"predecessor-version":[{"id":1054,"href":"https:\/\/members.loria.fr\/infodoc\/wp-json\/wp\/v2\/pages\/2\/revisions\/1054"}],"up":[{"embeddable":true,"href":"https:\/\/members.loria.fr\/infodoc\/wp-json\/wp\/v2\/pages\/50"}],"wp:attachment":[{"href":"https:\/\/members.loria.fr\/infodoc\/wp-json\/wp\/v2\/media?parent=2"}],"curies":[{"name":"wp","href":"https:\/\/api.w.org\/{rel}","templated":true}]}}