{"id":214,"date":"2015-07-21T10:22:04","date_gmt":"2015-07-21T08:22:04","guid":{"rendered":"http:\/\/members.loria.fr\/infodoc\/?page_id=214"},"modified":"2016-02-22T18:42:28","modified_gmt":"2016-02-22T16:42:28","slug":"manips","status":"publish","type":"page","link":"https:\/\/members.loria.fr\/infodoc\/manips\/","title":{"rendered":"Toutes les manips"},"content":{"rendered":"<p>Nous d\u00e9taillons sur ces pages toutes les manipulations que vous pouvez \u00eatre amen\u00e9s \u00e0 faire pour administrer votre site. Le <b>Tutoriel<\/b> et les <b>FAQ<\/b>s feront r\u00e9f\u00e9rence \u00e0 ces pages.<\/p>\n<ul>\n<li><a href=\"\/infodoc\/version\/\">particularit\u00e9s de la version utilis\u00e9e<\/a><\/li>\n<li><a href=\"\/infodoc\/manips\/modele\/\">description du mod\u00e8le<\/a><\/li>\n<li><a href=\"\/infodoc\/manips\/structure\/\">structurer son site<\/a><\/li>\n<li><a href=\"\/infodoc\/manips\/connexion\/\">se connecter<\/a><\/li>\n<li><a href=\"\/infodic\/manips\/maintenance\/\">d\u00e9sactiver le mode maintenance<\/a><\/li>\n<li><a href=\"\/infodoc\/manips\/ajoutpage\/\">ajouter\/modifier une page<\/a><\/li>\n<li><a href=\"\/infodoc\/manips\/ajoutmenu\/\">ajouter une page au menu principal<\/a><\/li>\n<li><a href=\"\/infodoc\/manips\/publis\/\">g\u00e9rer ses publications<\/a><\/li>\n<li><a href=\"\/infodoc\/manips\/static\/\">acc\u00e9der aux pages de l&rsquo;espace statique<\/a><\/li>\n<li><a href=\"\">&#8230;<\/a><\/li>\n<\/ul>\n","protected":false},"excerpt":{"rendered":"<p>Nous d\u00e9taillons sur ces pages toutes les manipulations que vous pouvez \u00eatre amen\u00e9s \u00e0 faire pour administrer votre site. Le Tutoriel et les FAQs feront r\u00e9f\u00e9rence \u00e0 ces pages.<\/p>\n<ul>\n<li><a href=\"\/infodoc\/version\/\">particularit\u00e9s de la version utilis\u00e9e<\/a><\/li>\n<li><a href=\"\/infodoc\/manips\/modele\/\">description du mod\u00e8le<\/a><\/li>\n<li><a href=\"\/infodoc\/manips\/structure\/\">structurer son site<\/a><\/li>\n<li><a href=\"\/infodoc\/manips\/connexion\/\">se connecter<\/a><\/li>\n<li><a href=\"\/infodic\/manips\/maintenance\/\">d\u00e9sactiver le mode maintenance<\/a><\/li>\n<li><a href=\"\/infodoc\/manips\/ajoutpage\/\">ajouter\/modifier une page<\/a><\/li>\n<li><a href=\"\/infodoc\/manips\/ajoutmenu\/\">ajouter une page au menu principal<\/a><\/li>\n<li><a href=\"\/infodoc\/manips\/publis\/\">g\u00e9rer ses publications<\/a><\/li>\n<li><a href=\"\/infodoc\/manips\/static\/\">acc\u00e9der aux pages de l&rsquo;espace statique<\/a><\/li>\n<li><a href=\"\">&#8230;<\/a><\/li>\n<\/ul>\n","protected":false},"author":5,"featured_media":0,"parent":0,"menu_order":0,"comment_status":"closed","ping_status":"closed","template":"page-fullwidth.php","meta":{"footnotes":""},"class_list":["post-214","page","type-page","status-publish","hentry"],"_links":{"self":[{"href":"https:\/\/members.loria.fr\/infodoc\/wp-json\/wp\/v2\/pages\/214","targetHints":{"allow":["GET"]}}],"collection":[{"href":"https:\/\/members.loria.fr\/infodoc\/wp-json\/wp\/v2\/pages"}],"about":[{"href":"https:\/\/members.loria.fr\/infodoc\/wp-json\/wp\/v2\/types\/page"}],"author":[{"embeddable":true,"href":"https:\/\/members.loria.fr\/infodoc\/wp-json\/wp\/v2\/users\/5"}],"replies":[{"embeddable":true,"href":"https:\/\/members.loria.fr\/infodoc\/wp-json\/wp\/v2\/comments?post=214"}],"version-history":[{"count":14,"href":"https:\/\/members.loria.fr\/infodoc\/wp-json\/wp\/v2\/pages\/214\/revisions"}],"predecessor-version":[{"id":970,"href":"https:\/\/members.loria.fr\/infodoc\/wp-json\/wp\/v2\/pages\/214\/revisions\/970"}],"wp:attachment":[{"href":"https:\/\/members.loria.fr\/infodoc\/wp-json\/wp\/v2\/media?parent=214"}],"curies":[{"name":"wp","href":"https:\/\/api.w.org\/{rel}","templated":true}]}}