{"id":222,"date":"2015-07-21T10:48:38","date_gmt":"2015-07-21T08:48:38","guid":{"rendered":"http:\/\/members.loria.fr\/infodoc\/?page_id=222"},"modified":"2016-09-19T16:04:09","modified_gmt":"2016-09-19T14:04:09","slug":"connexion","status":"publish","type":"page","link":"https:\/\/members.loria.fr\/infodoc\/manips\/connexion\/","title":{"rendered":"Se connecter"},"content":{"rendered":"<p>Pour modifier votre site web WordPress, il faut vous connecter \u00e0 son interface d&rsquo;administration.<\/p>\n<ul>\n<li>nous avons supprim\u00e9 le bouton de connexion du template pour \u00e9viter son indexation.<\/li>\n<li>si votre site a pour URL https:\/\/members.loria.fr\/totor\/ (remplacez <i>totor<\/i> par votre pseudo), il faudra ajouter \u00e0 cette URL le nom du lien de connexion wp-login.php :\n<pre>\r\nhttps:\/\/members.loria.fr\/totor\/wp-login.php\r\n<\/pre>\n<p>ou plus simplement :<\/p>\n<pre>\r\nhttps:\/\/members.loria.fr\/totor\/wp-admin\/\r\n<\/pre>\n<\/li>\n<li><b>Remarque : <\/b>tant que l&rsquo;extension WP Maintenance est activ\u00e9e, votre site affiche une page \u00ab\u00a0En travaux\u00a0\u00bb qui pr\u00e9sente un bouton de connexion&#8230;<\/li>\n<li>en validant cette URL, vous serez redirig\u00e9 sur la page du CAS Inria, qui permet votre authentification avec vos identifiants classiques sur notre r\u00e9seau.\n<\/p>\n<p><img decoding=\"async\" src=\"\/infodoc\/files\/img\/tutoriel\/cas-1.png\" alt=\"CAS Inria\" \/><br \/>\n\n<\/li>\n<li><b>remarque<\/b> : si vous \u00e9tiez d\u00e9j\u00e0 connect\u00e9 avec le m\u00eame navigateur sur une autre application authentifi\u00e9e par CAS, cette \u00e9tape est ignor\u00e9e.<\/li>\n<li>une fois authentifi\u00e9, vous \u00eates redirig\u00e9 vers votre page d&rsquo;administration ou <b>Tableau de bord<\/b> :\n<\/p>\n<p><img decoding=\"async\" src=\"\/infodoc\/files\/img\/tutoriel\/interface-administration-1.png\" alt=\"interface d'administration\" \/><br \/>\n\n<\/li>\n<li>vous pouvez maintenant modifier vos contenus.<\/li>\n<\/ul>\n","protected":false},"excerpt":{"rendered":"<p>Pour modifier votre site web WordPress, il faut vous connecter \u00e0 son interface d&rsquo;administration.<\/p>\n<ul>\n<li>nous avons supprim\u00e9 le bouton de connexion du template pour \u00e9viter son indexation.<\/li>\n<li>si votre site a pour URL https:\/\/members.loria.fr\/totor\/ (remplacez <i>totor<\/i> par votre pseudo), il faudra ajouter \u00e0 cette URL le nom du lien de connexion wp-login.php :\n<p>https:\/\/members.loria.fr\/totor\/wp-login.php<\/p>\n<p>ou plus simplement :<\/p>\n<p>https:\/\/members.loria.fr\/totor\/wp-admin\/<\/p>\n<\/li>\n<li>Remarque : tant que l&rsquo;extension WP Maintenance est activ\u00e9e, votre site affiche une page \u00ab\u00a0En travaux\u00a0\u00bb qui pr\u00e9sente un bouton de connexion&#8230;<\/li>\n<li>en validant cette URL,<\/li>\n<\/ul>\n","protected":false},"author":5,"featured_media":0,"parent":214,"menu_order":0,"comment_status":"closed","ping_status":"closed","template":"page-fullwidth.php","meta":{"footnotes":""},"class_list":["post-222","page","type-page","status-publish","hentry"],"_links":{"self":[{"href":"https:\/\/members.loria.fr\/infodoc\/wp-json\/wp\/v2\/pages\/222","targetHints":{"allow":["GET"]}}],"collection":[{"href":"https:\/\/members.loria.fr\/infodoc\/wp-json\/wp\/v2\/pages"}],"about":[{"href":"https:\/\/members.loria.fr\/infodoc\/wp-json\/wp\/v2\/types\/page"}],"author":[{"embeddable":true,"href":"https:\/\/members.loria.fr\/infodoc\/wp-json\/wp\/v2\/users\/5"}],"replies":[{"embeddable":true,"href":"https:\/\/members.loria.fr\/infodoc\/wp-json\/wp\/v2\/comments?post=222"}],"version-history":[{"count":10,"href":"https:\/\/members.loria.fr\/infodoc\/wp-json\/wp\/v2\/pages\/222\/revisions"}],"predecessor-version":[{"id":1305,"href":"https:\/\/members.loria.fr\/infodoc\/wp-json\/wp\/v2\/pages\/222\/revisions\/1305"}],"up":[{"embeddable":true,"href":"https:\/\/members.loria.fr\/infodoc\/wp-json\/wp\/v2\/pages\/214"}],"wp:attachment":[{"href":"https:\/\/members.loria.fr\/infodoc\/wp-json\/wp\/v2\/media?parent=222"}],"curies":[{"name":"wp","href":"https:\/\/api.w.org\/{rel}","templated":true}]}}